{"id":16319,"date":"2021-02-27T20:25:59","date_gmt":"2021-02-27T19:25:59","guid":{"rendered":"http:\/\/agora.xtec.cat\/escestel\/?page_id=16319"},"modified":"2025-02-13T15:30:47","modified_gmt":"2025-02-13T14:30:47","slug":"punts-i-documentacio","status":"publish","type":"page","link":"https:\/\/agora.xtec.cat\/escestel\/preinscripcio-2020-2021\/punts-i-documentacio\/","title":{"rendered":"Punts i documentaci\u00f3"},"content":{"rendered":"<table style=\"width: 749px; background-color: #eb0c52;\">\n<tbody>\n<tr>\n<td style=\"width: 743px;\">\n<h4><span style=\"color: #ffffff;\">Barem de punts<\/span><\/h4>\n<\/td>\n<\/tr>\n<\/tbody>\n<\/table>\n<p><span style=\"color: #33cccc;\"><strong>Aplicaci\u00f3 dels criteris prioritaris<\/strong><\/span><br \/>\nEls\u00a0criteris de prioritat generals\u00a0s\u00f3n els seg\u00fcents:<\/p>\n<ol>\n<li>Si t\u00e9 germanes o germans que ja estan escolaritzats en el mateix centre:<strong> 50 punts.<\/strong><\/li>\n<\/ol>\n<p>2. Segons la proximitat del domicili habitual o del lloc de treball al centre educatiu<\/p>\n<ul>\n<li>Quan el domicili habitual de la fam\u00edlia es troba dins la zona educativa del centre escolar que es demana en primer lloc, se sumen\u00a0<strong>30 punts<\/strong>.<\/li>\n<li>Quan la ubicaci\u00f3 del lloc de feina del pare, la mare, el tutor o la tutora est\u00e0 dins la zona educativa del centre triat en primer lloc, se sumen\u00a0<strong>20 punts<\/strong>.<\/li>\n<\/ul>\n<p>Cal tenir en compte que, dins del criteri de proximitat geogr\u00e0fica, les puntuacions no se sumen entre si.<\/p>\n<p><span style=\"color: #33cccc;\"><strong>Aplicaci\u00f3 dels criteris complementaris<\/strong><\/span><\/p>\n<ol>\n<li>Criteri del pare, mare o el tutor o tutora legal treballant al centre educatiu. Quan el pare, la mare o el tutor o tutora legal treballen al centre en el moment en qu\u00e8 es presenta la sol\u00b7licitud de preinscripci\u00f3, se sumen\u00a0<strong>10 punts<\/strong>.<\/li>\n<li>Fam\u00edlia nombrosa.\u202fQuan l&#8217;infant forma part d&#8217;una fam\u00edlia nombrosa, se sumen\u00a0<strong>10 punts<\/strong>.<\/li>\n<li>Fam\u00edlia monoparental. Quan l&#8217;infant forma part d&#8217;una fam\u00edlia monoparental, se sumen\u00a0<strong>10 punts<\/strong>.<\/li>\n<li>Ser bess\u00f3 o trigemin. Quan l&#8217;alumne o alumna hagi nascut en un part m\u00faltiple, se sumen\u00a0<strong>10 punts<\/strong>.<\/li>\n<li>Quan l&#8217;alumne o alumna es troba en\u00a0situaci\u00f3 d&#8217;acolliment familiar, se sumen\u00a0<strong>10 punts<\/strong>.<\/li>\n<li>Si algun membre de la fam\u00edlia t\u00e9 una\u202fdiscapacitat, se sumen\u202f<strong>15 punts<\/strong>. Quan el mateix infant, el pare o la mare, o b\u00e9 algun germ\u00e0 o germana t\u00e9 una discapacitat igual o superior al 33 %.<\/li>\n<li>Se sumen\u00a0<strong>10 punts<\/strong>\u00a0si s&#8217;acredita la\u00a0condici\u00f3 de v\u00edctima de viol\u00e8ncia de g\u00e8nere o de terrorisme.<\/li>\n<\/ol>\n<p><strong>Recorda que la documentaci\u00f3 acreditativa tant dels criteris de prioritat generals com del complementari s&#8217;ha d&#8217;adjuntar a la sol\u00b7licitud de preinscripci\u00f3 dins el per\u00edode establert.<\/strong><\/p>\n<table style=\"width: 749px; background-color: #eb0c52;\">\n<tbody>\n<tr>\n<td style=\"width: 743px;\">\n<h4><span style=\"color: #ffffff;\">Documentaci\u00f3 justificativa<\/span><\/h4>\n<\/td>\n<\/tr>\n<\/tbody>\n<\/table>\n<p>Els documents necessaris per acreditar els criteris prioritaris s\u00f3n:<\/p>\n<ul>\n<li><strong>Per justificar la proximitat del domicili habitual a l&#8217;escola.\u00a0<\/strong>En enviar la sol\u00b7licitud es programa la consulta automatitzada del padr\u00f3. Aquesta consulta serveix<strong>\u00a0<\/strong>per confirmar l&#8217;adre\u00e7a del domicili familiar. Si no es poden obtenir les dades del padr\u00f3 cal acreditar la resid\u00e8ncia adjuntant\u00a0<strong>un certificat o volant de conviv\u00e8ncia de l&#8217;alumne<\/strong>, on ha de constar l&#8217;adre\u00e7a del domicili i acreditar que l&#8217;alumne viu com a m\u00ednim amb el pare o la mare que presenta la sol\u00b7licitud.<\/li>\n<li><strong>Per acreditar la proximitat del lloc de treball del pare, la mare o el tutor legal a l&#8217;escola.<\/strong>\u00a0En el cas de les persones assalariades, \u00e9s suficient si s&#8217;aporta el\u00a0<strong>contracte laboral o un certificat em\u00e8s per l&#8217;empresa<\/strong>. En el cas de ser treballadora o treballador aut\u00f2nom, s&#8217;haur\u00e0 de presentar\u00a0<strong>el model de l&#8217;Ag\u00e8ncia tribut\u00e0ria 036 o 037<\/strong>, on es deixa const\u00e0ncia del domicili en qu\u00e8 es porta a terme l&#8217;activitat.<\/li>\n<li><strong>Per justificar la renda garantida de ciutadania.<\/strong>\u00a0Aportaci\u00f3 de documents com la certificaci\u00f3 o la resoluci\u00f3 emesa pel Departament de Drets Socials.<\/li>\n<\/ul>\n<p>Per acreditar els criteris complementaris s&#8217;ha de tenir en compte el seg\u00fcent:<\/p>\n<ul>\n<li><strong>Per acreditar que l&#8217;alumne forma part d&#8217;una fam\u00edlia nombrosa<\/strong>, aquesta informaci\u00f3 es validar\u00e0 mitjan\u00e7ant consultes interadministratives quan es faci la sol\u00b7licitud de preinscripci\u00f3. Nom\u00e9s quan no sigui possible validar-ho o es tracti de t\u00edtols emesos per altres comunitats aut\u00f2nomes, caldr\u00e0 presentar el t\u00edtol de fam\u00edlia nombrosa.<\/li>\n<li><strong>Per acreditar que l&#8217;alumne forma part d&#8217;una fam\u00edlia monoparental<\/strong>, aquesta informaci\u00f3 es validar\u00e0 mitjan\u00e7ant consultes interadministratives quan es faci la sol\u00b7licitud de preinscripci\u00f3. Nom\u00e9s quan no sigui possible validar-ho o quan es tracti de t\u00edtols emesos per altres comunitats aut\u00f2nomes, caldr\u00e0 adjuntar el t\u00edtol de fam\u00edlia monoparental.<\/li>\n<li><strong>El fet d&#8217;haver nascut en un part m\u00faltiple<\/strong> s&#8217;acredita amb el llibre de fam\u00edlia o certificat de naixement.<\/li>\n<li><strong>La situaci\u00f3 d&#8217;acolliment familiar<\/strong>\u00a0s&#8217;acredita amb la\u202fresoluci\u00f3 d&#8217;acolliment del Departament de Drets Socials.<\/li>\n<li><strong>Per acreditar que un membre de la unitat familiar t\u00e9 una discapacitat<\/strong>.\u202fAquest sup\u00f2sit inclou la discapacitat igual o superior al 33 % de l&#8217;alumne, del pare o la mare o d&#8217;algun germ\u00e0 o germana, i es valida mitjan\u00e7ant consultes interadministratives. Si no es pot validar o si es tracta d&#8217;una discapacitat reconeguda per altres comunitats aut\u00f2nomes, cal presentar el certificat o la targeta acreditativa de discapacitat que emet el Departament de Drets Socials o els organismes competents en altres comunitats aut\u00f2nomes. Tamb\u00e9 es pot adjuntar el document que acrediti ser beneficiari o benefici\u00e0ria d&#8217;una pensi\u00f3 d&#8217;incapacitat permanent de grau total o de gran invalidesa, o b\u00e9, quan sigui oport\u00fa, el corresponent certificat de les classes passives que tenen reconeguda una pensi\u00f3 de jubilaci\u00f3 o retir per incapacitat permanent per al servei o inutilitat.<\/li>\n<li>La condici\u00f3 de\u00a0<strong>v\u00edctima de viol\u00e8ncia de g\u00e8nere o de terrorisme<\/strong>\u00a0s&#8217;acredita amb la sent\u00e8ncia judicial de qualsevol ordre jurisdiccional, l&#8217;ordre de protecci\u00f3 vigent, o l&#8217;informe dels serveis socials o el certificat que acredita la condici\u00f3 de v\u00edctima de terrorisme que emet la Subdirecci\u00f3n General de Apoyo a V\u00edctimas del Terrorismo del Ministeri de l&#8217;Interior.<\/li>\n<\/ul>\n","protected":false},"excerpt":{"rendered":"<p>Barem de punts<\/p>\n<p>Aplicaci\u00f3 dels criteris prioritaris<br \/>\nEls\u00a0criteris de prioritat generals\u00a0s\u00f3n els seg\u00fcents:<\/p>\n<ol>\n<li>Si t\u00e9 germanes o germans que ja estan escolaritzats en el mateix centre: 50 punts.<\/li>\n<\/ol>\n<p>2. Segons la proximitat del domicili habitual o del lloc de treball al centre educatiu<\/p>\n<ul>\n<li>Quan el domicili habitual de la fam\u00edlia&hellip;  <a href=\"https:\/\/agora.xtec.cat\/escestel\/preinscripcio-2020-2021\/punts-i-documentacio\/\" title=\"Read Punts i documentaci\u00f3\">Llegeix m\u00e9s\u00bb<\/a><br \/>\n","protected":false},"author":1,"featured_media":0,"parent":15873,"menu_order":3,"comment_status":"closed","ping_status":"closed","template":"page-templates\/side-menu.php","meta":{"_bbp_topic_count":0,"_bbp_reply_count":0,"_bbp_total_topic_count":0,"_bbp_total_reply_count":0,"_bbp_voice_count":0,"_bbp_anonymous_reply_count":0,"_bbp_topic_count_hidden":0,"_bbp_reply_count_hidden":0,"_bbp_forum_subforum_count":0,"footnotes":""},"class_list":["post-16319","page","type-page","status-publish","hentry"],"post_mailing_queue_ids":[],"_links":{"self":[{"href":"https:\/\/agora.xtec.cat\/escestel\/wp-json\/wp\/v2\/pages\/16319","targetHints":{"allow":["GET"]}}],"collection":[{"href":"https:\/\/agora.xtec.cat\/escestel\/wp-json\/wp\/v2\/pages"}],"about":[{"href":"https:\/\/agora.xtec.cat\/escestel\/wp-json\/wp\/v2\/types\/page"}],"author":[{"embeddable":true,"href":"https:\/\/agora.xtec.cat\/escestel\/wp-json\/wp\/v2\/users\/1"}],"replies":[{"embeddable":true,"href":"https:\/\/agora.xtec.cat\/escestel\/wp-json\/wp\/v2\/comments?post=16319"}],"version-history":[{"count":6,"href":"https:\/\/agora.xtec.cat\/escestel\/wp-json\/wp\/v2\/pages\/16319\/revisions"}],"predecessor-version":[{"id":17809,"href":"https:\/\/agora.xtec.cat\/escestel\/wp-json\/wp\/v2\/pages\/16319\/revisions\/17809"}],"up":[{"embeddable":true,"href":"https:\/\/agora.xtec.cat\/escestel\/wp-json\/wp\/v2\/pages\/15873"}],"wp:attachment":[{"href":"https:\/\/agora.xtec.cat\/escestel\/wp-json\/wp\/v2\/media?parent=16319"}],"curies":[{"name":"wp","href":"https:\/\/api.w.org\/{rel}","templated":true}]}}