{"id":16106,"date":"2021-01-13T13:14:59","date_gmt":"2021-01-13T12:14:59","guid":{"rendered":"http:\/\/agora.xtec.cat\/escestel\/?page_id=16106"},"modified":"2024-01-17T15:57:13","modified_gmt":"2024-01-17T14:57:13","slug":"com-treballem","status":"publish","type":"page","link":"https:\/\/agora.xtec.cat\/escestel\/projecte-educatiu\/com-treballem\/","title":{"rendered":"Com treballem"},"content":{"rendered":"<p>L&#8217;Estel \u00e9s un espai per conviure, una comunitat democr\u00e0tica que contribueix a formar ciutadans responsables, cr\u00edtics i compromesos amb el present i el futur de la societat. A l&#8217;escola, l&#8217;alumnat \u00e9s el protagonista del seu proc\u00e9s d&#8217;aprenentatge, on pot exercir la seva llibertat, respectant la dels altres i on tothom es sent acollit i estimat.<\/p>\n<p>Entenem l&#8217;educaci\u00f3 de forma globalitzada, on tots els aspectes que la conformen s\u00f3n importants: es promou la curiositat, es fomenten les ganes d&#8217;aprendre i es potencia l&#8217;educaci\u00f3 emocional i en valors.<\/p>\n<p>Considerem l&#8217;escola com un espai viu i innovador que avan\u00e7a al mateix ritme que la societat.<\/p>\n<hr \/>\n<p>Per con\u00e8ixer la nostra escola, aqu\u00ed teniu l&#8217;opini\u00f3 dels nostres protagonistes:<\/p>\n<div style=\"padding: 56.25% 0 0 0; position: relative;\"><iframe style=\"position: absolute; top: 0; left: 0; width: 100%; height: 100%;\" title=\"Escola Estel\" src=\"https:\/\/player.vimeo.com\/video\/901430985?h=e399fee666&amp;badge=0&amp;autopause=0&amp;player_id=0&amp;app_id=58479\" frameborder=\"0\"><\/iframe><\/div>\n<p><script src=\"https:\/\/player.vimeo.com\/api\/player.js\"><\/script><br \/>\nA continuaci\u00f3, podeu descobrir aspectes m\u00e9s concrets sobre la nostra metodologia.<\/p>\n<div style=\"width: 100%;\">\n<div style=\"position: relative; padding-bottom: 56.25%; padding-top: 0; height: 0;\">\n<div style=\"width: 100%;\">\n<div style=\"position: relative; padding-bottom: 56.34%; padding-top: 0; height: 0;\"><iframe loading=\"lazy\" style=\"position: absolute; top: 0; left: 0; width: 100%; height: 100%;\" title=\"Escola Estel\" src=\"https:\/\/view.genial.ly\/659e7d171906770014ddb0a8\" width=\"1198\" height=\"675\" frameborder=\"0\" scrolling=\"yes\" allowfullscreen=\"allowfullscreen\"><\/iframe><\/div>\n<\/div>\n<\/div>\n<\/div>\n","protected":false},"excerpt":{"rendered":"<p>L&#8217;Estel \u00e9s un espai per conviure, una comunitat democr\u00e0tica que contribueix a formar ciutadans responsables, cr\u00edtics i compromesos amb el present i el futur de la societat. A l&#8217;escola, l&#8217;alumnat \u00e9s el protagonista del seu proc\u00e9s d&#8217;aprenentatge, on pot exercir la seva llibertat, respectant la&hellip;  <a href=\"https:\/\/agora.xtec.cat\/escestel\/projecte-educatiu\/com-treballem\/\" title=\"Read Com treballem\">Llegeix m\u00e9s\u00bb<\/a><\/p>\n","protected":false},"author":1,"featured_media":0,"parent":64,"menu_order":0,"comment_status":"closed","ping_status":"closed","template":"page-templates\/side-menu.php","meta":{"_bbp_topic_count":0,"_bbp_reply_count":0,"_bbp_total_topic_count":0,"_bbp_total_reply_count":0,"_bbp_voice_count":0,"_bbp_anonymous_reply_count":0,"_bbp_topic_count_hidden":0,"_bbp_reply_count_hidden":0,"_bbp_forum_subforum_count":0,"footnotes":""},"class_list":["post-16106","page","type-page","status-publish","hentry"],"post_mailing_queue_ids":[],"_links":{"self":[{"href":"https:\/\/agora.xtec.cat\/escestel\/wp-json\/wp\/v2\/pages\/16106","targetHints":{"allow":["GET"]}}],"collection":[{"href":"https:\/\/agora.xtec.cat\/escestel\/wp-json\/wp\/v2\/pages"}],"about":[{"href":"https:\/\/agora.xtec.cat\/escestel\/wp-json\/wp\/v2\/types\/page"}],"author":[{"embeddable":true,"href":"https:\/\/agora.xtec.cat\/escestel\/wp-json\/wp\/v2\/users\/1"}],"replies":[{"embeddable":true,"href":"https:\/\/agora.xtec.cat\/escestel\/wp-json\/wp\/v2\/comments?post=16106"}],"version-history":[{"count":7,"href":"https:\/\/agora.xtec.cat\/escestel\/wp-json\/wp\/v2\/pages\/16106\/revisions"}],"predecessor-version":[{"id":17423,"href":"https:\/\/agora.xtec.cat\/escestel\/wp-json\/wp\/v2\/pages\/16106\/revisions\/17423"}],"up":[{"embeddable":true,"href":"https:\/\/agora.xtec.cat\/escestel\/wp-json\/wp\/v2\/pages\/64"}],"wp:attachment":[{"href":"https:\/\/agora.xtec.cat\/escestel\/wp-json\/wp\/v2\/media?parent=16106"}],"curies":[{"name":"wp","href":"https:\/\/api.w.org\/{rel}","templated":true}]}}