{"id":533,"date":"2021-10-04T16:55:35","date_gmt":"2021-10-04T14:55:35","guid":{"rendered":"https:\/\/agora.xtec.cat\/escesperanza\/?page_id=533"},"modified":"2024-11-25T09:33:58","modified_gmt":"2024-11-25T08:33:58","slug":"el-centre-2","status":"publish","type":"page","link":"https:\/\/agora.xtec.cat\/escesperanza\/el-centre-2\/","title":{"rendered":"El Centre"},"content":{"rendered":"<style>\n.container {<br \/>\t\t\tdisplay: flex;<br \/>\t\t\tflex-wrap: wrap;<br \/>\t\t\tjustify-content: center;<br \/>\t\t}<br \/>\t\t.shape {<br \/>\t\t\twidth: 160px;<br \/>\t\t\theight: 160px;<br \/>\t\t\tbackground-color: #6a5acd;<br \/>\t\t\tdisplay: flex;<br \/>\t\t\tflex-direction: column;<br \/>\t\t\tjustify-content: center;<br \/>\t\t\talign-items: center;<br \/>\t\t\tfont-size: 20px;<br \/>\t\t\tcolor: #fff;<br \/>\t\t\ttext-align: center;<br \/>\t\t\tmargin: 20px;<br \/>\t\t\tborder-radius: 50%;<br \/>\t\t\tbox-shadow: 5px 5px 5px rgba(0, 0, 0, 0.5);<br \/>\t\t\ttransition: all 0.3s ease-in-out;<br \/>\t\t}<br \/>\t\t.shape:hover {<br \/>\t\t\ttransform: scale(1.1);<br \/>\t\t\tcursor: pointer;<br \/>\t\t}<br \/>\t\t.on-som {<br \/>\t\t\tbackground-color: #ff8c00;<br \/>\t\t}<br \/>\t\t.curriculum {<br \/>\t\t\tbackground-color: #00bfff;<br \/>\t\t}<br \/>\t\t.persones {<br \/>\t\t\tbackground-color: #1e90ff;<br \/>\t\t}<br \/>\t\t.matriculacio {<br \/>\t\t\tbackground-color: #7cfc00;<br \/>\t\t}<br \/>\t\t.horaris {<br \/>\t\t\tbackground-color: #ff69b4;<br \/>\t\t}<br \/>  .calendari {<br \/>\t\t\tbackground-color: #FF0000;<br \/>\t\t}<br \/>  .historia {<br \/>\t\t\tbackground-color: #FFD800;<br \/>\t\t}<br \/>\t\t.icon {<br \/>\t\t\twidth: 70px;<br \/>\t\t\theight: 60px;<br \/>\t\t\tobject-fit: contain;<br \/>filter: drop-shadow(3px 5px 2px rgb(0 0 0 \/ 0.5));<br \/>\t\t}<br \/>#centre{<br \/>text-shadow: 5px 5px 5px rgba(0, 0, 0, 0.4);<br \/>font-size: 14px;<br \/>}<br \/><\/style>\n<p><span style=\"color: #000000; font-size: 20px;\">La nostra escola \u00e9s un Centre d&#8217;Educaci\u00f3 Especial privat i concertat pel Departament d&#8217;Educaci\u00f3 de la Generalitat de Catalunya.<\/span><br \/>\n<span style=\"color: #000000; font-size: 20px;\">Actualment funcionem amb 5 aules autoritzades\u00a0 amb capacitat per a 40 alumnes.<\/span><\/p>\n<div class=\"container\">\n<div class=\"shape on-som\"><\/div>\n<div class=\"shape calendari\">\n<p>&nbsp;<\/p>\n<\/div>\n<\/div>\n<p>&nbsp;<\/p>\n","protected":false},"excerpt":{"rendered":"<p>La nostra escola \u00e9s un Centre d&#8217;Educaci\u00f3 Especial privat i concertat pel Departament d&#8217;Educaci\u00f3 de la Generalitat de Catalunya. Actualment funcionem amb 5 aules autoritzades\u00a0 amb capacitat per a 40 alumnes. &nbsp; &nbsp;<\/p>\n","protected":false},"author":1,"featured_media":0,"parent":0,"menu_order":0,"comment_status":"closed","ping_status":"closed","template":"","meta":{"_bbp_topic_count":0,"_bbp_reply_count":0,"_bbp_total_topic_count":0,"_bbp_total_reply_count":0,"_bbp_voice_count":0,"_bbp_anonymous_reply_count":0,"_bbp_topic_count_hidden":0,"_bbp_reply_count_hidden":0,"_bbp_forum_subforum_count":0,"site-sidebar-layout":"default","site-content-layout":"","ast-site-content-layout":"","site-content-style":"default","site-sidebar-style":"default","ast-global-header-display":"","ast-banner-title-visibility":"","ast-main-header-display":"","ast-hfb-above-header-display":"","ast-hfb-below-header-display":"","ast-hfb-mobile-header-display":"","site-post-title":"","ast-breadcrumbs-content":"","ast-featured-img":"","footer-sml-layout":"","theme-transparent-header-meta":"","adv-header-id-meta":"","stick-header-meta":"","header-above-stick-meta":"","header-main-stick-meta":"","header-below-stick-meta":"","astra-migrate-meta-layouts":"default","ast-page-background-enabled":"default","ast-page-background-meta":{"desktop":{"background-color":"var(--ast-global-color-4)","background-image":"","background-repeat":"repeat","background-position":"center center","background-size":"auto","background-attachment":"scroll","background-type":"","background-media":"","overlay-type":"","overlay-color":"","overlay-opacity":"","overlay-gradient":""},"tablet":{"background-color":"","background-image":"","background-repeat":"repeat","background-position":"center center","background-size":"auto","background-attachment":"scroll","background-type":"","background-media":"","overlay-type":"","overlay-color":"","overlay-opacity":"","overlay-gradient":""},"mobile":{"background-color":"","background-image":"","background-repeat":"repeat","background-position":"center center","background-size":"auto","background-attachment":"scroll","background-type":"","background-media":"","overlay-type":"","overlay-color":"","overlay-opacity":"","overlay-gradient":""}},"ast-content-background-meta":{"desktop":{"background-color":"var(--ast-global-color-5)","background-image":"","background-repeat":"repeat","background-position":"center center","background-size":"auto","background-attachment":"scroll","background-type":"","background-media":"","overlay-type":"","overlay-color":"","overlay-opacity":"","overlay-gradient":""},"tablet":{"background-color":"var(--ast-global-color-5)","background-image":"","background-repeat":"repeat","background-position":"center center","background-size":"auto","background-attachment":"scroll","background-type":"","background-media":"","overlay-type":"","overlay-color":"","overlay-opacity":"","overlay-gradient":""},"mobile":{"background-color":"var(--ast-global-color-5)","background-image":"","background-repeat":"repeat","background-position":"center center","background-size":"auto","background-attachment":"scroll","background-type":"","background-media":"","overlay-type":"","overlay-color":"","overlay-opacity":"","overlay-gradient":""}},"footnotes":""},"class_list":["post-533","page","type-page","status-publish","hentry"],"post_mailing_queue_ids":[],"_links":{"self":[{"href":"https:\/\/agora.xtec.cat\/escesperanza\/wp-json\/wp\/v2\/pages\/533","targetHints":{"allow":["GET"]}}],"collection":[{"href":"https:\/\/agora.xtec.cat\/escesperanza\/wp-json\/wp\/v2\/pages"}],"about":[{"href":"https:\/\/agora.xtec.cat\/escesperanza\/wp-json\/wp\/v2\/types\/page"}],"author":[{"embeddable":true,"href":"https:\/\/agora.xtec.cat\/escesperanza\/wp-json\/wp\/v2\/users\/1"}],"replies":[{"embeddable":true,"href":"https:\/\/agora.xtec.cat\/escesperanza\/wp-json\/wp\/v2\/comments?post=533"}],"version-history":[{"count":7,"href":"https:\/\/agora.xtec.cat\/escesperanza\/wp-json\/wp\/v2\/pages\/533\/revisions"}],"predecessor-version":[{"id":3884,"href":"https:\/\/agora.xtec.cat\/escesperanza\/wp-json\/wp\/v2\/pages\/533\/revisions\/3884"}],"wp:attachment":[{"href":"https:\/\/agora.xtec.cat\/escesperanza\/wp-json\/wp\/v2\/media?parent=533"}],"curies":[{"name":"wp","href":"https:\/\/api.w.org\/{rel}","templated":true}]}}