{"id":4168,"date":"2024-11-14T13:32:16","date_gmt":"2024-11-14T12:32:16","guid":{"rendered":"https:\/\/agora.xtec.cat\/escesperanza\/?page_id=4168"},"modified":"2026-05-04T12:47:52","modified_gmt":"2026-05-04T10:47:52","slug":"ceepsir","status":"publish","type":"page","link":"https:\/\/agora.xtec.cat\/escesperanza\/ceepsir\/","title":{"rendered":"CEEPSIR"},"content":{"rendered":"<p><!-- \ud83d\udea8 ATENCI\u00d3N: NO MODIFICAR ESTE BLOQUE DE ESTILOS \ud83d\udea8 --><\/p>\n<style>\n.ceepsir-link {<br \/>    display: flex;<br \/>    justify-content: center;<br \/>    align-items: center;<br \/>    width: 200px;<br \/>    height: auto;<br \/>    margin: 20px auto;<br \/>    background-color: #8ed1fc; \/* Color de fondo *\/<br \/>    border-radius: 5px; \/* Bordes redondeados *\/<br \/>    box-shadow: 0 5px 15px rgba(0, 0, 0, 0.3); \/* Sombra *\/<br \/>    transition: all 0.3s ease; \/* Transici\u00f3n suave *\/<br \/>}<br \/>.ceepsir-link:hover {<br \/>    transform: scale(1.05);<br \/>    background-color: #FFD700; \/* Color amarillo al pasar el rat\u00f3n *\/<br \/>}<br \/>.ceepsir-link a {<br \/>    color: #D3212D !important; \/* Rojo Pantone 485 *\/<br \/>    text-decoration: none;<br \/>    font-size: 18px; \/* Tama\u00f1o de letra *\/<br \/>    text-align: center !important;<br \/>    padding: 10px;<br \/>    width: 100%;<br \/>    height: 100%;<br \/>    display: flex;<br \/>    flex-direction: column;<br \/>    justify-content: center;<br \/>    align-items: center;<br \/>}<br \/>.ceepsir-link img {<br \/>    max-width: 60%; \/* Reducido para mejor centrado *\/<br \/>    max-height: 60%; \/* Reducido para mejor centrado *\/<br \/>    object-fit: contain;<br \/>    margin-bottom: 10px; \/* Espacio entre imagen y texto *\/<br \/>}<br \/><\/style>\n<p><!-- \ud83d\udcdd ZONA EDITABLE: CONTENIDO Y ENLACE \ud83d\udcdd --><\/p>\n<p><span style=\"font-weight: 400;\">El CEEPSIR \u00e9s un centre d&#8217;educaci\u00f3 especial prove\u00efdor de serveis i recursos per als centres ordinaris.<\/span><\/p>\n<p><span style=\"font-weight: 400;\">El nostre centre \u00e9s CEEPSIR des del curs 2023 \/ 2024 i treballem per la inclusi\u00f3 educativa en els centres de Sant Adri\u00e0 de Bes\u00f2s que imparteixen ensenyaments obligatoris i tenen alumnat amb necessitats educatives especials.<\/span><\/p>\n<div class=\"ceepsir-link\"><\/div>\n","protected":false},"excerpt":{"rendered":"<p>El CEEPSIR \u00e9s un centre d&#8217;educaci\u00f3 especial prove\u00efdor de serveis i recursos per als centres ordinaris. El nostre centre \u00e9s CEEPSIR des del curs 2023 \/ 2024 i treballem per la inclusi\u00f3 educativa en els centres de Sant Adri\u00e0 de Bes\u00f2s que imparteixen ensenyaments obligatoris i tenen alumnat amb necessitats educatives especials.<\/p>\n","protected":false},"author":1,"featured_media":0,"parent":0,"menu_order":0,"comment_status":"closed","ping_status":"closed","template":"","meta":{"_bbp_topic_count":0,"_bbp_reply_count":0,"_bbp_total_topic_count":0,"_bbp_total_reply_count":0,"_bbp_voice_count":0,"_bbp_anonymous_reply_count":0,"_bbp_topic_count_hidden":0,"_bbp_reply_count_hidden":0,"_bbp_forum_subforum_count":0,"site-sidebar-layout":"default","site-content-layout":"","ast-site-content-layout":"default","site-content-style":"default","site-sidebar-style":"default","ast-global-header-display":"","ast-banner-title-visibility":"","ast-main-header-display":"","ast-hfb-above-header-display":"","ast-hfb-below-header-display":"","ast-hfb-mobile-header-display":"","site-post-title":"","ast-breadcrumbs-content":"","ast-featured-img":"","footer-sml-layout":"","theme-transparent-header-meta":"default","adv-header-id-meta":"","stick-header-meta":"","header-above-stick-meta":"","header-main-stick-meta":"","header-below-stick-meta":"","astra-migrate-meta-layouts":"set","ast-page-background-enabled":"default","ast-page-background-meta":{"desktop":{"background-color":"var(--ast-global-color-4)","background-image":"","background-repeat":"repeat","background-position":"center center","background-size":"auto","background-attachment":"scroll","background-type":"","background-media":"","overlay-type":"","overlay-color":"","overlay-opacity":"","overlay-gradient":""},"tablet":{"background-color":"","background-image":"","background-repeat":"repeat","background-position":"center center","background-size":"auto","background-attachment":"scroll","background-type":"","background-media":"","overlay-type":"","overlay-color":"","overlay-opacity":"","overlay-gradient":""},"mobile":{"background-color":"","background-image":"","background-repeat":"repeat","background-position":"center center","background-size":"auto","background-attachment":"scroll","background-type":"","background-media":"","overlay-type":"","overlay-color":"","overlay-opacity":"","overlay-gradient":""}},"ast-content-background-meta":{"desktop":{"background-color":"var(--ast-global-color-5)","background-image":"","background-repeat":"repeat","background-position":"center center","background-size":"auto","background-attachment":"scroll","background-type":"","background-media":"","overlay-type":"","overlay-color":"","overlay-opacity":"","overlay-gradient":""},"tablet":{"background-color":"var(--ast-global-color-5)","background-image":"","background-repeat":"repeat","background-position":"center center","background-size":"auto","background-attachment":"scroll","background-type":"","background-media":"","overlay-type":"","overlay-color":"","overlay-opacity":"","overlay-gradient":""},"mobile":{"background-color":"var(--ast-global-color-5)","background-image":"","background-repeat":"repeat","background-position":"center center","background-size":"auto","background-attachment":"scroll","background-type":"","background-media":"","overlay-type":"","overlay-color":"","overlay-opacity":"","overlay-gradient":""}},"footnotes":""},"class_list":["post-4168","page","type-page","status-publish","hentry"],"post_mailing_queue_ids":[],"_links":{"self":[{"href":"https:\/\/agora.xtec.cat\/escesperanza\/wp-json\/wp\/v2\/pages\/4168","targetHints":{"allow":["GET"]}}],"collection":[{"href":"https:\/\/agora.xtec.cat\/escesperanza\/wp-json\/wp\/v2\/pages"}],"about":[{"href":"https:\/\/agora.xtec.cat\/escesperanza\/wp-json\/wp\/v2\/types\/page"}],"author":[{"embeddable":true,"href":"https:\/\/agora.xtec.cat\/escesperanza\/wp-json\/wp\/v2\/users\/1"}],"replies":[{"embeddable":true,"href":"https:\/\/agora.xtec.cat\/escesperanza\/wp-json\/wp\/v2\/comments?post=4168"}],"version-history":[{"count":6,"href":"https:\/\/agora.xtec.cat\/escesperanza\/wp-json\/wp\/v2\/pages\/4168\/revisions"}],"predecessor-version":[{"id":5354,"href":"https:\/\/agora.xtec.cat\/escesperanza\/wp-json\/wp\/v2\/pages\/4168\/revisions\/5354"}],"wp:attachment":[{"href":"https:\/\/agora.xtec.cat\/escesperanza\/wp-json\/wp\/v2\/media?parent=4168"}],"curies":[{"name":"wp","href":"https:\/\/api.w.org\/{rel}","templated":true}]}}