{"id":2969,"date":"2023-03-20T13:08:53","date_gmt":"2023-03-20T12:08:53","guid":{"rendered":"https:\/\/agora.xtec.cat\/escesperanza\/?page_id=2969"},"modified":"2024-11-25T09:55:56","modified_gmt":"2024-11-25T08:55:56","slug":"eastrategia-digital","status":"publish","type":"page","link":"https:\/\/agora.xtec.cat\/escesperanza\/documents\/eastrategia-digital\/","title":{"rendered":"Estrat\u00e8gia Digital"},"content":{"rendered":"<p><!-- \ud83d\udea8 ATENCI\u00d3N: NO MODIFICAR ESTE BLOQUE DE ESTILOS \ud83d\udea8 \n     Si necesitas cambiar colores o tama\u00f1os, contacta con el dise\u00f1ador web.\n     Modificar este c\u00f3digo puede romper el dise\u00f1o de la p\u00e1gina. --><\/p>\n<style>\n    .edc-link {\n        display: flex;\n        justify-content: center;\n        align-items: center;\n        width: 200px;\n        height: 173px;\n        margin: 20px auto;\n        background-color: #FF0000; \/* Rojo *\/\n        clip-path: polygon(50% 0%, 100% 25%, 100% 75%, 50% 100%, 0% 75%, 0% 25%);\n        transition: all 0.3s ease;\n    }\n    .edc-link:hover {\n        transform: scale(1.05);\n        background-color: #087eb6; \/* Azul de la entidad *\/\n    }\n    .edc-link a {\n        color: white !important;\n        text-decoration: none;\n        font-size: 16px;\n        text-align: center !important;\n        padding: 10px;\n        width: 100%;\n        height: 100%;\n        display: flex;\n        justify-content: center;\n        align-items: center;\n    }\n    .edc-link:hover a {\n        color: white !important;\n    }\n<\/style>\n<p><!-- \ud83d\udcdd ZONA EDITABLE: CONTENIDO Y ENLACE \ud83d\udcdd\nINSTRUCCIONES PARA USUARIOS B\u00c1SICOS:\n1. Puedes modificar el texto de los p\u00e1rrafos \n\n<p> seg\u00fan sea necesario.\n2. Para cambiar el texto del enlace, modifica el contenido entre <a> y <\/a> en el div con clase \"edc-link\".\n3. Si necesitas cambiar el enlace, modifica el valor del atributo href en la etiqueta <a>.\n4. NO elimines ninguna etiqueta HTML, solo modifica el contenido de texto.\n5. Si necesitas ayuda o quieres hacer cambios m\u00e1s complejos, contacta con el desarrollador. --><\/p>\n<p>L&#8217;Estrat\u00e8gia Digital de Centre (EDC) \u00e9s el document que concreta les l\u00ednies d&#8217;actuaci\u00f3 del nostre centre per a que l&#8217;alumnat, l&#8217;equip pedag\u00f2gic i el centre assoleixin la compet\u00e8ncia digital.<\/p>\n<p>L&#8217;EDC compr\u00e8n i implica tots els \u00e0mbits del centre: organitzatius, metodol\u00f2gics, curriculars i comunicatius.<\/p>\n<p>La nostra Estrat\u00e8gia Digital de Centre \u00e9s el resultat d&#8217;un treball en equip entre la direcci\u00f3 pedag\u00f2gica i la comissi\u00f3 digital, i s&#8217;ha consensuat amb la resta de l&#8217;equip pedag\u00f2gic per definir el desplegament de les tecnologies digitals, la comunicaci\u00f3, la gesti\u00f3, la programaci\u00f3 i l&#8217;avaluaci\u00f3, aix\u00ed com tamb\u00e9 el pla de formaci\u00f3 associat.<\/p>\n<p>Podeu consultar el document en la seva versi\u00f3 web a l&#8217;enlla\u00e7.<\/p>\n<div class=\"edc-link\">\n    <a href=\"https:\/\/sites.google.com\/xtec.cat\/cee-ntra-sra-de-la-esperanza?usp=sharing\" target=\"_blank\" rel=\"noopener\"><br \/>\n        Visita l&#8217;Estrat\u00e8gia Digital de Centre<br \/>\n    <\/a>\n<\/div>\n","protected":false},"excerpt":{"rendered":"<p>L&#8217;Estrat\u00e8gia Digital de Centre (EDC) \u00e9s el document que concreta les l\u00ednies d&#8217;actuaci\u00f3 del nostre centre per a que l&#8217;alumnat, l&#8217;equip pedag\u00f2gic i el centre assoleixin la compet\u00e8ncia digital. L&#8217;EDC compr\u00e8n i implica tots els \u00e0mbits del centre: organitzatius, metodol\u00f2gics, curriculars i comunicatius. La nostra Estrat\u00e8gia Digital de Centre \u00e9s el resultat d&#8217;un treball en [&hellip;]<\/p>\n","protected":false},"author":1,"featured_media":0,"parent":541,"menu_order":5,"comment_status":"closed","ping_status":"closed","template":"","meta":{"_bbp_topic_count":0,"_bbp_reply_count":0,"_bbp_total_topic_count":0,"_bbp_total_reply_count":0,"_bbp_voice_count":0,"_bbp_anonymous_reply_count":0,"_bbp_topic_count_hidden":0,"_bbp_reply_count_hidden":0,"_bbp_forum_subforum_count":0,"site-sidebar-layout":"default","site-content-layout":"","ast-site-content-layout":"","site-content-style":"default","site-sidebar-style":"default","ast-global-header-display":"","ast-banner-title-visibility":"","ast-main-header-display":"","ast-hfb-above-header-display":"","ast-hfb-below-header-display":"","ast-hfb-mobile-header-display":"","site-post-title":"","ast-breadcrumbs-content":"","ast-featured-img":"","footer-sml-layout":"","theme-transparent-header-meta":"","adv-header-id-meta":"","stick-header-meta":"","header-above-stick-meta":"","header-main-stick-meta":"","header-below-stick-meta":"","astra-migrate-meta-layouts":"default","ast-page-background-enabled":"default","ast-page-background-meta":{"desktop":{"background-color":"var(--ast-global-color-4)","background-image":"","background-repeat":"repeat","background-position":"center center","background-size":"auto","background-attachment":"scroll","background-type":"","background-media":"","overlay-type":"","overlay-color":"","overlay-opacity":"","overlay-gradient":""},"tablet":{"background-color":"","background-image":"","background-repeat":"repeat","background-position":"center center","background-size":"auto","background-attachment":"scroll","background-type":"","background-media":"","overlay-type":"","overlay-color":"","overlay-opacity":"","overlay-gradient":""},"mobile":{"background-color":"","background-image":"","background-repeat":"repeat","background-position":"center center","background-size":"auto","background-attachment":"scroll","background-type":"","background-media":"","overlay-type":"","overlay-color":"","overlay-opacity":"","overlay-gradient":""}},"ast-content-background-meta":{"desktop":{"background-color":"var(--ast-global-color-5)","background-image":"","background-repeat":"repeat","background-position":"center center","background-size":"auto","background-attachment":"scroll","background-type":"","background-media":"","overlay-type":"","overlay-color":"","overlay-opacity":"","overlay-gradient":""},"tablet":{"background-color":"var(--ast-global-color-5)","background-image":"","background-repeat":"repeat","background-position":"center center","background-size":"auto","background-attachment":"scroll","background-type":"","background-media":"","overlay-type":"","overlay-color":"","overlay-opacity":"","overlay-gradient":""},"mobile":{"background-color":"var(--ast-global-color-5)","background-image":"","background-repeat":"repeat","background-position":"center center","background-size":"auto","background-attachment":"scroll","background-type":"","background-media":"","overlay-type":"","overlay-color":"","overlay-opacity":"","overlay-gradient":""}},"footnotes":""},"class_list":["post-2969","page","type-page","status-publish","hentry"],"post_mailing_queue_ids":[],"_links":{"self":[{"href":"https:\/\/agora.xtec.cat\/escesperanza\/wp-json\/wp\/v2\/pages\/2969","targetHints":{"allow":["GET"]}}],"collection":[{"href":"https:\/\/agora.xtec.cat\/escesperanza\/wp-json\/wp\/v2\/pages"}],"about":[{"href":"https:\/\/agora.xtec.cat\/escesperanza\/wp-json\/wp\/v2\/types\/page"}],"author":[{"embeddable":true,"href":"https:\/\/agora.xtec.cat\/escesperanza\/wp-json\/wp\/v2\/users\/1"}],"replies":[{"embeddable":true,"href":"https:\/\/agora.xtec.cat\/escesperanza\/wp-json\/wp\/v2\/comments?post=2969"}],"version-history":[{"count":4,"href":"https:\/\/agora.xtec.cat\/escesperanza\/wp-json\/wp\/v2\/pages\/2969\/revisions"}],"predecessor-version":[{"id":4164,"href":"https:\/\/agora.xtec.cat\/escesperanza\/wp-json\/wp\/v2\/pages\/2969\/revisions\/4164"}],"up":[{"embeddable":true,"href":"https:\/\/agora.xtec.cat\/escesperanza\/wp-json\/wp\/v2\/pages\/541"}],"wp:attachment":[{"href":"https:\/\/agora.xtec.cat\/escesperanza\/wp-json\/wp\/v2\/media?parent=2969"}],"curies":[{"name":"wp","href":"https:\/\/api.w.org\/{rel}","templated":true}]}}