{"id":2343,"date":"2023-02-23T13:27:11","date_gmt":"2023-02-23T12:27:11","guid":{"rendered":"https:\/\/agora.xtec.cat\/escesperanza\/?page_id=2343"},"modified":"2024-11-25T10:27:20","modified_gmt":"2024-11-25T09:27:20","slug":"comunitat-daprenentatge","status":"publish","type":"page","link":"https:\/\/agora.xtec.cat\/escesperanza\/comunitat-daprenentatge\/","title":{"rendered":"Comunitat d&#8217;aprenentatge"},"content":{"rendered":"<p>&nbsp;<\/p>\n<div class=\"imagenes\"><img loading=\"lazy\" decoding=\"async\" class=\"aligncenter\" src=\"https:\/\/agora.xtec.cat\/escesperanza\/wp-content\/uploads\/usu2658\/2024\/10\/cd_1.png\" width=\"490\" height=\"245\" \/><\/div>\n<p>&nbsp;<\/p>\n<p><span style=\"font-size: 20px; line-height: 1.5em;\">Les comunitats d\u2019aprenentatge s\u00f3n un projecte de transformaci\u00f3 social i cultural. Aquest projecte est\u00e0 basat en l\u2019aplicaci\u00f3 d\u2019aquelles actuacions educatives d\u2019\u00e8xit (AEE) que milloren el rendiment educatiu i la conviv\u00e8ncia. Les comunitats d&#8217;aprenentatge impliquen totes les persones que influeixen en l&#8217;aprenentatge i el desenvolupament dels alumnes, incloent-hi mestres, familiars i persones volunt\u00e0ries.<br \/>\n<\/span><br \/>\n<span style=\"font-size: 20px; line-height: 1.5em;\">Els reptes als que vol donar resposta el Projecte Comunitats d\u2019Aprenentatge s\u00f3n:<br \/>\n<\/span><\/p>\n<p style=\"font-size: 20px; line-height: 1.5em; padding-left: 80px;\"><img decoding=\"async\" style=\"width: 24px;\" src=\"https:\/\/agora.xtec.cat\/escesperanza\/wp-content\/uploads\/usu2658\/2024\/10\/cd_2-1.png\" \/><b> Superar les desigualtats<\/b><\/p>\n<p style=\"padding-left: 80px;\"><span style=\"font-size: 20px;\">Una de les formes de superar les desigualtats consisteix a plantejar uns curr\u00edculum i unes propostes educatives que proporcionin a tothom expectatives d\u2019\u00e8xit.<\/span><\/p>\n<p>&nbsp;<\/p>\n<p style=\"font-size: 20px; line-height: 1.5em; padding-left: 80px;\"><img decoding=\"async\" style=\"width: 24px;\" src=\"https:\/\/agora.xtec.cat\/escesperanza\/wp-content\/uploads\/usu2658\/2024\/10\/cd_2-1.png\" \/><b> Aconseguir l\u2019\u00e8xit educatiu<\/b><\/p>\n<p style=\"padding-left: 80px;\"><span style=\"font-size: 20px;\">Les compet\u00e8ncies b\u00e0siques s\u00f3n les capacitats que es consideren fonamentals perqu\u00e8 una persona adulta pugui desenvolupar la seva vida personal i professional de manera aut\u00f2noma i pugui continuar aprenent al llarg de la vida.<\/span><\/p>\n<p>&nbsp;<\/p>\n<p style=\"font-size: 20px; line-height: 1.5em; padding-left: 80px;\"><img decoding=\"async\" style=\"width: 24px;\" src=\"https:\/\/agora.xtec.cat\/escesperanza\/wp-content\/uploads\/usu2658\/2024\/10\/cd_2-1.png\" \/><b> Millorar la conviv\u00e8ncia<\/b><\/p>\n<p style=\"padding-left: 80px;\"><span style=\"font-size: 20px;\">La conviv\u00e8ncia en un centre \u00e9s necess\u00e0ria per aconseguir l\u2019\u00e8xit educatiu.<br \/>\nMillorar la conviv\u00e8ncia en els centres ha de ser l\u2019objectiu de tothom. Tota la comunitat hi est\u00e0 implicada i el di\u00e0leg esdev\u00e9 l\u2019eina fonamental per aconseguir-ho.<br \/>\nLes pr\u00e0ctiques educatives han d\u2019incorporar els valors democr\u00e0tics, de di\u00e0leg, d\u2019entesa i de consens per assolir una ciutadania compromesa.<br \/>\n<\/span><\/p>\n<p>&nbsp;<\/p>\n<p style=\"font-size: 20px; line-height: 1.5em;\"><b>Com fer possible aquests objectius?<\/b><\/p>\n<p><span style=\"font-size: 20px;\">El mitj\u00e0 per aconseguir els objectius \u00e9s l\u2019aplicaci\u00f3 de les actuacions educatives d\u2019\u00e8xit.<br \/>\n<\/span><\/p>\n<div class=\"imagenes\"><img loading=\"lazy\" decoding=\"async\" class=\"aligncenter\" src=\"https:\/\/agora.xtec.cat\/escesperanza\/wp-content\/uploads\/usu2658\/2024\/10\/cd_4.png\" width=\"613\" height=\"405\" \/><\/div>\n<p>&nbsp;<\/p>\n<p style=\"font-size: 20px; line-height: 1.5em;\"><b>L\u2019aprenentatge dial\u00f2gic<\/b><\/p>\n<p><span style=\"font-size: 20px;\">L\u2019aprenentatge dial\u00f2gic es basa en la idea que s\u00f3n les interaccions entre les persones, mitjan\u00e7ant el di\u00e0leg, les que fan possible que es produeixi l\u2019aprenentatge.<br \/>\nLes persones aprenem mitjan\u00e7ant m\u00faltiples interaccions que es donen entre els alumnes i els docents, i tamb\u00e9 entre els alumnes i totes les persones que participen de la vida dels centres i que poden ser fam\u00edlies, persones volunt\u00e0ries\u2026<br \/>\n<\/span><\/p>\n<p>&nbsp;<\/p>\n<p style=\"font-size: 20px; line-height: 1.5em;\"><b>Principis de l\u2019aprenentatge dial\u00f2gic<\/b><\/p>\n<div class=\"imagenes\"><img loading=\"lazy\" decoding=\"async\" class=\"aligncenter\" src=\"https:\/\/agora.xtec.cat\/escesperanza\/wp-content\/uploads\/usu2658\/2024\/10\/cd_3.png\" width=\"661\" height=\"360\" \/><\/div>\n<p>&nbsp;<\/p>\n<p style=\"text-align: center;\"><span style=\"font-size: 20px; line-height: 1.5em;\">\u00a0 \u00a0 \u00a0 \u00a0 \u00a0 \u00a0 Per saber-ne m\u00e9s&#8230;<\/span><a href=\"https:\/\/drive.google.com\/file\/d\/1U5MiH1jsT1AStkHbCpWFhS8htCAiW9SX\/view\" target=\"_blank\" rel=\"noopener\"><br \/>\n<img decoding=\"async\" style=\"height: 100px; width: auto;\" src=\"https:\/\/agora.xtec.cat\/escesperanza\/wp-content\/uploads\/usu2658\/2024\/10\/cd_6.png\" \/> \u00a0Veure el document<\/a><\/p>\n","protected":false},"excerpt":{"rendered":"<p>&nbsp; &nbsp; Les comunitats d\u2019aprenentatge s\u00f3n un projecte de transformaci\u00f3 social i cultural. Aquest projecte est\u00e0 basat en l\u2019aplicaci\u00f3 d\u2019aquelles actuacions educatives d\u2019\u00e8xit (AEE) que milloren el rendiment educatiu i la conviv\u00e8ncia. Les comunitats d&#8217;aprenentatge impliquen totes les persones que influeixen en l&#8217;aprenentatge i el desenvolupament dels alumnes, incloent-hi mestres, familiars i persones volunt\u00e0ries. Els [&hellip;]<\/p>\n","protected":false},"author":1,"featured_media":0,"parent":0,"menu_order":0,"comment_status":"closed","ping_status":"closed","template":"","meta":{"_bbp_topic_count":0,"_bbp_reply_count":0,"_bbp_total_topic_count":0,"_bbp_total_reply_count":0,"_bbp_voice_count":0,"_bbp_anonymous_reply_count":0,"_bbp_topic_count_hidden":0,"_bbp_reply_count_hidden":0,"_bbp_forum_subforum_count":0,"site-sidebar-layout":"default","site-content-layout":"","ast-site-content-layout":"","site-content-style":"default","site-sidebar-style":"default","ast-global-header-display":"","ast-banner-title-visibility":"","ast-main-header-display":"","ast-hfb-above-header-display":"","ast-hfb-below-header-display":"","ast-hfb-mobile-header-display":"","site-post-title":"","ast-breadcrumbs-content":"","ast-featured-img":"","footer-sml-layout":"","theme-transparent-header-meta":"","adv-header-id-meta":"","stick-header-meta":"","header-above-stick-meta":"","header-main-stick-meta":"","header-below-stick-meta":"","astra-migrate-meta-layouts":"default","ast-page-background-enabled":"default","ast-page-background-meta":{"desktop":{"background-color":"var(--ast-global-color-4)","background-image":"","background-repeat":"repeat","background-position":"center center","background-size":"auto","background-attachment":"scroll","background-type":"","background-media":"","overlay-type":"","overlay-color":"","overlay-opacity":"","overlay-gradient":""},"tablet":{"background-color":"","background-image":"","background-repeat":"repeat","background-position":"center center","background-size":"auto","background-attachment":"scroll","background-type":"","background-media":"","overlay-type":"","overlay-color":"","overlay-opacity":"","overlay-gradient":""},"mobile":{"background-color":"","background-image":"","background-repeat":"repeat","background-position":"center center","background-size":"auto","background-attachment":"scroll","background-type":"","background-media":"","overlay-type":"","overlay-color":"","overlay-opacity":"","overlay-gradient":""}},"ast-content-background-meta":{"desktop":{"background-color":"var(--ast-global-color-5)","background-image":"","background-repeat":"repeat","background-position":"center center","background-size":"auto","background-attachment":"scroll","background-type":"","background-media":"","overlay-type":"","overlay-color":"","overlay-opacity":"","overlay-gradient":""},"tablet":{"background-color":"var(--ast-global-color-5)","background-image":"","background-repeat":"repeat","background-position":"center center","background-size":"auto","background-attachment":"scroll","background-type":"","background-media":"","overlay-type":"","overlay-color":"","overlay-opacity":"","overlay-gradient":""},"mobile":{"background-color":"var(--ast-global-color-5)","background-image":"","background-repeat":"repeat","background-position":"center center","background-size":"auto","background-attachment":"scroll","background-type":"","background-media":"","overlay-type":"","overlay-color":"","overlay-opacity":"","overlay-gradient":""}},"footnotes":""},"class_list":["post-2343","page","type-page","status-publish","hentry"],"post_mailing_queue_ids":[],"_links":{"self":[{"href":"https:\/\/agora.xtec.cat\/escesperanza\/wp-json\/wp\/v2\/pages\/2343","targetHints":{"allow":["GET"]}}],"collection":[{"href":"https:\/\/agora.xtec.cat\/escesperanza\/wp-json\/wp\/v2\/pages"}],"about":[{"href":"https:\/\/agora.xtec.cat\/escesperanza\/wp-json\/wp\/v2\/types\/page"}],"author":[{"embeddable":true,"href":"https:\/\/agora.xtec.cat\/escesperanza\/wp-json\/wp\/v2\/users\/1"}],"replies":[{"embeddable":true,"href":"https:\/\/agora.xtec.cat\/escesperanza\/wp-json\/wp\/v2\/comments?post=2343"}],"version-history":[{"count":5,"href":"https:\/\/agora.xtec.cat\/escesperanza\/wp-json\/wp\/v2\/pages\/2343\/revisions"}],"predecessor-version":[{"id":4100,"href":"https:\/\/agora.xtec.cat\/escesperanza\/wp-json\/wp\/v2\/pages\/2343\/revisions\/4100"}],"wp:attachment":[{"href":"https:\/\/agora.xtec.cat\/escesperanza\/wp-json\/wp\/v2\/media?parent=2343"}],"curies":[{"name":"wp","href":"https:\/\/api.w.org\/{rel}","templated":true}]}}