{"id":2318,"date":"2023-02-23T10:31:23","date_gmt":"2023-02-23T09:31:23","guid":{"rendered":"https:\/\/agora.xtec.cat\/escesperanza\/?page_id=2318"},"modified":"2024-11-11T12:31:47","modified_gmt":"2024-11-11T11:31:47","slug":"calcots-a-lhort","status":"publish","type":"page","link":"https:\/\/agora.xtec.cat\/escesperanza\/projectes-apsc\/calcots-a-lhort\/","title":{"rendered":"Cal\u00e7ots a l&#8217;hort"},"content":{"rendered":"<p><span style=\"font-size: 20px; line-height: 1.5em;\">Aquest projecte consisteix a que els alumnes organitzin una cal\u00e7otada anual per alumnes i professors. Tot comen\u00e7a al setembre plantant els cal\u00e7ots i tenint-ne cura fins al moment de la collita. L&#8217;organitzaci\u00f3 implica tamb\u00e9 portar el control d&#8217;assist\u00e8ncia i participaci\u00f3, cobrar als assistents,\u00a0 la compra de menjar i beguda per completar la celebraci\u00f3, i la preparaci\u00f3 de l&#8217;\u00e0pat.<\/span><\/p>\n<p><span style=\"font-size: 20px; line-height: 1.5em;\">Tots plegats gaudim molt de la jornada de conviv\u00e8ncia on professorat i alumnat dinem plegats, ens relacionem, i ens ho passem genial compartint aquesta estona tots junts.<\/span><\/p>\n<div class=\"foto1\"><iframe loading=\"lazy\" src=\"https:\/\/drive.google.com\/file\/d\/1ZJUsVVRiLFKyFMxfIdkSRq0N-pNrK-Ae\/preview\" width=\"640\" height=\"360\"><span data-mce-type=\"bookmark\" style=\"display: inline-block; width: 0px; overflow: hidden; line-height: 0;\" class=\"mce_SELRES_start\">\ufeff<\/span><span data-mce-type=\"bookmark\" style=\"display: inline-block; width: 0px; overflow: hidden; line-height: 0;\" class=\"mce_SELRES_start\">\ufeff<\/span><span data-mce-type=\"bookmark\" style=\"display: inline-block; width: 0px; overflow: hidden; line-height: 0;\" class=\"mce_SELRES_start\">\ufeff<\/span><span data-mce-type=\"bookmark\" style=\"display: inline-block; width: 0px; overflow: hidden; line-height: 0;\" class=\"mce_SELRES_start\">\ufeff<\/span><\/iframe><\/div>\n<div class=\"foto1\"><iframe loading=\"lazy\" src=\"https:\/\/drive.google.com\/file\/d\/1ZFBad671MgKbOfzljXRu5ULoZxJVIcQA\/preview\" width=\"640\" height=\"360\"><span data-mce-type=\"bookmark\" style=\"display: inline-block; width: 0px; overflow: hidden; line-height: 0;\" class=\"mce_SELRES_start\">\ufeff<\/span><\/iframe><\/div>\n<p><span style=\"font-size: 20px; line-height: 1.5em;\">Aquest servei comunitari implica a tots els grups escolars i encara que l\u2019activitat principal \u00e9s d\u2019un dia, la preparaci\u00f3 pr\u00e8via implica gran varietat d\u2019accions:<\/span><\/p>\n<ul style=\"font-size: 20px; line-height: 1.5em;\">\n<li>Elaborar uns cartells amb l\u2019ordinador anunciant la cal\u00e7otada, que es pengen a les entrades del vest\u00edbul, del m\u00f2dul i a cada aula.<\/li>\n<li>Passar una enquesta inicial per saber qu\u00e8 vol menjar cadasc\u00fa.<\/li>\n<li>Cobrar a cada persona per a poder fer les compres.<\/li>\n<li>Un equip prepara els rebuts corresponents per a les persones que paguen.<\/li>\n<li>Comprar el menjar, les begudes i el parament de taula.<\/li>\n<\/ul>\n<div class=\"foto2\"><iframe loading=\"lazy\" src=\"https:\/\/drive.google.com\/file\/d\/1hHHZtpCRR2fhPLWo7XOoCBogPk6rxCil\/preview\" width=\"640\" height=\"360\"><span data-mce-type=\"bookmark\" style=\"display: inline-block; width: 0px; overflow: hidden; line-height: 0;\" class=\"mce_SELRES_start\">\ufeff<\/span><\/iframe><\/div>\n<div class=\"foto2\"><iframe loading=\"lazy\" src=\"https:\/\/drive.google.com\/file\/d\/1pAPthvWPYXrpPiiGfxrvChlWTgoh12PS\/preview\" width=\"640\" height=\"360\"><span data-mce-type=\"bookmark\" style=\"display: inline-block; width: 0px; overflow: hidden; line-height: 0;\" class=\"mce_SELRES_start\">\ufeff<\/span><\/iframe><\/div>\n<p><span style=\"font-size: 20px; line-height: 1.5em;\">I el dia de la cal\u00e7otada tenim molta feina a fer entre tots:<\/span><\/p>\n<ul style=\"font-size: 20px; line-height: 1.5em;\">\n<li>Cuinar els cal\u00e7ots i les carns a la brasa.<\/li>\n<li>Preparar les postres.<\/li>\n<li>Preparar les taules amb les estovalles i el parament adequat.<\/li>\n<li>Preparar contenidors per llen\u00e7ar les escombraries.<\/li>\n<\/ul>\n<div class=\"foto1\"><iframe loading=\"lazy\" src=\"https:\/\/drive.google.com\/file\/d\/14YCfKO04pVKTvDqoeULLQkybARZW5ZeJ\/preview\" width=\"640\" height=\"360\"><\/iframe><\/div>\n<div class=\"foto1\"><iframe loading=\"lazy\" src=\"https:\/\/drive.google.com\/file\/d\/1OKXGqTAakdKcMvWI-nDGXYRD6isGMXZ1\/preview\" width=\"620\" height=\"360\"><span data-mce-type=\"bookmark\" style=\"display: inline-block; width: 0px; overflow: hidden; line-height: 0;\" class=\"mce_SELRES_start\">\ufeff<\/span><span data-mce-type=\"bookmark\" style=\"display: inline-block; width: 0px; overflow: hidden; line-height: 0;\" class=\"mce_SELRES_start\">\ufeff<\/span><\/iframe><\/div>\n<p><span style=\"font-size: 20px; line-height: 1.5em;\">La cooperaci\u00f3 \u00e9s un element present al llarg d\u2019aquest servei. Tots necessitem de la col.laboraci\u00f3 dels altres per a fer possible aquesta jornada!!<\/span><\/p>\n<div class=\"foto2\"><iframe loading=\"lazy\" src=\"https:\/\/drive.google.com\/file\/d\/1AqsFHnq2WBRyHCaz_DsruSBCmx0MXGuM\/preview\" width=\"640\" height=\"360\"><\/iframe><\/div>\n<div class=\"foto2\"><iframe loading=\"lazy\" src=\"https:\/\/drive.google.com\/file\/d\/1O8a-z5NgQMWV1rqnAoouwWGH0Zw_eO2Q\/preview\" width=\"640\" height=\"360\"><span data-mce-type=\"bookmark\" style=\"display: inline-block; width: 0px; overflow: hidden; line-height: 0;\" class=\"mce_SELRES_start\">\ufeff<\/span><\/iframe><\/div>\n","protected":false},"excerpt":{"rendered":"<p>Aquest projecte consisteix a que els alumnes organitzin una cal\u00e7otada anual per alumnes i professors. Tot comen\u00e7a al setembre plantant els cal\u00e7ots i tenint-ne cura fins al moment de la collita. L&#8217;organitzaci\u00f3 implica tamb\u00e9 portar el control d&#8217;assist\u00e8ncia i participaci\u00f3, cobrar als assistents,\u00a0 la compra de menjar i beguda per completar la celebraci\u00f3, i la [&hellip;]<\/p>\n","protected":false},"author":1,"featured_media":0,"parent":2139,"menu_order":0,"comment_status":"closed","ping_status":"closed","template":"page-templates\/side-menu.php","meta":{"_bbp_topic_count":0,"_bbp_reply_count":0,"_bbp_total_topic_count":0,"_bbp_total_reply_count":0,"_bbp_voice_count":0,"_bbp_anonymous_reply_count":0,"_bbp_topic_count_hidden":0,"_bbp_reply_count_hidden":0,"_bbp_forum_subforum_count":0,"site-sidebar-layout":"default","site-content-layout":"","ast-site-content-layout":"","site-content-style":"default","site-sidebar-style":"default","ast-global-header-display":"","ast-banner-title-visibility":"","ast-main-header-display":"","ast-hfb-above-header-display":"","ast-hfb-below-header-display":"","ast-hfb-mobile-header-display":"","site-post-title":"","ast-breadcrumbs-content":"","ast-featured-img":"","footer-sml-layout":"","theme-transparent-header-meta":"","adv-header-id-meta":"","stick-header-meta":"","header-above-stick-meta":"","header-main-stick-meta":"","header-below-stick-meta":"","astra-migrate-meta-layouts":"default","ast-page-background-enabled":"default","ast-page-background-meta":{"desktop":{"background-color":"var(--ast-global-color-4)","background-image":"","background-repeat":"repeat","background-position":"center center","background-size":"auto","background-attachment":"scroll","background-type":"","background-media":"","overlay-type":"","overlay-color":"","overlay-opacity":"","overlay-gradient":""},"tablet":{"background-color":"","background-image":"","background-repeat":"repeat","background-position":"center center","background-size":"auto","background-attachment":"scroll","background-type":"","background-media":"","overlay-type":"","overlay-color":"","overlay-opacity":"","overlay-gradient":""},"mobile":{"background-color":"","background-image":"","background-repeat":"repeat","background-position":"center center","background-size":"auto","background-attachment":"scroll","background-type":"","background-media":"","overlay-type":"","overlay-color":"","overlay-opacity":"","overlay-gradient":""}},"ast-content-background-meta":{"desktop":{"background-color":"var(--ast-global-color-5)","background-image":"","background-repeat":"repeat","background-position":"center center","background-size":"auto","background-attachment":"scroll","background-type":"","background-media":"","overlay-type":"","overlay-color":"","overlay-opacity":"","overlay-gradient":""},"tablet":{"background-color":"var(--ast-global-color-5)","background-image":"","background-repeat":"repeat","background-position":"center center","background-size":"auto","background-attachment":"scroll","background-type":"","background-media":"","overlay-type":"","overlay-color":"","overlay-opacity":"","overlay-gradient":""},"mobile":{"background-color":"var(--ast-global-color-5)","background-image":"","background-repeat":"repeat","background-position":"center center","background-size":"auto","background-attachment":"scroll","background-type":"","background-media":"","overlay-type":"","overlay-color":"","overlay-opacity":"","overlay-gradient":""}},"footnotes":""},"class_list":["post-2318","page","type-page","status-publish","hentry"],"post_mailing_queue_ids":[],"_links":{"self":[{"href":"https:\/\/agora.xtec.cat\/escesperanza\/wp-json\/wp\/v2\/pages\/2318","targetHints":{"allow":["GET"]}}],"collection":[{"href":"https:\/\/agora.xtec.cat\/escesperanza\/wp-json\/wp\/v2\/pages"}],"about":[{"href":"https:\/\/agora.xtec.cat\/escesperanza\/wp-json\/wp\/v2\/types\/page"}],"author":[{"embeddable":true,"href":"https:\/\/agora.xtec.cat\/escesperanza\/wp-json\/wp\/v2\/users\/1"}],"replies":[{"embeddable":true,"href":"https:\/\/agora.xtec.cat\/escesperanza\/wp-json\/wp\/v2\/comments?post=2318"}],"version-history":[{"count":5,"href":"https:\/\/agora.xtec.cat\/escesperanza\/wp-json\/wp\/v2\/pages\/2318\/revisions"}],"predecessor-version":[{"id":3364,"href":"https:\/\/agora.xtec.cat\/escesperanza\/wp-json\/wp\/v2\/pages\/2318\/revisions\/3364"}],"up":[{"embeddable":true,"href":"https:\/\/agora.xtec.cat\/escesperanza\/wp-json\/wp\/v2\/pages\/2139"}],"wp:attachment":[{"href":"https:\/\/agora.xtec.cat\/escesperanza\/wp-json\/wp\/v2\/media?parent=2318"}],"curies":[{"name":"wp","href":"https:\/\/api.w.org\/{rel}","templated":true}]}}