{"id":2316,"date":"2023-02-23T10:30:50","date_gmt":"2023-02-23T09:30:50","guid":{"rendered":"https:\/\/agora.xtec.cat\/escesperanza\/?page_id=2316"},"modified":"2024-11-17T14:56:43","modified_gmt":"2024-11-17T13:56:43","slug":"som-responsables","status":"publish","type":"page","link":"https:\/\/agora.xtec.cat\/escesperanza\/projectes-apsc\/som-responsables\/","title":{"rendered":"Som responsables"},"content":{"rendered":"<p><span style=\"font-size: 20px; line-height: 1.5em;\">Aquest projecte consisteix a fer participar l\u2019alumnat en les tasques de neteja, ordre i manteniment de l\u2019escola: reposar el sab\u00f3, les tovalloles o el paper higi\u00e8nic dels lavabos, fer la recollida selectiva de la brossa i portar-la als contenidors corresponents, fer petites reparacions.<\/span><\/p>\n<p style=\"text-align: center;\"><iframe loading=\"lazy\" src=\"https:\/\/drive.google.com\/file\/d\/1bITjL5ewjMFOiNZSA3FZ2GXek2tifqSu\/preview\" width=\"250\" height=\"330\"><span data-mce-type=\"bookmark\" style=\"display: inline-block; width: 0px; overflow: hidden; line-height: 0;\" class=\"mce_SELRES_start\">\ufeff<\/span><span data-mce-type=\"bookmark\" style=\"display: inline-block; width: 0px; overflow: hidden; line-height: 0;\" class=\"mce_SELRES_start\">\ufeff<\/span><span data-mce-type=\"bookmark\" style=\"display: inline-block; width: 0px; overflow: hidden; line-height: 0;\" class=\"mce_SELRES_start\">\ufeff<\/span><span data-mce-type=\"bookmark\" style=\"display: inline-block; width: 0px; overflow: hidden; line-height: 0;\" class=\"mce_SELRES_start\">\ufeff<\/span><span data-mce-type=\"bookmark\" style=\"display: inline-block; width: 0px; overflow: hidden; line-height: 0;\" class=\"mce_SELRES_start\">\ufeff<\/span><span data-mce-type=\"bookmark\" style=\"display: inline-block; width: 0px; overflow: hidden; line-height: 0;\" class=\"mce_SELRES_start\">\ufeff<\/span><span data-mce-type=\"bookmark\" style=\"display: inline-block; width: 0px; overflow: hidden; line-height: 0;\" class=\"mce_SELRES_start\">\ufeff<\/span><span data-mce-type=\"bookmark\" style=\"display: inline-block; width: 0px; overflow: hidden; line-height: 0;\" class=\"mce_SELRES_start\">\ufeff<\/span><span data-mce-type=\"bookmark\" style=\"display: inline-block; width: 0px; overflow: hidden; line-height: 0;\" class=\"mce_SELRES_start\">\ufeff<\/span><span data-mce-type=\"bookmark\" style=\"display: inline-block; width: 0px; overflow: hidden; line-height: 0;\" class=\"mce_SELRES_start\">\ufeff<\/span><span data-mce-type=\"bookmark\" style=\"display: inline-block; width: 0px; overflow: hidden; line-height: 0;\" class=\"mce_SELRES_start\">\ufeff<\/span><span data-mce-type=\"bookmark\" style=\"display: inline-block; width: 0px; overflow: hidden; line-height: 0;\" class=\"mce_SELRES_start\">\ufeff<\/span><span data-mce-type=\"bookmark\" style=\"display: inline-block; width: 0px; overflow: hidden; line-height: 0;\" class=\"mce_SELRES_start\">\ufeff<\/span><span data-mce-type=\"bookmark\" style=\"display: inline-block; width: 0px; overflow: hidden; line-height: 0;\" class=\"mce_SELRES_start\">\ufeff<\/span><span data-mce-type=\"bookmark\" style=\"display: inline-block; width: 0px; overflow: hidden; line-height: 0;\" class=\"mce_SELRES_start\">\ufeff<\/span><span data-mce-type=\"bookmark\" style=\"display: inline-block; width: 0px; overflow: hidden; line-height: 0;\" class=\"mce_SELRES_start\">\ufeff<\/span><\/iframe> <iframe loading=\"lazy\" src=\"https:\/\/drive.google.com\/file\/d\/1TvG20Wt3wxAwFnWKJXxiOlilYyk_bDZn\/preview\" width=\"250\" height=\"330\"><span data-mce-type=\"bookmark\" style=\"display: inline-block; width: 0px; overflow: hidden; line-height: 0;\" class=\"mce_SELRES_start\">\ufeff<\/span><\/iframe><\/p>\n<div class=\"foto1\"><\/div>\n<div class=\"foto1\"><\/div>\n<p><span style=\"font-size: 20px; line-height: 1.5em;\">S\u00f3n responsabilitats que l\u2019alumnat assumeix amb la finalitat de:<\/span><\/p>\n<ul style=\"font-size: 20px; line-height: 1.5em;\">\n<li>Aprendre compet\u00e8ncies de l&#8217;\u00e0mbit dom\u00e8stic.<\/li>\n<li>Aplicar de manera pr\u00e0ctica els aprenentatges.<\/li>\n<li>Treballar valors coeducatius, de sostenibilitat ambiental i de cooperaci\u00f3.<\/li>\n<li>Augmentar el sentiment de pertinen\u00e7a a l\u2019escola.<\/li>\n<\/ul>\n<p style=\"text-align: center;\"><iframe loading=\"lazy\" src=\"https:\/\/drive.google.com\/file\/d\/1nYUIR_U-L2PnNTW5zCqfGvOwNf6Rls5e\/preview\" width=\"250\" height=\"330\"><\/iframe><iframe loading=\"lazy\" src=\"https:\/\/drive.google.com\/file\/d\/13wO2JUyy05Rk6PdsBTncdZdVK7-dLe53\/preview\" width=\"250\" height=\"330\"><span data-mce-type=\"bookmark\" style=\"display: inline-block; width: 0px; overflow: hidden; line-height: 0;\" class=\"mce_SELRES_start\">\ufeff<\/span><\/iframe><\/p>\n<div class=\"foto2\"><span style=\"font-size: 20px;\">Aquest Servei Comunitari el realitza cada classe durant una setmana de manera rotativa. Un cop acabada la setmana fem les valoracions sobre les tasques realitzades. Es valora com ha treballat cada alumne\/a, el grau d\u2019implicaci\u00f3 que ha tingut i les dificultats que ha trobat.<\/span><\/div>\n","protected":false},"excerpt":{"rendered":"<p>Aquest projecte consisteix a fer participar l\u2019alumnat en les tasques de neteja, ordre i manteniment de l\u2019escola: reposar el sab\u00f3, les tovalloles o el paper higi\u00e8nic dels lavabos, fer la recollida selectiva de la brossa i portar-la als contenidors corresponents, fer petites reparacions. \ufeff\ufeff\ufeff\ufeff\ufeff\ufeff\ufeff\ufeff\ufeff\ufeff\ufeff\ufeff\ufeff\ufeff\ufeff\ufeff \ufeff S\u00f3n responsabilitats que l\u2019alumnat assumeix amb la finalitat de: Aprendre [&hellip;]<\/p>\n","protected":false},"author":1,"featured_media":0,"parent":2139,"menu_order":0,"comment_status":"closed","ping_status":"closed","template":"page-templates\/side-menu.php","meta":{"_bbp_topic_count":0,"_bbp_reply_count":0,"_bbp_total_topic_count":0,"_bbp_total_reply_count":0,"_bbp_voice_count":0,"_bbp_anonymous_reply_count":0,"_bbp_topic_count_hidden":0,"_bbp_reply_count_hidden":0,"_bbp_forum_subforum_count":0,"site-sidebar-layout":"default","site-content-layout":"","ast-site-content-layout":"","site-content-style":"default","site-sidebar-style":"default","ast-global-header-display":"","ast-banner-title-visibility":"","ast-main-header-display":"","ast-hfb-above-header-display":"","ast-hfb-below-header-display":"","ast-hfb-mobile-header-display":"","site-post-title":"","ast-breadcrumbs-content":"","ast-featured-img":"","footer-sml-layout":"","theme-transparent-header-meta":"","adv-header-id-meta":"","stick-header-meta":"","header-above-stick-meta":"","header-main-stick-meta":"","header-below-stick-meta":"","astra-migrate-meta-layouts":"default","ast-page-background-enabled":"default","ast-page-background-meta":{"desktop":{"background-color":"var(--ast-global-color-4)","background-image":"","background-repeat":"repeat","background-position":"center center","background-size":"auto","background-attachment":"scroll","background-type":"","background-media":"","overlay-type":"","overlay-color":"","overlay-opacity":"","overlay-gradient":""},"tablet":{"background-color":"","background-image":"","background-repeat":"repeat","background-position":"center center","background-size":"auto","background-attachment":"scroll","background-type":"","background-media":"","overlay-type":"","overlay-color":"","overlay-opacity":"","overlay-gradient":""},"mobile":{"background-color":"","background-image":"","background-repeat":"repeat","background-position":"center center","background-size":"auto","background-attachment":"scroll","background-type":"","background-media":"","overlay-type":"","overlay-color":"","overlay-opacity":"","overlay-gradient":""}},"ast-content-background-meta":{"desktop":{"background-color":"var(--ast-global-color-5)","background-image":"","background-repeat":"repeat","background-position":"center center","background-size":"auto","background-attachment":"scroll","background-type":"","background-media":"","overlay-type":"","overlay-color":"","overlay-opacity":"","overlay-gradient":""},"tablet":{"background-color":"var(--ast-global-color-5)","background-image":"","background-repeat":"repeat","background-position":"center center","background-size":"auto","background-attachment":"scroll","background-type":"","background-media":"","overlay-type":"","overlay-color":"","overlay-opacity":"","overlay-gradient":""},"mobile":{"background-color":"var(--ast-global-color-5)","background-image":"","background-repeat":"repeat","background-position":"center center","background-size":"auto","background-attachment":"scroll","background-type":"","background-media":"","overlay-type":"","overlay-color":"","overlay-opacity":"","overlay-gradient":""}},"footnotes":""},"class_list":["post-2316","page","type-page","status-publish","hentry"],"post_mailing_queue_ids":[],"_links":{"self":[{"href":"https:\/\/agora.xtec.cat\/escesperanza\/wp-json\/wp\/v2\/pages\/2316","targetHints":{"allow":["GET"]}}],"collection":[{"href":"https:\/\/agora.xtec.cat\/escesperanza\/wp-json\/wp\/v2\/pages"}],"about":[{"href":"https:\/\/agora.xtec.cat\/escesperanza\/wp-json\/wp\/v2\/types\/page"}],"author":[{"embeddable":true,"href":"https:\/\/agora.xtec.cat\/escesperanza\/wp-json\/wp\/v2\/users\/1"}],"replies":[{"embeddable":true,"href":"https:\/\/agora.xtec.cat\/escesperanza\/wp-json\/wp\/v2\/comments?post=2316"}],"version-history":[{"count":0,"href":"https:\/\/agora.xtec.cat\/escesperanza\/wp-json\/wp\/v2\/pages\/2316\/revisions"}],"up":[{"embeddable":true,"href":"https:\/\/agora.xtec.cat\/escesperanza\/wp-json\/wp\/v2\/pages\/2139"}],"wp:attachment":[{"href":"https:\/\/agora.xtec.cat\/escesperanza\/wp-json\/wp\/v2\/media?parent=2316"}],"curies":[{"name":"wp","href":"https:\/\/api.w.org\/{rel}","templated":true}]}}