{"id":2314,"date":"2023-02-23T10:30:32","date_gmt":"2023-02-23T09:30:32","guid":{"rendered":"https:\/\/agora.xtec.cat\/escesperanza\/?page_id=2314"},"modified":"2024-11-11T12:19:35","modified_gmt":"2024-11-11T11:19:35","slug":"gran-recapte","status":"publish","type":"page","link":"https:\/\/agora.xtec.cat\/escesperanza\/projectes-apsc\/gran-recapte\/","title":{"rendered":"Gran recapte"},"content":{"rendered":"<p><span style=\"font-size: 20px; line-height: 1.5em;\">El projecte consisteix en la participaci\u00f3 de 8 alumnes i dues professores, durant un torn de quatre hores en un supermercat de gran superf\u00edcie en la campanya solid\u00e0ria de \u201cEl Gran de Recapte\u201d organitzat pel Banc d\u2019Aliments.<\/span><\/p>\n<div class=\"foto1\"><iframe loading=\"lazy\" src=\"https:\/\/drive.google.com\/file\/d\/1ScG1cshGRFP1uL5HUBlzIxvktY3fSKOt\/preview\" width=\"620\" height=\"350\"><span data-mce-type=\"bookmark\" style=\"display: inline-block; width: 0px; overflow: hidden; line-height: 0;\" class=\"mce_SELRES_start\">\ufeff<\/span><\/iframe><\/div>\n<div class=\"foto1\"><iframe loading=\"lazy\" src=\"https:\/\/drive.google.com\/file\/d\/182v6znEZRlfi5dtjVaSrZhE2KmFRymZT\/preview\" width=\"620\" height=\"350\"><span data-mce-type=\"bookmark\" style=\"display: inline-block; width: 0px; overflow: hidden; line-height: 0;\" class=\"mce_SELRES_start\">\ufeff<\/span><\/iframe><\/div>\n<div><\/div>\n<p><span style=\"font-size: 20px; line-height: 1.5em;\">Es duu a terme a finals de novembre i\/o principi de desembre.<\/span><br \/>\n<span style=\"font-size: 20px; line-height: 1.5em;\">Durant el torn de quatre hores, els alumnes realitzen tasques variades:<\/span><\/p>\n<ul style=\"font-size: 20px; line-height: 1.5em;\">\n<li style=\"list-style-type: none;\">\n<ul style=\"font-size: 20px; line-height: 1.5em;\">\n<li>Repartir les\u00a0bosses a la gent que entra a l\u2019Alcampo<\/li>\n<li>Ocupar un lloc visible amb un carro al davant de les caixes per recollir les aportacions de la gent<\/li>\n<li>Fer el buidatge dels carros i col\u00b7locar els aliments comprats\u00a0 a les caixes anomenades \u201cbanyeres\u201d.<\/li>\n<li>Controlar el contingut de les banyeres,\u2026.<\/li>\n<\/ul>\n<\/li>\n<\/ul>\n<div class=\"foto2\"><iframe loading=\"lazy\" src=\"https:\/\/drive.google.com\/file\/d\/1YuO4bXCjY3Wu-qjmuUZbfSiPx-di7gSj\/preview\" width=\"620\" height=\"350\"><span data-mce-type=\"bookmark\" style=\"display: inline-block; width: 0px; overflow: hidden; line-height: 0;\" class=\"mce_SELRES_start\">\ufeff<\/span><\/iframe><\/div>\n<div class=\"foto2\"><iframe loading=\"lazy\" src=\"https:\/\/drive.google.com\/file\/d\/122AwN83ycPD2wbgWaL5ZwUfR7qiubIT9\/preview\" width=\"620\" height=\"350\"><span data-mce-type=\"bookmark\" style=\"display: inline-block; width: 0px; overflow: hidden; line-height: 0;\" class=\"mce_SELRES_start\">\ufeff<\/span><\/iframe><\/div>\n<div><\/div>\n<p><span style=\"font-size: 20px; line-height: 1.5em;\">Aquestes accions es van realitzant de manera rotativa . Aix\u00ed tots els alumnes realitzen totes les tasques per a poder-les experimentar.<\/span><br \/>\n<span style=\"font-size: 20px; line-height: 1.5em;\">Aquesta proposta t\u00e9 la finalitat d\u2019introduir als alumnes en el m\u00f3n del voluntariat\u00a0 i alhora cobrir una gran necessitat social: ajudar a la poblaci\u00f3 de Sant Adri\u00e0 a recollir aliments que s\u2019adre\u00e7aran al Banc d\u2019Aliments.<\/span><\/p>\n","protected":false},"excerpt":{"rendered":"<p>El projecte consisteix en la participaci\u00f3 de 8 alumnes i dues professores, durant un torn de quatre hores en un supermercat de gran superf\u00edcie en la campanya solid\u00e0ria de \u201cEl Gran de Recapte\u201d organitzat pel Banc d\u2019Aliments. \ufeff \ufeff Es duu a terme a finals de novembre i\/o principi de desembre. Durant el torn de [&hellip;]<\/p>\n","protected":false},"author":1,"featured_media":0,"parent":2139,"menu_order":0,"comment_status":"closed","ping_status":"closed","template":"page-templates\/side-menu.php","meta":{"_bbp_topic_count":0,"_bbp_reply_count":0,"_bbp_total_topic_count":0,"_bbp_total_reply_count":0,"_bbp_voice_count":0,"_bbp_anonymous_reply_count":0,"_bbp_topic_count_hidden":0,"_bbp_reply_count_hidden":0,"_bbp_forum_subforum_count":0,"site-sidebar-layout":"default","site-content-layout":"","ast-site-content-layout":"","site-content-style":"default","site-sidebar-style":"default","ast-global-header-display":"","ast-banner-title-visibility":"","ast-main-header-display":"","ast-hfb-above-header-display":"","ast-hfb-below-header-display":"","ast-hfb-mobile-header-display":"","site-post-title":"","ast-breadcrumbs-content":"","ast-featured-img":"","footer-sml-layout":"","theme-transparent-header-meta":"","adv-header-id-meta":"","stick-header-meta":"","header-above-stick-meta":"","header-main-stick-meta":"","header-below-stick-meta":"","astra-migrate-meta-layouts":"default","ast-page-background-enabled":"default","ast-page-background-meta":{"desktop":{"background-color":"var(--ast-global-color-4)","background-image":"","background-repeat":"repeat","background-position":"center center","background-size":"auto","background-attachment":"scroll","background-type":"","background-media":"","overlay-type":"","overlay-color":"","overlay-opacity":"","overlay-gradient":""},"tablet":{"background-color":"","background-image":"","background-repeat":"repeat","background-position":"center center","background-size":"auto","background-attachment":"scroll","background-type":"","background-media":"","overlay-type":"","overlay-color":"","overlay-opacity":"","overlay-gradient":""},"mobile":{"background-color":"","background-image":"","background-repeat":"repeat","background-position":"center center","background-size":"auto","background-attachment":"scroll","background-type":"","background-media":"","overlay-type":"","overlay-color":"","overlay-opacity":"","overlay-gradient":""}},"ast-content-background-meta":{"desktop":{"background-color":"var(--ast-global-color-5)","background-image":"","background-repeat":"repeat","background-position":"center center","background-size":"auto","background-attachment":"scroll","background-type":"","background-media":"","overlay-type":"","overlay-color":"","overlay-opacity":"","overlay-gradient":""},"tablet":{"background-color":"var(--ast-global-color-5)","background-image":"","background-repeat":"repeat","background-position":"center center","background-size":"auto","background-attachment":"scroll","background-type":"","background-media":"","overlay-type":"","overlay-color":"","overlay-opacity":"","overlay-gradient":""},"mobile":{"background-color":"var(--ast-global-color-5)","background-image":"","background-repeat":"repeat","background-position":"center center","background-size":"auto","background-attachment":"scroll","background-type":"","background-media":"","overlay-type":"","overlay-color":"","overlay-opacity":"","overlay-gradient":""}},"footnotes":""},"class_list":["post-2314","page","type-page","status-publish","hentry"],"post_mailing_queue_ids":[],"_links":{"self":[{"href":"https:\/\/agora.xtec.cat\/escesperanza\/wp-json\/wp\/v2\/pages\/2314","targetHints":{"allow":["GET"]}}],"collection":[{"href":"https:\/\/agora.xtec.cat\/escesperanza\/wp-json\/wp\/v2\/pages"}],"about":[{"href":"https:\/\/agora.xtec.cat\/escesperanza\/wp-json\/wp\/v2\/types\/page"}],"author":[{"embeddable":true,"href":"https:\/\/agora.xtec.cat\/escesperanza\/wp-json\/wp\/v2\/users\/1"}],"replies":[{"embeddable":true,"href":"https:\/\/agora.xtec.cat\/escesperanza\/wp-json\/wp\/v2\/comments?post=2314"}],"version-history":[{"count":5,"href":"https:\/\/agora.xtec.cat\/escesperanza\/wp-json\/wp\/v2\/pages\/2314\/revisions"}],"predecessor-version":[{"id":2921,"href":"https:\/\/agora.xtec.cat\/escesperanza\/wp-json\/wp\/v2\/pages\/2314\/revisions\/2921"}],"up":[{"embeddable":true,"href":"https:\/\/agora.xtec.cat\/escesperanza\/wp-json\/wp\/v2\/pages\/2139"}],"wp:attachment":[{"href":"https:\/\/agora.xtec.cat\/escesperanza\/wp-json\/wp\/v2\/media?parent=2314"}],"curies":[{"name":"wp","href":"https:\/\/api.w.org\/{rel}","templated":true}]}}