{"id":2310,"date":"2023-02-23T10:29:30","date_gmt":"2023-02-23T09:29:30","guid":{"rendered":"https:\/\/agora.xtec.cat\/escesperanza\/?page_id=2310"},"modified":"2024-11-11T12:09:27","modified_gmt":"2024-11-11T11:09:27","slug":"retolem-lhort","status":"publish","type":"page","link":"https:\/\/agora.xtec.cat\/escesperanza\/projectes-apsc\/retolem-lhort\/","title":{"rendered":"Retolem l&#8217;hort"},"content":{"rendered":"<p><span style=\"font-size: 20px; line-height: 1.5em;\">Aquest projecte ens d\u00f3na l&#8217;oportunitat de desenvolupar noves habilitats en el taller de fusteria. Els alumnes tenen la visi\u00f3 de crear objectes de fusta i descobrir com es poden utilitzar.<\/span><\/p>\n<div class=\"foto1\"><iframe loading=\"lazy\" src=\"https:\/\/drive.google.com\/file\/d\/1AV42I1__glBkfvSzIqi1Z09SXZCevAOh\/preview\" width=\"300\" height=\"400\"><span data-mce-type=\"bookmark\" style=\"display: inline-block; width: 0px; overflow: hidden; line-height: 0;\" class=\"mce_SELRES_start\">\ufeff<\/span><\/iframe><\/div>\n<div class=\"foto1\"><iframe loading=\"lazy\" src=\"https:\/\/drive.google.com\/file\/d\/1rUCdbl0qZv7oWnrOq5vYtOJbQzw6-mWf\/preview\" width=\"300\" height=\"400\"><span data-mce-type=\"bookmark\" style=\"display: inline-block; width: 0px; overflow: hidden; line-height: 0;\" class=\"mce_SELRES_start\">\ufeff<\/span><\/iframe><\/div>\n<p><span style=\"font-size: 20px; line-height: 1.5em; clear: left;\">Per poder crear els r\u00e8tols de fusta \u00e9s necessari que practiquin t\u00e8cniques pr\u00f2pies del taller com ara; mesurar les dimensions dels r\u00e8tols, serrar, rebaixar, unir parts de la fusta (encolant i collant cargols ) i envernissar les peces creades.<\/span><\/p>\n<p><span style=\"font-size: 20px; line-height: 1.5em;\">Una nova t\u00e8cnica que s\u2019incorpora en aquest projecte \u00e9s utilizar el pirograbador. Un pirograbador \u00e9s una eina el\u00e8ctrica que crema la fusta (perqu\u00e8 agafa temperatures molt altes) i aix\u00f2 permet fer dibuixos i lletres sobre la mateixa fusta.<\/span><\/p>\n<div class=\"foto2\"><iframe loading=\"lazy\" src=\"https:\/\/drive.google.com\/file\/d\/1zGxxRKMetJmfhU7nQKiLFqeEQjSTqt9C\/preview\" width=\"300\" height=\"400\"><\/iframe><\/div>\n<div class=\"foto2\"><iframe loading=\"lazy\" src=\"https:\/\/drive.google.com\/file\/d\/1TufTXp6TzcQz10QWYs5ZkospUM8W_7Hm\/preview\" width=\"300\" height=\"400\"><span data-mce-type=\"bookmark\" style=\"display: inline-block; width: 0px; overflow: hidden; line-height: 0;\" class=\"mce_SELRES_start\">\ufeff<\/span><\/iframe><\/div>\n<p><span style=\"font-size: 20px; line-height: 1.5em;\">Amb el r\u00e8tol acabat els propis alumnes el presenten als professors i companys\/es del taller de jardineria i els col.loquen a prop de les verdures i hortalisses que indica cada r\u00e8tol. D\u2019aquesta manera resulta m\u00e9s f\u00e0cil identificar cada plantaci\u00f3 que tenim a l\u2019hort..<\/span><\/p>\n","protected":false},"excerpt":{"rendered":"<p>Aquest projecte ens d\u00f3na l&#8217;oportunitat de desenvolupar noves habilitats en el taller de fusteria. Els alumnes tenen la visi\u00f3 de crear objectes de fusta i descobrir com es poden utilitzar. \ufeff \ufeff Per poder crear els r\u00e8tols de fusta \u00e9s necessari que practiquin t\u00e8cniques pr\u00f2pies del taller com ara; mesurar les dimensions dels r\u00e8tols, serrar, [&hellip;]<\/p>\n","protected":false},"author":1,"featured_media":0,"parent":2139,"menu_order":0,"comment_status":"closed","ping_status":"closed","template":"page-templates\/side-menu.php","meta":{"_bbp_topic_count":0,"_bbp_reply_count":0,"_bbp_total_topic_count":0,"_bbp_total_reply_count":0,"_bbp_voice_count":0,"_bbp_anonymous_reply_count":0,"_bbp_topic_count_hidden":0,"_bbp_reply_count_hidden":0,"_bbp_forum_subforum_count":0,"site-sidebar-layout":"default","site-content-layout":"","ast-site-content-layout":"","site-content-style":"default","site-sidebar-style":"default","ast-global-header-display":"","ast-banner-title-visibility":"","ast-main-header-display":"","ast-hfb-above-header-display":"","ast-hfb-below-header-display":"","ast-hfb-mobile-header-display":"","site-post-title":"","ast-breadcrumbs-content":"","ast-featured-img":"","footer-sml-layout":"","theme-transparent-header-meta":"","adv-header-id-meta":"","stick-header-meta":"","header-above-stick-meta":"","header-main-stick-meta":"","header-below-stick-meta":"","astra-migrate-meta-layouts":"default","ast-page-background-enabled":"default","ast-page-background-meta":{"desktop":{"background-color":"var(--ast-global-color-4)","background-image":"","background-repeat":"repeat","background-position":"center center","background-size":"auto","background-attachment":"scroll","background-type":"","background-media":"","overlay-type":"","overlay-color":"","overlay-opacity":"","overlay-gradient":""},"tablet":{"background-color":"","background-image":"","background-repeat":"repeat","background-position":"center center","background-size":"auto","background-attachment":"scroll","background-type":"","background-media":"","overlay-type":"","overlay-color":"","overlay-opacity":"","overlay-gradient":""},"mobile":{"background-color":"","background-image":"","background-repeat":"repeat","background-position":"center center","background-size":"auto","background-attachment":"scroll","background-type":"","background-media":"","overlay-type":"","overlay-color":"","overlay-opacity":"","overlay-gradient":""}},"ast-content-background-meta":{"desktop":{"background-color":"var(--ast-global-color-5)","background-image":"","background-repeat":"repeat","background-position":"center center","background-size":"auto","background-attachment":"scroll","background-type":"","background-media":"","overlay-type":"","overlay-color":"","overlay-opacity":"","overlay-gradient":""},"tablet":{"background-color":"var(--ast-global-color-5)","background-image":"","background-repeat":"repeat","background-position":"center center","background-size":"auto","background-attachment":"scroll","background-type":"","background-media":"","overlay-type":"","overlay-color":"","overlay-opacity":"","overlay-gradient":""},"mobile":{"background-color":"var(--ast-global-color-5)","background-image":"","background-repeat":"repeat","background-position":"center center","background-size":"auto","background-attachment":"scroll","background-type":"","background-media":"","overlay-type":"","overlay-color":"","overlay-opacity":"","overlay-gradient":""}},"footnotes":""},"class_list":["post-2310","page","type-page","status-publish","hentry"],"post_mailing_queue_ids":[],"_links":{"self":[{"href":"https:\/\/agora.xtec.cat\/escesperanza\/wp-json\/wp\/v2\/pages\/2310","targetHints":{"allow":["GET"]}}],"collection":[{"href":"https:\/\/agora.xtec.cat\/escesperanza\/wp-json\/wp\/v2\/pages"}],"about":[{"href":"https:\/\/agora.xtec.cat\/escesperanza\/wp-json\/wp\/v2\/types\/page"}],"author":[{"embeddable":true,"href":"https:\/\/agora.xtec.cat\/escesperanza\/wp-json\/wp\/v2\/users\/1"}],"replies":[{"embeddable":true,"href":"https:\/\/agora.xtec.cat\/escesperanza\/wp-json\/wp\/v2\/comments?post=2310"}],"version-history":[{"count":4,"href":"https:\/\/agora.xtec.cat\/escesperanza\/wp-json\/wp\/v2\/pages\/2310\/revisions"}],"predecessor-version":[{"id":2951,"href":"https:\/\/agora.xtec.cat\/escesperanza\/wp-json\/wp\/v2\/pages\/2310\/revisions\/2951"}],"up":[{"embeddable":true,"href":"https:\/\/agora.xtec.cat\/escesperanza\/wp-json\/wp\/v2\/pages\/2139"}],"wp:attachment":[{"href":"https:\/\/agora.xtec.cat\/escesperanza\/wp-json\/wp\/v2\/media?parent=2310"}],"curies":[{"name":"wp","href":"https:\/\/api.w.org\/{rel}","templated":true}]}}