{"id":2308,"date":"2023-02-23T10:29:01","date_gmt":"2023-02-23T09:29:01","guid":{"rendered":"https:\/\/agora.xtec.cat\/escesperanza\/?page_id=2308"},"modified":"2024-11-11T12:05:57","modified_gmt":"2024-11-11T11:05:57","slug":"aliments-solidaris","status":"publish","type":"page","link":"https:\/\/agora.xtec.cat\/escesperanza\/projectes-apsc\/aliments-solidaris\/","title":{"rendered":"Aliments Solidaris"},"content":{"rendered":"<p>&nbsp;<\/p>\n<p><span style=\"font-size: 20px; line-height: 1.5em;\">Aquest projecte consisteix en anar peri\u00f2dicament a la seu de la Creu Roja del Barcelon\u00e8s Nord per col\u00b7laborar en la preparaci\u00f3 de lots d\u2019aliments per a les fam\u00edlies usu\u00e0ries.\u00a0<\/span><\/p>\n<p><iframe loading=\"lazy\" src=\"https:\/\/drive.google.com\/file\/d\/1hzf6DxnUmQni-YEyvouZT-1V54lTSrmx\/preview\" width=\"640\" height=\"360\"><\/iframe><\/p>\n<div class=\"foto1\"><\/div>\n<div class=\"foto1\"><iframe loading=\"lazy\" src=\"https:\/\/drive.google.com\/file\/d\/1K_TgxgfL1FLq4w6Fl5ZcPIaGIydLvD-D\/preview\" width=\"640\" height=\"360\"><span data-mce-type=\"bookmark\" style=\"display: inline-block; width: 0px; overflow: hidden; line-height: 0;\" class=\"mce_SELRES_start\">\ufeff<\/span><\/iframe><\/div>\n<p><span style=\"font-size: 20px; line-height: 1.5em;\">Participem en grups de 4-5 alumnes que ens desplacem a la seu de Creu Roja del Barcelon\u00e8s Nord de Sant Adri\u00e0 de Bes\u00f2s. La periodicitat \u00e9s quinzenal per assegurar m\u00e9s ajuda i continu\u00eftat en el nostre servei.<br \/>\nTenim designada la figura d\u2019un\/a alumne\/a coordinador\/a, que fa les trucades telef\u00f2niques a l\u2019enlla\u00e7 de la Creu Roja i recorda la data en qu\u00e8 anir\u00e0 cada grup.<br \/>\n<\/span><\/p>\n<p><span style=\"font-size: 20px; line-height: 1.5em;\">Les funcions que tenim assignades s\u00f3n:<\/span><\/p>\n<ul style=\"font-size: 20px; line-height: 1.5em;\">\n<li>Preparar els lots d\u2019aliments envasats seguint les indicacions que ens donen.<\/li>\n<li>Preparar les caixes amb els productes frescos( fruita, tom\u00e0quets, verdures,&#8230;)<\/li>\n<li>Reposar els aliments en els lineals per tal de tenir-los preparats quan s\u2019agafen.<\/li>\n<li>Desmuntar les caixes de cartr\u00f3 per classificar-les i que puguin ser reciclades.<\/li>\n<li>Apilar els envoltoris de pl\u00e0stic per poder reciclar-los degudament.<\/li>\n<li>Apilar les caixes de pl\u00e0stic un cop estan buides.<\/li>\n<\/ul>\n<div class=\"foto2\"><iframe loading=\"lazy\" src=\"https:\/\/drive.google.com\/file\/d\/1qFATlAdiFhcDIJ5BqmDskEh8mbJ3UuIm\/preview\" width=\"540\" height=\"360\"><span data-mce-type=\"bookmark\" style=\"display: inline-block; width: 0px; overflow: hidden; line-height: 0;\" class=\"mce_SELRES_start\">\ufeff<\/span><span data-mce-type=\"bookmark\" style=\"display: inline-block; width: 0px; overflow: hidden; line-height: 0;\" class=\"mce_SELRES_start\">\ufeff<\/span><span data-mce-type=\"bookmark\" style=\"display: inline-block; width: 0px; overflow: hidden; line-height: 0;\" class=\"mce_SELRES_start\">\ufeff<\/span><\/iframe><\/div>\n<div class=\"foto2\"><iframe loading=\"lazy\" src=\"https:\/\/drive.google.com\/file\/d\/1oNQ9xE1R68pFn1DZv-MOYnBTeQ0ytY20\/preview\" width=\"540\" height=\"360\"><span data-mce-type=\"bookmark\" style=\"display: inline-block; width: 0px; overflow: hidden; line-height: 0;\" class=\"mce_SELRES_start\">\ufeff<\/span><span data-mce-type=\"bookmark\" style=\"display: inline-block; width: 0px; overflow: hidden; line-height: 0;\" class=\"mce_SELRES_start\">\ufeff<\/span><\/iframe><\/div>\n<p><span style=\"font-size: 20px; line-height: 1.5em;\">A finals de maig, principis de juny es fa l\u2019acte de reconeixement i cloenda. S\u2019entreguen uns cartells amb recull fotogr\u00e0fic de la feina feta pels alumnes i es fa una valoraci\u00f3 on line amb els professors i els professionals implicats.<\/span><\/p>\n","protected":false},"excerpt":{"rendered":"<p>&nbsp; Aquest projecte consisteix en anar peri\u00f2dicament a la seu de la Creu Roja del Barcelon\u00e8s Nord per col\u00b7laborar en la preparaci\u00f3 de lots d\u2019aliments per a les fam\u00edlies usu\u00e0ries.\u00a0 \ufeff Participem en grups de 4-5 alumnes que ens desplacem a la seu de Creu Roja del Barcelon\u00e8s Nord de Sant Adri\u00e0 de Bes\u00f2s. La [&hellip;]<\/p>\n","protected":false},"author":1,"featured_media":0,"parent":2139,"menu_order":0,"comment_status":"closed","ping_status":"closed","template":"page-templates\/side-menu.php","meta":{"_bbp_topic_count":0,"_bbp_reply_count":0,"_bbp_total_topic_count":0,"_bbp_total_reply_count":0,"_bbp_voice_count":0,"_bbp_anonymous_reply_count":0,"_bbp_topic_count_hidden":0,"_bbp_reply_count_hidden":0,"_bbp_forum_subforum_count":0,"site-sidebar-layout":"default","site-content-layout":"","ast-site-content-layout":"","site-content-style":"default","site-sidebar-style":"default","ast-global-header-display":"","ast-banner-title-visibility":"","ast-main-header-display":"","ast-hfb-above-header-display":"","ast-hfb-below-header-display":"","ast-hfb-mobile-header-display":"","site-post-title":"","ast-breadcrumbs-content":"","ast-featured-img":"","footer-sml-layout":"","theme-transparent-header-meta":"","adv-header-id-meta":"","stick-header-meta":"","header-above-stick-meta":"","header-main-stick-meta":"","header-below-stick-meta":"","astra-migrate-meta-layouts":"default","ast-page-background-enabled":"default","ast-page-background-meta":{"desktop":{"background-color":"var(--ast-global-color-4)","background-image":"","background-repeat":"repeat","background-position":"center center","background-size":"auto","background-attachment":"scroll","background-type":"","background-media":"","overlay-type":"","overlay-color":"","overlay-opacity":"","overlay-gradient":""},"tablet":{"background-color":"","background-image":"","background-repeat":"repeat","background-position":"center center","background-size":"auto","background-attachment":"scroll","background-type":"","background-media":"","overlay-type":"","overlay-color":"","overlay-opacity":"","overlay-gradient":""},"mobile":{"background-color":"","background-image":"","background-repeat":"repeat","background-position":"center center","background-size":"auto","background-attachment":"scroll","background-type":"","background-media":"","overlay-type":"","overlay-color":"","overlay-opacity":"","overlay-gradient":""}},"ast-content-background-meta":{"desktop":{"background-color":"var(--ast-global-color-5)","background-image":"","background-repeat":"repeat","background-position":"center center","background-size":"auto","background-attachment":"scroll","background-type":"","background-media":"","overlay-type":"","overlay-color":"","overlay-opacity":"","overlay-gradient":""},"tablet":{"background-color":"var(--ast-global-color-5)","background-image":"","background-repeat":"repeat","background-position":"center center","background-size":"auto","background-attachment":"scroll","background-type":"","background-media":"","overlay-type":"","overlay-color":"","overlay-opacity":"","overlay-gradient":""},"mobile":{"background-color":"var(--ast-global-color-5)","background-image":"","background-repeat":"repeat","background-position":"center center","background-size":"auto","background-attachment":"scroll","background-type":"","background-media":"","overlay-type":"","overlay-color":"","overlay-opacity":"","overlay-gradient":""}},"footnotes":""},"class_list":["post-2308","page","type-page","status-publish","hentry"],"post_mailing_queue_ids":[],"_links":{"self":[{"href":"https:\/\/agora.xtec.cat\/escesperanza\/wp-json\/wp\/v2\/pages\/2308","targetHints":{"allow":["GET"]}}],"collection":[{"href":"https:\/\/agora.xtec.cat\/escesperanza\/wp-json\/wp\/v2\/pages"}],"about":[{"href":"https:\/\/agora.xtec.cat\/escesperanza\/wp-json\/wp\/v2\/types\/page"}],"author":[{"embeddable":true,"href":"https:\/\/agora.xtec.cat\/escesperanza\/wp-json\/wp\/v2\/users\/1"}],"replies":[{"embeddable":true,"href":"https:\/\/agora.xtec.cat\/escesperanza\/wp-json\/wp\/v2\/comments?post=2308"}],"version-history":[{"count":4,"href":"https:\/\/agora.xtec.cat\/escesperanza\/wp-json\/wp\/v2\/pages\/2308\/revisions"}],"predecessor-version":[{"id":4133,"href":"https:\/\/agora.xtec.cat\/escesperanza\/wp-json\/wp\/v2\/pages\/2308\/revisions\/4133"}],"up":[{"embeddable":true,"href":"https:\/\/agora.xtec.cat\/escesperanza\/wp-json\/wp\/v2\/pages\/2139"}],"wp:attachment":[{"href":"https:\/\/agora.xtec.cat\/escesperanza\/wp-json\/wp\/v2\/media?parent=2308"}],"curies":[{"name":"wp","href":"https:\/\/api.w.org\/{rel}","templated":true}]}}