{"id":2076,"date":"2023-02-20T11:11:53","date_gmt":"2023-02-20T10:11:53","guid":{"rendered":"https:\/\/agora.xtec.cat\/escesperanza\/?page_id=2076"},"modified":"2024-11-25T09:55:42","modified_gmt":"2024-11-25T08:55:42","slug":"curriculum-transversal-adaptat","status":"publish","type":"page","link":"https:\/\/agora.xtec.cat\/escesperanza\/documents\/curriculum-transversal-adaptat\/","title":{"rendered":"Curr\u00edculum Transversal"},"content":{"rendered":"<p><body><\/p>\n<div id=\"texto\">\n      <span style=\"color: #000000; font-size: 20px; line-height: 1.5em;\" class=\"span-height\">Al centre impartim Educaci\u00f3 b\u00e0sica de 12 a 21 anys.<\/span><\/br><br \/>\n      <span style=\"color: #000000; font-size: 20px; line-height: 1.5em;\">El nostre Projecte Curricular \u00e9s una adaptaci\u00f3 del curr\u00edculum de l\u2019ESO.<\/span><\/br><br \/>\n      <span style=\"color: #000000; font-size: 20px; line-height: 1.5em;\">Nosaltres parlem de curr\u00edculum transversal adaptat (CTA) i treballem compet\u00e8ncies per la transici\u00f3 a la vida adulta i la vida laboral.<\/span><\/br><br \/>\n      <span style=\"color: #000000; font-size: 20px; line-height: 1.5em;\">Aquest curr\u00edculum nostre est\u00e0 organitzat  en \u00e0mbits i mat\u00e8ries diferents a les del curr\u00edculum ordinari i est\u00e0 dissenyat per a que els alumnes siguin capa\u00e7os de resoldre per s\u00ed mateixos les diferents situacions de la vida quotidiana.<\/span>\n    <\/div>\n<p><\/br><\/p>\n<div class=\"infographic\">\n<div class=\"infographic__item\" id=\"info6\">\n<p id=\"p6\">PROJECTES<\/br>APSC<\/p>\n<div class=\"info-text\" id=\"color-text6\">\n<p><b><br \/>Projectes:<\/b><br \/>\n          Aliments Solidaris<br \/>\n          Retolant l&#8217;hort<br \/>\n          Fem caixa<br \/>\n          Gran recapte<br \/>\n          Som responsables<br \/>\n          Cal\u00e7ots a l&#8217;hort<\/p>\n<\/p><\/div>\n<\/p><\/div>\n<\/p><\/div>\n<div class=\"infographic\">\n<div class=\"infographic__item\" id=\"info5\">\n<p id=\"p5\">\u00c0MBIT<\/br>LABORAL<\/p>\n<div class=\"info-text\" id=\"color-text5\">\n<p><b><br \/>Laboral:<\/b><br \/>\n          Ag\u00e8ncia de viatges<br \/>\n          Bugaderia<br \/>\n          Cer\u00e0mica<br \/>\n          Fusteria<br \/>\n          Jardineria<br \/>\n          Inserci\u00f3 laboral<\/p>\n<\/p><\/div>\n<\/p><\/div>\n<div class=\"infographic__item\" id=\"info4\">\n<p id=\"p4\">\u00c0MBIT<\/br>COMUNITARI<\/p>\n<div class=\"info-text\" id=\"color-text4\"><\/br><\/p>\n<p><b>Comunitari:<\/b><br \/>\n          Consum responsable<br \/>\n          Transport<br \/>\n          Documents oficials<br \/>\n          Oci i cultura<\/p>\n<\/p><\/div>\n<\/p><\/div>\n<\/p><\/div>\n<div class=\"infographic\">\n<div class=\"infographic__item\" id=\"info3\">\n<p id=\"p3\">\u00c0MBIT<\/br>PERSONAL<\/p>\n<div class=\"info-text\" id=\"color-text3\"><\/br><\/p>\n<p><b>Mat\u00e8ries:<\/b><br \/>\n          Tutoria<br \/>\n          Higiene i salut<br \/>\n          Sexualitat<br \/>\n  Educaci\u00f3 F\u00edsica<\/p>\n<\/p><\/div>\n<\/div >\n<div class=\"infographic__item\" id=\"info2\">\n<p id=\"p2\">\u00c0MBIT<\/br>COMUNICATIU<\/p>\n<div class=\"info-text\" id=\"color-text2\"><\/br><\/p>\n<p><b><br \/>Mat\u00e8ries:<\/b><br \/>\n  Tecnologia digital<br \/>\n  Llengua<br \/>\nTaller de R\u00e0dio<\/p>\n<\/p><\/div>\n<\/div >\n<div class=\"infographic__item\" id=\"info1\">\n<p id=\"p1\">\u00c0MBIT<\/br>D\u00d2MESTIC<\/p>\n<div class=\"info-text\" id=\"color-text1\"><\/br><\/br><\/p>\n<p><b>Mat\u00e8ries:<\/b><br \/>\n  Cuina<br \/>\n  Tasques de la llar<\/p>\n<\/p><\/div>\n<\/div >\n    <\/div>\n<p>  <\/body><\/p>\n","protected":false},"excerpt":{"rendered":"<p>Al centre impartim Educaci\u00f3 b\u00e0sica de 12 a 21 anys. El nostre Projecte Curricular \u00e9s una adaptaci\u00f3 del curr\u00edculum de l\u2019ESO. Nosaltres parlem de curr\u00edculum transversal adaptat (CTA) i treballem compet\u00e8ncies per la transici\u00f3 a la vida adulta i la vida laboral. Aquest curr\u00edculum nostre est\u00e0 organitzat en \u00e0mbits i mat\u00e8ries diferents a les del [&hellip;]<\/p>\n","protected":false},"author":1,"featured_media":0,"parent":541,"menu_order":0,"comment_status":"closed","ping_status":"closed","template":"","meta":{"_bbp_topic_count":0,"_bbp_reply_count":0,"_bbp_total_topic_count":0,"_bbp_total_reply_count":0,"_bbp_voice_count":0,"_bbp_anonymous_reply_count":0,"_bbp_topic_count_hidden":0,"_bbp_reply_count_hidden":0,"_bbp_forum_subforum_count":0,"site-sidebar-layout":"default","site-content-layout":"","ast-site-content-layout":"","site-content-style":"default","site-sidebar-style":"default","ast-global-header-display":"","ast-banner-title-visibility":"","ast-main-header-display":"","ast-hfb-above-header-display":"","ast-hfb-below-header-display":"","ast-hfb-mobile-header-display":"","site-post-title":"","ast-breadcrumbs-content":"","ast-featured-img":"","footer-sml-layout":"","theme-transparent-header-meta":"","adv-header-id-meta":"","stick-header-meta":"","header-above-stick-meta":"","header-main-stick-meta":"","header-below-stick-meta":"","astra-migrate-meta-layouts":"default","ast-page-background-enabled":"default","ast-page-background-meta":{"desktop":{"background-color":"var(--ast-global-color-4)","background-image":"","background-repeat":"repeat","background-position":"center center","background-size":"auto","background-attachment":"scroll","background-type":"","background-media":"","overlay-type":"","overlay-color":"","overlay-opacity":"","overlay-gradient":""},"tablet":{"background-color":"","background-image":"","background-repeat":"repeat","background-position":"center center","background-size":"auto","background-attachment":"scroll","background-type":"","background-media":"","overlay-type":"","overlay-color":"","overlay-opacity":"","overlay-gradient":""},"mobile":{"background-color":"","background-image":"","background-repeat":"repeat","background-position":"center center","background-size":"auto","background-attachment":"scroll","background-type":"","background-media":"","overlay-type":"","overlay-color":"","overlay-opacity":"","overlay-gradient":""}},"ast-content-background-meta":{"desktop":{"background-color":"var(--ast-global-color-5)","background-image":"","background-repeat":"repeat","background-position":"center center","background-size":"auto","background-attachment":"scroll","background-type":"","background-media":"","overlay-type":"","overlay-color":"","overlay-opacity":"","overlay-gradient":""},"tablet":{"background-color":"var(--ast-global-color-5)","background-image":"","background-repeat":"repeat","background-position":"center center","background-size":"auto","background-attachment":"scroll","background-type":"","background-media":"","overlay-type":"","overlay-color":"","overlay-opacity":"","overlay-gradient":""},"mobile":{"background-color":"var(--ast-global-color-5)","background-image":"","background-repeat":"repeat","background-position":"center center","background-size":"auto","background-attachment":"scroll","background-type":"","background-media":"","overlay-type":"","overlay-color":"","overlay-opacity":"","overlay-gradient":""}},"footnotes":""},"class_list":["post-2076","page","type-page","status-publish","hentry"],"post_mailing_queue_ids":[],"_links":{"self":[{"href":"https:\/\/agora.xtec.cat\/escesperanza\/wp-json\/wp\/v2\/pages\/2076","targetHints":{"allow":["GET"]}}],"collection":[{"href":"https:\/\/agora.xtec.cat\/escesperanza\/wp-json\/wp\/v2\/pages"}],"about":[{"href":"https:\/\/agora.xtec.cat\/escesperanza\/wp-json\/wp\/v2\/types\/page"}],"author":[{"embeddable":true,"href":"https:\/\/agora.xtec.cat\/escesperanza\/wp-json\/wp\/v2\/users\/1"}],"replies":[{"embeddable":true,"href":"https:\/\/agora.xtec.cat\/escesperanza\/wp-json\/wp\/v2\/comments?post=2076"}],"version-history":[{"count":4,"href":"https:\/\/agora.xtec.cat\/escesperanza\/wp-json\/wp\/v2\/pages\/2076\/revisions"}],"predecessor-version":[{"id":3350,"href":"https:\/\/agora.xtec.cat\/escesperanza\/wp-json\/wp\/v2\/pages\/2076\/revisions\/3350"}],"up":[{"embeddable":true,"href":"https:\/\/agora.xtec.cat\/escesperanza\/wp-json\/wp\/v2\/pages\/541"}],"wp:attachment":[{"href":"https:\/\/agora.xtec.cat\/escesperanza\/wp-json\/wp\/v2\/media?parent=2076"}],"curies":[{"name":"wp","href":"https:\/\/api.w.org\/{rel}","templated":true}]}}