{"id":7593,"date":"2026-02-26T12:21:48","date_gmt":"2026-02-26T11:21:48","guid":{"rendered":"https:\/\/agora.xtec.cat\/escelspinetons\/?page_id=7593"},"modified":"2026-04-29T09:10:21","modified_gmt":"2026-04-29T07:10:21","slug":"informacio-preinscripcio-26-27","status":"publish","type":"page","link":"https:\/\/agora.xtec.cat\/escelspinetons\/informacio-preinscripcio-26-27\/","title":{"rendered":"Informaci\u00f3 preinscripci\u00f3 26-27"},"content":{"rendered":"\n<p><a href=\"https:\/\/preinscripcio.gencat.cat\/ca\/estudis\/infantil-3-6\/informat\/calendari\/index.html\" target=\"_blank\" rel=\"noreferrer noopener\">Calendari<\/a><\/p>\n\n\n\n<p>Llistats:<\/p>\n\n\n\n<ul class=\"wp-block-list\">\n<li><a href=\"https:\/\/drive.google.com\/file\/d\/1YfkFvp1BcOksTgBdjvLty8oea87CJN9t\/view?usp=sharing\" target=\"_blank\" rel=\"noreferrer noopener\">Oferta inicial<\/a><\/li>\n\n\n\n<li class=\"has-ast-global-color-0-color has-text-color has-link-color wp-elements-aabea3cb7fe0627a32539db890ba6871\"><a href=\"https:\/\/drive.google.com\/file\/d\/1rE5mQEdLREwqdh6g-vSUpeZjeHUU2cHt\/view?usp=drive_link\" target=\"_blank\" rel=\"noreferrer noopener\">Barem provisional (15 d&#8217;abril de 2026)<\/a><\/li>\n\n\n\n<li><a href=\"https:\/\/drive.google.com\/file\/d\/1lRkmw7XXEBbzRPyAAhKNai0ZIlZaVB30\/view?usp=drive_link\" target=\"_blank\" rel=\"noreferrer noopener\">Barem definitiu un cop resoltes les reclamacions<\/a><\/li>\n\n\n\n<li class=\"has-ast-global-color-0-color has-text-color has-link-color wp-elements-11b8641da42da7a27364843ab5a34a2a\">N\u00famero de desempat: <strong>42129<\/strong><\/li>\n\n\n\n<li><a href=\"https:\/\/drive.google.com\/file\/d\/1AvDiIOovjpB0GidDph5J6Og3M_oJpZK2\/view?usp=sharing\" target=\"_blank\" rel=\"noreferrer noopener\">LLista de peticions ordenada definitiva<\/a><\/li>\n<\/ul>\n\n\n\n<p><a href=\"https:\/\/preinscripcio.gencat.cat\/ca\/inici\/\" target=\"_blank\" rel=\"noreferrer noopener\">P\u00e0gina oficial de Departament d&#8217;Educaci\u00f3<\/a><\/p>\n\n\n\n<p><a href=\"https:\/\/tramits.gencat.cat\/ca\/tramits\/tramits-temes\/perinscripcio-obligatoris?moda=1\" target=\"_blank\" rel=\"noreferrer noopener\">Preinscripci\u00f3<\/a> <\/p>\n\n\n\n<p><a href=\"https:\/\/view.genially.com\/69971be85b330dad56e26e2c\/presentation-26-27-pas-a-pas-preinscripcio\" target=\"_blank\" rel=\"noreferrer noopener\">PAS A PAS<\/a><\/p>\n\n\n\n<p><\/p>\n\n\n\n<p><\/p>\n","protected":false},"excerpt":{"rendered":"<p>Calendari Llistats: P\u00e0gina oficial de Departament d&#8217;Educaci\u00f3 Preinscripci\u00f3 PAS A PAS<\/p>\n","protected":false},"author":1,"featured_media":0,"parent":0,"menu_order":0,"comment_status":"closed","ping_status":"close","template":"","meta":{"_bbp_topic_count":0,"_bbp_reply_count":0,"_bbp_total_topic_count":0,"_bbp_total_reply_count":0,"_bbp_voice_count":0,"_bbp_anonymous_reply_count":0,"_bbp_topic_count_hidden":0,"_bbp_reply_count_hidden":0,"_bbp_forum_subforum_count":0,"site-sidebar-layout":"default","site-content-layout":"","ast-site-content-layout":"default","site-content-style":"default","site-sidebar-style":"default","ast-global-header-display":"","ast-banner-title-visibility":"","ast-main-header-display":"","ast-hfb-above-header-display":"","ast-hfb-below-header-display":"","ast-hfb-mobile-header-display":"","site-post-title":"","ast-breadcrumbs-content":"","ast-featured-img":"","footer-sml-layout":"","theme-transparent-header-meta":"","adv-header-id-meta":"","stick-header-meta":"","header-above-stick-meta":"","header-main-stick-meta":"","header-below-stick-meta":"","astra-migrate-meta-layouts":"set","ast-page-background-enabled":"default","ast-page-background-meta":{"desktop":{"background-color":"var(--ast-global-color-4)","background-image":"","background-repeat":"repeat","background-position":"center center","background-size":"auto","background-attachment":"scroll","background-type":"","background-media":"","overlay-type":"","overlay-color":"","overlay-opacity":"","overlay-gradient":""},"tablet":{"background-color":"","background-image":"","background-repeat":"repeat","background-position":"center center","background-size":"auto","background-attachment":"scroll","background-type":"","background-media":"","overlay-type":"","overlay-color":"","overlay-opacity":"","overlay-gradient":""},"mobile":{"background-color":"","background-image":"","background-repeat":"repeat","background-position":"center center","background-size":"auto","background-attachment":"scroll","background-type":"","background-media":"","overlay-type":"","overlay-color":"","overlay-opacity":"","overlay-gradient":""}},"ast-content-background-meta":{"desktop":{"background-color":"var(--ast-global-color-5)","background-image":"","background-repeat":"repeat","background-position":"center center","background-size":"auto","background-attachment":"scroll","background-type":"","background-media":"","overlay-type":"","overlay-color":"","overlay-opacity":"","overlay-gradient":""},"tablet":{"background-color":"var(--ast-global-color-5)","background-image":"","background-repeat":"repeat","background-position":"center center","background-size":"auto","background-attachment":"scroll","background-type":"","background-media":"","overlay-type":"","overlay-color":"","overlay-opacity":"","overlay-gradient":""},"mobile":{"background-color":"var(--ast-global-color-5)","background-image":"","background-repeat":"repeat","background-position":"center center","background-size":"auto","background-attachment":"scroll","background-type":"","background-media":"","overlay-type":"","overlay-color":"","overlay-opacity":"","overlay-gradient":""}},"footnotes":""},"class_list":["post-7593","page","type-page","status-publish","hentry"],"post_mailing_queue_ids":[],"_links":{"self":[{"href":"https:\/\/agora.xtec.cat\/escelspinetons\/wp-json\/wp\/v2\/pages\/7593","targetHints":{"allow":["GET"]}}],"collection":[{"href":"https:\/\/agora.xtec.cat\/escelspinetons\/wp-json\/wp\/v2\/pages"}],"about":[{"href":"https:\/\/agora.xtec.cat\/escelspinetons\/wp-json\/wp\/v2\/types\/page"}],"author":[{"embeddable":true,"href":"https:\/\/agora.xtec.cat\/escelspinetons\/wp-json\/wp\/v2\/users\/1"}],"replies":[{"embeddable":true,"href":"https:\/\/agora.xtec.cat\/escelspinetons\/wp-json\/wp\/v2\/comments?post=7593"}],"version-history":[{"count":6,"href":"https:\/\/agora.xtec.cat\/escelspinetons\/wp-json\/wp\/v2\/pages\/7593\/revisions"}],"predecessor-version":[{"id":7723,"href":"https:\/\/agora.xtec.cat\/escelspinetons\/wp-json\/wp\/v2\/pages\/7593\/revisions\/7723"}],"wp:attachment":[{"href":"https:\/\/agora.xtec.cat\/escelspinetons\/wp-json\/wp\/v2\/media?parent=7593"}],"curies":[{"name":"wp","href":"https:\/\/api.w.org\/{rel}","templated":true}]}}