{"id":641,"date":"2017-02-06T15:44:48","date_gmt":"2017-02-06T14:44:48","guid":{"rendered":"http:\/\/agora.xtec.cat\/escelspinetons\/?page_id=641"},"modified":"2019-02-21T09:47:02","modified_gmt":"2019-02-21T08:47:02","slug":"tu-i-jo-som-estrelles","status":"publish","type":"page","link":"https:\/\/agora.xtec.cat\/escelspinetons\/documents-2\/projecte-escola\/tu-i-jo-som-estrelles\/","title":{"rendered":"Tu i jo som estrelles"},"content":{"rendered":"<p><strong><u>PROGRAMA \u201cTU I JO SOM ESTRELLES\u201d<\/u><\/strong><\/p>\n<p>El Programa \u201cTu i jo som estrelles\u201d, va n\u00e9ixer el curs 2011-2012, com a iniciativa de la resid\u00e8ncia Nostra Senyora del Pilar de La Garriga,\u00a0 per afavorir la relaci\u00f3 entre infants i gent gran.<\/p>\n<p>Es fan diferents activitats conjuntes al llarg de l\u2019any.<\/p>\n<p>Les activitats es realitzen amb els alumnes de P4 fins a 4t.\u00a0 Les \u00e0vies venen a l\u2019escola a explicar contes als alumnes de P4.\u00a0 Els altres alumnes, van a la resid\u00e8ncia a cantar nadales, a fer galetes, a fer feines en l\u2019hort que tenen all\u00ed, mentre les \u00e0vies expliquen com era el conreu a trav\u00e9s d\u2019an\u00e8cdotes, fem obres de teatre, els hi portem roses per Sant Jordi i tamb\u00e9 fem manualitats, com ara perfums, saquets d\u2019olors&#8230;<\/p>\n<p>Les relacions intergeneracionals que s\u2019estableixen entre infants i residents, s\u00f3n una font d\u2019enriquiment social i cultural, que potencien principis com la diversitat, la toler\u00e0ncia, el respecte, la cooperaci\u00f3 i la solidaritat entre d\u2019altres.<\/p>\n<p>Com a escola valorem molt positivament aquest programa i agra\u00efm la iniciativa que va tenir la resid\u00e8ncia Nostra Senyora del Pilar en fer-nos part\u00edcips en aquest projecte.<\/p>\n<p style=\"text-align: center;\"><iframe loading=\"lazy\" src=\"https:\/\/www.youtube.com\/embed\/GHrXgefZFJI\" width=\"560\" height=\"315\" frameborder=\"0\" allowfullscreen=\"allowfullscreen\"><\/iframe><\/p>\n<p style=\"text-align: center;\">Aqu\u00ed teniu algunes fotos de les activitats que es fan conjuntament:<\/p>\n<p><a href=\"https:\/\/photos.google.com\/share\/AF1QipOpN5kFf5lnpAC0wfUfD3tYezv8V7Hvi-H1pnmEJmVbSQIsdA0tKDl-bhTaQAZunQ?key=ZV9XT0swa29XNFlEaUVVNVF4WDhNYWFPOUFyc2RR\"><img loading=\"lazy\" decoding=\"async\" class=\"wp-image-1473 aligncenter\" src=\"https:\/\/agora.xtec.cat\/escelspinetons\/wp-content\/uploads\/usu1587\/2019\/02\/20181017_113317-1024x768.jpg\" alt=\"\" width=\"517\" height=\"387\" srcset=\"https:\/\/agora.xtec.cat\/escelspinetons\/wp-content\/uploads\/usu1587\/2019\/02\/20181017_113317-1024x768.jpg 1024w, https:\/\/agora.xtec.cat\/escelspinetons\/wp-content\/uploads\/usu1587\/2019\/02\/20181017_113317-300x225.jpg 300w, https:\/\/agora.xtec.cat\/escelspinetons\/wp-content\/uploads\/usu1587\/2019\/02\/20181017_113317-768x576.jpg 768w, https:\/\/agora.xtec.cat\/escelspinetons\/wp-content\/uploads\/usu1587\/2019\/02\/20181017_113317-200x150.jpg 200w\" sizes=\"auto, (max-width: 517px) 100vw, 517px\" \/><\/a><\/p>\n","protected":false},"excerpt":{"rendered":"<p>PROGRAMA \u201cTU I JO SOM ESTRELLES\u201d El Programa \u201cTu i jo som estrelles\u201d, va n\u00e9ixer el curs 2011-2012, com a iniciativa de la resid\u00e8ncia Nostra Senyora del Pilar de La Garriga,\u00a0 per afavorir la relaci\u00f3 entre infants i gent gran. Es fan diferents activitats conjuntes al llarg de l\u2019any. Les activitats es realitzen amb els [&hellip;]<\/p>\n","protected":false},"author":1,"featured_media":0,"parent":64,"menu_order":60,"comment_status":"closed","ping_status":"closed","template":"page-templates\/side-menu.php","meta":{"_bbp_topic_count":0,"_bbp_reply_count":0,"_bbp_total_topic_count":0,"_bbp_total_reply_count":0,"_bbp_voice_count":0,"_bbp_anonymous_reply_count":0,"_bbp_topic_count_hidden":0,"_bbp_reply_count_hidden":0,"_bbp_forum_subforum_count":0,"site-sidebar-layout":"default","site-content-layout":"","ast-site-content-layout":"","site-content-style":"default","site-sidebar-style":"default","ast-global-header-display":"","ast-banner-title-visibility":"","ast-main-header-display":"","ast-hfb-above-header-display":"","ast-hfb-below-header-display":"","ast-hfb-mobile-header-display":"","site-post-title":"","ast-breadcrumbs-content":"","ast-featured-img":"","footer-sml-layout":"","theme-transparent-header-meta":"","adv-header-id-meta":"","stick-header-meta":"","header-above-stick-meta":"","header-main-stick-meta":"","header-below-stick-meta":"","astra-migrate-meta-layouts":"default","ast-page-background-enabled":"default","ast-page-background-meta":{"desktop":{"background-color":"var(--ast-global-color-4)","background-image":"","background-repeat":"repeat","background-position":"center center","background-size":"auto","background-attachment":"scroll","background-type":"","background-media":"","overlay-type":"","overlay-color":"","overlay-opacity":"","overlay-gradient":""},"tablet":{"background-color":"","background-image":"","background-repeat":"repeat","background-position":"center center","background-size":"auto","background-attachment":"scroll","background-type":"","background-media":"","overlay-type":"","overlay-color":"","overlay-opacity":"","overlay-gradient":""},"mobile":{"background-color":"","background-image":"","background-repeat":"repeat","background-position":"center center","background-size":"auto","background-attachment":"scroll","background-type":"","background-media":"","overlay-type":"","overlay-color":"","overlay-opacity":"","overlay-gradient":""}},"ast-content-background-meta":{"desktop":{"background-color":"var(--ast-global-color-5)","background-image":"","background-repeat":"repeat","background-position":"center center","background-size":"auto","background-attachment":"scroll","background-type":"","background-media":"","overlay-type":"","overlay-color":"","overlay-opacity":"","overlay-gradient":""},"tablet":{"background-color":"var(--ast-global-color-5)","background-image":"","background-repeat":"repeat","background-position":"center center","background-size":"auto","background-attachment":"scroll","background-type":"","background-media":"","overlay-type":"","overlay-color":"","overlay-opacity":"","overlay-gradient":""},"mobile":{"background-color":"var(--ast-global-color-5)","background-image":"","background-repeat":"repeat","background-position":"center center","background-size":"auto","background-attachment":"scroll","background-type":"","background-media":"","overlay-type":"","overlay-color":"","overlay-opacity":"","overlay-gradient":""}},"footnotes":""},"class_list":["post-641","page","type-page","status-publish","hentry"],"post_mailing_queue_ids":[],"_links":{"self":[{"href":"https:\/\/agora.xtec.cat\/escelspinetons\/wp-json\/wp\/v2\/pages\/641","targetHints":{"allow":["GET"]}}],"collection":[{"href":"https:\/\/agora.xtec.cat\/escelspinetons\/wp-json\/wp\/v2\/pages"}],"about":[{"href":"https:\/\/agora.xtec.cat\/escelspinetons\/wp-json\/wp\/v2\/types\/page"}],"author":[{"embeddable":true,"href":"https:\/\/agora.xtec.cat\/escelspinetons\/wp-json\/wp\/v2\/users\/1"}],"replies":[{"embeddable":true,"href":"https:\/\/agora.xtec.cat\/escelspinetons\/wp-json\/wp\/v2\/comments?post=641"}],"version-history":[{"count":3,"href":"https:\/\/agora.xtec.cat\/escelspinetons\/wp-json\/wp\/v2\/pages\/641\/revisions"}],"predecessor-version":[{"id":1475,"href":"https:\/\/agora.xtec.cat\/escelspinetons\/wp-json\/wp\/v2\/pages\/641\/revisions\/1475"}],"up":[{"embeddable":true,"href":"https:\/\/agora.xtec.cat\/escelspinetons\/wp-json\/wp\/v2\/pages\/64"}],"wp:attachment":[{"href":"https:\/\/agora.xtec.cat\/escelspinetons\/wp-json\/wp\/v2\/media?parent=641"}],"curies":[{"name":"wp","href":"https:\/\/api.w.org\/{rel}","templated":true}]}}