{"id":574,"date":"2016-12-15T16:24:17","date_gmt":"2016-12-15T15:24:17","guid":{"rendered":"http:\/\/agora.xtec.cat\/escelspinetons\/?page_id=574"},"modified":"2019-02-21T10:05:37","modified_gmt":"2019-02-21T09:05:37","slug":"deixem-empremta","status":"publish","type":"page","link":"https:\/\/agora.xtec.cat\/escelspinetons\/documents-2\/projecte-escola\/deixem-empremta\/","title":{"rendered":"Deixem Empremta"},"content":{"rendered":"<p>El projecte \u201cDeixem empremta\u201d sorgeix l\u2019any 2012 i neix de l\u2019esfor\u00e7 i la il\u00b7lusi\u00f3 conjunta de pares, mestres i alumnes de l\u2019escola, consisteix en anar fent any rere any un gran mural identificatiu de la nostra escola.<\/p>\n<p>El curs 2011-2012 va ser l\u2019\u00faltima promoci\u00f3 d\u2019alumnes d\u2019una sola l\u00ednia i on sorg\u00ed la proposta de \u201cdeixar\u201d -d\u2019alguna manera- un record m\u00e9s visible dels 9 anys viscuts al centre.<\/p>\n<p>Cal explicar que l\u2019Escola Els Pinetons \u00e9s un centre escolar envoltat d\u2019uns enormes murs de formig\u00f3 que, amb el pas dels anys i per l\u2019acci\u00f3 inc\u00edvica d\u2019algunes bretolades, projectava una imatge endurida \u2013 res m\u00e9s lluny de la realitat-\u00a0 del tarann\u00e0 obert i acollidor que el caracteritza.<\/p>\n<p>Es plantej\u00e0 llavors la idea de transformar aquells murs que semblaven a\u00efllar l\u2019escola, en una exposici\u00f3 permanent de dibuixos dissenyats i pintats pels propis alumnes que es graduaven a sis\u00e8, utilitzant una paleta de colors suaus. Es tractava de mostrar d\u2019alguna manera, amb un dibuix al\u00b7leg\u00f2ric, les sensacions, les viv\u00e8ncies i els afectes que\u00a0 pares i alumnes havien viscut a l\u2019escola en tots aquells anys d\u2019escolaritzaci\u00f3.<\/p>\n<p>\u201cDeixem empremta\u201d, el projecte de <em>pintar l\u2019escola amb afectes i records<\/em> va iniciar-se sota el guiatge professional \u2013i personal- d\u2019una professora de Belles arts, la Salom\u00e9 Escrib\u00e0, que ha continuat assessorant-nos.<\/p>\n<p><strong>Quin \u00e9s el proc\u00e9s que es segueix cada any per a desenvolupar el projecte?<\/strong><\/p>\n<p>Cap al mes d\u2019abril, pares i alumnes de 6\u00e8 curs, treballen sobre idees i esbossos. Les propostes es passen a les tutores i direcci\u00f3 i amb l\u2019ajuda d\u2019algun professional (acostuma a ser la Salom\u00e9 Escrib\u00e0), es decideix la proposta definitiva que anir\u00e0 plasmada al mur.<\/p>\n<p>A principis de juny es fa una neteja i imprimaci\u00f3 en blanc del mur assignat.<\/p>\n<p>En una segona fase, i quan es fa fosc, es projecta la imatge sobre el mur i es dibuixa a llapis.<\/p>\n<p>Ja al dia seg\u00fcent es pot passar a pintar. Hi col\u00b7laboren tots els alumnes de 6\u00e8, les seves fam\u00edlies i els mestres que els vulguin acompanyar, armats d\u2019escales, pinzells i pintures es reuneixen davant de l\u2019escola i es comen\u00e7a a pintar. Un cop acabat el dibuix, tots els alumnes de la promoci\u00f3 d\u2019aquell any es pinten la m\u00e0 i la premen contra el mur deixant, literalment, \u201cla seva empremta\u201d.<\/p>\n<p>Un cop la pintura s\u2019ha assecat, el mur rebr\u00e0 una darrera capa de vern\u00eds que ajudar\u00e0 a preservar la pintura per tal que el temps i els elements no la malmetin.<\/p>\n<p><strong>Per cert, no cal dir que les pintures i materials que s\u2019utilitzen a l\u2019hora de pintar s\u00f3n del tot ecol\u00f2gics i respecten el medi ambient!<\/strong><\/p>\n<p><a href=\"http:\/\/agora.xtec.cat\/escelspinetons\/wp-content\/uploads\/usu1587\/2016\/12\/MURAL11.jpg\"><img loading=\"lazy\" decoding=\"async\" class=\" wp-image-575\" src=\"http:\/\/agora.xtec.cat\/escelspinetons\/wp-content\/uploads\/usu1587\/2016\/12\/MURAL11-1024x655.jpg\" alt=\"?????????????\" width=\"544\" height=\"348\" srcset=\"https:\/\/agora.xtec.cat\/escelspinetons\/wp-content\/uploads\/usu1587\/2016\/12\/MURAL11.jpg 1024w, https:\/\/agora.xtec.cat\/escelspinetons\/wp-content\/uploads\/usu1587\/2016\/12\/MURAL11-300x192.jpg 300w, https:\/\/agora.xtec.cat\/escelspinetons\/wp-content\/uploads\/usu1587\/2016\/12\/MURAL11-768x491.jpg 768w\" sizes=\"auto, (max-width: 544px) 100vw, 544px\" \/><\/a><\/p>\n<p>Mural del curs 2011-2012<\/p>\n<p><a href=\"http:\/\/agora.xtec.cat\/escelspinetons\/wp-content\/uploads\/usu1587\/2016\/12\/MURAL2.jpg\"><img loading=\"lazy\" decoding=\"async\" class=\"size-full wp-image-576 aligncenter\" src=\"http:\/\/agora.xtec.cat\/escelspinetons\/wp-content\/uploads\/usu1587\/2016\/12\/MURAL2.jpg\" alt=\"mural2\" width=\"448\" height=\"333\" srcset=\"https:\/\/agora.xtec.cat\/escelspinetons\/wp-content\/uploads\/usu1587\/2016\/12\/MURAL2.jpg 448w, https:\/\/agora.xtec.cat\/escelspinetons\/wp-content\/uploads\/usu1587\/2016\/12\/MURAL2-300x223.jpg 300w, https:\/\/agora.xtec.cat\/escelspinetons\/wp-content\/uploads\/usu1587\/2016\/12\/MURAL2-200x150.jpg 200w\" sizes=\"auto, (max-width: 448px) 100vw, 448px\" \/><\/a><\/p>\n<p><a href=\"http:\/\/agora.xtec.cat\/escelspinetons\/wp-content\/uploads\/usu1587\/2016\/12\/mural5.jpg\"><img loading=\"lazy\" decoding=\"async\" class=\"size-full wp-image-577\" src=\"http:\/\/agora.xtec.cat\/escelspinetons\/wp-content\/uploads\/usu1587\/2016\/12\/mural5.jpg\" alt=\"????\" width=\"448\" height=\"336\" srcset=\"https:\/\/agora.xtec.cat\/escelspinetons\/wp-content\/uploads\/usu1587\/2016\/12\/mural5.jpg 448w, https:\/\/agora.xtec.cat\/escelspinetons\/wp-content\/uploads\/usu1587\/2016\/12\/mural5-300x225.jpg 300w, https:\/\/agora.xtec.cat\/escelspinetons\/wp-content\/uploads\/usu1587\/2016\/12\/mural5-200x150.jpg 200w\" sizes=\"auto, (max-width: 448px) 100vw, 448px\" \/><\/a><\/p>\n<p><a href=\"http:\/\/agora.xtec.cat\/escelspinetons\/wp-content\/uploads\/usu1587\/2016\/12\/mural6.jpg\"><img loading=\"lazy\" decoding=\"async\" class=\"size-large wp-image-578\" src=\"http:\/\/agora.xtec.cat\/escelspinetons\/wp-content\/uploads\/usu1587\/2016\/12\/mural6.jpg\" alt=\"????\" width=\"448\" height=\"336\" srcset=\"https:\/\/agora.xtec.cat\/escelspinetons\/wp-content\/uploads\/usu1587\/2016\/12\/mural6.jpg 448w, https:\/\/agora.xtec.cat\/escelspinetons\/wp-content\/uploads\/usu1587\/2016\/12\/mural6-300x225.jpg 300w, https:\/\/agora.xtec.cat\/escelspinetons\/wp-content\/uploads\/usu1587\/2016\/12\/mural6-200x150.jpg 200w\" sizes=\"auto, (max-width: 448px) 100vw, 448px\" \/><\/a><\/p>\n<p><a href=\"http:\/\/agora.xtec.cat\/escelspinetons\/wp-content\/uploads\/usu1587\/2016\/12\/mural7.jpg\"><img loading=\"lazy\" decoding=\"async\" class=\"size-large wp-image-579\" src=\"http:\/\/agora.xtec.cat\/escelspinetons\/wp-content\/uploads\/usu1587\/2016\/12\/mural7.jpg\" alt=\"????\" width=\"448\" height=\"336\" srcset=\"https:\/\/agora.xtec.cat\/escelspinetons\/wp-content\/uploads\/usu1587\/2016\/12\/mural7.jpg 448w, https:\/\/agora.xtec.cat\/escelspinetons\/wp-content\/uploads\/usu1587\/2016\/12\/mural7-300x225.jpg 300w, https:\/\/agora.xtec.cat\/escelspinetons\/wp-content\/uploads\/usu1587\/2016\/12\/mural7-200x150.jpg 200w\" sizes=\"auto, (max-width: 448px) 100vw, 448px\" \/><\/a><\/p>\n<p><a href=\"http:\/\/agora.xtec.cat\/escelspinetons\/wp-content\/uploads\/usu1587\/2016\/12\/mural8.jpg\"><img loading=\"lazy\" decoding=\"async\" class=\"size-large wp-image-580 aligncenter\" src=\"http:\/\/agora.xtec.cat\/escelspinetons\/wp-content\/uploads\/usu1587\/2016\/12\/mural8.jpg\" alt=\"mural8\" width=\"448\" height=\"336\" srcset=\"https:\/\/agora.xtec.cat\/escelspinetons\/wp-content\/uploads\/usu1587\/2016\/12\/mural8.jpg 448w, https:\/\/agora.xtec.cat\/escelspinetons\/wp-content\/uploads\/usu1587\/2016\/12\/mural8-300x225.jpg 300w, https:\/\/agora.xtec.cat\/escelspinetons\/wp-content\/uploads\/usu1587\/2016\/12\/mural8-200x150.jpg 200w\" sizes=\"auto, (max-width: 448px) 100vw, 448px\" \/><\/a><\/p>\n<p style=\"text-align: center;\">curs 2013-2014<\/p>\n<p><a href=\"https:\/\/agora.xtec.cat\/escelspinetons\/wp-content\/uploads\/usu1587\/2019\/02\/IMG_20190221_095454.jpg\"><img loading=\"lazy\" decoding=\"async\" class=\"wp-image-1479 aligncenter\" src=\"https:\/\/agora.xtec.cat\/escelspinetons\/wp-content\/uploads\/usu1587\/2019\/02\/IMG_20190221_095454-1024x978.jpg\" alt=\"\" width=\"499\" height=\"477\" srcset=\"https:\/\/agora.xtec.cat\/escelspinetons\/wp-content\/uploads\/usu1587\/2019\/02\/IMG_20190221_095454-1024x978.jpg 1024w, https:\/\/agora.xtec.cat\/escelspinetons\/wp-content\/uploads\/usu1587\/2019\/02\/IMG_20190221_095454-300x287.jpg 300w, https:\/\/agora.xtec.cat\/escelspinetons\/wp-content\/uploads\/usu1587\/2019\/02\/IMG_20190221_095454-768x733.jpg 768w\" sizes=\"auto, (max-width: 499px) 100vw, 499px\" \/><\/a><\/p>\n<p style=\"text-align: center;\">Curs 2014-2015<\/p>\n<p><a href=\"https:\/\/agora.xtec.cat\/escelspinetons\/wp-content\/uploads\/usu1587\/2019\/02\/IMG_20190221_095955.jpg\"><img loading=\"lazy\" decoding=\"async\" class=\"wp-image-1480 aligncenter\" src=\"https:\/\/agora.xtec.cat\/escelspinetons\/wp-content\/uploads\/usu1587\/2019\/02\/IMG_20190221_095955-1024x804.jpg\" alt=\"\" width=\"497\" height=\"390\" srcset=\"https:\/\/agora.xtec.cat\/escelspinetons\/wp-content\/uploads\/usu1587\/2019\/02\/IMG_20190221_095955-1024x804.jpg 1024w, https:\/\/agora.xtec.cat\/escelspinetons\/wp-content\/uploads\/usu1587\/2019\/02\/IMG_20190221_095955-300x235.jpg 300w, https:\/\/agora.xtec.cat\/escelspinetons\/wp-content\/uploads\/usu1587\/2019\/02\/IMG_20190221_095955-768x603.jpg 768w\" sizes=\"auto, (max-width: 497px) 100vw, 497px\" \/><\/a><\/p>\n<p style=\"text-align: center;\">Curs 2015-2016<\/p>\n<p><a href=\"https:\/\/agora.xtec.cat\/escelspinetons\/wp-content\/uploads\/usu1587\/2019\/02\/IMG_20190221_100318.jpg\"><img loading=\"lazy\" decoding=\"async\" class=\"wp-image-1482 aligncenter\" src=\"https:\/\/agora.xtec.cat\/escelspinetons\/wp-content\/uploads\/usu1587\/2019\/02\/IMG_20190221_100318-1024x870.jpg\" alt=\"\" width=\"479\" height=\"407\" srcset=\"https:\/\/agora.xtec.cat\/escelspinetons\/wp-content\/uploads\/usu1587\/2019\/02\/IMG_20190221_100318-1024x870.jpg 1024w, https:\/\/agora.xtec.cat\/escelspinetons\/wp-content\/uploads\/usu1587\/2019\/02\/IMG_20190221_100318-300x255.jpg 300w, https:\/\/agora.xtec.cat\/escelspinetons\/wp-content\/uploads\/usu1587\/2019\/02\/IMG_20190221_100318-768x652.jpg 768w\" sizes=\"auto, (max-width: 479px) 100vw, 479px\" \/><\/a><\/p>\n<p style=\"text-align: center;\">Curs 2016-2017<\/p>\n<p><a href=\"https:\/\/agora.xtec.cat\/escelspinetons\/wp-content\/uploads\/usu1587\/2019\/02\/20180614_113513.jpg\">\u00a0<img loading=\"lazy\" decoding=\"async\" class=\" wp-image-1476 aligncenter\" src=\"https:\/\/agora.xtec.cat\/escelspinetons\/wp-content\/uploads\/usu1587\/2019\/02\/20180614_113513.jpg\" alt=\"\" width=\"483\" height=\"362\" srcset=\"https:\/\/agora.xtec.cat\/escelspinetons\/wp-content\/uploads\/usu1587\/2019\/02\/20180614_113513.jpg 640w, https:\/\/agora.xtec.cat\/escelspinetons\/wp-content\/uploads\/usu1587\/2019\/02\/20180614_113513-300x225.jpg 300w, https:\/\/agora.xtec.cat\/escelspinetons\/wp-content\/uploads\/usu1587\/2019\/02\/20180614_113513-200x150.jpg 200w\" sizes=\"auto, (max-width: 483px) 100vw, 483px\" \/><\/a><\/p>\n<p style=\"text-align: center;\">curs 2017\/2018<\/p>\n","protected":false},"excerpt":{"rendered":"<p>El projecte \u201cDeixem empremta\u201d sorgeix l\u2019any 2012 i neix de l\u2019esfor\u00e7 i la il\u00b7lusi\u00f3 conjunta de pares, mestres i alumnes de l\u2019escola, consisteix en anar fent any rere any un gran mural identificatiu de la nostra escola. El curs 2011-2012 va ser l\u2019\u00faltima promoci\u00f3 d\u2019alumnes d\u2019una sola l\u00ednia i on sorg\u00ed la proposta de \u201cdeixar\u201d [&hellip;]<\/p>\n","protected":false},"author":1,"featured_media":0,"parent":64,"menu_order":70,"comment_status":"closed","ping_status":"closed","template":"page-templates\/side-menu.php","meta":{"_bbp_topic_count":0,"_bbp_reply_count":0,"_bbp_total_topic_count":0,"_bbp_total_reply_count":0,"_bbp_voice_count":0,"_bbp_anonymous_reply_count":0,"_bbp_topic_count_hidden":0,"_bbp_reply_count_hidden":0,"_bbp_forum_subforum_count":0,"site-sidebar-layout":"default","site-content-layout":"","ast-site-content-layout":"","site-content-style":"default","site-sidebar-style":"default","ast-global-header-display":"","ast-banner-title-visibility":"","ast-main-header-display":"","ast-hfb-above-header-display":"","ast-hfb-below-header-display":"","ast-hfb-mobile-header-display":"","site-post-title":"","ast-breadcrumbs-content":"","ast-featured-img":"","footer-sml-layout":"","theme-transparent-header-meta":"","adv-header-id-meta":"","stick-header-meta":"","header-above-stick-meta":"","header-main-stick-meta":"","header-below-stick-meta":"","astra-migrate-meta-layouts":"default","ast-page-background-enabled":"default","ast-page-background-meta":{"desktop":{"background-color":"var(--ast-global-color-4)","background-image":"","background-repeat":"repeat","background-position":"center center","background-size":"auto","background-attachment":"scroll","background-type":"","background-media":"","overlay-type":"","overlay-color":"","overlay-opacity":"","overlay-gradient":""},"tablet":{"background-color":"","background-image":"","background-repeat":"repeat","background-position":"center center","background-size":"auto","background-attachment":"scroll","background-type":"","background-media":"","overlay-type":"","overlay-color":"","overlay-opacity":"","overlay-gradient":""},"mobile":{"background-color":"","background-image":"","background-repeat":"repeat","background-position":"center center","background-size":"auto","background-attachment":"scroll","background-type":"","background-media":"","overlay-type":"","overlay-color":"","overlay-opacity":"","overlay-gradient":""}},"ast-content-background-meta":{"desktop":{"background-color":"var(--ast-global-color-5)","background-image":"","background-repeat":"repeat","background-position":"center center","background-size":"auto","background-attachment":"scroll","background-type":"","background-media":"","overlay-type":"","overlay-color":"","overlay-opacity":"","overlay-gradient":""},"tablet":{"background-color":"var(--ast-global-color-5)","background-image":"","background-repeat":"repeat","background-position":"center center","background-size":"auto","background-attachment":"scroll","background-type":"","background-media":"","overlay-type":"","overlay-color":"","overlay-opacity":"","overlay-gradient":""},"mobile":{"background-color":"var(--ast-global-color-5)","background-image":"","background-repeat":"repeat","background-position":"center center","background-size":"auto","background-attachment":"scroll","background-type":"","background-media":"","overlay-type":"","overlay-color":"","overlay-opacity":"","overlay-gradient":""}},"footnotes":""},"class_list":["post-574","page","type-page","status-publish","hentry"],"post_mailing_queue_ids":[],"_links":{"self":[{"href":"https:\/\/agora.xtec.cat\/escelspinetons\/wp-json\/wp\/v2\/pages\/574","targetHints":{"allow":["GET"]}}],"collection":[{"href":"https:\/\/agora.xtec.cat\/escelspinetons\/wp-json\/wp\/v2\/pages"}],"about":[{"href":"https:\/\/agora.xtec.cat\/escelspinetons\/wp-json\/wp\/v2\/types\/page"}],"author":[{"embeddable":true,"href":"https:\/\/agora.xtec.cat\/escelspinetons\/wp-json\/wp\/v2\/users\/1"}],"replies":[{"embeddable":true,"href":"https:\/\/agora.xtec.cat\/escelspinetons\/wp-json\/wp\/v2\/comments?post=574"}],"version-history":[{"count":3,"href":"https:\/\/agora.xtec.cat\/escelspinetons\/wp-json\/wp\/v2\/pages\/574\/revisions"}],"predecessor-version":[{"id":1483,"href":"https:\/\/agora.xtec.cat\/escelspinetons\/wp-json\/wp\/v2\/pages\/574\/revisions\/1483"}],"up":[{"embeddable":true,"href":"https:\/\/agora.xtec.cat\/escelspinetons\/wp-json\/wp\/v2\/pages\/64"}],"wp:attachment":[{"href":"https:\/\/agora.xtec.cat\/escelspinetons\/wp-json\/wp\/v2\/media?parent=574"}],"curies":[{"name":"wp","href":"https:\/\/api.w.org\/{rel}","templated":true}]}}