{"id":571,"date":"2016-12-15T16:17:09","date_gmt":"2016-12-15T15:17:09","guid":{"rendered":"http:\/\/agora.xtec.cat\/escelspinetons\/?page_id=571"},"modified":"2019-02-20T16:30:08","modified_gmt":"2019-02-20T15:30:08","slug":"la-radio","status":"publish","type":"page","link":"https:\/\/agora.xtec.cat\/escelspinetons\/documents-2\/projecte-escola\/la-radio\/","title":{"rendered":"La R\u00e0dio"},"content":{"rendered":"<p>R\u00e0dio Pinetons \u00e9s un projecte (que va comen\u00e7ar el curs 2007 \u2013 2008) de l\u2019Escola Els Pinetons conjuntament amb R\u00e0dio Silenci, la r\u00e0dio de l\u2019Ajuntament de la Garriga.<\/p>\n<p>Aquest projecte va ser mereixedor del <strong><a href=\"http:\/\/www.xtec.cat\/centres\/a8044521\/p%E0gines\/Baldiri.htm\" target=\"_blank\" rel=\"noopener\">Premi Baldiri i Reixac<\/a><\/strong>,\u00a0 convocat per la Fundaci\u00f3 Carulla amb la col\u00b7laboraci\u00f3 del Departament d\u2019Ensenyament de la Generalitat de Catalunya i la Universitat Oberta de Catalunya.<\/p>\n<p>Els alumnes de 6\u00e8 treballen, principalment, continguts d\u2019expressi\u00f3 escrita, lectura i ortografia de l\u2019\u00e0rea de llengua catalana. Tamb\u00e9 ens ocupa una bona part de la programaci\u00f3 d\u2019inform\u00e0tica i alguns aspectes de medi, de pl\u00e0stica i de m\u00fasica.<\/p>\n<p>L\u2019horari d\u2019emissi\u00f3 \u00e9s els dimecres de 8.30 a 9 del vespre. Tamb\u00e9 podeu escoltar-lo des de la <strong><a href=\"http:\/\/www.radiosilenci.cat\/#\/programs\/sisetonssotaelspins\" target=\"_blank\" rel=\"noopener\">web de R\u00e0dio Silenci<\/a>.<\/strong><\/p>\n<p>En el bloc del <strong><a href=\"http:\/\/cspinetons.blogspot.com.es\/\" target=\"_blank\" rel=\"noopener\">cicle Superior<\/a><\/strong>\u00a0trobareu m\u00e9s\u00a0informaci\u00f3. Aquest projecte s\u2019inicia\u00a0amb els alumnes de 5\u00e8, que de forma regular emeten des de l\u2019escola per a tots els alumnes\u00a0un cop per setmana a l\u2019hora del pati. Tamb\u00e9 col\u00b7laboren en el programa que fan els alumnes de 6\u00e8 des de les instal\u00b7lacions de R\u00e0dio Silenci.<\/p>\n<p><a href=\"http:\/\/cspinetons.blogspot.com\/p\/radiosssilenci.html\" target=\"_blank\" rel=\"noopener\">Enlla\u00e7 bloc r\u00e0dio sis\u00e8<\/a><\/p>\n<p><a href=\"http:\/\/cspinetons.blogspot.com\/p\/radioescola.html\" target=\"_blank\" rel=\"noopener\">Enlla\u00e7 bloc r\u00e0dio cinqu\u00e8<\/a><\/p>\n<p>Feu clic a la imatge\u00a0 per seguir una mica l\u2019hist\u00f2ric d\u2019aquesta activitat:<\/p>\n<p style=\"text-align: center;\"><a href=\"http:\/\/agora.xtec.cat\/escelspinetons\/wp-content\/uploads\/usu1587\/2016\/12\/logo-radio.jpg\"><img loading=\"lazy\" decoding=\"async\" class=\"alignnone size-full wp-image-572\" src=\"http:\/\/agora.xtec.cat\/escelspinetons\/wp-content\/uploads\/usu1587\/2016\/12\/logo-radio.jpg\" alt=\"logo-radio\" width=\"208\" height=\"104\" \/><\/a><\/p>\n<p style=\"text-align: center;\"><a href=\"https:\/\/sites.google.com\/site\/radiopinetons\/\" target=\"_blank\" rel=\"noopener\">RADIO PINETONS<\/a><\/p>\n","protected":false},"excerpt":{"rendered":"<p>R\u00e0dio Pinetons \u00e9s un projecte (que va comen\u00e7ar el curs 2007 \u2013 2008) de l\u2019Escola Els Pinetons conjuntament amb R\u00e0dio Silenci, la r\u00e0dio de l\u2019Ajuntament de la Garriga. Aquest projecte va ser mereixedor del Premi Baldiri i Reixac,\u00a0 convocat per la Fundaci\u00f3 Carulla amb la col\u00b7laboraci\u00f3 del Departament d\u2019Ensenyament de la Generalitat de Catalunya i [&hellip;]<\/p>\n","protected":false},"author":1,"featured_media":0,"parent":64,"menu_order":60,"comment_status":"closed","ping_status":"closed","template":"page-templates\/side-menu.php","meta":{"_bbp_topic_count":0,"_bbp_reply_count":0,"_bbp_total_topic_count":0,"_bbp_total_reply_count":0,"_bbp_voice_count":0,"_bbp_anonymous_reply_count":0,"_bbp_topic_count_hidden":0,"_bbp_reply_count_hidden":0,"_bbp_forum_subforum_count":0,"site-sidebar-layout":"default","site-content-layout":"","ast-site-content-layout":"","site-content-style":"default","site-sidebar-style":"default","ast-global-header-display":"","ast-banner-title-visibility":"","ast-main-header-display":"","ast-hfb-above-header-display":"","ast-hfb-below-header-display":"","ast-hfb-mobile-header-display":"","site-post-title":"","ast-breadcrumbs-content":"","ast-featured-img":"","footer-sml-layout":"","theme-transparent-header-meta":"","adv-header-id-meta":"","stick-header-meta":"","header-above-stick-meta":"","header-main-stick-meta":"","header-below-stick-meta":"","astra-migrate-meta-layouts":"default","ast-page-background-enabled":"default","ast-page-background-meta":{"desktop":{"background-color":"var(--ast-global-color-4)","background-image":"","background-repeat":"repeat","background-position":"center center","background-size":"auto","background-attachment":"scroll","background-type":"","background-media":"","overlay-type":"","overlay-color":"","overlay-opacity":"","overlay-gradient":""},"tablet":{"background-color":"","background-image":"","background-repeat":"repeat","background-position":"center center","background-size":"auto","background-attachment":"scroll","background-type":"","background-media":"","overlay-type":"","overlay-color":"","overlay-opacity":"","overlay-gradient":""},"mobile":{"background-color":"","background-image":"","background-repeat":"repeat","background-position":"center center","background-size":"auto","background-attachment":"scroll","background-type":"","background-media":"","overlay-type":"","overlay-color":"","overlay-opacity":"","overlay-gradient":""}},"ast-content-background-meta":{"desktop":{"background-color":"var(--ast-global-color-5)","background-image":"","background-repeat":"repeat","background-position":"center center","background-size":"auto","background-attachment":"scroll","background-type":"","background-media":"","overlay-type":"","overlay-color":"","overlay-opacity":"","overlay-gradient":""},"tablet":{"background-color":"var(--ast-global-color-5)","background-image":"","background-repeat":"repeat","background-position":"center center","background-size":"auto","background-attachment":"scroll","background-type":"","background-media":"","overlay-type":"","overlay-color":"","overlay-opacity":"","overlay-gradient":""},"mobile":{"background-color":"var(--ast-global-color-5)","background-image":"","background-repeat":"repeat","background-position":"center center","background-size":"auto","background-attachment":"scroll","background-type":"","background-media":"","overlay-type":"","overlay-color":"","overlay-opacity":"","overlay-gradient":""}},"footnotes":""},"class_list":["post-571","page","type-page","status-publish","hentry"],"post_mailing_queue_ids":[],"_links":{"self":[{"href":"https:\/\/agora.xtec.cat\/escelspinetons\/wp-json\/wp\/v2\/pages\/571","targetHints":{"allow":["GET"]}}],"collection":[{"href":"https:\/\/agora.xtec.cat\/escelspinetons\/wp-json\/wp\/v2\/pages"}],"about":[{"href":"https:\/\/agora.xtec.cat\/escelspinetons\/wp-json\/wp\/v2\/types\/page"}],"author":[{"embeddable":true,"href":"https:\/\/agora.xtec.cat\/escelspinetons\/wp-json\/wp\/v2\/users\/1"}],"replies":[{"embeddable":true,"href":"https:\/\/agora.xtec.cat\/escelspinetons\/wp-json\/wp\/v2\/comments?post=571"}],"version-history":[{"count":3,"href":"https:\/\/agora.xtec.cat\/escelspinetons\/wp-json\/wp\/v2\/pages\/571\/revisions"}],"predecessor-version":[{"id":1469,"href":"https:\/\/agora.xtec.cat\/escelspinetons\/wp-json\/wp\/v2\/pages\/571\/revisions\/1469"}],"up":[{"embeddable":true,"href":"https:\/\/agora.xtec.cat\/escelspinetons\/wp-json\/wp\/v2\/pages\/64"}],"wp:attachment":[{"href":"https:\/\/agora.xtec.cat\/escelspinetons\/wp-json\/wp\/v2\/media?parent=571"}],"curies":[{"name":"wp","href":"https:\/\/api.w.org\/{rel}","templated":true}]}}