{"id":568,"date":"2016-12-15T16:13:32","date_gmt":"2016-12-15T15:13:32","guid":{"rendered":"http:\/\/agora.xtec.cat\/escelspinetons\/?page_id=568"},"modified":"2019-02-21T09:33:09","modified_gmt":"2019-02-21T08:33:09","slug":"cantania","status":"publish","type":"page","link":"https:\/\/agora.xtec.cat\/escelspinetons\/documents-2\/projecte-escola\/cantania\/","title":{"rendered":"Cant\u00e0nia"},"content":{"rendered":"<p style=\"text-align: center;\">La nostra escola, Els Pinetons, participa des de fa m\u00e9s de 10 cursos en el projecte<strong>Cant\u00e0nia<\/strong>, organitzat per la Fundaci\u00f3 AC Granollers i el Teatre Auditori de Granollers. Cant\u00e0nia \u00e9s un projecte impulsat per l\u00b4Auditori de Barcelona. Va n\u00e9ixer el mateix curs que la nostra escola, per tant aquesta ser\u00e0 la seva 26\u00aa edici\u00f3. Enguany hi participaran gaireb\u00e9 4.000 nens i nenes cantaires i s\u2019esperen 9.000 espectadors.<\/p>\n<p>Els\/les alumnes de 5\u00e8 de prim\u00e0ria, han comen\u00e7at a treballar la Cant\u00e0nia d\u00b4enguany, que porta per t\u00edtol <strong>\u201cAl bell mig de la terra\u201c. <\/strong>Amb moltes ganes i il\u00b7lusi\u00f3, estem preparant aquest projecte, que donar\u00e0 els seus fruits en un gran concert, on hi participaran els\/les cantaires, el\/la director\/a juntament amb la seva orquestra i els actors\/cantaires solistes, el diumenge 14 de juny a les 17h.<\/p>\n<p>El treball de la Cant\u00e0nia suposa unes jornades de formaci\u00f3 per als\/les mestres de m\u00fasica: aprendre can\u00e7ons in\u00e8dites (composades per m\u00fasics i escriptors catalans reconeguts internacionalment), treballar una coreografia molt espectacular, elaborar elements pl\u00e0stics i sentir-se plenament m\u00fasics, fent-se part\u00edcips en el concert ofert a les fam\u00edlies i al p\u00fablic en general. En definitiva, endur-se un bon record per a tota la vida.<\/p>\n<p style=\"text-align: center;\">\u00a0<a href=\"http:\/\/agora.xtec.cat\/escelspinetons\/wp-content\/uploads\/usu1587\/2016\/12\/portada-cantania.jpg\"><img loading=\"lazy\" decoding=\"async\" class=\"alignnone size-full wp-image-569\" src=\"http:\/\/agora.xtec.cat\/escelspinetons\/wp-content\/uploads\/usu1587\/2016\/12\/portada-cantania.jpg\" alt=\"portada-cantania\" width=\"448\" height=\"336\" srcset=\"https:\/\/agora.xtec.cat\/escelspinetons\/wp-content\/uploads\/usu1587\/2016\/12\/portada-cantania.jpg 448w, https:\/\/agora.xtec.cat\/escelspinetons\/wp-content\/uploads\/usu1587\/2016\/12\/portada-cantania-300x225.jpg 300w, https:\/\/agora.xtec.cat\/escelspinetons\/wp-content\/uploads\/usu1587\/2016\/12\/portada-cantania-200x150.jpg 200w\" sizes=\"auto, (max-width: 448px) 100vw, 448px\" \/><\/a><\/p>\n<p style=\"text-align: center;\"><iframe loading=\"lazy\" src=\"https:\/\/www.youtube.com\/embed\/HRDt4QVoUD8\" width=\"560\" height=\"315\" frameborder=\"0\" allowfullscreen=\"allowfullscreen\"><\/iframe><\/p>\n<p>Els alumnes de cinqu\u00e8 de l\u2019escola participen novament aquest curs en el Projecte Cant\u00e0nia. Aquest any, la Cantata es titula \u201cA de brossa\u201d, i tracta el tema de la poesia. Es treballar\u00e0 a l\u2019hora de m\u00fasica durant el segon i tercer trimestres i, finalment, el 9 de juny a les 20:00 es realitzar\u00e0 el concert final a l\u2019Auditori de Granollers. Us hi esperem!<\/p>\n<p>Aqu\u00ed teniu algunes de les can\u00e7ons que interpretaran:<\/p>\n<p><iframe loading=\"lazy\" src=\"https:\/\/www.youtube.com\/embed\/q0Fm8O9-kWs\" width=\"560\" height=\"315\" frameborder=\"0\" allowfullscreen=\"allowfullscreen\"><\/iframe><\/p>\n<p><iframe loading=\"lazy\" src=\"https:\/\/www.youtube.com\/embed\/JTCchLp5Q8U\" width=\"560\" height=\"315\" frameborder=\"0\" allowfullscreen=\"allowfullscreen\"><\/iframe><\/p>\n<p><iframe loading=\"lazy\" src=\"https:\/\/www.youtube.com\/embed\/40F4SO_LNzA\" width=\"560\" height=\"315\" frameborder=\"0\" allowfullscreen=\"allowfullscreen\"><\/iframe><\/p>\n<p><iframe loading=\"lazy\" src=\"https:\/\/www.youtube.com\/embed\/Q14iJOvCfYo\" width=\"560\" height=\"315\" frameborder=\"0\" allowfullscreen=\"allowfullscreen\"><\/iframe><\/p>\n","protected":false},"excerpt":{"rendered":"<p>La nostra escola, Els Pinetons, participa des de fa m\u00e9s de 10 cursos en el projecteCant\u00e0nia, organitzat per la Fundaci\u00f3 AC Granollers i el Teatre Auditori de Granollers. Cant\u00e0nia \u00e9s un projecte impulsat per l\u00b4Auditori de Barcelona. Va n\u00e9ixer el mateix curs que la nostra escola, per tant aquesta ser\u00e0 la seva 26\u00aa edici\u00f3. Enguany [&hellip;]<\/p>\n","protected":false},"author":1,"featured_media":0,"parent":64,"menu_order":50,"comment_status":"closed","ping_status":"closed","template":"page-templates\/side-menu.php","meta":{"_bbp_topic_count":0,"_bbp_reply_count":0,"_bbp_total_topic_count":0,"_bbp_total_reply_count":0,"_bbp_voice_count":0,"_bbp_anonymous_reply_count":0,"_bbp_topic_count_hidden":0,"_bbp_reply_count_hidden":0,"_bbp_forum_subforum_count":0,"site-sidebar-layout":"default","site-content-layout":"","ast-site-content-layout":"","site-content-style":"default","site-sidebar-style":"default","ast-global-header-display":"","ast-banner-title-visibility":"","ast-main-header-display":"","ast-hfb-above-header-display":"","ast-hfb-below-header-display":"","ast-hfb-mobile-header-display":"","site-post-title":"","ast-breadcrumbs-content":"","ast-featured-img":"","footer-sml-layout":"","theme-transparent-header-meta":"","adv-header-id-meta":"","stick-header-meta":"","header-above-stick-meta":"","header-main-stick-meta":"","header-below-stick-meta":"","astra-migrate-meta-layouts":"default","ast-page-background-enabled":"default","ast-page-background-meta":{"desktop":{"background-color":"var(--ast-global-color-4)","background-image":"","background-repeat":"repeat","background-position":"center center","background-size":"auto","background-attachment":"scroll","background-type":"","background-media":"","overlay-type":"","overlay-color":"","overlay-opacity":"","overlay-gradient":""},"tablet":{"background-color":"","background-image":"","background-repeat":"repeat","background-position":"center center","background-size":"auto","background-attachment":"scroll","background-type":"","background-media":"","overlay-type":"","overlay-color":"","overlay-opacity":"","overlay-gradient":""},"mobile":{"background-color":"","background-image":"","background-repeat":"repeat","background-position":"center center","background-size":"auto","background-attachment":"scroll","background-type":"","background-media":"","overlay-type":"","overlay-color":"","overlay-opacity":"","overlay-gradient":""}},"ast-content-background-meta":{"desktop":{"background-color":"var(--ast-global-color-5)","background-image":"","background-repeat":"repeat","background-position":"center center","background-size":"auto","background-attachment":"scroll","background-type":"","background-media":"","overlay-type":"","overlay-color":"","overlay-opacity":"","overlay-gradient":""},"tablet":{"background-color":"var(--ast-global-color-5)","background-image":"","background-repeat":"repeat","background-position":"center center","background-size":"auto","background-attachment":"scroll","background-type":"","background-media":"","overlay-type":"","overlay-color":"","overlay-opacity":"","overlay-gradient":""},"mobile":{"background-color":"var(--ast-global-color-5)","background-image":"","background-repeat":"repeat","background-position":"center center","background-size":"auto","background-attachment":"scroll","background-type":"","background-media":"","overlay-type":"","overlay-color":"","overlay-opacity":"","overlay-gradient":""}},"footnotes":""},"class_list":["post-568","page","type-page","status-publish","hentry"],"post_mailing_queue_ids":[],"_links":{"self":[{"href":"https:\/\/agora.xtec.cat\/escelspinetons\/wp-json\/wp\/v2\/pages\/568","targetHints":{"allow":["GET"]}}],"collection":[{"href":"https:\/\/agora.xtec.cat\/escelspinetons\/wp-json\/wp\/v2\/pages"}],"about":[{"href":"https:\/\/agora.xtec.cat\/escelspinetons\/wp-json\/wp\/v2\/types\/page"}],"author":[{"embeddable":true,"href":"https:\/\/agora.xtec.cat\/escelspinetons\/wp-json\/wp\/v2\/users\/1"}],"replies":[{"embeddable":true,"href":"https:\/\/agora.xtec.cat\/escelspinetons\/wp-json\/wp\/v2\/comments?post=568"}],"version-history":[{"count":3,"href":"https:\/\/agora.xtec.cat\/escelspinetons\/wp-json\/wp\/v2\/pages\/568\/revisions"}],"predecessor-version":[{"id":1471,"href":"https:\/\/agora.xtec.cat\/escelspinetons\/wp-json\/wp\/v2\/pages\/568\/revisions\/1471"}],"up":[{"embeddable":true,"href":"https:\/\/agora.xtec.cat\/escelspinetons\/wp-json\/wp\/v2\/pages\/64"}],"wp:attachment":[{"href":"https:\/\/agora.xtec.cat\/escelspinetons\/wp-json\/wp\/v2\/media?parent=568"}],"curies":[{"name":"wp","href":"https:\/\/api.w.org\/{rel}","templated":true}]}}