{"id":557,"date":"2016-12-15T16:01:58","date_gmt":"2016-12-15T15:01:58","guid":{"rendered":"http:\/\/agora.xtec.cat\/escelspinetons\/?page_id=557"},"modified":"2019-02-20T16:02:04","modified_gmt":"2019-02-20T15:02:04","slug":"apadrinament-lector","status":"publish","type":"page","link":"https:\/\/agora.xtec.cat\/escelspinetons\/documents-2\/projecte-escola\/apadrinament-lector\/","title":{"rendered":"Apadrinament Lector"},"content":{"rendered":"<div id=\"main\">\n<div id=\"container\">\n<div id=\"content\">\n<div id=\"post-246\" class=\"post-246 page type-page status-publish hentry\">\n<h1 class=\"entry-title\"><\/h1>\n<div class=\"entry-content\">\n<p style=\"text-align: right;\" align=\"center\"><b><a href=\"http:\/\/blocs.xtec.cat\/escolaelspinetons\/files\/2014\/02\/20150129_102004.jpg\"><br \/>\n<\/a><a href=\"http:\/\/agora.xtec.cat\/escelspinetons\/wp-content\/uploads\/usu1587\/2016\/12\/apadrinament-lector-1.jpg\"><img loading=\"lazy\" decoding=\"async\" class=\"wp-image-558 alignright\" src=\"http:\/\/agora.xtec.cat\/escelspinetons\/wp-content\/uploads\/usu1587\/2016\/12\/apadrinament-lector-1-1024x768.jpg\" alt=\"apadrinament-lector-1\" width=\"331\" height=\"248\" srcset=\"https:\/\/agora.xtec.cat\/escelspinetons\/wp-content\/uploads\/usu1587\/2016\/12\/apadrinament-lector-1.jpg 1024w, https:\/\/agora.xtec.cat\/escelspinetons\/wp-content\/uploads\/usu1587\/2016\/12\/apadrinament-lector-1-300x225.jpg 300w, https:\/\/agora.xtec.cat\/escelspinetons\/wp-content\/uploads\/usu1587\/2016\/12\/apadrinament-lector-1-768x576.jpg 768w, https:\/\/agora.xtec.cat\/escelspinetons\/wp-content\/uploads\/usu1587\/2016\/12\/apadrinament-lector-1-200x150.jpg 200w\" sizes=\"auto, (max-width: 331px) 100vw, 331px\" \/><\/a><\/b><b>\u201cEL PLAER DE LLEGIR I COMPARTIR LA LECTURA\u201d<\/b><\/p>\n<p>Amb l\u2019objectiu de millorar el nivell lector, la nostra escola porta\u00a0 a terme, entre altres activitats, el projecte d\u2019Apadrinament Lector. Els alumnes que hi participen s\u00f3n els de 1r i 5\u00e8.<\/p>\n<p>Amb aquest projecte volem:<\/p>\n<p>1-\u00a0Treballar regularment la lectura.<\/p>\n<p>2-\u00a0Motivar els alumnes petits en l\u2019h\u00e0bit de la lectura<\/p>\n<p>3-\u00a0Fomentar la conviv\u00e8ncia<\/p>\n<p>4-\u00a0Educar en la responsabilitat i el comprom\u00eds<\/p>\n<p>5-\u00a0Treballar la cooperaci\u00f3 entre alumnes de diferents cicles<\/p>\n<p>6-\u00a0Treballar diferents estrat\u00e8gies de lectura<\/p>\n<p>7-\u00a0Ampliar els espais de comunicaci\u00f3 oral entre els infants en la llengua vehicular de l\u2019escola<\/p>\n<p><a href=\"http:\/\/agora.xtec.cat\/escelspinetons\/wp-content\/uploads\/usu1587\/2016\/12\/apadrinamentlector2.jpg\"><img loading=\"lazy\" decoding=\"async\" class=\"alignnone size-full wp-image-559\" src=\"http:\/\/agora.xtec.cat\/escelspinetons\/wp-content\/uploads\/usu1587\/2016\/12\/apadrinamentlector2.jpg\" alt=\"apadrinamentlector2\" width=\"300\" height=\"225\" srcset=\"https:\/\/agora.xtec.cat\/escelspinetons\/wp-content\/uploads\/usu1587\/2016\/12\/apadrinamentlector2.jpg 300w, https:\/\/agora.xtec.cat\/escelspinetons\/wp-content\/uploads\/usu1587\/2016\/12\/apadrinamentlector2-200x150.jpg 200w\" sizes=\"auto, (max-width: 300px) 100vw, 300px\" \/><\/a><a href=\"http:\/\/agora.xtec.cat\/escelspinetons\/wp-content\/uploads\/usu1587\/2016\/12\/apadrinamentlector3.jpg\"><img loading=\"lazy\" decoding=\"async\" class=\"alignnone size-large wp-image-560\" src=\"http:\/\/agora.xtec.cat\/escelspinetons\/wp-content\/uploads\/usu1587\/2016\/12\/apadrinamentlector3.jpg\" alt=\"apadrinamentlector3\" width=\"300\" height=\"225\" srcset=\"https:\/\/agora.xtec.cat\/escelspinetons\/wp-content\/uploads\/usu1587\/2016\/12\/apadrinamentlector3.jpg 300w, https:\/\/agora.xtec.cat\/escelspinetons\/wp-content\/uploads\/usu1587\/2016\/12\/apadrinamentlector3-200x150.jpg 200w\" sizes=\"auto, (max-width: 300px) 100vw, 300px\" \/><\/a><\/p>\n<p>Consisteix en que un\/a alumne\/a de 5\u00e8 \u201cPadr\u00ed\/na\u201d, va a buscar el seu \u201cFillol\/a\u201d de 1r i, durant una sessi\u00f3 a la setmana, fan una feina relacionada amb la lectura. Cada any es fa, protocol\u00b7l\u00e0riament, un acte d\u2019inauguraci\u00f3 del projecte amb l\u2019assist\u00e8ncia de tots els alumnes implicats, els mestres i la Direcci\u00f3 de l\u2019escola.<\/p>\n<p>Despr\u00e9s d\u2019un discurs d\u2019inauguraci\u00f3 i explicaci\u00f3 del funcionament, es presenten les parelles que han estat pr\u00e8viament seleccionades pels tutors.Al llarg del curs els alumnes de 5\u00e8 van elaborant un treball d\u2019expressi\u00f3 escrita que ser\u00e0 un record d\u2019aquesta experi\u00e8ncia pels nens i nenes de primer. Al mateix temps, els petits, tamb\u00e9 els corresponen amb alguna feina feta per ells.<a href=\"http:\/\/blocs.xtec.cat\/escolaelspinetons\/files\/2014\/02\/web.jpg\"><br \/>\n<\/a><\/p>\n<p><a href=\"http:\/\/agora.xtec.cat\/escelspinetons\/wp-content\/uploads\/usu1587\/2016\/12\/apadrinamentlector4.jpg\"><img loading=\"lazy\" decoding=\"async\" class=\"size-full wp-image-561 aligncenter\" src=\"http:\/\/agora.xtec.cat\/escelspinetons\/wp-content\/uploads\/usu1587\/2016\/12\/apadrinamentlector4.jpg\" alt=\"????\" width=\"448\" height=\"336\" srcset=\"https:\/\/agora.xtec.cat\/escelspinetons\/wp-content\/uploads\/usu1587\/2016\/12\/apadrinamentlector4.jpg 448w, https:\/\/agora.xtec.cat\/escelspinetons\/wp-content\/uploads\/usu1587\/2016\/12\/apadrinamentlector4-300x225.jpg 300w, https:\/\/agora.xtec.cat\/escelspinetons\/wp-content\/uploads\/usu1587\/2016\/12\/apadrinamentlector4-200x150.jpg 200w\" sizes=\"auto, (max-width: 448px) 100vw, 448px\" \/><\/a><\/p>\n<p>Aquest treball es va iniciar de forma experimental el curs 2005-06 i davant els bons resultats l\u2019hem anat millorant i ajustant a les nostres necessitats. La valoraci\u00f3 ha estat tan positiva que ha esdevingut un projecte que anem repetint any rere any.<\/p>\n<p>&nbsp;<\/p>\n<p style=\"text-align: center;\"><a href=\"http:\/\/agora.xtec.cat\/escelspinetons\/wp-content\/uploads\/usu1587\/2016\/12\/apadrinamentlector5.jpg\"><img loading=\"lazy\" decoding=\"async\" class=\"alignnone wp-image-565\" src=\"http:\/\/agora.xtec.cat\/escelspinetons\/wp-content\/uploads\/usu1587\/2016\/12\/apadrinamentlector5-1024x768.jpg\" alt=\"apadrinamentlector5\" width=\"494\" height=\"371\" srcset=\"https:\/\/agora.xtec.cat\/escelspinetons\/wp-content\/uploads\/usu1587\/2016\/12\/apadrinamentlector5.jpg 1024w, https:\/\/agora.xtec.cat\/escelspinetons\/wp-content\/uploads\/usu1587\/2016\/12\/apadrinamentlector5-300x225.jpg 300w, https:\/\/agora.xtec.cat\/escelspinetons\/wp-content\/uploads\/usu1587\/2016\/12\/apadrinamentlector5-768x576.jpg 768w, https:\/\/agora.xtec.cat\/escelspinetons\/wp-content\/uploads\/usu1587\/2016\/12\/apadrinamentlector5-200x150.jpg 200w\" sizes=\"auto, (max-width: 494px) 100vw, 494px\" \/><\/a><\/p>\n<\/div>\n<p style=\"text-align: center;\"><a href=\"https:\/\/agora.xtec.cat\/escelspinetons\/wp-content\/uploads\/usu1587\/2019\/01\/apadrinament-lector.jpg\"><img loading=\"lazy\" decoding=\"async\" class=\"size-large wp-image-1378 aligncenter\" src=\"https:\/\/agora.xtec.cat\/escelspinetons\/wp-content\/uploads\/usu1587\/2019\/01\/apadrinament-lector-698x1024.jpg\" alt=\"\" width=\"698\" height=\"1024\" srcset=\"https:\/\/agora.xtec.cat\/escelspinetons\/wp-content\/uploads\/usu1587\/2019\/01\/apadrinament-lector.jpg 698w, https:\/\/agora.xtec.cat\/escelspinetons\/wp-content\/uploads\/usu1587\/2019\/01\/apadrinament-lector-204x300.jpg 204w\" sizes=\"auto, (max-width: 698px) 100vw, 698px\" \/><\/a><\/p>\n<\/div>\n<\/div>\n<\/div>\n<\/div>\n<div id=\"footer\"><\/div>\n","protected":false},"excerpt":{"rendered":"<p>\u201cEL PLAER DE LLEGIR I COMPARTIR LA LECTURA\u201d Amb l\u2019objectiu de millorar el nivell lector, la nostra escola porta\u00a0 a terme, entre altres activitats, el projecte d\u2019Apadrinament Lector. Els alumnes que hi participen s\u00f3n els de 1r i 5\u00e8. Amb aquest projecte volem: 1-\u00a0Treballar regularment la lectura. 2-\u00a0Motivar els alumnes petits en l\u2019h\u00e0bit de la [&hellip;]<\/p>\n","protected":false},"author":1,"featured_media":0,"parent":64,"menu_order":40,"comment_status":"closed","ping_status":"closed","template":"page-templates\/side-menu.php","meta":{"_bbp_topic_count":0,"_bbp_reply_count":0,"_bbp_total_topic_count":0,"_bbp_total_reply_count":0,"_bbp_voice_count":0,"_bbp_anonymous_reply_count":0,"_bbp_topic_count_hidden":0,"_bbp_reply_count_hidden":0,"_bbp_forum_subforum_count":0,"site-sidebar-layout":"default","site-content-layout":"","ast-site-content-layout":"","site-content-style":"default","site-sidebar-style":"default","ast-global-header-display":"","ast-banner-title-visibility":"","ast-main-header-display":"","ast-hfb-above-header-display":"","ast-hfb-below-header-display":"","ast-hfb-mobile-header-display":"","site-post-title":"","ast-breadcrumbs-content":"","ast-featured-img":"","footer-sml-layout":"","theme-transparent-header-meta":"","adv-header-id-meta":"","stick-header-meta":"","header-above-stick-meta":"","header-main-stick-meta":"","header-below-stick-meta":"","astra-migrate-meta-layouts":"default","ast-page-background-enabled":"default","ast-page-background-meta":{"desktop":{"background-color":"var(--ast-global-color-4)","background-image":"","background-repeat":"repeat","background-position":"center center","background-size":"auto","background-attachment":"scroll","background-type":"","background-media":"","overlay-type":"","overlay-color":"","overlay-opacity":"","overlay-gradient":""},"tablet":{"background-color":"","background-image":"","background-repeat":"repeat","background-position":"center center","background-size":"auto","background-attachment":"scroll","background-type":"","background-media":"","overlay-type":"","overlay-color":"","overlay-opacity":"","overlay-gradient":""},"mobile":{"background-color":"","background-image":"","background-repeat":"repeat","background-position":"center center","background-size":"auto","background-attachment":"scroll","background-type":"","background-media":"","overlay-type":"","overlay-color":"","overlay-opacity":"","overlay-gradient":""}},"ast-content-background-meta":{"desktop":{"background-color":"var(--ast-global-color-5)","background-image":"","background-repeat":"repeat","background-position":"center center","background-size":"auto","background-attachment":"scroll","background-type":"","background-media":"","overlay-type":"","overlay-color":"","overlay-opacity":"","overlay-gradient":""},"tablet":{"background-color":"var(--ast-global-color-5)","background-image":"","background-repeat":"repeat","background-position":"center center","background-size":"auto","background-attachment":"scroll","background-type":"","background-media":"","overlay-type":"","overlay-color":"","overlay-opacity":"","overlay-gradient":""},"mobile":{"background-color":"var(--ast-global-color-5)","background-image":"","background-repeat":"repeat","background-position":"center center","background-size":"auto","background-attachment":"scroll","background-type":"","background-media":"","overlay-type":"","overlay-color":"","overlay-opacity":"","overlay-gradient":""}},"footnotes":""},"class_list":["post-557","page","type-page","status-publish","hentry"],"post_mailing_queue_ids":[],"_links":{"self":[{"href":"https:\/\/agora.xtec.cat\/escelspinetons\/wp-json\/wp\/v2\/pages\/557","targetHints":{"allow":["GET"]}}],"collection":[{"href":"https:\/\/agora.xtec.cat\/escelspinetons\/wp-json\/wp\/v2\/pages"}],"about":[{"href":"https:\/\/agora.xtec.cat\/escelspinetons\/wp-json\/wp\/v2\/types\/page"}],"author":[{"embeddable":true,"href":"https:\/\/agora.xtec.cat\/escelspinetons\/wp-json\/wp\/v2\/users\/1"}],"replies":[{"embeddable":true,"href":"https:\/\/agora.xtec.cat\/escelspinetons\/wp-json\/wp\/v2\/comments?post=557"}],"version-history":[{"count":3,"href":"https:\/\/agora.xtec.cat\/escelspinetons\/wp-json\/wp\/v2\/pages\/557\/revisions"}],"predecessor-version":[{"id":1461,"href":"https:\/\/agora.xtec.cat\/escelspinetons\/wp-json\/wp\/v2\/pages\/557\/revisions\/1461"}],"up":[{"embeddable":true,"href":"https:\/\/agora.xtec.cat\/escelspinetons\/wp-json\/wp\/v2\/pages\/64"}],"wp:attachment":[{"href":"https:\/\/agora.xtec.cat\/escelspinetons\/wp-json\/wp\/v2\/media?parent=557"}],"curies":[{"name":"wp","href":"https:\/\/api.w.org\/{rel}","templated":true}]}}