{"id":546,"date":"2016-12-15T15:48:20","date_gmt":"2016-12-15T14:48:20","guid":{"rendered":"http:\/\/agora.xtec.cat\/escelspinetons\/?page_id=546"},"modified":"2026-02-20T16:15:22","modified_gmt":"2026-02-20T15:15:22","slug":"ampa","status":"publish","type":"page","link":"https:\/\/agora.xtec.cat\/escelspinetons\/comunitat-educativa\/ampa\/","title":{"rendered":"AFA Els Pinetons"},"content":{"rendered":"<div id=\"main\">\n<div id=\"container\">\n<div id=\"content\">\n<div id=\"post-421\" class=\"post-421 page type-page status-publish hentry\">\n<p class=\"entry-title\">L\u2019AFA \u00e9s l\u2019associaci\u00f3 de fam\u00edlies d\u2019alumnes. \u00c9s una entitat sense afany de lucre que t\u00e9 com a objectiu principal contribuir a la millora de la qualitat de l\u2019ensenyament que reben els infants.<br \/>\nEl seu funcionament es basa en el di\u00e0leg i en la col\u00b7laboraci\u00f3 amb els diferents sectors de la comunitat educativa.<\/p>\n<div class=\"entry-content\">\n<h3 style=\"text-align: center;\"><span style=\"color: #339966;\"><a style=\"color: #339966;\" href=\"https:\/\/agora.xtec.cat\/escelspinetons\/comunitat-educativa\/ampa\/presentacio-afa-escola-els-pinetons-de-la-garriga\/\" target=\"_blank\" rel=\"noopener\">TOTA LA INFORMACI\u00d3 DE L&#8217;AFA DE L&#8217;ESCOLA ELS PINETONS CLICANT AQU\u00cd<\/a><\/span><\/h3>\n<p>Gestiona i\/o col\u00b7labora en el menjador escolar, activitats extraescolars, atenci\u00f3 matinal, la socialitzaci\u00f3 de tots els llibres, festes populars, participa\u00a0 de l\u2019escola, etc.<\/p>\n<p><strong>L\u2019AFA est\u00e0 oberta a totes les fam\u00edlies<\/strong> sempre que ho necessiteu, adre\u00e7ant-vos al despatx de l\u2019AFA, al correu electr\u00f2nic <a href=\"mailto:ampa.ceippinetons@hotmail.com\"><span style=\"color: #008000;\">info@afaescolaelspinetons.cat<\/span><\/a>, i a les reunions que es fan un cop cada dos mesos. Les convocat\u00f2ries de les reunions s&#8217;anuncien a trav\u00e9s dels grups de whatsapp de les classes i a les xarxes socials.<\/p>\n<p><strong>HORARI DEL DESPATX:<\/strong><\/p>\n<p>L&#8217;horari d&#8217;atenci\u00f3 a les fam\u00edlies \u00e9s de dilluns i dijous: de 16.00 a 17.00h.<\/p>\n<\/div>\n<\/div>\n<\/div>\n<\/div>\n<\/div>\n<div>\n<p>Per a qualsevol consulta tamb\u00e9 us podeu adre\u00e7ar al correu general de l&#8217;AFA: <span style=\"color: #008000;\">info@afaescolaelspinetons.cat <\/span><\/p>\n<p><span style=\"color: #008000;\"><span style=\"color: #000000;\">Si no reps les comunicacions de l&#8217;AFA pots adre\u00e7ar-te al correu: <span style=\"color: #008000;\">comunicacioafapinetons@gmail.c<wbr \/>om<\/span><\/span><\/span><\/p>\n<p>Per temes relacionats amb les <a href=\"https:\/\/agora.xtec.cat\/escelspinetons\/comunitat-educativa\/extraescolars\/extraescolars-2024-2025\/\" target=\"_blank\" rel=\"noopener\"><strong>activitats extraescolars<\/strong><\/a> us podeu adre\u00e7ar a:<span style=\"color: #008000;\"> extraescolars<span class=\"\">@afaescolaelspinetons<\/span>.cat<\/span><\/p>\n<p>Per temes relacionats amb el <span style=\"color: #ff9900;\"><strong>servei de menjador<\/strong><\/span> us podeu adre\u00e7ar a: <span style=\"color: #008000;\">menjador@afaescolaelspinetons.cat<\/span><\/p>\n<p>Consulteu <strong><a href=\"https:\/\/drive.google.com\/drive\/folders\/15s0yX9QIn-Un4NWtte3y6x3tUWud8wWG?usp=sharing\" target=\"_blank\" rel=\"noopener\">aqu\u00ed les ACTES<\/a><\/strong> de les reunions.<\/p>\n<p><span style=\"color: #0000ff;\"><strong>CONTACTE: 656 552 340<\/strong><\/span><\/p>\n<h3 style=\"text-align: center;\"><\/h3>\n<p><a href=\"https:\/\/es-la.facebook.com\/AMPAEscolaPinetons\" target=\"_blank\" rel=\"noopener noreferrer\"><img loading=\"lazy\" decoding=\"async\" class=\"alignleft wp-image-3892\" src=\"https:\/\/agora.xtec.cat\/escelspinetons\/wp-content\/uploads\/usu1587\/2021\/05\/facebook-1.jpg\" alt=\"\" width=\"90\" height=\"89\" srcset=\"https:\/\/agora.xtec.cat\/escelspinetons\/wp-content\/uploads\/usu1587\/2021\/05\/facebook-1.jpg 472w, https:\/\/agora.xtec.cat\/escelspinetons\/wp-content\/uploads\/usu1587\/2021\/05\/facebook-1-150x150.jpg 150w, https:\/\/agora.xtec.cat\/escelspinetons\/wp-content\/uploads\/usu1587\/2021\/05\/facebook-1-300x300.jpg 300w\" sizes=\"auto, (max-width: 90px) 100vw, 90px\" \/><\/a><a href=\"https:\/\/www.instagram.com\/AMPA.escolapinetons\/\" target=\"_blank\" rel=\"noopener noreferrer\"><img loading=\"lazy\" decoding=\"async\" class=\"alignleft wp-image-3893\" src=\"https:\/\/agora.xtec.cat\/escelspinetons\/wp-content\/uploads\/usu1587\/2021\/05\/insta.jpg\" alt=\"\" width=\"92\" height=\"90\" srcset=\"https:\/\/agora.xtec.cat\/escelspinetons\/wp-content\/uploads\/usu1587\/2021\/05\/insta.jpg 473w, https:\/\/agora.xtec.cat\/escelspinetons\/wp-content\/uploads\/usu1587\/2021\/05\/insta-300x294.jpg 300w\" sizes=\"auto, (max-width: 92px) 100vw, 92px\" \/><\/a><\/p>\n<\/div>\n<div><\/div>\n<div class=\"paragraph\" style=\"text-align: center;\"><span style=\"color: #008080;\"><strong><span style=\"font-size: x-large;\">L&#8217;AFA som tots i totes<\/span><\/strong><\/span><\/div>\n<div class=\"paragraph\" style=\"text-align: center;\"><span style=\"color: #008080;\"><strong><span style=\"font-size: x-large;\"><br \/>\nParticipa!<\/span><\/strong><\/span><\/div>\n<div><\/div>\n<div class=\"paragraph\">\n<ul>\n<li style=\"list-style-type: none;\">\n<ul>\n<li style=\"list-style-type: none;\">\n<ul>\n<li style=\"list-style-type: none;\">\n<ul>\n<li style=\"list-style-type: none;\">\n<ul>\n<li style=\"list-style-type: none;\">\n<ul>\n<li style=\"list-style-type: none;\">\n<ul>\n<li style=\"list-style-type: none;\">\n<ul>\n<li style=\"list-style-type: none;\">\n<ul>\n<li style=\"list-style-type: none;\">\n<ul>\n<li style=\"list-style-type: none;\">\n<ul style=\"list-style-type: square;\">\n<li><span style=\"color: #008080;\"><strong><span style=\"font-size: large;\">Assisteix a les reunions bimensuals<\/span><\/strong><\/span><\/li>\n<li><span style=\"color: #008080;\"><strong><span style=\"font-size: large;\">Col\u00b7labora a les diferents activitats que es fan al llarg de l&#8217;any des de les comissions<\/span><\/strong><\/span><\/li>\n<li><span style=\"color: #008080;\"><strong><span style=\"font-size: large;\">Apunta&#8217;t al de grup Whatsapp <a href=\"https:\/\/chat.whatsapp.com\/FWi9svmU5gECGhqMLpfutb\" target=\"_blank\" rel=\"noopener\">&#8220;Granets de sorra&#8221;<\/a><\/span><\/strong><\/span><\/li>\n<li><span style=\"color: #008080;\"><strong><span style=\"font-size: large;\">Implica&#8217;t a la Junta<\/span><\/strong><\/span><\/li>\n<\/ul>\n<\/li>\n<\/ul>\n<\/li>\n<\/ul>\n<\/li>\n<\/ul>\n<\/li>\n<\/ul>\n<\/li>\n<\/ul>\n<\/li>\n<\/ul>\n<\/li>\n<\/ul>\n<\/li>\n<\/ul>\n<\/li>\n<\/ul>\n<\/li>\n<\/ul>\n<\/div>\n<div><\/div>\n","protected":false},"excerpt":{"rendered":"<p>L\u2019AFA \u00e9s l\u2019associaci\u00f3 de fam\u00edlies d\u2019alumnes. \u00c9s una entitat sense afany de lucre que t\u00e9 com a objectiu principal contribuir a la millora de la qualitat de l\u2019ensenyament que reben els infants. El seu funcionament es basa en el di\u00e0leg i en la col\u00b7laboraci\u00f3 amb els diferents sectors de la comunitat educativa. TOTA LA INFORMACI\u00d3 [&hellip;]<\/p>\n","protected":false},"author":1,"featured_media":0,"parent":2535,"menu_order":1,"comment_status":"closed","ping_status":"closed","template":"","meta":{"_bbp_topic_count":0,"_bbp_reply_count":0,"_bbp_total_topic_count":0,"_bbp_total_reply_count":0,"_bbp_voice_count":0,"_bbp_anonymous_reply_count":0,"_bbp_topic_count_hidden":0,"_bbp_reply_count_hidden":0,"_bbp_forum_subforum_count":0,"site-sidebar-layout":"default","site-content-layout":"","ast-site-content-layout":"default","site-content-style":"default","site-sidebar-style":"default","ast-global-header-display":"","ast-banner-title-visibility":"","ast-main-header-display":"","ast-hfb-above-header-display":"","ast-hfb-below-header-display":"","ast-hfb-mobile-header-display":"","site-post-title":"","ast-breadcrumbs-content":"","ast-featured-img":"","footer-sml-layout":"","theme-transparent-header-meta":"","adv-header-id-meta":"","stick-header-meta":"","header-above-stick-meta":"","header-main-stick-meta":"","header-below-stick-meta":"","astra-migrate-meta-layouts":"set","ast-page-background-enabled":"default","ast-page-background-meta":{"desktop":{"background-color":"var(--ast-global-color-4)","background-image":"","background-repeat":"repeat","background-position":"center center","background-size":"auto","background-attachment":"scroll","background-type":"","background-media":"","overlay-type":"","overlay-color":"","overlay-opacity":"","overlay-gradient":""},"tablet":{"background-color":"","background-image":"","background-repeat":"repeat","background-position":"center center","background-size":"auto","background-attachment":"scroll","background-type":"","background-media":"","overlay-type":"","overlay-color":"","overlay-opacity":"","overlay-gradient":""},"mobile":{"background-color":"","background-image":"","background-repeat":"repeat","background-position":"center center","background-size":"auto","background-attachment":"scroll","background-type":"","background-media":"","overlay-type":"","overlay-color":"","overlay-opacity":"","overlay-gradient":""}},"ast-content-background-meta":{"desktop":{"background-color":"var(--ast-global-color-5)","background-image":"","background-repeat":"repeat","background-position":"center center","background-size":"auto","background-attachment":"scroll","background-type":"","background-media":"","overlay-type":"","overlay-color":"","overlay-opacity":"","overlay-gradient":""},"tablet":{"background-color":"var(--ast-global-color-5)","background-image":"","background-repeat":"repeat","background-position":"center center","background-size":"auto","background-attachment":"scroll","background-type":"","background-media":"","overlay-type":"","overlay-color":"","overlay-opacity":"","overlay-gradient":""},"mobile":{"background-color":"var(--ast-global-color-5)","background-image":"","background-repeat":"repeat","background-position":"center center","background-size":"auto","background-attachment":"scroll","background-type":"","background-media":"","overlay-type":"","overlay-color":"","overlay-opacity":"","overlay-gradient":""}},"footnotes":""},"class_list":["post-546","page","type-page","status-publish","hentry"],"post_mailing_queue_ids":[],"_links":{"self":[{"href":"https:\/\/agora.xtec.cat\/escelspinetons\/wp-json\/wp\/v2\/pages\/546","targetHints":{"allow":["GET"]}}],"collection":[{"href":"https:\/\/agora.xtec.cat\/escelspinetons\/wp-json\/wp\/v2\/pages"}],"about":[{"href":"https:\/\/agora.xtec.cat\/escelspinetons\/wp-json\/wp\/v2\/types\/page"}],"author":[{"embeddable":true,"href":"https:\/\/agora.xtec.cat\/escelspinetons\/wp-json\/wp\/v2\/users\/1"}],"replies":[{"embeddable":true,"href":"https:\/\/agora.xtec.cat\/escelspinetons\/wp-json\/wp\/v2\/comments?post=546"}],"version-history":[{"count":6,"href":"https:\/\/agora.xtec.cat\/escelspinetons\/wp-json\/wp\/v2\/pages\/546\/revisions"}],"predecessor-version":[{"id":7578,"href":"https:\/\/agora.xtec.cat\/escelspinetons\/wp-json\/wp\/v2\/pages\/546\/revisions\/7578"}],"up":[{"embeddable":true,"href":"https:\/\/agora.xtec.cat\/escelspinetons\/wp-json\/wp\/v2\/pages\/2535"}],"wp:attachment":[{"href":"https:\/\/agora.xtec.cat\/escelspinetons\/wp-json\/wp\/v2\/media?parent=546"}],"curies":[{"name":"wp","href":"https:\/\/api.w.org\/{rel}","templated":true}]}}