{"id":537,"date":"2016-12-12T16:20:32","date_gmt":"2016-12-12T15:20:32","guid":{"rendered":"http:\/\/agora.xtec.cat\/escelspinetons\/?page_id=537"},"modified":"2021-01-29T15:22:56","modified_gmt":"2021-01-29T14:22:56","slug":"escola-verda","status":"publish","type":"page","link":"https:\/\/agora.xtec.cat\/escelspinetons\/documents-2\/projecte-escola\/escola-verda\/","title":{"rendered":"Escola Verda"},"content":{"rendered":"<p style=\"text-align: justify;\"><a href=\"http:\/\/agora.xtec.cat\/escelspinetons\/wp-content\/uploads\/usu1587\/2016\/12\/punt-verd2.jpg\"><img loading=\"lazy\" decoding=\"async\" class=\"aligncenter wp-image-1025\" src=\"http:\/\/agora.xtec.cat\/escelspinetons\/wp-content\/uploads\/usu1587\/2016\/12\/punt-verd2-1024x768.jpg\" alt=\"\" width=\"483\" height=\"363\" srcset=\"https:\/\/agora.xtec.cat\/escelspinetons\/wp-content\/uploads\/usu1587\/2016\/12\/punt-verd2.jpg 1024w, https:\/\/agora.xtec.cat\/escelspinetons\/wp-content\/uploads\/usu1587\/2016\/12\/punt-verd2-300x225.jpg 300w, https:\/\/agora.xtec.cat\/escelspinetons\/wp-content\/uploads\/usu1587\/2016\/12\/punt-verd2-768x576.jpg 768w, https:\/\/agora.xtec.cat\/escelspinetons\/wp-content\/uploads\/usu1587\/2016\/12\/punt-verd2-200x150.jpg 200w\" sizes=\"auto, (max-width: 483px) 100vw, 483px\" \/><\/a><\/p>\n<p style=\"text-align: justify;\">L\u2019Escola Els Pinetons forma part del projecte Escoles Verdes des de l\u2019any 2004. L\u2019objectiu principal \u00e9s vetllar pel medi ambient a partir del treball d\u2019una s\u00e8rie d\u2019actuacions que es porten a terme a l\u2019escola amb la implicaci\u00f3 d\u2019alumnat i professorat.<\/p>\n<p style=\"text-align: justify;\">A cada curs, des de primer fins a sis\u00e8, hi ha dos Delegats Verds o Delegades Verdes per aula. Aquests alumnes participen en reunions mensuals on es posen en com\u00fa les actuacions fetes.<\/p>\n<p style=\"text-align: center;\"><strong><span style=\"color: #339966;\"><u>ACTUACIONS<\/u><\/span><\/strong><\/p>\n<p style=\"text-align: justify;\"><strong><span style=\"color: #339966;\"><u>EURONET 50X50<\/u><\/span><\/strong><\/p>\n<p>\u00c9s un projecte europeu on participen m\u00e9s de 300 escoles de 13 pa\u00efsos diferents. Aquest \u00e9s un projecte viu que anem renovant de curs en curs.\u00a0 Es porta a terme amb la col\u00b7laboraci\u00f3 de l\u2019Ajuntament de La Garriga.<\/p>\n<p>Consisteix en prendre una s\u00e8rie de mesures per tal de disminuir el consum energ\u00e8tic de llum i calefacci\u00f3. L\u2019acci\u00f3 principal \u00e9s vetllar per tal que els llums de les aules, dels passadissos i dels lavabos, no quedin encesos quan no hi hagi ning\u00fa fent \u00fas dels espais anomenats. A m\u00e9s a m\u00e9s, en \u00e8poques de fred, tenim cura que portes i finestres estiguin tancades per tal de disminuir el consum de calefacci\u00f3.\u00a0 A les aules hi ha term\u00f2stats que mantenen l\u2019espai a una temperatura determinada, entre els 19 i 21 graus.<\/p>\n<p>L\u2019Ajuntament de La Garriga fa un seguiment de l\u2019estalvi econ\u00f2mic mitjan\u00e7ant les factures i ens premia amb aportacions econ\u00f2miques quan les xifres d\u2019estalvi s\u00f3n significatives. Aquests diners s\u2019inverteixen en la millora dels espais o en la compra de material pel centre.<\/p>\n<p>Els delegats verds fan \u201crevisions sorpresa\u201d per torns, per comprovar que aquestes iniciatives s\u2019estiguin duent a terme de manera correcta.<\/p>\n<p><iframe loading=\"lazy\" src=\"\/\/www.youtube.com\/embed\/p6GbOFMzT40\" width=\"560\" height=\"314\"><\/iframe><\/p>\n<p style=\"text-align: justify;\"><strong><span style=\"color: #339966;\"><u>RECICLATGE DE RESIDUS DINS L\u2019AULA I AL PATI<\/u><\/span><\/strong><\/p>\n<p>Vetllem per tal que l\u2019alumnat porti l\u2019esmorzar de casa en carmanyoles o embolcallat amb pl\u00e0stic, per tal de reduir l\u2019\u00fas del paper d\u2019alumini. A les aules i als espais comuns hi ha galledes de diferents colors per fer la recollida selectiva de residus.\u00a0 Disposem de la galleda marr\u00f3\u00a0 (residus org\u00e0nics), la galleda groga (pels pl\u00e0stics i envasos) i la galleda gris (pel rebuig).<\/p>\n<p>Al pati tamb\u00e9 hi ha dos cubells de gran capacitat, el marr\u00f3 i el groc.<\/p>\n<p>A m\u00e9s a m\u00e9s als passadissos hi ha unes caixes on es recull el paper i el cartr\u00f3.<\/p>\n<p style=\"text-align: justify;\"><strong><span style=\"color: #339966;\"><u>OLICLACK<\/u><\/span><\/strong><\/p>\n<p>Aquest projecte consisteix en la recollida d\u2019oli d\u2019\u00fas dom\u00e8stic en uns recipients anomenats Clakis. A l\u2019AMPA, podreu aconseguir un pagant una fian\u00e7a de 3 \u20ac. Quan tingueu el Claki ple, l\u2019heu de portar a l\u2019escola i l\u2019alumnat de 4t s\u2019encarrega, els dilluns al mat\u00ed, de la seva recollida. Prenen nota en una graella de qui que l\u2019ha portat i la data, i se li canvia per un de buit.\u00a0 Alhora es col\u00b7labora amb l\u2019associaci\u00f3 APINDEP en un projecte d\u2019inserci\u00f3 laboral, escolar i social, que el porten a terme persones amb alguna disminuci\u00f3.<\/p>\n<p>Cliqueu la imatge per veure&#8217;n m\u00e9s.<\/p>\n<p><a href=\"https:\/\/www.apindep.com\/servei-olinet\" target=\"_blank\" rel=\"noopener noreferrer\"><img loading=\"lazy\" decoding=\"async\" class=\"alignleft wp-image-3287 size-medium\" src=\"https:\/\/agora.xtec.cat\/escelspinetons\/wp-content\/uploads\/usu1587\/2021\/01\/apindep-oliclak-300x235.png\" alt=\"\" width=\"300\" height=\"235\" srcset=\"https:\/\/agora.xtec.cat\/escelspinetons\/wp-content\/uploads\/usu1587\/2021\/01\/apindep-oliclak-300x235.png 300w, https:\/\/agora.xtec.cat\/escelspinetons\/wp-content\/uploads\/usu1587\/2021\/01\/apindep-oliclak-768x601.png 768w, https:\/\/agora.xtec.cat\/escelspinetons\/wp-content\/uploads\/usu1587\/2021\/01\/apindep-oliclak.png 980w\" sizes=\"auto, (max-width: 300px) 100vw, 300px\" \/><\/a><\/p>\n<p>&nbsp;<\/p>\n<p>&nbsp;<\/p>\n<p>&nbsp;<\/p>\n<p>&nbsp;<\/p>\n<p>&nbsp;<\/p>\n<p>&nbsp;<\/p>\n<p style=\"text-align: justify;\"><span style=\"color: #339966;\"><strong><u>RECICLATGE D\u2019ANELLES DE PL\u00c0STIC<\/u><\/strong><\/span><\/p>\n<p style=\"text-align: justify;\">L\u2019escola\u00a0 participa en\u00a0<strong>\u201cEL PROGRAMA D\u2019EDUCACI\u00d3 AMBIENTAL L\u2019ANELLA\u201d <\/strong>que consisteix en la recollida d\u2019anelles de pl\u00e0stic que agrupen les llaunes de refrescos.<\/p>\n<p>Al punt verd tenim uns penjadors de fusta on l\u2019alumnat posa les anelles de pl\u00e0stic.\u00a0\u00a0Aquestes anelles s\u00f3n molt perilloses si van a parar al mar perqu\u00e8 els animals hi queden enganxats i poden morir ofegats.<\/p>\n<p>A finals de curs l\u2019alumnat de cicle inicial fa un treball de matem\u00e0tiques classificant el total en grups de desenes i centenes. Un cop recollit tot el material, en fem el recompte i el portem a la deixalleria del poble.<\/p>\n<p>Cal dir que la quantitat d\u2019anelles recollides \u00e9s important, ja que ens movem en xifres entre les 900 i les 1000 unitats.<\/p>\n<p style=\"text-align: justify;\"><span style=\"color: #339966;\"><strong><u>L\u2019HORT I LA BASSA<\/u><\/strong><\/span><\/p>\n<p style=\"text-align: justify;\">Des de fa 7 anys els nens i les nenes de 3r treballen l\u2019hort ecol\u00f2gic del pati del cicle. Des del curs passat s\u2019han fet 2 parades m\u00e9s ja que hi ha dos nivells de 3r. L\u2019hort es porta a terme a partir del treball per projectes i forma part de la programaci\u00f3 general i la de cicle.<\/p>\n<p style=\"text-align: justify;\"><a href=\"http:\/\/agora.xtec.cat\/escelspinetons\/wp-content\/uploads\/usu1587\/2016\/12\/jardinet-i-hort.jpg\"><img loading=\"lazy\" decoding=\"async\" class=\"alignnone size-large wp-image-704\" src=\"http:\/\/agora.xtec.cat\/escelspinetons\/wp-content\/uploads\/usu1587\/2016\/12\/jardinet-i-hort-1024x724.jpg\" alt=\"jardinet-i-hort\" width=\"1024\" height=\"724\" srcset=\"https:\/\/agora.xtec.cat\/escelspinetons\/wp-content\/uploads\/usu1587\/2016\/12\/jardinet-i-hort-1024x724.jpg 1024w, https:\/\/agora.xtec.cat\/escelspinetons\/wp-content\/uploads\/usu1587\/2016\/12\/jardinet-i-hort-300x212.jpg 300w, https:\/\/agora.xtec.cat\/escelspinetons\/wp-content\/uploads\/usu1587\/2016\/12\/jardinet-i-hort-768x543.jpg 768w\" sizes=\"auto, (max-width: 1024px) 100vw, 1024px\" \/><\/a><\/p>\n<p style=\"text-align: justify;\">Els cursos de 4t fan un projecte sobre la bassa com a ecosistema aqu\u00e0tic i durant aquest primer trimestre, com a novetat, s\u2019ha constru\u00eft una font de pissarra.<\/p>\n<p style=\"text-align: justify;\"><strong><span style=\"color: #339966;\"><u>ELS JARDINETS<\/u><\/span><\/strong><\/p>\n<p style=\"text-align: justify;\">Cada cicle de la nostra escola s\u2019encarrega del manteniment del seu jardinet. A Educaci\u00f3 Infantil tenen un jardinet amb flors. A Cicle Inicial hi ha arbres fruiters, maduixeres i flors. A Cicle Mitj\u00e0 hi ha la bassa, l\u2019hort i l\u2019hivernacle. I a Cicle Superior hi ha un jard\u00ed modernista amb arbres fruiters, plantes arom\u00e0tiques i flors.<\/p>\n<p style=\"text-align: justify;\"><a href=\"http:\/\/agora.xtec.cat\/escelspinetons\/wp-content\/uploads\/usu1587\/2016\/12\/jardinets.jpg\"><img loading=\"lazy\" decoding=\"async\" class=\"wp-image-703 aligncenter\" src=\"http:\/\/agora.xtec.cat\/escelspinetons\/wp-content\/uploads\/usu1587\/2016\/12\/jardinets-1024x724.jpg\" alt=\"jardinets\" width=\"809\" height=\"572\" srcset=\"https:\/\/agora.xtec.cat\/escelspinetons\/wp-content\/uploads\/usu1587\/2016\/12\/jardinets-1024x724.jpg 1024w, https:\/\/agora.xtec.cat\/escelspinetons\/wp-content\/uploads\/usu1587\/2016\/12\/jardinets-300x212.jpg 300w, https:\/\/agora.xtec.cat\/escelspinetons\/wp-content\/uploads\/usu1587\/2016\/12\/jardinets-768x543.jpg 768w, https:\/\/agora.xtec.cat\/escelspinetons\/wp-content\/uploads\/usu1587\/2016\/12\/jardinets.jpg 1754w\" sizes=\"auto, (max-width: 809px) 100vw, 809px\" \/><\/a><\/p>\n<p style=\"text-align: justify;\"><span style=\"color: #339966;\"><strong><u>APADRINAMENT DEL RIU CONGOST<\/u><\/strong><\/span><\/p>\n<p style=\"text-align: justify;\">L\u2019alumnat de l\u2019Escola Els Pinetons vetlla per la conservaci\u00f3 i el manteniment d\u2019un tram del riu Congost que passar a la vora de l\u2019escola.<\/p>\n<p style=\"text-align: justify;\">En aquest espai tot l\u2019alumnat del centre hi fa diferents activitats al llarg del curs, com s\u00f3n l\u2019an\u00e0lisi de l\u2019aigua, observaci\u00f3 i dibuix del paisatge o la lectura de contes entre els padrins i els fillols que porten a terme l\u2019apadrinament lector.<\/p>\n<p style=\"text-align: justify;\"><iframe loading=\"lazy\" src=\"https:\/\/www.youtube.com\/embed\/8siLoSGNOZM\" width=\"560\" height=\"315\" frameborder=\"0\"><\/iframe><\/p>\n<p style=\"text-align: justify;\"><span style=\"color: #339966;\"><strong><u>MOBILITZA&#8217;T PER LA SELVA<\/u><\/strong><\/span><\/p>\n<p>Aquesta campanya que hem iniciat durant el curs 2017-2018 \u00e9s de reciclatge de m\u00f2bils per sembrar l\u2019esperan\u00e7a a l\u2019\u00c0frica. L\u2019explotaci\u00f3 del coltan, un valu\u00f3s mineral que es fa servir en els nostres m\u00f2bils, ordinadors i consoles es troba a la Rep\u00fablica Democr\u00e0tica del Congo. La mineria utilitza m\u00e0 d\u2019obra infantil i a m\u00e9s destrueix els h\u00e0bitats d\u2019esp\u00e8cies com ximpanz\u00e9s i goril\u00b7les en greu perill per la ca\u00e7a furtiva i la desforestaci\u00f3.<\/p>\n<p>Per cada 30 m\u00f2bils recollits, la nostra escola apadrinar\u00e0 un ximpanz\u00e9.<\/p>\n<p>Aportant el teu m\u00f2bil en des\u00fas a la campanya pots ajudar a:<\/p>\n<ul>\n<li>REUTILITZAR terminals i REDUIR la insostenible demanda dels seus components minerals, que financia les guerrilles a la Rep\u00fablica del Congo.<\/li>\n<li>RECICLAR elements \u00fatils i disposar adequadament de materials t\u00f2xics, com les bateries, evitant la contaminaci\u00f3 del medi.<\/li>\n<li>RECAPTAR FONS PELS PROGRAMES DE DESENVOLUPAMENT, EDUCACI\u00d3 I CONSERVACI\u00d3 A L\u2019\u00c0FRICA, com el del Centre Jane Goodall a Tchimpounga.<\/li>\n<\/ul>\n<h4><span style=\"color: #666699;\"><a style=\"color: #666699;\" href=\"https:\/\/agora.xtec.cat\/escelspinetons\/?s=mobilit\" target=\"_blank\" rel=\"noopener noreferrer\"><span style=\"color: #33cccc;\">Clica per saber m\u00e9s<\/span><\/a><\/span><\/h4>\n<p><a href=\"https:\/\/mobilitzatperlaselva.org\/ca\/\" target=\"_blank\" rel=\"noopener noreferrer\"><img loading=\"lazy\" decoding=\"async\" class=\"aligncenter wp-image-3285\" src=\"https:\/\/agora.xtec.cat\/escelspinetons\/wp-content\/uploads\/usu1587\/2021\/01\/MOBILITZAT.png\" alt=\"\" width=\"483\" height=\"749\" srcset=\"https:\/\/agora.xtec.cat\/escelspinetons\/wp-content\/uploads\/usu1587\/2021\/01\/MOBILITZAT.png 569w, https:\/\/agora.xtec.cat\/escelspinetons\/wp-content\/uploads\/usu1587\/2021\/01\/MOBILITZAT-193x300.png 193w\" sizes=\"auto, (max-width: 483px) 100vw, 483px\" \/><\/a><\/p>\n<p><span style=\"color: #339966;\"><b><u>APILO<\/u><\/b><\/span><\/p>\n<p>A l&#8217;escola tamb\u00e9 reciclem les piles estem adherits al projecte Apilo. Si en voleu saber m\u00e9s aqu\u00ed hi ha l&#8217;enlla\u00e7: <a href=\"http:\/\/www.apilo.cat\/\" target=\"_blank\" rel=\"noopener noreferrer\">APILO<\/a><\/p>\n<p style=\"text-align: center;\"><a href=\"https:\/\/agora.xtec.cat\/escelspinetons\/wp-content\/uploads\/usu1587\/2019\/02\/container-apilo.jpg\"><img loading=\"lazy\" decoding=\"async\" class=\"size-full wp-image-1455 aligncenter\" src=\"https:\/\/agora.xtec.cat\/escelspinetons\/wp-content\/uploads\/usu1587\/2019\/02\/container-apilo.jpg\" alt=\"\" width=\"256\" height=\"390\" srcset=\"https:\/\/agora.xtec.cat\/escelspinetons\/wp-content\/uploads\/usu1587\/2019\/02\/container-apilo.jpg 256w, https:\/\/agora.xtec.cat\/escelspinetons\/wp-content\/uploads\/usu1587\/2019\/02\/container-apilo-197x300.jpg 197w\" sizes=\"auto, (max-width: 256px) 100vw, 256px\" \/><\/a><\/p>\n<p>&nbsp;<\/p>\n<p style=\"text-align: justify;\"><a href=\"http:\/\/agora.xtec.cat\/escelspinetons\/wp-content\/uploads\/usu1587\/2016\/12\/PROTOCOL1.jpg\"><img loading=\"lazy\" decoding=\"async\" class=\"alignnone wp-image-543\" src=\"http:\/\/agora.xtec.cat\/escelspinetons\/wp-content\/uploads\/usu1587\/2016\/12\/PROTOCOL1.jpg\" alt=\"protocol1\" width=\"796\" height=\"529\" srcset=\"https:\/\/agora.xtec.cat\/escelspinetons\/wp-content\/uploads\/usu1587\/2016\/12\/PROTOCOL1.jpg 962w, https:\/\/agora.xtec.cat\/escelspinetons\/wp-content\/uploads\/usu1587\/2016\/12\/PROTOCOL1-300x199.jpg 300w, https:\/\/agora.xtec.cat\/escelspinetons\/wp-content\/uploads\/usu1587\/2016\/12\/PROTOCOL1-768x510.jpg 768w\" sizes=\"auto, (max-width: 796px) 100vw, 796px\" \/><\/a> <a href=\"http:\/\/agora.xtec.cat\/escelspinetons\/wp-content\/uploads\/usu1587\/2016\/12\/PROTOCOL2.jpg\"><img loading=\"lazy\" decoding=\"async\" class=\"alignnone wp-image-544\" src=\"http:\/\/agora.xtec.cat\/escelspinetons\/wp-content\/uploads\/usu1587\/2016\/12\/PROTOCOL2.jpg\" alt=\"protocol2\" width=\"799\" height=\"541\" srcset=\"https:\/\/agora.xtec.cat\/escelspinetons\/wp-content\/uploads\/usu1587\/2016\/12\/PROTOCOL2.jpg 960w, https:\/\/agora.xtec.cat\/escelspinetons\/wp-content\/uploads\/usu1587\/2016\/12\/PROTOCOL2-300x203.jpg 300w, https:\/\/agora.xtec.cat\/escelspinetons\/wp-content\/uploads\/usu1587\/2016\/12\/PROTOCOL2-768x520.jpg 768w\" sizes=\"auto, (max-width: 799px) 100vw, 799px\" \/><\/a><\/p>\n<h2 style=\"text-align: center;\"><span style=\"color: #339966;\">Ja que ens hi posem, fem-ho b\u00e9!!<\/span><\/h2>\n","protected":false},"excerpt":{"rendered":"<p>L\u2019Escola Els Pinetons forma part del projecte Escoles Verdes des de l\u2019any 2004. L\u2019objectiu principal \u00e9s vetllar pel medi ambient a partir del treball d\u2019una s\u00e8rie d\u2019actuacions que es porten a terme a l\u2019escola amb la implicaci\u00f3 d\u2019alumnat i professorat. A cada curs, des de primer fins a sis\u00e8, hi ha dos Delegats Verds o [&hellip;]<\/p>\n","protected":false},"author":1,"featured_media":0,"parent":64,"menu_order":12,"comment_status":"closed","ping_status":"closed","template":"page-templates\/side-menu.php","meta":{"_bbp_topic_count":0,"_bbp_reply_count":0,"_bbp_total_topic_count":0,"_bbp_total_reply_count":0,"_bbp_voice_count":0,"_bbp_anonymous_reply_count":0,"_bbp_topic_count_hidden":0,"_bbp_reply_count_hidden":0,"_bbp_forum_subforum_count":0,"site-sidebar-layout":"default","site-content-layout":"","ast-site-content-layout":"","site-content-style":"default","site-sidebar-style":"default","ast-global-header-display":"","ast-banner-title-visibility":"","ast-main-header-display":"","ast-hfb-above-header-display":"","ast-hfb-below-header-display":"","ast-hfb-mobile-header-display":"","site-post-title":"","ast-breadcrumbs-content":"","ast-featured-img":"","footer-sml-layout":"","theme-transparent-header-meta":"","adv-header-id-meta":"","stick-header-meta":"","header-above-stick-meta":"","header-main-stick-meta":"","header-below-stick-meta":"","astra-migrate-meta-layouts":"default","ast-page-background-enabled":"default","ast-page-background-meta":{"desktop":{"background-color":"var(--ast-global-color-4)","background-image":"","background-repeat":"repeat","background-position":"center center","background-size":"auto","background-attachment":"scroll","background-type":"","background-media":"","overlay-type":"","overlay-color":"","overlay-opacity":"","overlay-gradient":""},"tablet":{"background-color":"","background-image":"","background-repeat":"repeat","background-position":"center center","background-size":"auto","background-attachment":"scroll","background-type":"","background-media":"","overlay-type":"","overlay-color":"","overlay-opacity":"","overlay-gradient":""},"mobile":{"background-color":"","background-image":"","background-repeat":"repeat","background-position":"center center","background-size":"auto","background-attachment":"scroll","background-type":"","background-media":"","overlay-type":"","overlay-color":"","overlay-opacity":"","overlay-gradient":""}},"ast-content-background-meta":{"desktop":{"background-color":"var(--ast-global-color-5)","background-image":"","background-repeat":"repeat","background-position":"center center","background-size":"auto","background-attachment":"scroll","background-type":"","background-media":"","overlay-type":"","overlay-color":"","overlay-opacity":"","overlay-gradient":""},"tablet":{"background-color":"var(--ast-global-color-5)","background-image":"","background-repeat":"repeat","background-position":"center center","background-size":"auto","background-attachment":"scroll","background-type":"","background-media":"","overlay-type":"","overlay-color":"","overlay-opacity":"","overlay-gradient":""},"mobile":{"background-color":"var(--ast-global-color-5)","background-image":"","background-repeat":"repeat","background-position":"center center","background-size":"auto","background-attachment":"scroll","background-type":"","background-media":"","overlay-type":"","overlay-color":"","overlay-opacity":"","overlay-gradient":""}},"footnotes":""},"class_list":["post-537","page","type-page","status-publish","hentry"],"post_mailing_queue_ids":[],"_links":{"self":[{"href":"https:\/\/agora.xtec.cat\/escelspinetons\/wp-json\/wp\/v2\/pages\/537","targetHints":{"allow":["GET"]}}],"collection":[{"href":"https:\/\/agora.xtec.cat\/escelspinetons\/wp-json\/wp\/v2\/pages"}],"about":[{"href":"https:\/\/agora.xtec.cat\/escelspinetons\/wp-json\/wp\/v2\/types\/page"}],"author":[{"embeddable":true,"href":"https:\/\/agora.xtec.cat\/escelspinetons\/wp-json\/wp\/v2\/users\/1"}],"replies":[{"embeddable":true,"href":"https:\/\/agora.xtec.cat\/escelspinetons\/wp-json\/wp\/v2\/comments?post=537"}],"version-history":[{"count":3,"href":"https:\/\/agora.xtec.cat\/escelspinetons\/wp-json\/wp\/v2\/pages\/537\/revisions"}],"predecessor-version":[{"id":3293,"href":"https:\/\/agora.xtec.cat\/escelspinetons\/wp-json\/wp\/v2\/pages\/537\/revisions\/3293"}],"up":[{"embeddable":true,"href":"https:\/\/agora.xtec.cat\/escelspinetons\/wp-json\/wp\/v2\/pages\/64"}],"wp:attachment":[{"href":"https:\/\/agora.xtec.cat\/escelspinetons\/wp-json\/wp\/v2\/media?parent=537"}],"curies":[{"name":"wp","href":"https:\/\/api.w.org\/{rel}","templated":true}]}}