{"id":4357,"date":"2021-12-18T15:35:37","date_gmt":"2021-12-18T14:35:37","guid":{"rendered":"https:\/\/agora.xtec.cat\/escelspinetons\/?page_id=4357"},"modified":"2021-12-18T15:35:43","modified_gmt":"2021-12-18T14:35:43","slug":"koalatext","status":"publish","type":"page","link":"https:\/\/agora.xtec.cat\/escelspinetons\/recursos-per-a-les-families\/koalatext\/","title":{"rendered":"Koalatext"},"content":{"rendered":"<p><strong>Koalatext<\/strong>\u00a0\u00e9s un recurs en l\u00ednia per aprendre la llengua anglesa, creat i desenvolupat per facilitar tant l\u2019ensenyament com l\u2019aprenentatge de l\u2019angl\u00e8s a professors i estudiants de diferents nivells escolars. M\u00e9s de 500 unitats de comprensi\u00f3 lectora, \u00e0udios, v\u00eddeos i flashcards fan de koalatext un recurs pr\u00e0ctic que ha de permetre als mestres i als infants millorar el seu treball diari d&#8217;ensenyar i aprendre l&#8217;angl\u00e8s. Tots els continguts estan classificats per camps sem\u00e0ntics diferents i nivells de dificultat graduats per tal que cada usuari trobi el seu nivell de treball personalitzat. Les unitats programades s\u00f3n f\u00e0cilment adaptables als diversos projectes i metodologies escolars i permeten que cada estudiant avanci al seu propi ritme.<\/p>\n<p>Els usuaris de les biblioteques del Sistema de Lectura P\u00fablica de Catalunya poden accedir de manera gratu\u00efta al Koalatext. Per accedir a aquests continguts digitals nom\u00e9s cal disposar del carnet d\u2019usuari d\u2019una biblioteca del Sistema de Lectura P\u00fablica de Catalunya i identificar-se a la biblioteca digital\u00a0<a href=\"http:\/\/ebiblio.cat\/\" target=\"_blank\" rel=\"noopener\">eBiblioCat<\/a>\u00a0.<\/p>\n<p><a href=\"http:\/\/ebiblio.cat\/\" target=\"_blank\" rel=\"noopener\">eBiblioCat<\/a>\u00a0\u00e9s la biblioteca digital del Sistema de Lectura P\u00fablica de Catalunya que actualment ofereix m\u00e9s de 8.200 llibres electr\u00f2nics, 90 revistes en format digital i m\u00e9s de 2.300 pel\u00b7l\u00edcules. Aquest projecte \u00e9s una col\u00b7laboraci\u00f3 del Servei de Biblioteques del Departament de Cultura de la Generalitat de Catalunya, la Ger\u00e8ncia de Serveis de Biblioteques de la Diputaci\u00f3 de Barcelona i el Consorci de Biblioteques de Barcelona, amb el suport del Ministeri de Cultura.<\/p>\n<p><a href=\"http:\/\/koalatext.com\/public\/\" target=\"_blank\" rel=\"noopener\">Enlla\u00e7 a ala p\u00e0gina web Koalatext<\/a><\/p>\n","protected":false},"excerpt":{"rendered":"<p>Koalatext\u00a0\u00e9s un recurs en l\u00ednia per aprendre la llengua anglesa, creat i desenvolupat per facilitar tant l\u2019ensenyament com l\u2019aprenentatge de l\u2019angl\u00e8s a professors i estudiants de diferents nivells escolars. M\u00e9s de 500 unitats de comprensi\u00f3 lectora, \u00e0udios, v\u00eddeos i flashcards fan de koalatext un recurs pr\u00e0ctic que ha de permetre als mestres i als infants [&hellip;]<\/p>\n","protected":false},"author":1,"featured_media":0,"parent":4352,"menu_order":15,"comment_status":"closed","ping_status":"closed","template":"page-templates\/side-menu.php","meta":{"_bbp_topic_count":0,"_bbp_reply_count":0,"_bbp_total_topic_count":0,"_bbp_total_reply_count":0,"_bbp_voice_count":0,"_bbp_anonymous_reply_count":0,"_bbp_topic_count_hidden":0,"_bbp_reply_count_hidden":0,"_bbp_forum_subforum_count":0,"site-sidebar-layout":"default","site-content-layout":"","ast-site-content-layout":"","site-content-style":"default","site-sidebar-style":"default","ast-global-header-display":"","ast-banner-title-visibility":"","ast-main-header-display":"","ast-hfb-above-header-display":"","ast-hfb-below-header-display":"","ast-hfb-mobile-header-display":"","site-post-title":"","ast-breadcrumbs-content":"","ast-featured-img":"","footer-sml-layout":"","theme-transparent-header-meta":"","adv-header-id-meta":"","stick-header-meta":"","header-above-stick-meta":"","header-main-stick-meta":"","header-below-stick-meta":"","astra-migrate-meta-layouts":"default","ast-page-background-enabled":"default","ast-page-background-meta":{"desktop":{"background-color":"var(--ast-global-color-4)","background-image":"","background-repeat":"repeat","background-position":"center center","background-size":"auto","background-attachment":"scroll","background-type":"","background-media":"","overlay-type":"","overlay-color":"","overlay-opacity":"","overlay-gradient":""},"tablet":{"background-color":"","background-image":"","background-repeat":"repeat","background-position":"center center","background-size":"auto","background-attachment":"scroll","background-type":"","background-media":"","overlay-type":"","overlay-color":"","overlay-opacity":"","overlay-gradient":""},"mobile":{"background-color":"","background-image":"","background-repeat":"repeat","background-position":"center center","background-size":"auto","background-attachment":"scroll","background-type":"","background-media":"","overlay-type":"","overlay-color":"","overlay-opacity":"","overlay-gradient":""}},"ast-content-background-meta":{"desktop":{"background-color":"var(--ast-global-color-5)","background-image":"","background-repeat":"repeat","background-position":"center center","background-size":"auto","background-attachment":"scroll","background-type":"","background-media":"","overlay-type":"","overlay-color":"","overlay-opacity":"","overlay-gradient":""},"tablet":{"background-color":"var(--ast-global-color-5)","background-image":"","background-repeat":"repeat","background-position":"center center","background-size":"auto","background-attachment":"scroll","background-type":"","background-media":"","overlay-type":"","overlay-color":"","overlay-opacity":"","overlay-gradient":""},"mobile":{"background-color":"var(--ast-global-color-5)","background-image":"","background-repeat":"repeat","background-position":"center center","background-size":"auto","background-attachment":"scroll","background-type":"","background-media":"","overlay-type":"","overlay-color":"","overlay-opacity":"","overlay-gradient":""}},"footnotes":""},"class_list":["post-4357","page","type-page","status-publish","hentry"],"post_mailing_queue_ids":[],"_links":{"self":[{"href":"https:\/\/agora.xtec.cat\/escelspinetons\/wp-json\/wp\/v2\/pages\/4357","targetHints":{"allow":["GET"]}}],"collection":[{"href":"https:\/\/agora.xtec.cat\/escelspinetons\/wp-json\/wp\/v2\/pages"}],"about":[{"href":"https:\/\/agora.xtec.cat\/escelspinetons\/wp-json\/wp\/v2\/types\/page"}],"author":[{"embeddable":true,"href":"https:\/\/agora.xtec.cat\/escelspinetons\/wp-json\/wp\/v2\/users\/1"}],"replies":[{"embeddable":true,"href":"https:\/\/agora.xtec.cat\/escelspinetons\/wp-json\/wp\/v2\/comments?post=4357"}],"version-history":[{"count":1,"href":"https:\/\/agora.xtec.cat\/escelspinetons\/wp-json\/wp\/v2\/pages\/4357\/revisions"}],"predecessor-version":[{"id":4358,"href":"https:\/\/agora.xtec.cat\/escelspinetons\/wp-json\/wp\/v2\/pages\/4357\/revisions\/4358"}],"up":[{"embeddable":true,"href":"https:\/\/agora.xtec.cat\/escelspinetons\/wp-json\/wp\/v2\/pages\/4352"}],"wp:attachment":[{"href":"https:\/\/agora.xtec.cat\/escelspinetons\/wp-json\/wp\/v2\/media?parent=4357"}],"curies":[{"name":"wp","href":"https:\/\/api.w.org\/{rel}","templated":true}]}}