{"id":4354,"date":"2021-12-18T15:32:23","date_gmt":"2021-12-18T14:32:23","guid":{"rendered":"https:\/\/agora.xtec.cat\/escelspinetons\/?page_id=4354"},"modified":"2023-02-16T18:14:47","modified_gmt":"2023-02-16T17:14:47","slug":"metode-gabarro","status":"publish","type":"page","link":"https:\/\/agora.xtec.cat\/escelspinetons\/recursos-per-a-les-families\/metode-gabarro\/","title":{"rendered":"M\u00e8tode Gabarr\u00f3"},"content":{"rendered":"<h6><span style=\"color: #000000;\">Bona ortografia sense esfor\u00e7<\/span><\/h6>\n<h6><span style=\"color: #000000;\">Reduir les faltes fins a un 80%<\/span><\/h6>\n<h6><span style=\"color: #000000;\">Millorar l&#8217;ortografia utilitzant la mem\u00f2ria visual<\/span><\/h6>\n<h6><span style=\"color: #000000;\">Personalitza el teu vocabulari d&#8217;estudi<\/span><\/h6>\n<h6><span style=\"color: #000000;\">Primer visualitzaci\u00f3, despr\u00e9s normes i diccionari<\/span><\/h6>\n<p>&nbsp;<\/p>\n<pre><a href=\"http:\/\/www.edudigital.es\/ca\/gabarro\/\">Enlla\u00e7 p\u00e0gina web<\/a><\/pre>\n","protected":false},"excerpt":{"rendered":"<p>Bona ortografia sense esfor\u00e7 Reduir les faltes fins a un 80% Millorar l&#8217;ortografia utilitzant la mem\u00f2ria visual Personalitza el teu vocabulari d&#8217;estudi Primer visualitzaci\u00f3, despr\u00e9s normes i diccionari &nbsp; Enlla\u00e7 p\u00e0gina web<\/p>\n","protected":false},"author":1,"featured_media":0,"parent":4352,"menu_order":20,"comment_status":"closed","ping_status":"closed","template":"page-templates\/side-menu.php","meta":{"_bbp_topic_count":0,"_bbp_reply_count":0,"_bbp_total_topic_count":0,"_bbp_total_reply_count":0,"_bbp_voice_count":0,"_bbp_anonymous_reply_count":0,"_bbp_topic_count_hidden":0,"_bbp_reply_count_hidden":0,"_bbp_forum_subforum_count":0,"site-sidebar-layout":"default","site-content-layout":"","ast-site-content-layout":"","site-content-style":"default","site-sidebar-style":"default","ast-global-header-display":"","ast-banner-title-visibility":"","ast-main-header-display":"","ast-hfb-above-header-display":"","ast-hfb-below-header-display":"","ast-hfb-mobile-header-display":"","site-post-title":"","ast-breadcrumbs-content":"","ast-featured-img":"","footer-sml-layout":"","theme-transparent-header-meta":"","adv-header-id-meta":"","stick-header-meta":"","header-above-stick-meta":"","header-main-stick-meta":"","header-below-stick-meta":"","astra-migrate-meta-layouts":"default","ast-page-background-enabled":"default","ast-page-background-meta":{"desktop":{"background-color":"var(--ast-global-color-4)","background-image":"","background-repeat":"repeat","background-position":"center center","background-size":"auto","background-attachment":"scroll","background-type":"","background-media":"","overlay-type":"","overlay-color":"","overlay-opacity":"","overlay-gradient":""},"tablet":{"background-color":"","background-image":"","background-repeat":"repeat","background-position":"center center","background-size":"auto","background-attachment":"scroll","background-type":"","background-media":"","overlay-type":"","overlay-color":"","overlay-opacity":"","overlay-gradient":""},"mobile":{"background-color":"","background-image":"","background-repeat":"repeat","background-position":"center center","background-size":"auto","background-attachment":"scroll","background-type":"","background-media":"","overlay-type":"","overlay-color":"","overlay-opacity":"","overlay-gradient":""}},"ast-content-background-meta":{"desktop":{"background-color":"var(--ast-global-color-5)","background-image":"","background-repeat":"repeat","background-position":"center center","background-size":"auto","background-attachment":"scroll","background-type":"","background-media":"","overlay-type":"","overlay-color":"","overlay-opacity":"","overlay-gradient":""},"tablet":{"background-color":"var(--ast-global-color-5)","background-image":"","background-repeat":"repeat","background-position":"center center","background-size":"auto","background-attachment":"scroll","background-type":"","background-media":"","overlay-type":"","overlay-color":"","overlay-opacity":"","overlay-gradient":""},"mobile":{"background-color":"var(--ast-global-color-5)","background-image":"","background-repeat":"repeat","background-position":"center center","background-size":"auto","background-attachment":"scroll","background-type":"","background-media":"","overlay-type":"","overlay-color":"","overlay-opacity":"","overlay-gradient":""}},"footnotes":""},"class_list":["post-4354","page","type-page","status-publish","hentry"],"post_mailing_queue_ids":[],"_links":{"self":[{"href":"https:\/\/agora.xtec.cat\/escelspinetons\/wp-json\/wp\/v2\/pages\/4354","targetHints":{"allow":["GET"]}}],"collection":[{"href":"https:\/\/agora.xtec.cat\/escelspinetons\/wp-json\/wp\/v2\/pages"}],"about":[{"href":"https:\/\/agora.xtec.cat\/escelspinetons\/wp-json\/wp\/v2\/types\/page"}],"author":[{"embeddable":true,"href":"https:\/\/agora.xtec.cat\/escelspinetons\/wp-json\/wp\/v2\/users\/1"}],"replies":[{"embeddable":true,"href":"https:\/\/agora.xtec.cat\/escelspinetons\/wp-json\/wp\/v2\/comments?post=4354"}],"version-history":[{"count":3,"href":"https:\/\/agora.xtec.cat\/escelspinetons\/wp-json\/wp\/v2\/pages\/4354\/revisions"}],"predecessor-version":[{"id":5276,"href":"https:\/\/agora.xtec.cat\/escelspinetons\/wp-json\/wp\/v2\/pages\/4354\/revisions\/5276"}],"up":[{"embeddable":true,"href":"https:\/\/agora.xtec.cat\/escelspinetons\/wp-json\/wp\/v2\/pages\/4352"}],"wp:attachment":[{"href":"https:\/\/agora.xtec.cat\/escelspinetons\/wp-json\/wp\/v2\/media?parent=4354"}],"curies":[{"name":"wp","href":"https:\/\/api.w.org\/{rel}","templated":true}]}}