{"id":4185,"date":"2021-11-12T11:53:38","date_gmt":"2021-11-12T10:53:38","guid":{"rendered":"https:\/\/agora.xtec.cat\/escelspinetons\/?page_id=4185"},"modified":"2021-11-12T11:53:38","modified_gmt":"2021-11-12T10:53:38","slug":"erasmus","status":"publish","type":"page","link":"https:\/\/agora.xtec.cat\/escelspinetons\/documents-2\/projecte-escola\/erasmus\/","title":{"rendered":"Erasmus +"},"content":{"rendered":"<p><span style=\"font-weight: 400;\">Enguany, la nostra escola participar\u00e0 en el projecte Erasmus+ promogut per la Comissi\u00f3 Europea per tal de millorar el nivell de compet\u00e8ncies b\u00e0siques, incrementar les possibilitats de mobilitat i millorar la qualitat de la tasca docent i del treball cooperatiu.<\/span><\/p>\n<p><span style=\"font-weight: 400;\">Aquest projecte s\u2019anomena TOGETHER (Teachers On a Great Experience THroughout EuRope) i est\u00e0 format per 8 escoles de la zona: Escola el Tur\u00f3, Escola Els Cingles, Escola Les Llisses, Escola Ron\u00e7ana, Escola Els Pinetons, Escola El Farell, Escola Bert\u00ed i Escola La Sagrera. TOGETHER est\u00e0 coordinat i dirigit pel CRP del Servei Educatiu del Vall\u00e8s Oriental IV i cofinan\u00e7at pel programa Erasmus+ de la Uni\u00f3 Europea.<\/span><\/p>\n<p><span style=\"font-weight: 400;\">El projecte t\u00e9 una durada de 18 mesos. A trav\u00e9s de la dotaci\u00f3 econ\u00f2mica rebuda, mestres representants de cada escola seran els encarregats de realitzar diversos cursos de formaci\u00f3 i visites a centres educatius pioners d\u2019arreu de la Uni\u00f3 Europea, aix\u00ed com assistir a diferents jornades pedag\u00f2giques organitzades per experts en la mat\u00e8ria.\u00a0<\/span><\/p>\n<p><span style=\"font-weight: 400;\">Els objectius del programa s\u00f3n:<\/span><\/p>\n<ol>\n<li><span style=\"font-weight: 400;\"> \u00a0 <\/span> <span style=\"font-weight: 400;\">Millorar la compet\u00e8ncia digital docent.<\/span><\/li>\n<li><span style=\"font-weight: 400;\"> \u00a0 <\/span> <span style=\"font-weight: 400;\">Promoure i integrar metodologies innovadores en l\u2019\u00e0rea de llengua anglesa.<\/span><\/li>\n<li><span style=\"font-weight: 400;\"> \u00a0 <\/span> <span style=\"font-weight: 400;\">Promoure la internacionalitzaci\u00f3 dels centres educatius de la zona.<\/span><\/li>\n<\/ol>\n<p><span style=\"font-weight: 400;\">La finalitat \u00e9s formar-nos a nivell de centre i fer-ne difusi\u00f3 a tota la comunitat educativa de la zona.<\/span><\/p>\n<p><span style=\"font-weight: 400;\">We are looking forward to starting this new adventure TOGETHER!<\/span><\/p>\n<p><img loading=\"lazy\" decoding=\"async\" class=\"aligncenter size-medium wp-image-4187\" src=\"https:\/\/agora.xtec.cat\/escelspinetons\/wp-content\/uploads\/usu1587\/2021\/11\/Imatge-pel-redactat-espai-web-escoles-300x212.jpg\" alt=\"\" width=\"300\" height=\"212\" srcset=\"https:\/\/agora.xtec.cat\/escelspinetons\/wp-content\/uploads\/usu1587\/2021\/11\/Imatge-pel-redactat-espai-web-escoles-300x212.jpg 300w, https:\/\/agora.xtec.cat\/escelspinetons\/wp-content\/uploads\/usu1587\/2021\/11\/Imatge-pel-redactat-espai-web-escoles-1024x724.jpg 1024w, https:\/\/agora.xtec.cat\/escelspinetons\/wp-content\/uploads\/usu1587\/2021\/11\/Imatge-pel-redactat-espai-web-escoles-768x543.jpg 768w, https:\/\/agora.xtec.cat\/escelspinetons\/wp-content\/uploads\/usu1587\/2021\/11\/Imatge-pel-redactat-espai-web-escoles-1536x1086.jpg 1536w, https:\/\/agora.xtec.cat\/escelspinetons\/wp-content\/uploads\/usu1587\/2021\/11\/Imatge-pel-redactat-espai-web-escoles-2048x1448.jpg 2048w\" sizes=\"auto, (max-width: 300px) 100vw, 300px\" \/><\/p>\n","protected":false},"excerpt":{"rendered":"<p>Enguany, la nostra escola participar\u00e0 en el projecte Erasmus+ promogut per la Comissi\u00f3 Europea per tal de millorar el nivell de compet\u00e8ncies b\u00e0siques, incrementar les possibilitats de mobilitat i millorar la qualitat de la tasca docent i del treball cooperatiu. Aquest projecte s\u2019anomena TOGETHER (Teachers On a Great Experience THroughout EuRope) i est\u00e0 format per [&hellip;]<\/p>\n","protected":false},"author":1,"featured_media":0,"parent":64,"menu_order":0,"comment_status":"closed","ping_status":"closed","template":"page-templates\/side-menu.php","meta":{"_bbp_topic_count":0,"_bbp_reply_count":0,"_bbp_total_topic_count":0,"_bbp_total_reply_count":0,"_bbp_voice_count":0,"_bbp_anonymous_reply_count":0,"_bbp_topic_count_hidden":0,"_bbp_reply_count_hidden":0,"_bbp_forum_subforum_count":0,"site-sidebar-layout":"default","site-content-layout":"","ast-site-content-layout":"","site-content-style":"default","site-sidebar-style":"default","ast-global-header-display":"","ast-banner-title-visibility":"","ast-main-header-display":"","ast-hfb-above-header-display":"","ast-hfb-below-header-display":"","ast-hfb-mobile-header-display":"","site-post-title":"","ast-breadcrumbs-content":"","ast-featured-img":"","footer-sml-layout":"","theme-transparent-header-meta":"","adv-header-id-meta":"","stick-header-meta":"","header-above-stick-meta":"","header-main-stick-meta":"","header-below-stick-meta":"","astra-migrate-meta-layouts":"default","ast-page-background-enabled":"default","ast-page-background-meta":{"desktop":{"background-color":"var(--ast-global-color-4)","background-image":"","background-repeat":"repeat","background-position":"center center","background-size":"auto","background-attachment":"scroll","background-type":"","background-media":"","overlay-type":"","overlay-color":"","overlay-opacity":"","overlay-gradient":""},"tablet":{"background-color":"","background-image":"","background-repeat":"repeat","background-position":"center center","background-size":"auto","background-attachment":"scroll","background-type":"","background-media":"","overlay-type":"","overlay-color":"","overlay-opacity":"","overlay-gradient":""},"mobile":{"background-color":"","background-image":"","background-repeat":"repeat","background-position":"center center","background-size":"auto","background-attachment":"scroll","background-type":"","background-media":"","overlay-type":"","overlay-color":"","overlay-opacity":"","overlay-gradient":""}},"ast-content-background-meta":{"desktop":{"background-color":"var(--ast-global-color-5)","background-image":"","background-repeat":"repeat","background-position":"center center","background-size":"auto","background-attachment":"scroll","background-type":"","background-media":"","overlay-type":"","overlay-color":"","overlay-opacity":"","overlay-gradient":""},"tablet":{"background-color":"var(--ast-global-color-5)","background-image":"","background-repeat":"repeat","background-position":"center center","background-size":"auto","background-attachment":"scroll","background-type":"","background-media":"","overlay-type":"","overlay-color":"","overlay-opacity":"","overlay-gradient":""},"mobile":{"background-color":"var(--ast-global-color-5)","background-image":"","background-repeat":"repeat","background-position":"center center","background-size":"auto","background-attachment":"scroll","background-type":"","background-media":"","overlay-type":"","overlay-color":"","overlay-opacity":"","overlay-gradient":""}},"footnotes":""},"class_list":["post-4185","page","type-page","status-publish","hentry"],"post_mailing_queue_ids":[],"_links":{"self":[{"href":"https:\/\/agora.xtec.cat\/escelspinetons\/wp-json\/wp\/v2\/pages\/4185","targetHints":{"allow":["GET"]}}],"collection":[{"href":"https:\/\/agora.xtec.cat\/escelspinetons\/wp-json\/wp\/v2\/pages"}],"about":[{"href":"https:\/\/agora.xtec.cat\/escelspinetons\/wp-json\/wp\/v2\/types\/page"}],"author":[{"embeddable":true,"href":"https:\/\/agora.xtec.cat\/escelspinetons\/wp-json\/wp\/v2\/users\/1"}],"replies":[{"embeddable":true,"href":"https:\/\/agora.xtec.cat\/escelspinetons\/wp-json\/wp\/v2\/comments?post=4185"}],"version-history":[{"count":2,"href":"https:\/\/agora.xtec.cat\/escelspinetons\/wp-json\/wp\/v2\/pages\/4185\/revisions"}],"predecessor-version":[{"id":4188,"href":"https:\/\/agora.xtec.cat\/escelspinetons\/wp-json\/wp\/v2\/pages\/4185\/revisions\/4188"}],"up":[{"embeddable":true,"href":"https:\/\/agora.xtec.cat\/escelspinetons\/wp-json\/wp\/v2\/pages\/64"}],"wp:attachment":[{"href":"https:\/\/agora.xtec.cat\/escelspinetons\/wp-json\/wp\/v2\/media?parent=4185"}],"curies":[{"name":"wp","href":"https:\/\/api.w.org\/{rel}","templated":true}]}}