{"id":3167,"date":"2020-12-13T16:43:32","date_gmt":"2020-12-13T15:43:32","guid":{"rendered":"http:\/\/agora.xtec.cat\/escelspinetons\/?page_id=3167"},"modified":"2020-12-13T17:59:09","modified_gmt":"2020-12-13T16:59:09","slug":"els-espais-de-lescola","status":"publish","type":"page","link":"https:\/\/agora.xtec.cat\/escelspinetons\/lescola\/els-espais-de-lescola\/","title":{"rendered":"Els espais de l&#8217;escola"},"content":{"rendered":"<p><b>L\u2019espai esdev\u00e9 un element fonamental en el proc\u00e9s d\u2019aprenentatge dels infants.<\/b><span style=\"font-weight: 400;\"> A l\u2019escola Els Pinetons creem entorns que permetin viure, crear, actuar, expressar&#8230;de manera respectuosa, aut\u00f2noma, i que proporcionin a tots els infants expectatives d\u2019\u00e8xit. A m\u00e9s a m\u00e9s, vetllem per disposar els espais escolars, tant interiors com exteriors, d\u2019una manera acollidora, agradable i cuidada des d\u2019un punt de vista est\u00e8tic.\u00a0<\/span><span style=\"font-weight: 400;\">Aquesta visi\u00f3 de l\u2019espai escolar es despr\u00e8n tamb\u00e9 de la concepci\u00f3 del curr\u00edculum per compet\u00e8ncies. La incorporaci\u00f3 de l\u2019aprenentatge per compet\u00e8ncies fa que a les escoles ens plantegem canvis metodol\u00f2gics i organitzatius.\u00a0<\/span><\/p>\n<p><b><i>\u201cL\u2019espai escolar \u00e9s un sistema viu en constant canvi i evoluci\u00f3, que posa la mirada en la formaci\u00f3 integral de l\u2019\u00e9sser hum\u00e0\u201d. <\/i><\/b><span style=\"font-weight: 400;\">Mirades al voltant de l\u2019espai escolar. Departament d\u2019Ensenyament (2017).<\/span><\/p>\n<p><b><i>\u201cEls entorns f\u00edsics agradables, c\u00e0lids i acollidors, amb materials curosament creats, ajuden a crear una atmosfera adequada per als aprenentatges\u201d.<\/i><\/b> <span style=\"font-weight: 400;\">L\u2019espai com a\u00a0 generador d\u2019aprenentatge<\/span><i><span style=\"font-weight: 400;\">.<\/span><\/i><span style=\"font-weight: 400;\"> Xarxa Telem\u00e0tica de Catalunya.<\/span><\/p>\n<p><b><i>\u201cSi concebem els espais com a llocs de permanent exploraci\u00f3, s\u2019obrir\u00e0 la possibilitat de generar noves propostes d\u2019aprenentatge dins i fora de les aules\u201d. <\/i><\/b><span style=\"font-weight: 400;\">Mirades al voltant de l\u2019espai escolar. Departament d\u2019Educaci\u00f3 (2017).<\/span><\/p>\n<p><span style=\"font-weight: 400;\">Les nostres aules d\u2019educaci\u00f3 infanti fa anys que tenen aquesta mirada est\u00e8tica al servei de l\u2019aprenentatge, i recentment hem transformat les aules de prim\u00e0ria. <\/span><b>Cada una de les aules de l\u2019escola est\u00e0 ambientada amb una tem\u00e0tica<\/b><span style=\"font-weight: 400;\">, relacionada amb el taller que s\u2019hi duu a terme: aula d\u2019art, aula de ci\u00e8ncies, aula de m\u00fasica&#8230;<\/span><\/p>\n<p><span style=\"font-weight: 400;\">Cliqueu a la imatge per veure els v\u00eddeos de les aules<\/span><\/p>\n<p><a href=\"https:\/\/view.genial.ly\/5fd549d937663f0d6c045ea6\/horizontal-infographic-review-aules-tematiques\" target=\"_blank\" rel=\"noopener noreferrer\"><img loading=\"lazy\" decoding=\"async\" class=\"aligncenter wp-image-3168 size-full\" src=\"https:\/\/agora.xtec.cat\/escelspinetons\/wp-content\/uploads\/usu1587\/2020\/12\/imatge-per-enllac\u0327.png\" alt=\"\" width=\"1320\" height=\"618\" srcset=\"https:\/\/agora.xtec.cat\/escelspinetons\/wp-content\/uploads\/usu1587\/2020\/12\/imatge-per-enllac\u0327.png 1320w, https:\/\/agora.xtec.cat\/escelspinetons\/wp-content\/uploads\/usu1587\/2020\/12\/imatge-per-enllac\u0327-300x140.png 300w, https:\/\/agora.xtec.cat\/escelspinetons\/wp-content\/uploads\/usu1587\/2020\/12\/imatge-per-enllac\u0327-768x360.png 768w, https:\/\/agora.xtec.cat\/escelspinetons\/wp-content\/uploads\/usu1587\/2020\/12\/imatge-per-enllac\u0327-1024x479.png 1024w\" sizes=\"auto, (max-width: 1320px) 100vw, 1320px\" \/><\/a><\/p>\n<p>&nbsp;<\/p>\n","protected":false},"excerpt":{"rendered":"<p>L\u2019espai esdev\u00e9 un element fonamental en el proc\u00e9s d\u2019aprenentatge dels infants. A l\u2019escola Els Pinetons creem entorns que permetin viure, crear, actuar, expressar&#8230;de manera respectuosa, aut\u00f2noma, i que proporcionin a tots els infants expectatives d\u2019\u00e8xit. A m\u00e9s a m\u00e9s, vetllem per disposar els espais escolars, tant interiors com exteriors, d\u2019una manera acollidora, agradable i cuidada [&hellip;]<\/p>\n","protected":false},"author":1,"featured_media":0,"parent":22,"menu_order":18,"comment_status":"closed","ping_status":"closed","template":"page-templates\/side-menu.php","meta":{"_bbp_topic_count":0,"_bbp_reply_count":0,"_bbp_total_topic_count":0,"_bbp_total_reply_count":0,"_bbp_voice_count":0,"_bbp_anonymous_reply_count":0,"_bbp_topic_count_hidden":0,"_bbp_reply_count_hidden":0,"_bbp_forum_subforum_count":0,"site-sidebar-layout":"default","site-content-layout":"","ast-site-content-layout":"","site-content-style":"default","site-sidebar-style":"default","ast-global-header-display":"","ast-banner-title-visibility":"","ast-main-header-display":"","ast-hfb-above-header-display":"","ast-hfb-below-header-display":"","ast-hfb-mobile-header-display":"","site-post-title":"","ast-breadcrumbs-content":"","ast-featured-img":"","footer-sml-layout":"","theme-transparent-header-meta":"","adv-header-id-meta":"","stick-header-meta":"","header-above-stick-meta":"","header-main-stick-meta":"","header-below-stick-meta":"","astra-migrate-meta-layouts":"default","ast-page-background-enabled":"default","ast-page-background-meta":{"desktop":{"background-color":"var(--ast-global-color-4)","background-image":"","background-repeat":"repeat","background-position":"center center","background-size":"auto","background-attachment":"scroll","background-type":"","background-media":"","overlay-type":"","overlay-color":"","overlay-opacity":"","overlay-gradient":""},"tablet":{"background-color":"","background-image":"","background-repeat":"repeat","background-position":"center center","background-size":"auto","background-attachment":"scroll","background-type":"","background-media":"","overlay-type":"","overlay-color":"","overlay-opacity":"","overlay-gradient":""},"mobile":{"background-color":"","background-image":"","background-repeat":"repeat","background-position":"center center","background-size":"auto","background-attachment":"scroll","background-type":"","background-media":"","overlay-type":"","overlay-color":"","overlay-opacity":"","overlay-gradient":""}},"ast-content-background-meta":{"desktop":{"background-color":"var(--ast-global-color-5)","background-image":"","background-repeat":"repeat","background-position":"center center","background-size":"auto","background-attachment":"scroll","background-type":"","background-media":"","overlay-type":"","overlay-color":"","overlay-opacity":"","overlay-gradient":""},"tablet":{"background-color":"var(--ast-global-color-5)","background-image":"","background-repeat":"repeat","background-position":"center center","background-size":"auto","background-attachment":"scroll","background-type":"","background-media":"","overlay-type":"","overlay-color":"","overlay-opacity":"","overlay-gradient":""},"mobile":{"background-color":"var(--ast-global-color-5)","background-image":"","background-repeat":"repeat","background-position":"center center","background-size":"auto","background-attachment":"scroll","background-type":"","background-media":"","overlay-type":"","overlay-color":"","overlay-opacity":"","overlay-gradient":""}},"footnotes":""},"class_list":["post-3167","page","type-page","status-publish","hentry"],"post_mailing_queue_ids":[],"_links":{"self":[{"href":"https:\/\/agora.xtec.cat\/escelspinetons\/wp-json\/wp\/v2\/pages\/3167","targetHints":{"allow":["GET"]}}],"collection":[{"href":"https:\/\/agora.xtec.cat\/escelspinetons\/wp-json\/wp\/v2\/pages"}],"about":[{"href":"https:\/\/agora.xtec.cat\/escelspinetons\/wp-json\/wp\/v2\/types\/page"}],"author":[{"embeddable":true,"href":"https:\/\/agora.xtec.cat\/escelspinetons\/wp-json\/wp\/v2\/users\/1"}],"replies":[{"embeddable":true,"href":"https:\/\/agora.xtec.cat\/escelspinetons\/wp-json\/wp\/v2\/comments?post=3167"}],"version-history":[{"count":3,"href":"https:\/\/agora.xtec.cat\/escelspinetons\/wp-json\/wp\/v2\/pages\/3167\/revisions"}],"predecessor-version":[{"id":3172,"href":"https:\/\/agora.xtec.cat\/escelspinetons\/wp-json\/wp\/v2\/pages\/3167\/revisions\/3172"}],"up":[{"embeddable":true,"href":"https:\/\/agora.xtec.cat\/escelspinetons\/wp-json\/wp\/v2\/pages\/22"}],"wp:attachment":[{"href":"https:\/\/agora.xtec.cat\/escelspinetons\/wp-json\/wp\/v2\/media?parent=3167"}],"curies":[{"name":"wp","href":"https:\/\/api.w.org\/{rel}","templated":true}]}}