{"id":3155,"date":"2020-12-12T15:39:18","date_gmt":"2020-12-12T14:39:18","guid":{"rendered":"http:\/\/agora.xtec.cat\/escelspinetons\/?page_id=3155"},"modified":"2025-10-09T09:02:24","modified_gmt":"2025-10-09T07:02:24","slug":"qui-som","status":"publish","type":"page","link":"https:\/\/agora.xtec.cat\/escelspinetons\/lescola\/qui-som\/","title":{"rendered":"Qui Som"},"content":{"rendered":"<p><strong>Equip Directiu:\u00a0<\/strong><\/p>\n<table style=\"border-collapse: collapse; width: 100%;\">\n<tbody>\n<tr>\n<td style=\"width: 33.3333%;\">Directora: Montse Valois<\/td>\n<td style=\"width: 33.3333%;\">Cap d&#8217;estudis: N\u00faria Rosell<\/td>\n<td style=\"width: 33.3333%;\">Secretaria: Eli Jorba<\/td>\n<\/tr>\n<\/tbody>\n<\/table>\n<p><img loading=\"lazy\" decoding=\"async\" class=\"aligncenter size-full wp-image-6429\" src=\"https:\/\/agora.xtec.cat\/escelspinetons\/wp-content\/uploads\/usu1587\/2024\/09\/EQUIP-DIRECTIU.jpg\" alt=\"\" width=\"1080\" height=\"1920\" srcset=\"https:\/\/agora.xtec.cat\/escelspinetons\/wp-content\/uploads\/usu1587\/2024\/09\/EQUIP-DIRECTIU.jpg 1080w, https:\/\/agora.xtec.cat\/escelspinetons\/wp-content\/uploads\/usu1587\/2024\/09\/EQUIP-DIRECTIU-169x300.jpg 169w, https:\/\/agora.xtec.cat\/escelspinetons\/wp-content\/uploads\/usu1587\/2024\/09\/EQUIP-DIRECTIU-576x1024.jpg 576w, https:\/\/agora.xtec.cat\/escelspinetons\/wp-content\/uploads\/usu1587\/2024\/09\/EQUIP-DIRECTIU-768x1365.jpg 768w, https:\/\/agora.xtec.cat\/escelspinetons\/wp-content\/uploads\/usu1587\/2024\/09\/EQUIP-DIRECTIU-864x1536.jpg 864w\" sizes=\"auto, (max-width: 1080px) 100vw, 1080px\" \/><\/p>\n<p><strong>Ed.Infantil:\u00a0<\/strong><\/p>\n<table style=\"width: 100%; height: 141px;\" width=\"100%\" cellspacing=\"0\" cellpadding=\"4\">\n<colgroup>\n<col width=\"85*\" \/>\n<col width=\"85*\" \/>\n<col width=\"85*\" \/> <\/colgroup>\n<tbody>\n<tr style=\"height: 33px;\" valign=\"top\">\n<td style=\"height: 10px;\" width=\"33%\">I3A: Eli Barbero<\/td>\n<td style=\"height: 10px;\" width=\"33%\">I4A: Gemma Giner<\/td>\n<td style=\"height: 10px;\" width=\"33%\">I5A: Anna Llavina<\/td>\n<\/tr>\n<tr style=\"height: 33px;\" valign=\"top\">\n<td style=\"height: 33px;\" width=\"33%\">I3B: Maria Dalf\u00f3<\/td>\n<td style=\"height: 33px;\" width=\"33%\">I4B:\u00a0 Mireia Ram\u00f3n<\/td>\n<td style=\"height: 33px;\" width=\"33%\">I5B: L\u00eddia Rocha<\/td>\n<\/tr>\n<tr style=\"height: 49px;\" valign=\"top\">\n<td style=\"height: 49px;\" width=\"33%\">TEI: Montse Atienza<\/td>\n<td style=\"height: 49px;\" width=\"33%\">Psicomotricitat: Marta Capdevila<\/td>\n<td style=\"height: 49px;\" width=\"33%\">M\u00fasica: Maria Dalf\u00f3\/ Elena Gimenez\/ Mariona Navarro<\/td>\n<\/tr>\n<tr style=\"height: 49px;\" valign=\"top\">\n<td style=\"height: 49px;\" width=\"33%\">Vetlladora: Maribel Ortega\/\u00a0 Cristina Valero<\/td>\n<td style=\"height: 49px;\" width=\"33%\">Atenci\u00f3 a la diversitat: Georgina Blanxart<\/td>\n<td style=\"height: 49px;\" width=\"33%\">Refor\u00e7: Georgina Blanxart \/Marta Capdevila\/ Montse Valois<\/td>\n<\/tr>\n<\/tbody>\n<\/table>\n<p><img loading=\"lazy\" decoding=\"async\" class=\"aligncenter size-full wp-image-6430\" src=\"https:\/\/agora.xtec.cat\/escelspinetons\/wp-content\/uploads\/usu1587\/2024\/09\/EDUCACIO-INFANTIL.jpg\" alt=\"\" width=\"1080\" height=\"1920\" srcset=\"https:\/\/agora.xtec.cat\/escelspinetons\/wp-content\/uploads\/usu1587\/2024\/09\/EDUCACIO-INFANTIL.jpg 1080w, https:\/\/agora.xtec.cat\/escelspinetons\/wp-content\/uploads\/usu1587\/2024\/09\/EDUCACIO-INFANTIL-169x300.jpg 169w, https:\/\/agora.xtec.cat\/escelspinetons\/wp-content\/uploads\/usu1587\/2024\/09\/EDUCACIO-INFANTIL-576x1024.jpg 576w, https:\/\/agora.xtec.cat\/escelspinetons\/wp-content\/uploads\/usu1587\/2024\/09\/EDUCACIO-INFANTIL-768x1365.jpg 768w, https:\/\/agora.xtec.cat\/escelspinetons\/wp-content\/uploads\/usu1587\/2024\/09\/EDUCACIO-INFANTIL-864x1536.jpg 864w\" sizes=\"auto, (max-width: 1080px) 100vw, 1080px\" \/><\/p>\n<p><strong>Cicle Inicial:<\/strong><\/p>\n<table style=\"width: 100%; height: 125px;\" width=\"100%\" cellspacing=\"0\" cellpadding=\"4\">\n<colgroup>\n<col width=\"85*\" \/>\n<col width=\"85*\" \/>\n<col width=\"85*\" \/> <\/colgroup>\n<tbody>\n<tr style=\"height: 80px;\" valign=\"top\">\n<td style=\"height: 10px;\" width=\"33%\">1rA:\u00a0 Toni Garc\u00eda<\/td>\n<td style=\"height: 10px;\" width=\"33%\">2nA: Eli S\u00e0nchez i Est\u00edbaliz Jurado<\/td>\n<td style=\"height: 10px;\" width=\"33%\">M\u00fasica: Elena Gimenez<\/td>\n<\/tr>\n<tr style=\"height: 33px;\" valign=\"top\">\n<td style=\"height: 33px;\" width=\"33%\">1rB: \u00cdngrid Terricabras<\/td>\n<td style=\"height: 33px;\" width=\"33%\">2nB: S\u00f2nia Paje<\/td>\n<td style=\"height: 33px;\" width=\"33%\">Angl\u00e8s: Est\u00edbaliz Jurado<\/td>\n<\/tr>\n<tr style=\"height: 33px;\" valign=\"top\">\n<td style=\"height: 33px;\" width=\"33%\">Atenci\u00f3 a la diversitat: Clara Renart<\/td>\n<td style=\"height: 33px;\" width=\"33%\">Refor\u00e7: \u00cdngrid Arellano<\/td>\n<td style=\"height: 33px;\" width=\"33%\">Ed. F\u00edsica: \u00cdngrid Arellano<\/td>\n<\/tr>\n<tr style=\"height: 49px;\">\n<td style=\"height: 49px;\">Vetlladora: Fina Berzal<\/td>\n<td style=\"height: 49px;\"><\/td>\n<td style=\"height: 49px;\"><\/td>\n<\/tr>\n<\/tbody>\n<\/table>\n<p><img loading=\"lazy\" decoding=\"async\" class=\"aligncenter size-full wp-image-6431\" src=\"https:\/\/agora.xtec.cat\/escelspinetons\/wp-content\/uploads\/usu1587\/2024\/09\/CICLE-INICIAL.jpg\" alt=\"\" width=\"1080\" height=\"1080\" srcset=\"https:\/\/agora.xtec.cat\/escelspinetons\/wp-content\/uploads\/usu1587\/2024\/09\/CICLE-INICIAL.jpg 1080w, https:\/\/agora.xtec.cat\/escelspinetons\/wp-content\/uploads\/usu1587\/2024\/09\/CICLE-INICIAL-300x300.jpg 300w, https:\/\/agora.xtec.cat\/escelspinetons\/wp-content\/uploads\/usu1587\/2024\/09\/CICLE-INICIAL-1024x1024.jpg 1024w, https:\/\/agora.xtec.cat\/escelspinetons\/wp-content\/uploads\/usu1587\/2024\/09\/CICLE-INICIAL-150x150.jpg 150w, https:\/\/agora.xtec.cat\/escelspinetons\/wp-content\/uploads\/usu1587\/2024\/09\/CICLE-INICIAL-768x768.jpg 768w\" sizes=\"auto, (max-width: 1080px) 100vw, 1080px\" \/><\/p>\n<p>Cicle Mitj\u00e0:<\/p>\n<table style=\"width: 100%; height: 154px;\" width=\"100%\" cellspacing=\"0\" cellpadding=\"4\">\n<colgroup>\n<col width=\"85*\" \/>\n<col width=\"85*\" \/>\n<col width=\"85*\" \/> <\/colgroup>\n<tbody>\n<tr style=\"height: 32px;\" valign=\"top\">\n<td style=\"height: 32px; width: 33%;\" width=\"33%\">3rA: Anna Hern\u00e1ndez i Neus Pujades<\/td>\n<td style=\"height: 32px; width: 33%;\" width=\"33%\">4tA:\u00a0 Carmen Ferrer<\/td>\n<td style=\"height: 32px; width: 33%;\" width=\"33%\">M\u00fasica: Esther Vila<\/td>\n<\/tr>\n<tr style=\"height: 32px;\" valign=\"top\">\n<td style=\"height: 32px; width: 33%;\" width=\"33%\">3rB:\u00a0 Marta Boluda<\/td>\n<td style=\"height: 32px; width: 33%;\" width=\"33%\">4tB:\u00a0 David Prada<\/td>\n<td style=\"height: 32px; width: 33%;\" width=\"33%\">Ed. F\u00edsica 3r: \u00cdngrid ArellanoEd. F\u00edsica 4t: Eli Jorba<\/td>\n<\/tr>\n<tr style=\"height: 58px;\" valign=\"top\">\n<td style=\"height: 58px; width: 33%;\" width=\"33%\">Atenci\u00f3 a la diversitat 3r: Clara Renart<\/td>\n<td style=\"height: 58px; width: 33%;\" width=\"33%\">Atenci\u00f3 a la diversitat 4t Roser Bernard<\/td>\n<td style=\"height: 58px; width: 33%;\" width=\"33%\">Angl\u00e8s: Mireia Valls<\/td>\n<\/tr>\n<tr>\n<td style=\"width: 33%;\">Aula d&#8217;acollida: Eli Checa<\/td>\n<td style=\"width: 33%;\">Vetlladora: Fina Berzal<\/td>\n<td style=\"width: 33%;\"><\/td>\n<\/tr>\n<\/tbody>\n<\/table>\n<p><img loading=\"lazy\" decoding=\"async\" class=\"aligncenter size-full wp-image-6432\" src=\"https:\/\/agora.xtec.cat\/escelspinetons\/wp-content\/uploads\/usu1587\/2024\/09\/EDUCACIO-INFANTIL-1.jpg\" alt=\"\" width=\"1080\" height=\"1920\" srcset=\"https:\/\/agora.xtec.cat\/escelspinetons\/wp-content\/uploads\/usu1587\/2024\/09\/EDUCACIO-INFANTIL-1.jpg 1080w, https:\/\/agora.xtec.cat\/escelspinetons\/wp-content\/uploads\/usu1587\/2024\/09\/EDUCACIO-INFANTIL-1-169x300.jpg 169w, https:\/\/agora.xtec.cat\/escelspinetons\/wp-content\/uploads\/usu1587\/2024\/09\/EDUCACIO-INFANTIL-1-576x1024.jpg 576w, https:\/\/agora.xtec.cat\/escelspinetons\/wp-content\/uploads\/usu1587\/2024\/09\/EDUCACIO-INFANTIL-1-768x1365.jpg 768w, https:\/\/agora.xtec.cat\/escelspinetons\/wp-content\/uploads\/usu1587\/2024\/09\/EDUCACIO-INFANTIL-1-864x1536.jpg 864w\" sizes=\"auto, (max-width: 1080px) 100vw, 1080px\" \/><\/p>\n<p>Cicle Superior:<\/p>\n<table width=\"100%\" cellspacing=\"0\" cellpadding=\"4\">\n<colgroup>\n<col width=\"85*\" \/>\n<col width=\"85*\" \/>\n<col width=\"85*\" \/> <\/colgroup>\n<tbody>\n<tr valign=\"top\">\n<td width=\"33%\">5\u00e8A:\u00a0 Dolors Berenguer<\/td>\n<td width=\"33%\">6\u00e8A: Sonia Afuera<\/td>\n<td width=\"33%\">Atenci\u00f3 a la diversitat: Roser Bernard<\/td>\n<\/tr>\n<tr valign=\"top\">\n<td width=\"33%\">5\u00e8B: Marc Padr\u00f3s<\/td>\n<td width=\"33%\">6\u00e8B: S\u00edlvia Ragasol<\/td>\n<td width=\"33%\">M\u00fasica: Elena Gim\u00e9nez<\/td>\n<\/tr>\n<tr valign=\"top\">\n<td width=\"33%\">Angl\u00e8s: Mireia Valls<\/td>\n<td width=\"33%\">Refor\u00e7: Noelia Granel<\/td>\n<td width=\"33%\">Tallers: Montse Valois i N\u00faria Rosell<\/td>\n<\/tr>\n<tr>\n<td>Educaci\u00f3 F\u00edsica 5\u00e8: Marc Padr\u00f3s<\/td>\n<td>Educaci\u00f3 F\u00edsica 6\u00e8:Eli Jorba<\/td>\n<td>Aula d&#8217;acollida: Eli Checa<\/td>\n<\/tr>\n<\/tbody>\n<\/table>\n<p><img loading=\"lazy\" decoding=\"async\" class=\"aligncenter size-full wp-image-6433\" src=\"https:\/\/agora.xtec.cat\/escelspinetons\/wp-content\/uploads\/usu1587\/2024\/09\/CICLE-SUPERIOR.jpg\" alt=\"\" width=\"1414\" height=\"2000\" srcset=\"https:\/\/agora.xtec.cat\/escelspinetons\/wp-content\/uploads\/usu1587\/2024\/09\/CICLE-SUPERIOR.jpg 1414w, https:\/\/agora.xtec.cat\/escelspinetons\/wp-content\/uploads\/usu1587\/2024\/09\/CICLE-SUPERIOR-212x300.jpg 212w, https:\/\/agora.xtec.cat\/escelspinetons\/wp-content\/uploads\/usu1587\/2024\/09\/CICLE-SUPERIOR-724x1024.jpg 724w, https:\/\/agora.xtec.cat\/escelspinetons\/wp-content\/uploads\/usu1587\/2024\/09\/CICLE-SUPERIOR-768x1086.jpg 768w, https:\/\/agora.xtec.cat\/escelspinetons\/wp-content\/uploads\/usu1587\/2024\/09\/CICLE-SUPERIOR-1086x1536.jpg 1086w\" sizes=\"auto, (max-width: 1414px) 100vw, 1414px\" \/><\/p>\n<p><strong>Personal no docent:<\/strong><\/p>\n<table style=\"border-collapse: collapse; width: 100%;\">\n<tbody>\n<tr>\n<td style=\"width: 50%;\"><strong>Logopeda:<\/strong> Lourdes Badell\/ Susanna Gonz\u00e0lez\/ Isabel<\/td>\n<td style=\"width: 50%;\"><strong>Psicopedagoga:<\/strong> Anna Salas<\/td>\n<\/tr>\n<tr>\n<td style=\"width: 50%;\"><strong>Conserge:<\/strong> Eugeni Sans<\/td>\n<td style=\"width: 50%;\"><strong>Administrativa:<\/strong> Marian Guti\u00e9rrez<\/td>\n<\/tr>\n<\/tbody>\n<\/table>\n<p><img loading=\"lazy\" decoding=\"async\" class=\"aligncenter size-full wp-image-6434\" src=\"https:\/\/agora.xtec.cat\/escelspinetons\/wp-content\/uploads\/usu1587\/2024\/09\/PERSONAL-NO-DOCENT.jpg\" alt=\"\" width=\"1080\" height=\"1080\" srcset=\"https:\/\/agora.xtec.cat\/escelspinetons\/wp-content\/uploads\/usu1587\/2024\/09\/PERSONAL-NO-DOCENT.jpg 1080w, https:\/\/agora.xtec.cat\/escelspinetons\/wp-content\/uploads\/usu1587\/2024\/09\/PERSONAL-NO-DOCENT-300x300.jpg 300w, https:\/\/agora.xtec.cat\/escelspinetons\/wp-content\/uploads\/usu1587\/2024\/09\/PERSONAL-NO-DOCENT-1024x1024.jpg 1024w, https:\/\/agora.xtec.cat\/escelspinetons\/wp-content\/uploads\/usu1587\/2024\/09\/PERSONAL-NO-DOCENT-150x150.jpg 150w, https:\/\/agora.xtec.cat\/escelspinetons\/wp-content\/uploads\/usu1587\/2024\/09\/PERSONAL-NO-DOCENT-768x768.jpg 768w\" sizes=\"auto, (max-width: 1080px) 100vw, 1080px\" \/><\/p>\n","protected":false},"excerpt":{"rendered":"<p>Equip Directiu:\u00a0 Directora: Montse Valois Cap d&#8217;estudis: N\u00faria Rosell Secretaria: Eli Jorba Ed.Infantil:\u00a0 I3A: Eli Barbero I4A: Gemma Giner I5A: Anna Llavina I3B: Maria Dalf\u00f3 I4B:\u00a0 Mireia Ram\u00f3n I5B: L\u00eddia Rocha TEI: Montse Atienza Psicomotricitat: Marta Capdevila M\u00fasica: Maria Dalf\u00f3\/ Elena Gimenez\/ Mariona Navarro Vetlladora: Maribel Ortega\/\u00a0 Cristina Valero Atenci\u00f3 a la diversitat: Georgina Blanxart [&hellip;]<\/p>\n","protected":false},"author":1,"featured_media":0,"parent":22,"menu_order":15,"comment_status":"closed","ping_status":"closed","template":"","meta":{"_bbp_topic_count":0,"_bbp_reply_count":0,"_bbp_total_topic_count":0,"_bbp_total_reply_count":0,"_bbp_voice_count":0,"_bbp_anonymous_reply_count":0,"_bbp_topic_count_hidden":0,"_bbp_reply_count_hidden":0,"_bbp_forum_subforum_count":0,"site-sidebar-layout":"default","site-content-layout":"","ast-site-content-layout":"default","site-content-style":"default","site-sidebar-style":"default","ast-global-header-display":"","ast-banner-title-visibility":"","ast-main-header-display":"","ast-hfb-above-header-display":"","ast-hfb-below-header-display":"","ast-hfb-mobile-header-display":"","site-post-title":"","ast-breadcrumbs-content":"","ast-featured-img":"","footer-sml-layout":"","theme-transparent-header-meta":"","adv-header-id-meta":"","stick-header-meta":"","header-above-stick-meta":"","header-main-stick-meta":"","header-below-stick-meta":"","astra-migrate-meta-layouts":"set","ast-page-background-enabled":"default","ast-page-background-meta":{"desktop":{"background-color":"var(--ast-global-color-4)","background-image":"","background-repeat":"repeat","background-position":"center center","background-size":"auto","background-attachment":"scroll","background-type":"","background-media":"","overlay-type":"","overlay-color":"","overlay-opacity":"","overlay-gradient":""},"tablet":{"background-color":"","background-image":"","background-repeat":"repeat","background-position":"center center","background-size":"auto","background-attachment":"scroll","background-type":"","background-media":"","overlay-type":"","overlay-color":"","overlay-opacity":"","overlay-gradient":""},"mobile":{"background-color":"","background-image":"","background-repeat":"repeat","background-position":"center center","background-size":"auto","background-attachment":"scroll","background-type":"","background-media":"","overlay-type":"","overlay-color":"","overlay-opacity":"","overlay-gradient":""}},"ast-content-background-meta":{"desktop":{"background-color":"var(--ast-global-color-5)","background-image":"","background-repeat":"repeat","background-position":"center center","background-size":"auto","background-attachment":"scroll","background-type":"","background-media":"","overlay-type":"","overlay-color":"","overlay-opacity":"","overlay-gradient":""},"tablet":{"background-color":"var(--ast-global-color-5)","background-image":"","background-repeat":"repeat","background-position":"center center","background-size":"auto","background-attachment":"scroll","background-type":"","background-media":"","overlay-type":"","overlay-color":"","overlay-opacity":"","overlay-gradient":""},"mobile":{"background-color":"var(--ast-global-color-5)","background-image":"","background-repeat":"repeat","background-position":"center center","background-size":"auto","background-attachment":"scroll","background-type":"","background-media":"","overlay-type":"","overlay-color":"","overlay-opacity":"","overlay-gradient":""}},"footnotes":""},"class_list":["post-3155","page","type-page","status-publish","hentry"],"post_mailing_queue_ids":[],"_links":{"self":[{"href":"https:\/\/agora.xtec.cat\/escelspinetons\/wp-json\/wp\/v2\/pages\/3155","targetHints":{"allow":["GET"]}}],"collection":[{"href":"https:\/\/agora.xtec.cat\/escelspinetons\/wp-json\/wp\/v2\/pages"}],"about":[{"href":"https:\/\/agora.xtec.cat\/escelspinetons\/wp-json\/wp\/v2\/types\/page"}],"author":[{"embeddable":true,"href":"https:\/\/agora.xtec.cat\/escelspinetons\/wp-json\/wp\/v2\/users\/1"}],"replies":[{"embeddable":true,"href":"https:\/\/agora.xtec.cat\/escelspinetons\/wp-json\/wp\/v2\/comments?post=3155"}],"version-history":[{"count":7,"href":"https:\/\/agora.xtec.cat\/escelspinetons\/wp-json\/wp\/v2\/pages\/3155\/revisions"}],"predecessor-version":[{"id":7295,"href":"https:\/\/agora.xtec.cat\/escelspinetons\/wp-json\/wp\/v2\/pages\/3155\/revisions\/7295"}],"up":[{"embeddable":true,"href":"https:\/\/agora.xtec.cat\/escelspinetons\/wp-json\/wp\/v2\/pages\/22"}],"wp:attachment":[{"href":"https:\/\/agora.xtec.cat\/escelspinetons\/wp-json\/wp\/v2\/media?parent=3155"}],"curies":[{"name":"wp","href":"https:\/\/api.w.org\/{rel}","templated":true}]}}