{"id":26,"date":"2014-09-18T12:24:32","date_gmt":"2014-09-18T10:24:32","guid":{"rendered":"http:\/\/agora.xtec.cat\/escelspinetons\/?page_id=26"},"modified":"2020-10-20T13:13:53","modified_gmt":"2020-10-20T11:13:53","slug":"historia","status":"publish","type":"page","link":"https:\/\/agora.xtec.cat\/escelspinetons\/lescola\/historia\/","title":{"rendered":"Hist\u00f2ria"},"content":{"rendered":"<p align=\"center\">UNA MICA \u2026. D\u2019HIST\u00d2RIA<\/p>\n<p style=\"text-align: justify;\" align=\"left\">La nostra escola va comen\u00e7ar a funcionar en 4 aules prefabricades, popularment anomenades \u201ccaracoles\u201d com a conseq\u00fc\u00e8ncia de la massificaci\u00f3 d\u2019alumnes de les dues escoles p\u00fabliques de la Garriga \u2013 Puiggraci\u00f3s i Tagamanent -, va ser al curs 1988-89. Aquestes aules estaven ubicades on ara tenim la piscina municipal, vam comen\u00e7ar amb 104 alumnes de P4 a 3r i 5 mestres voluntaris procedents de l\u2019escola Puiggraci\u00f3s. L\u2019escola es va inaugurar oficialment el 27 de novembre de 1988.<\/p>\n<p style=\"text-align: justify;\" align=\"left\">El curs 1992-93 l\u2019equip docent era de 13 mestres, ten\u00edem 256 alumnes de P3 a 8\u00e8.<\/p>\n<p style=\"text-align: justify;\" align=\"left\">El curs 1993-94 es demana la participaci\u00f3 en el Pla d\u2019Escoles associades a la UNESCO del qual en comencem a formar part l\u2019any seg\u00fcent. A partir d\u2019aquest moment es fa un projecte d\u2019agermanament amb Chiapas (M\u00e8xic) coordinat tamb\u00e9 amb l\u2019associaci\u00f3 Garriga Societat Civil.<\/p>\n<p style=\"text-align: justify;\" align=\"left\">Al tercer trimestre del curs 1994-95 es fa el trasllat a l\u2019edifici actual, obra de l\u2019arquitecte Isidre Molsosa. El 17 de juny es fa la inauguraci\u00f3 oficial i entre altres actes es balla el ball de cintes que no es ballava a la poblaci\u00f3 des de feia m\u00e9s de 100 anys.<\/p>\n<p style=\"text-align: justify;\" align=\"left\">El curs 1997-98, degut al creixement de la poblaci\u00f3, es dobla el curs de P3, \u00e9s l\u2019inici del desdoblament de l\u2019escola. Aquest mateix any els cursos de 7\u00e8 i 8\u00e8 passaran definitivament a l\u2019Institut.<\/p>\n<p style=\"text-align: justify;\" align=\"left\">El curs 1998-99 celebrem el 10\u00e8 aniversari de l\u2019escola, tenim 233 alumnes i un equip de 17 mestres<\/p>\n<p style=\"text-align: justify;\" align=\"left\">El curs 2002-03 participem en el programa d\u2019Escoles Verdes i entre tots portem a terme les actuacions ambientals proposades en els plans triennals.<\/p>\n<p style=\"text-align: justify;\" align=\"left\">Al mes de setembre del 2007 l\u2019escola va estrenar un edifici nou, annexionat a l\u2019actual on s\u2019ha ubicat tot el parvulari, aula de psicomotricitat, aules per petits grups i menjador.<\/p>\n<p style=\"text-align: justify;\" align=\"left\">El curs 2010-11 l\u2019escola guanya el premi Baldiri i Reixac pel seu projecte \u201cLa r\u00e0dio a l\u2019Escola\u201d<\/p>\n<p style=\"text-align: justify;\" align=\"left\">El curs 2013-2014 vam celebrar el 25\u00e8 aniversari.<\/p>\n<p style=\"text-align: justify;\" align=\"left\">Actualment som una escola de doble l\u00ednia amb un equip d&#8217;uns 31 mestres i gaireb\u00e9 443 alumnes.<\/p>\n","protected":false},"excerpt":{"rendered":"<p>UNA MICA \u2026. D\u2019HIST\u00d2RIA La nostra escola va comen\u00e7ar a funcionar en 4 aules prefabricades, popularment anomenades \u201ccaracoles\u201d com a conseq\u00fc\u00e8ncia de la massificaci\u00f3 d\u2019alumnes de les dues escoles p\u00fabliques de la Garriga \u2013 Puiggraci\u00f3s i Tagamanent -, va ser al curs 1988-89. Aquestes aules estaven ubicades on ara tenim la piscina municipal, vam comen\u00e7ar [&hellip;]<\/p>\n","protected":false},"author":1,"featured_media":0,"parent":22,"menu_order":0,"comment_status":"closed","ping_status":"closed","template":"page-templates\/side-menu.php","meta":{"_bbp_topic_count":0,"_bbp_reply_count":0,"_bbp_total_topic_count":0,"_bbp_total_reply_count":0,"_bbp_voice_count":0,"_bbp_anonymous_reply_count":0,"_bbp_topic_count_hidden":0,"_bbp_reply_count_hidden":0,"_bbp_forum_subforum_count":0,"site-sidebar-layout":"default","site-content-layout":"","ast-site-content-layout":"","site-content-style":"default","site-sidebar-style":"default","ast-global-header-display":"","ast-banner-title-visibility":"","ast-main-header-display":"","ast-hfb-above-header-display":"","ast-hfb-below-header-display":"","ast-hfb-mobile-header-display":"","site-post-title":"","ast-breadcrumbs-content":"","ast-featured-img":"","footer-sml-layout":"","theme-transparent-header-meta":"","adv-header-id-meta":"","stick-header-meta":"","header-above-stick-meta":"","header-main-stick-meta":"","header-below-stick-meta":"","astra-migrate-meta-layouts":"default","ast-page-background-enabled":"default","ast-page-background-meta":{"desktop":{"background-color":"var(--ast-global-color-4)","background-image":"","background-repeat":"repeat","background-position":"center center","background-size":"auto","background-attachment":"scroll","background-type":"","background-media":"","overlay-type":"","overlay-color":"","overlay-opacity":"","overlay-gradient":""},"tablet":{"background-color":"","background-image":"","background-repeat":"repeat","background-position":"center center","background-size":"auto","background-attachment":"scroll","background-type":"","background-media":"","overlay-type":"","overlay-color":"","overlay-opacity":"","overlay-gradient":""},"mobile":{"background-color":"","background-image":"","background-repeat":"repeat","background-position":"center center","background-size":"auto","background-attachment":"scroll","background-type":"","background-media":"","overlay-type":"","overlay-color":"","overlay-opacity":"","overlay-gradient":""}},"ast-content-background-meta":{"desktop":{"background-color":"var(--ast-global-color-5)","background-image":"","background-repeat":"repeat","background-position":"center center","background-size":"auto","background-attachment":"scroll","background-type":"","background-media":"","overlay-type":"","overlay-color":"","overlay-opacity":"","overlay-gradient":""},"tablet":{"background-color":"var(--ast-global-color-5)","background-image":"","background-repeat":"repeat","background-position":"center center","background-size":"auto","background-attachment":"scroll","background-type":"","background-media":"","overlay-type":"","overlay-color":"","overlay-opacity":"","overlay-gradient":""},"mobile":{"background-color":"var(--ast-global-color-5)","background-image":"","background-repeat":"repeat","background-position":"center center","background-size":"auto","background-attachment":"scroll","background-type":"","background-media":"","overlay-type":"","overlay-color":"","overlay-opacity":"","overlay-gradient":""}},"footnotes":""},"class_list":["post-26","page","type-page","status-publish","hentry"],"post_mailing_queue_ids":[],"_links":{"self":[{"href":"https:\/\/agora.xtec.cat\/escelspinetons\/wp-json\/wp\/v2\/pages\/26","targetHints":{"allow":["GET"]}}],"collection":[{"href":"https:\/\/agora.xtec.cat\/escelspinetons\/wp-json\/wp\/v2\/pages"}],"about":[{"href":"https:\/\/agora.xtec.cat\/escelspinetons\/wp-json\/wp\/v2\/types\/page"}],"author":[{"embeddable":true,"href":"https:\/\/agora.xtec.cat\/escelspinetons\/wp-json\/wp\/v2\/users\/1"}],"replies":[{"embeddable":true,"href":"https:\/\/agora.xtec.cat\/escelspinetons\/wp-json\/wp\/v2\/comments?post=26"}],"version-history":[{"count":3,"href":"https:\/\/agora.xtec.cat\/escelspinetons\/wp-json\/wp\/v2\/pages\/26\/revisions"}],"predecessor-version":[{"id":2832,"href":"https:\/\/agora.xtec.cat\/escelspinetons\/wp-json\/wp\/v2\/pages\/26\/revisions\/2832"}],"up":[{"embeddable":true,"href":"https:\/\/agora.xtec.cat\/escelspinetons\/wp-json\/wp\/v2\/pages\/22"}],"wp:attachment":[{"href":"https:\/\/agora.xtec.cat\/escelspinetons\/wp-json\/wp\/v2\/media?parent=26"}],"curies":[{"name":"wp","href":"https:\/\/api.w.org\/{rel}","templated":true}]}}