{"id":2329,"date":"2020-05-08T13:43:23","date_gmt":"2020-05-08T11:43:23","guid":{"rendered":"http:\/\/agora.xtec.cat\/escelspinetons\/?page_id=2329"},"modified":"2020-05-13T11:10:20","modified_gmt":"2020-05-13T09:10:20","slug":"pas-3-fer-la-sollicitud","status":"publish","type":"page","link":"https:\/\/agora.xtec.cat\/escelspinetons\/pas-3-fer-la-sollicitud\/","title":{"rendered":"Pas 3 &#8211; Fer la sol\u00b7licitud"},"content":{"rendered":"<h3 style=\"text-align: center;\"><span style=\"text-decoration: underline;\"><span style=\"color: #339966; text-decoration: underline;\">TERMINI PER LLIURAR LA SOL\u00b7LICITUD I LA DOCUMENTACI\u00d3<\/span><\/span><\/h3>\n<h3 style=\"text-align: center;\"><span style=\"color: #339966;\">Del dimecres 13 al divendres 22 de maig, telem\u00e0ticament\u00a0\u00a0<\/span><\/h3>\n<h3 style=\"text-align: center;\"><span style=\"color: #339966;\">Del dimarts 19 al divendres 22 de maig, de forma presencial (per situaci\u00f3 excepcional)<\/span><\/h3>\n<p>&nbsp;<\/p>\n<h3><span style=\"color: #339966;\">Teniu dues opcions, i us recomanem especialment la primera (en negre).<\/span><\/h3>\n<p>&nbsp;<\/p>\n<h3><span style=\"color: #000000;\"><span style=\"color: #99cc00;\">OPCI\u00d3 1.<\/span> Omplir la sol.licitud de forma telem\u00e0tica, des del vostre ordinador (acc\u00e9s disponible a partir del 13 de maig). Un cop omplerta la sol.licitud, se us generar\u00e0 autom\u00e0ticament un resguard, que haureu d\u2019enviar al correu de l\u2019escola, juntament amb la documentaci\u00f3 que us demanem que prepareu al <a href=\"http:\/\/agora.xtec.cat\/escelspinetons\/pas-2-documentacio\/\"><strong><span style=\"color: #33cccc;\">Pas 2.<\/span><\/strong><\/a><\/span><\/h3>\n<h3 style=\"text-align: center;\"><span style=\"color: #339966;\"><span style=\"color: #33cccc;\"><a href=\"http:\/\/ensenyament.gencat.cat\/ca\/tramits\/tramits-temes\/20483_preinscripcio_escolar?moda=1\" target=\"_blank\" rel=\"noopener noreferrer\">ACC\u00c9S per fer la sol.licitud telem\u00e0tica<\/a> <\/span><\/span><\/h3>\n<p><a href=\"https:\/\/youtu.be\/NSGbz5ZdilI\"><img loading=\"lazy\" decoding=\"async\" class=\"aligncenter size-full wp-image-2398\" src=\"https:\/\/agora.xtec.cat\/escelspinetons\/wp-content\/uploads\/usu1587\/2020\/05\/TUTORIAL-PREINS.jpg\" alt=\"\" width=\"372\" height=\"162\" srcset=\"https:\/\/agora.xtec.cat\/escelspinetons\/wp-content\/uploads\/usu1587\/2020\/05\/TUTORIAL-PREINS.jpg 372w, https:\/\/agora.xtec.cat\/escelspinetons\/wp-content\/uploads\/usu1587\/2020\/05\/TUTORIAL-PREINS-300x131.jpg 300w\" sizes=\"auto, (max-width: 372px) 100vw, 372px\" \/><\/a><\/p>\n<p>&nbsp;<\/p>\n<p>&nbsp;<\/p>\n<h4><span style=\"color: #339966;\"><span style=\"color: #99cc00;\">OPCI\u00d3 2.<\/span> En cas d&#8217;extrema necessitat, i havent esgotat totes les possibilitats anteriors d&#8217;omplir i lliurar els documents, podeu optar per presentar la sol\u00b7licitud de forma presencial. El Departament d&#8217;Educaci\u00f3 ens recorda el seg\u00fcent:<\/span><\/h4>\n<h4><img loading=\"lazy\" decoding=\"async\" class=\"aligncenter wp-image-2333\" src=\"https:\/\/agora.xtec.cat\/escelspinetons\/wp-content\/uploads\/usu1587\/2020\/05\/Po\u0301ster-Concienciacio\u0301n-sobre-el-VIH-Rojo-Minimalista.png\" alt=\"\" width=\"758\" height=\"1073\" srcset=\"https:\/\/agora.xtec.cat\/escelspinetons\/wp-content\/uploads\/usu1587\/2020\/05\/Po\u0301ster-Concienciacio\u0301n-sobre-el-VIH-Rojo-Minimalista.png 1587w, https:\/\/agora.xtec.cat\/escelspinetons\/wp-content\/uploads\/usu1587\/2020\/05\/Po\u0301ster-Concienciacio\u0301n-sobre-el-VIH-Rojo-Minimalista-212x300.png 212w, https:\/\/agora.xtec.cat\/escelspinetons\/wp-content\/uploads\/usu1587\/2020\/05\/Po\u0301ster-Concienciacio\u0301n-sobre-el-VIH-Rojo-Minimalista-768x1086.png 768w, https:\/\/agora.xtec.cat\/escelspinetons\/wp-content\/uploads\/usu1587\/2020\/05\/Po\u0301ster-Concienciacio\u0301n-sobre-el-VIH-Rojo-Minimalista-724x1024.png 724w\" sizes=\"auto, (max-width: 758px) 100vw, 758px\" \/><\/h4>\n<h4><\/h4>\n<h4><\/h4>\n<h3 style=\"text-align: center;\"><span style=\"color: #339966;\">Haureu de <span style=\"text-decoration: underline; color: #33cccc;\">demanar cita pr\u00e8via<\/span> (cliqueu <a href=\"https:\/\/forms.gle\/Wi4z698w1PAXJJo59\" target=\"_blank\" rel=\"noopener noreferrer\"><span style=\"color: #33cccc;\">AQUI<\/span><\/a>) al tel\u00e8fon de l&#8217;escola: <span style=\"color: #33cccc;\">93.871.70.72<\/span>, o per correu electr\u00f2nic a la seg\u00fcent adre\u00e7a:\u00a0<span style=\"color: #33cccc;\"> escelspinetons@xtec.cat\u00a0<\/span><\/span><\/h3>\n<p><a href=\"http:\/\/agora.xtec.cat\/escelspinetons\/preinscripcio-2020-21\/\" target=\"_blank\" rel=\"noopener noreferrer\"><img loading=\"lazy\" decoding=\"async\" class=\"aligncenter wp-image-2307\" src=\"https:\/\/agora.xtec.cat\/escelspinetons\/wp-content\/uploads\/usu1587\/2020\/05\/TORNAR.png\" alt=\"\" width=\"338\" height=\"137\" srcset=\"https:\/\/agora.xtec.cat\/escelspinetons\/wp-content\/uploads\/usu1587\/2020\/05\/TORNAR.png 585w, https:\/\/agora.xtec.cat\/escelspinetons\/wp-content\/uploads\/usu1587\/2020\/05\/TORNAR-300x121.png 300w\" sizes=\"auto, (max-width: 338px) 100vw, 338px\" \/><\/a><\/p>\n","protected":false},"excerpt":{"rendered":"<p>TERMINI PER LLIURAR LA SOL\u00b7LICITUD I LA DOCUMENTACI\u00d3 Del dimecres 13 al divendres 22 de maig, telem\u00e0ticament\u00a0\u00a0 Del dimarts 19 al divendres 22 de maig, de forma presencial (per situaci\u00f3 excepcional) &nbsp; Teniu dues opcions, i us recomanem especialment la primera (en negre). &nbsp; OPCI\u00d3 1. Omplir la sol.licitud de forma telem\u00e0tica, des del vostre [&hellip;]<\/p>\n","protected":false},"author":1,"featured_media":0,"parent":0,"menu_order":0,"comment_status":"closed","ping_status":"closed","template":"","meta":{"_bbp_topic_count":0,"_bbp_reply_count":0,"_bbp_total_topic_count":0,"_bbp_total_reply_count":0,"_bbp_voice_count":0,"_bbp_anonymous_reply_count":0,"_bbp_topic_count_hidden":0,"_bbp_reply_count_hidden":0,"_bbp_forum_subforum_count":0,"site-sidebar-layout":"default","site-content-layout":"","ast-site-content-layout":"","site-content-style":"default","site-sidebar-style":"default","ast-global-header-display":"","ast-banner-title-visibility":"","ast-main-header-display":"","ast-hfb-above-header-display":"","ast-hfb-below-header-display":"","ast-hfb-mobile-header-display":"","site-post-title":"","ast-breadcrumbs-content":"","ast-featured-img":"","footer-sml-layout":"","theme-transparent-header-meta":"","adv-header-id-meta":"","stick-header-meta":"","header-above-stick-meta":"","header-main-stick-meta":"","header-below-stick-meta":"","astra-migrate-meta-layouts":"default","ast-page-background-enabled":"default","ast-page-background-meta":{"desktop":{"background-color":"var(--ast-global-color-4)","background-image":"","background-repeat":"repeat","background-position":"center center","background-size":"auto","background-attachment":"scroll","background-type":"","background-media":"","overlay-type":"","overlay-color":"","overlay-opacity":"","overlay-gradient":""},"tablet":{"background-color":"","background-image":"","background-repeat":"repeat","background-position":"center center","background-size":"auto","background-attachment":"scroll","background-type":"","background-media":"","overlay-type":"","overlay-color":"","overlay-opacity":"","overlay-gradient":""},"mobile":{"background-color":"","background-image":"","background-repeat":"repeat","background-position":"center center","background-size":"auto","background-attachment":"scroll","background-type":"","background-media":"","overlay-type":"","overlay-color":"","overlay-opacity":"","overlay-gradient":""}},"ast-content-background-meta":{"desktop":{"background-color":"var(--ast-global-color-5)","background-image":"","background-repeat":"repeat","background-position":"center center","background-size":"auto","background-attachment":"scroll","background-type":"","background-media":"","overlay-type":"","overlay-color":"","overlay-opacity":"","overlay-gradient":""},"tablet":{"background-color":"var(--ast-global-color-5)","background-image":"","background-repeat":"repeat","background-position":"center center","background-size":"auto","background-attachment":"scroll","background-type":"","background-media":"","overlay-type":"","overlay-color":"","overlay-opacity":"","overlay-gradient":""},"mobile":{"background-color":"var(--ast-global-color-5)","background-image":"","background-repeat":"repeat","background-position":"center center","background-size":"auto","background-attachment":"scroll","background-type":"","background-media":"","overlay-type":"","overlay-color":"","overlay-opacity":"","overlay-gradient":""}},"footnotes":""},"class_list":["post-2329","page","type-page","status-publish","hentry"],"post_mailing_queue_ids":[],"_links":{"self":[{"href":"https:\/\/agora.xtec.cat\/escelspinetons\/wp-json\/wp\/v2\/pages\/2329","targetHints":{"allow":["GET"]}}],"collection":[{"href":"https:\/\/agora.xtec.cat\/escelspinetons\/wp-json\/wp\/v2\/pages"}],"about":[{"href":"https:\/\/agora.xtec.cat\/escelspinetons\/wp-json\/wp\/v2\/types\/page"}],"author":[{"embeddable":true,"href":"https:\/\/agora.xtec.cat\/escelspinetons\/wp-json\/wp\/v2\/users\/1"}],"replies":[{"embeddable":true,"href":"https:\/\/agora.xtec.cat\/escelspinetons\/wp-json\/wp\/v2\/comments?post=2329"}],"version-history":[{"count":4,"href":"https:\/\/agora.xtec.cat\/escelspinetons\/wp-json\/wp\/v2\/pages\/2329\/revisions"}],"predecessor-version":[{"id":2402,"href":"https:\/\/agora.xtec.cat\/escelspinetons\/wp-json\/wp\/v2\/pages\/2329\/revisions\/2402"}],"wp:attachment":[{"href":"https:\/\/agora.xtec.cat\/escelspinetons\/wp-json\/wp\/v2\/media?parent=2329"}],"curies":[{"name":"wp","href":"https:\/\/api.w.org\/{rel}","templated":true}]}}