{"id":2305,"date":"2020-05-08T15:13:39","date_gmt":"2020-05-08T13:13:39","guid":{"rendered":"http:\/\/agora.xtec.cat\/escelspinetons\/?page_id=2305"},"modified":"2020-05-09T08:28:14","modified_gmt":"2020-05-09T06:28:14","slug":"pas-1-informacio","status":"publish","type":"page","link":"https:\/\/agora.xtec.cat\/escelspinetons\/pas-1-informacio\/","title":{"rendered":"Pas 1 &#8211; Informaci\u00f3"},"content":{"rendered":"<h4><span style=\"color: #339966;\">LLEGIU ATENTAMENT LA INFORMACI\u00d3 RELATIVA AL PROC\u00c9S DE PREINSCRIPCI\u00d3: puntuaci\u00f3, barem i terminis.<\/span><\/h4>\n<h4><a href=\"https:\/\/govern.cat\/salapremsa\/notes-premsa\/385054\/preinscripcio-escolar-leducacio-infantil-primaria-eso-sera-13-22-maig\" target=\"_blank\" rel=\"noopener noreferrer\"><span style=\"color: #33cccc;\">https:\/\/govern.cat\/salapremsa\/notes-premsa\/385054\/preinscripcio-escolar-leducacio-infantil-primaria-eso-sera-13-22-maig<\/span><\/a><\/h4>\n<h4><a href=\"http:\/\/queestudiar.gencat.cat\/ca\/preinscripcio\/estudis\/obligatoris\/\" target=\"_blank\" rel=\"noopener noreferrer\"><span style=\"color: #33cccc;\">http:\/\/queestudiar.gencat.cat\/ca\/preinscripcio\/estudis\/obligatoris\/<\/span><\/a><\/h4>\n<p>&nbsp;<\/p>\n<p><a href=\"http:\/\/agora.xtec.cat\/escelspinetons\/preinscripcio-2020-21\/\"><img loading=\"lazy\" decoding=\"async\" class=\"aligncenter wp-image-2307\" src=\"https:\/\/agora.xtec.cat\/escelspinetons\/wp-content\/uploads\/usu1587\/2020\/05\/TORNAR.png\" alt=\"\" width=\"258\" height=\"105\" srcset=\"https:\/\/agora.xtec.cat\/escelspinetons\/wp-content\/uploads\/usu1587\/2020\/05\/TORNAR.png 585w, https:\/\/agora.xtec.cat\/escelspinetons\/wp-content\/uploads\/usu1587\/2020\/05\/TORNAR-300x121.png 300w\" sizes=\"auto, (max-width: 258px) 100vw, 258px\" \/><\/a><\/p>\n","protected":false},"excerpt":{"rendered":"<p>LLEGIU ATENTAMENT LA INFORMACI\u00d3 RELATIVA AL PROC\u00c9S DE PREINSCRIPCI\u00d3: puntuaci\u00f3, barem i terminis. https:\/\/govern.cat\/salapremsa\/notes-premsa\/385054\/preinscripcio-escolar-leducacio-infantil-primaria-eso-sera-13-22-maig http:\/\/queestudiar.gencat.cat\/ca\/preinscripcio\/estudis\/obligatoris\/ &nbsp;<\/p>\n","protected":false},"author":1,"featured_media":0,"parent":0,"menu_order":0,"comment_status":"closed","ping_status":"closed","template":"","meta":{"_bbp_topic_count":0,"_bbp_reply_count":0,"_bbp_total_topic_count":0,"_bbp_total_reply_count":0,"_bbp_voice_count":0,"_bbp_anonymous_reply_count":0,"_bbp_topic_count_hidden":0,"_bbp_reply_count_hidden":0,"_bbp_forum_subforum_count":0,"site-sidebar-layout":"default","site-content-layout":"","ast-site-content-layout":"","site-content-style":"default","site-sidebar-style":"default","ast-global-header-display":"","ast-banner-title-visibility":"","ast-main-header-display":"","ast-hfb-above-header-display":"","ast-hfb-below-header-display":"","ast-hfb-mobile-header-display":"","site-post-title":"","ast-breadcrumbs-content":"","ast-featured-img":"","footer-sml-layout":"","theme-transparent-header-meta":"","adv-header-id-meta":"","stick-header-meta":"","header-above-stick-meta":"","header-main-stick-meta":"","header-below-stick-meta":"","astra-migrate-meta-layouts":"default","ast-page-background-enabled":"default","ast-page-background-meta":{"desktop":{"background-color":"var(--ast-global-color-4)","background-image":"","background-repeat":"repeat","background-position":"center center","background-size":"auto","background-attachment":"scroll","background-type":"","background-media":"","overlay-type":"","overlay-color":"","overlay-opacity":"","overlay-gradient":""},"tablet":{"background-color":"","background-image":"","background-repeat":"repeat","background-position":"center center","background-size":"auto","background-attachment":"scroll","background-type":"","background-media":"","overlay-type":"","overlay-color":"","overlay-opacity":"","overlay-gradient":""},"mobile":{"background-color":"","background-image":"","background-repeat":"repeat","background-position":"center center","background-size":"auto","background-attachment":"scroll","background-type":"","background-media":"","overlay-type":"","overlay-color":"","overlay-opacity":"","overlay-gradient":""}},"ast-content-background-meta":{"desktop":{"background-color":"var(--ast-global-color-5)","background-image":"","background-repeat":"repeat","background-position":"center center","background-size":"auto","background-attachment":"scroll","background-type":"","background-media":"","overlay-type":"","overlay-color":"","overlay-opacity":"","overlay-gradient":""},"tablet":{"background-color":"var(--ast-global-color-5)","background-image":"","background-repeat":"repeat","background-position":"center center","background-size":"auto","background-attachment":"scroll","background-type":"","background-media":"","overlay-type":"","overlay-color":"","overlay-opacity":"","overlay-gradient":""},"mobile":{"background-color":"var(--ast-global-color-5)","background-image":"","background-repeat":"repeat","background-position":"center center","background-size":"auto","background-attachment":"scroll","background-type":"","background-media":"","overlay-type":"","overlay-color":"","overlay-opacity":"","overlay-gradient":""}},"footnotes":""},"class_list":["post-2305","page","type-page","status-publish","hentry"],"post_mailing_queue_ids":[],"_links":{"self":[{"href":"https:\/\/agora.xtec.cat\/escelspinetons\/wp-json\/wp\/v2\/pages\/2305","targetHints":{"allow":["GET"]}}],"collection":[{"href":"https:\/\/agora.xtec.cat\/escelspinetons\/wp-json\/wp\/v2\/pages"}],"about":[{"href":"https:\/\/agora.xtec.cat\/escelspinetons\/wp-json\/wp\/v2\/types\/page"}],"author":[{"embeddable":true,"href":"https:\/\/agora.xtec.cat\/escelspinetons\/wp-json\/wp\/v2\/users\/1"}],"replies":[{"embeddable":true,"href":"https:\/\/agora.xtec.cat\/escelspinetons\/wp-json\/wp\/v2\/comments?post=2305"}],"version-history":[{"count":3,"href":"https:\/\/agora.xtec.cat\/escelspinetons\/wp-json\/wp\/v2\/pages\/2305\/revisions"}],"predecessor-version":[{"id":2371,"href":"https:\/\/agora.xtec.cat\/escelspinetons\/wp-json\/wp\/v2\/pages\/2305\/revisions\/2371"}],"wp:attachment":[{"href":"https:\/\/agora.xtec.cat\/escelspinetons\/wp-json\/wp\/v2\/media?parent=2305"}],"curies":[{"name":"wp","href":"https:\/\/api.w.org\/{rel}","templated":true}]}}