{"id":2262,"date":"2020-05-08T16:22:56","date_gmt":"2020-05-08T14:22:56","guid":{"rendered":"http:\/\/agora.xtec.cat\/escelspinetons\/?page_id=2262"},"modified":"2020-05-11T12:35:43","modified_gmt":"2020-05-11T10:35:43","slug":"preinscripcio-2020-21","status":"publish","type":"page","link":"https:\/\/agora.xtec.cat\/escelspinetons\/preinscripcio-2020-21\/","title":{"rendered":"PREINSCRIPCI\u00d3 2020-21"},"content":{"rendered":"<table style=\"border-color: #ffffff; width: 501px; height: 990px;\">\n<tbody>\n<tr>\n<td style=\"width: 495.455px;\" colspan=\"3\">\n<h5 style=\"text-align: center;\"><img loading=\"lazy\" decoding=\"async\" class=\"aligncenter wp-image-2303 cc_cursor\" src=\"https:\/\/agora.xtec.cat\/escelspinetons\/wp-content\/uploads\/usu1587\/2020\/05\/PREINSCRIPCI\u00d3-CURS-2020-21.png\" alt=\"\" width=\"440\" height=\"312\" srcset=\"https:\/\/agora.xtec.cat\/escelspinetons\/wp-content\/uploads\/usu1587\/2020\/05\/PREINSCRIPCI\u00d3-CURS-2020-21.png 1747w, https:\/\/agora.xtec.cat\/escelspinetons\/wp-content\/uploads\/usu1587\/2020\/05\/PREINSCRIPCI\u00d3-CURS-2020-21-300x213.png 300w, https:\/\/agora.xtec.cat\/escelspinetons\/wp-content\/uploads\/usu1587\/2020\/05\/PREINSCRIPCI\u00d3-CURS-2020-21-768x545.png 768w, https:\/\/agora.xtec.cat\/escelspinetons\/wp-content\/uploads\/usu1587\/2020\/05\/PREINSCRIPCI\u00d3-CURS-2020-21-1024x727.png 1024w\" sizes=\"auto, (max-width: 440px) 100vw, 440px\" \/><\/h5>\n<h5><span style=\"color: #339966;\">Llegiu atentament els passos a seguir:<\/span><\/h5>\n<figure id=\"attachment_2274\" aria-describedby=\"caption-attachment-2274\" style=\"width: 261px\" class=\"wp-caption alignleft\"><a href=\"http:\/\/agora.xtec.cat\/escelspinetons\/pas-1-informacio\/\" target=\"_blank\" rel=\"noopener noreferrer\"><img loading=\"lazy\" decoding=\"async\" class=\"cc_cursor wp-image-2274\" title=\"1- LLEGIR NORMATIVA\" src=\"https:\/\/agora.xtec.cat\/escelspinetons\/wp-content\/uploads\/usu1587\/2020\/05\/PAS-1.png\" alt=\"\" width=\"261\" height=\"140\" srcset=\"https:\/\/agora.xtec.cat\/escelspinetons\/wp-content\/uploads\/usu1587\/2020\/05\/PAS-1.png 542w, https:\/\/agora.xtec.cat\/escelspinetons\/wp-content\/uploads\/usu1587\/2020\/05\/PAS-1-300x161.png 300w\" sizes=\"auto, (max-width: 261px) 100vw, 261px\" \/><\/a><figcaption id=\"caption-attachment-2274\" class=\"wp-caption-text\"><span style=\"color: #008000;\">1- LLEGIR NORMATIVA<\/span><\/figcaption><\/figure>\n<p>&nbsp;<\/p>\n<figure id=\"attachment_2288\" aria-describedby=\"caption-attachment-2288\" style=\"width: 259px\" class=\"wp-caption alignleft\"><a href=\"http:\/\/agora.xtec.cat\/escelspinetons\/pas-2-documentacio\/\" target=\"_blank\" rel=\"noopener noreferrer\"><img loading=\"lazy\" decoding=\"async\" class=\"wp-image-2288\" src=\"https:\/\/agora.xtec.cat\/escelspinetons\/wp-content\/uploads\/usu1587\/2020\/05\/PAS-2.png\" alt=\"\" width=\"259\" height=\"126\" srcset=\"https:\/\/agora.xtec.cat\/escelspinetons\/wp-content\/uploads\/usu1587\/2020\/05\/PAS-2.png 542w, https:\/\/agora.xtec.cat\/escelspinetons\/wp-content\/uploads\/usu1587\/2020\/05\/PAS-2-300x146.png 300w\" sizes=\"auto, (max-width: 259px) 100vw, 259px\" \/><\/a><figcaption id=\"caption-attachment-2288\" class=\"wp-caption-text\"><span style=\"color: #008000;\">2- PREPARAR DOCUMENTACI\u00d3<\/span><\/figcaption><\/figure>\n<p>&nbsp;<\/p>\n<figure id=\"attachment_2283\" aria-describedby=\"caption-attachment-2283\" style=\"width: 260px\" class=\"wp-caption alignleft\"><a href=\"http:\/\/agora.xtec.cat\/escelspinetons\/pas-3-fer-la-sollicitud\/\" target=\"_blank\" rel=\"noopener noreferrer\"><img loading=\"lazy\" decoding=\"async\" class=\"wp-image-2283\" src=\"https:\/\/agora.xtec.cat\/escelspinetons\/wp-content\/uploads\/usu1587\/2020\/05\/pas-3-1.png\" alt=\"\" width=\"260\" height=\"134\" srcset=\"https:\/\/agora.xtec.cat\/escelspinetons\/wp-content\/uploads\/usu1587\/2020\/05\/pas-3-1.png 541w, https:\/\/agora.xtec.cat\/escelspinetons\/wp-content\/uploads\/usu1587\/2020\/05\/pas-3-1-300x155.png 300w\" sizes=\"auto, (max-width: 260px) 100vw, 260px\" \/><\/a><figcaption id=\"caption-attachment-2283\" class=\"wp-caption-text\"><span style=\"color: #008000;\">3- FER SOL\u00b7LICITUD<\/span><\/figcaption><\/figure>\n<p>&nbsp;<\/p>\n<figure id=\"attachment_2284\" aria-describedby=\"caption-attachment-2284\" style=\"width: 253px\" class=\"wp-caption alignleft\"><a href=\"http:\/\/agora.xtec.cat\/escelspinetons\/pas-4-enviament\/\" target=\"_blank\" rel=\"noopener noreferrer\"><img loading=\"lazy\" decoding=\"async\" class=\"wp-image-2284\" src=\"https:\/\/agora.xtec.cat\/escelspinetons\/wp-content\/uploads\/usu1587\/2020\/05\/pas-4-1.png\" alt=\"\" width=\"253\" height=\"105\" srcset=\"https:\/\/agora.xtec.cat\/escelspinetons\/wp-content\/uploads\/usu1587\/2020\/05\/pas-4-1.png 542w, https:\/\/agora.xtec.cat\/escelspinetons\/wp-content\/uploads\/usu1587\/2020\/05\/pas-4-1-300x125.png 300w\" sizes=\"auto, (max-width: 253px) 100vw, 253px\" \/><\/a><figcaption id=\"caption-attachment-2284\" class=\"wp-caption-text\"><span style=\"color: #008000;\">4- ENVIAMENT A L&#8217;@ DE L&#8217;ESCOLA<\/span><\/figcaption><\/figure>\n<p>&nbsp;<\/td>\n<\/tr>\n<\/tbody>\n<\/table>\n<h3><span style=\"color: #339966;\">Per a qualsevol dubte, podeu contactar amb nosaltres al tel\u00e8fon: 93.871.70.72 o enviar un correu a escelspinetons@xtec.cat<\/span><\/h3>\n<h3><span style=\"color: #339966;\">L&#8217;horari d&#8217;atenci\u00f3 telef\u00f2nica \u00e9s: <\/span><span style=\"color: #339966;\">de 9 a 13 h i de 15 a 17 h<\/span><\/h3>\n<p>&nbsp;<\/p>\n<p>&nbsp;<\/p>\n<p>&nbsp;<\/p>\n<p>&nbsp;<\/p>\n","protected":false},"excerpt":{"rendered":"<p>Llegiu atentament els passos a seguir: &nbsp; &nbsp; &nbsp; &nbsp; Per a qualsevol dubte, podeu contactar amb nosaltres al tel\u00e8fon: 93.871.70.72 o enviar un correu a escelspinetons@xtec.cat L&#8217;horari d&#8217;atenci\u00f3 telef\u00f2nica \u00e9s: de 9 a 13 h i de 15 a 17 h &nbsp; &nbsp; &nbsp; &nbsp;<\/p>\n","protected":false},"author":1,"featured_media":0,"parent":0,"menu_order":0,"comment_status":"closed","ping_status":"closed","template":"","meta":{"_bbp_topic_count":0,"_bbp_reply_count":0,"_bbp_total_topic_count":0,"_bbp_total_reply_count":0,"_bbp_voice_count":0,"_bbp_anonymous_reply_count":0,"_bbp_topic_count_hidden":0,"_bbp_reply_count_hidden":0,"_bbp_forum_subforum_count":0,"site-sidebar-layout":"default","site-content-layout":"","ast-site-content-layout":"","site-content-style":"default","site-sidebar-style":"default","ast-global-header-display":"","ast-banner-title-visibility":"","ast-main-header-display":"","ast-hfb-above-header-display":"","ast-hfb-below-header-display":"","ast-hfb-mobile-header-display":"","site-post-title":"","ast-breadcrumbs-content":"","ast-featured-img":"","footer-sml-layout":"","theme-transparent-header-meta":"","adv-header-id-meta":"","stick-header-meta":"","header-above-stick-meta":"","header-main-stick-meta":"","header-below-stick-meta":"","astra-migrate-meta-layouts":"default","ast-page-background-enabled":"default","ast-page-background-meta":{"desktop":{"background-color":"var(--ast-global-color-4)","background-image":"","background-repeat":"repeat","background-position":"center center","background-size":"auto","background-attachment":"scroll","background-type":"","background-media":"","overlay-type":"","overlay-color":"","overlay-opacity":"","overlay-gradient":""},"tablet":{"background-color":"","background-image":"","background-repeat":"repeat","background-position":"center center","background-size":"auto","background-attachment":"scroll","background-type":"","background-media":"","overlay-type":"","overlay-color":"","overlay-opacity":"","overlay-gradient":""},"mobile":{"background-color":"","background-image":"","background-repeat":"repeat","background-position":"center center","background-size":"auto","background-attachment":"scroll","background-type":"","background-media":"","overlay-type":"","overlay-color":"","overlay-opacity":"","overlay-gradient":""}},"ast-content-background-meta":{"desktop":{"background-color":"var(--ast-global-color-5)","background-image":"","background-repeat":"repeat","background-position":"center center","background-size":"auto","background-attachment":"scroll","background-type":"","background-media":"","overlay-type":"","overlay-color":"","overlay-opacity":"","overlay-gradient":""},"tablet":{"background-color":"var(--ast-global-color-5)","background-image":"","background-repeat":"repeat","background-position":"center center","background-size":"auto","background-attachment":"scroll","background-type":"","background-media":"","overlay-type":"","overlay-color":"","overlay-opacity":"","overlay-gradient":""},"mobile":{"background-color":"var(--ast-global-color-5)","background-image":"","background-repeat":"repeat","background-position":"center center","background-size":"auto","background-attachment":"scroll","background-type":"","background-media":"","overlay-type":"","overlay-color":"","overlay-opacity":"","overlay-gradient":""}},"footnotes":""},"class_list":["post-2262","page","type-page","status-publish","hentry"],"post_mailing_queue_ids":[],"_links":{"self":[{"href":"https:\/\/agora.xtec.cat\/escelspinetons\/wp-json\/wp\/v2\/pages\/2262","targetHints":{"allow":["GET"]}}],"collection":[{"href":"https:\/\/agora.xtec.cat\/escelspinetons\/wp-json\/wp\/v2\/pages"}],"about":[{"href":"https:\/\/agora.xtec.cat\/escelspinetons\/wp-json\/wp\/v2\/types\/page"}],"author":[{"embeddable":true,"href":"https:\/\/agora.xtec.cat\/escelspinetons\/wp-json\/wp\/v2\/users\/1"}],"replies":[{"embeddable":true,"href":"https:\/\/agora.xtec.cat\/escelspinetons\/wp-json\/wp\/v2\/comments?post=2262"}],"version-history":[{"count":4,"href":"https:\/\/agora.xtec.cat\/escelspinetons\/wp-json\/wp\/v2\/pages\/2262\/revisions"}],"predecessor-version":[{"id":2393,"href":"https:\/\/agora.xtec.cat\/escelspinetons\/wp-json\/wp\/v2\/pages\/2262\/revisions\/2393"}],"wp:attachment":[{"href":"https:\/\/agora.xtec.cat\/escelspinetons\/wp-json\/wp\/v2\/media?parent=2262"}],"curies":[{"name":"wp","href":"https:\/\/api.w.org\/{rel}","templated":true}]}}