{"id":1494,"date":"2019-02-21T10:56:00","date_gmt":"2019-02-21T09:56:00","guid":{"rendered":"http:\/\/agora.xtec.cat\/escelspinetons\/?page_id=1494"},"modified":"2025-09-15T13:21:34","modified_gmt":"2025-09-15T11:21:34","slug":"menjador","status":"publish","type":"page","link":"https:\/\/agora.xtec.cat\/escelspinetons\/comunitat-educativa\/menjador\/","title":{"rendered":"Menjador"},"content":{"rendered":"<p><a href=\"https:\/\/drive.google.com\/file\/d\/1be8LO3bmUtx0NsccKTko3QZYrpjE-4TU\/view?usp=sharing\" target=\"_blank\" rel=\"noopener\">FUNCIONAMENT DE MENJADOR<\/a><\/p>\n<p><a href=\"https:\/\/drive.google.com\/file\/d\/10V-vzom8SzK_ezP3uqRwjAmH2Vj5Yf_V\/view\" target=\"_blank\" rel=\"noopener\">COM COMPRAR TIQUETS ESPOR\u00c0DICS<\/a><\/p>\n<p><a href=\"https:\/\/drive.google.com\/drive\/folders\/1ziHjOtA-eOEH8IhcEo9HGwN2oZqDeabO?usp=sharing\" target=\"_blank\" rel=\"noopener\">MEN\u00daS MENSUALS<\/a><\/p>\n<p><a href=\"https:\/\/www.grsanamenjadorsescolars.cat\/\" target=\"_blank\" rel=\"noopener\">ENLLA\u00c7 INFORMACI\u00d3 WEB GRSANA<\/a><\/p>\n<p><a href=\"https:\/\/agora.xtec.cat\/escelspinetons\/comunitat-educativa\/ampa\/presentacio-afa-escola-els-pinetons-de-la-garriga\/\" target=\"_blank\" rel=\"noopener\">M\u00c9S INFORMACI\u00d3<\/a><\/p>\n","protected":false},"excerpt":{"rendered":"<p>FUNCIONAMENT DE MENJADOR COM COMPRAR TIQUETS ESPOR\u00c0DICS MEN\u00daS MENSUALS ENLLA\u00c7 INFORMACI\u00d3 WEB GRSANA M\u00c9S INFORMACI\u00d3<\/p>\n","protected":false},"author":1,"featured_media":0,"parent":2535,"menu_order":1,"comment_status":"closed","ping_status":"closed","template":"","meta":{"_bbp_topic_count":0,"_bbp_reply_count":0,"_bbp_total_topic_count":0,"_bbp_total_reply_count":0,"_bbp_voice_count":0,"_bbp_anonymous_reply_count":0,"_bbp_topic_count_hidden":0,"_bbp_reply_count_hidden":0,"_bbp_forum_subforum_count":0,"site-sidebar-layout":"default","site-content-layout":"","ast-site-content-layout":"default","site-content-style":"default","site-sidebar-style":"default","ast-global-header-display":"","ast-banner-title-visibility":"","ast-main-header-display":"","ast-hfb-above-header-display":"","ast-hfb-below-header-display":"","ast-hfb-mobile-header-display":"","site-post-title":"","ast-breadcrumbs-content":"","ast-featured-img":"","footer-sml-layout":"","theme-transparent-header-meta":"","adv-header-id-meta":"","stick-header-meta":"","header-above-stick-meta":"","header-main-stick-meta":"","header-below-stick-meta":"","astra-migrate-meta-layouts":"set","ast-page-background-enabled":"default","ast-page-background-meta":{"desktop":{"background-color":"var(--ast-global-color-4)","background-image":"","background-repeat":"repeat","background-position":"center center","background-size":"auto","background-attachment":"scroll","background-type":"","background-media":"","overlay-type":"","overlay-color":"","overlay-opacity":"","overlay-gradient":""},"tablet":{"background-color":"","background-image":"","background-repeat":"repeat","background-position":"center center","background-size":"auto","background-attachment":"scroll","background-type":"","background-media":"","overlay-type":"","overlay-color":"","overlay-opacity":"","overlay-gradient":""},"mobile":{"background-color":"","background-image":"","background-repeat":"repeat","background-position":"center center","background-size":"auto","background-attachment":"scroll","background-type":"","background-media":"","overlay-type":"","overlay-color":"","overlay-opacity":"","overlay-gradient":""}},"ast-content-background-meta":{"desktop":{"background-color":"var(--ast-global-color-5)","background-image":"","background-repeat":"repeat","background-position":"center center","background-size":"auto","background-attachment":"scroll","background-type":"","background-media":"","overlay-type":"","overlay-color":"","overlay-opacity":"","overlay-gradient":""},"tablet":{"background-color":"var(--ast-global-color-5)","background-image":"","background-repeat":"repeat","background-position":"center center","background-size":"auto","background-attachment":"scroll","background-type":"","background-media":"","overlay-type":"","overlay-color":"","overlay-opacity":"","overlay-gradient":""},"mobile":{"background-color":"var(--ast-global-color-5)","background-image":"","background-repeat":"repeat","background-position":"center center","background-size":"auto","background-attachment":"scroll","background-type":"","background-media":"","overlay-type":"","overlay-color":"","overlay-opacity":"","overlay-gradient":""}},"footnotes":""},"class_list":["post-1494","page","type-page","status-publish","hentry"],"post_mailing_queue_ids":[],"_links":{"self":[{"href":"https:\/\/agora.xtec.cat\/escelspinetons\/wp-json\/wp\/v2\/pages\/1494","targetHints":{"allow":["GET"]}}],"collection":[{"href":"https:\/\/agora.xtec.cat\/escelspinetons\/wp-json\/wp\/v2\/pages"}],"about":[{"href":"https:\/\/agora.xtec.cat\/escelspinetons\/wp-json\/wp\/v2\/types\/page"}],"author":[{"embeddable":true,"href":"https:\/\/agora.xtec.cat\/escelspinetons\/wp-json\/wp\/v2\/users\/1"}],"replies":[{"embeddable":true,"href":"https:\/\/agora.xtec.cat\/escelspinetons\/wp-json\/wp\/v2\/comments?post=1494"}],"version-history":[{"count":6,"href":"https:\/\/agora.xtec.cat\/escelspinetons\/wp-json\/wp\/v2\/pages\/1494\/revisions"}],"predecessor-version":[{"id":7206,"href":"https:\/\/agora.xtec.cat\/escelspinetons\/wp-json\/wp\/v2\/pages\/1494\/revisions\/7206"}],"up":[{"embeddable":true,"href":"https:\/\/agora.xtec.cat\/escelspinetons\/wp-json\/wp\/v2\/pages\/2535"}],"wp:attachment":[{"href":"https:\/\/agora.xtec.cat\/escelspinetons\/wp-json\/wp\/v2\/media?parent=1494"}],"curies":[{"name":"wp","href":"https:\/\/api.w.org\/{rel}","templated":true}]}}