{"id":1484,"date":"2019-02-21T10:18:32","date_gmt":"2019-02-21T09:18:32","guid":{"rendered":"http:\/\/agora.xtec.cat\/escelspinetons\/?page_id=1484"},"modified":"2022-11-15T09:48:55","modified_gmt":"2022-11-15T08:48:55","slug":"autoritzacions-comunicats-i-altres","status":"publish","type":"page","link":"https:\/\/agora.xtec.cat\/escelspinetons\/documents-2\/autoritzacions-comunicats-i-altres\/","title":{"rendered":"Autoritzacions, comunicats i altres"},"content":{"rendered":"<p>Cliqueu sobre l&#8217;autoritzaci\u00f3 que us calgui per tal de poder-la descarregar:<\/p>\n<p><a href=\"https:\/\/drive.google.com\/file\/d\/1gKGUcnYtXF6SrwpO320HEG-WSVtY8N9S\/view?usp=share_link\" target=\"_blank\" rel=\"noopener noreferrer\">Autoritzaci\u00f3 medicaments<\/a><\/p>\n<p><a href=\"https:\/\/drive.google.com\/file\/d\/1Pc6B4gZBJFNNr1uO5FA4bk9IQbOtBcJ7\/view?usp=share_link\" target=\"_blank\" rel=\"noopener noreferrer\">Autoritzaci\u00f3 recollida en horari escolar<\/a><\/p>\n<p><a href=\"https:\/\/drive.google.com\/file\/d\/1aMwlyF2c2Z2u_FSt3Th9o_w3nQGniTOA\/view?usp=share_link\" target=\"_blank\" rel=\"noopener noreferrer\">Autoritzaci\u00f3 recollida d&#8217;alumnes pel germ\u00e0 gran<\/a><\/p>\n<p><a href=\"https:\/\/drive.google.com\/file\/d\/14QjAWVsE9vCBHeKkK1-GMI9-YHGAKTys\/view?usp=share_link\" target=\"_blank\" rel=\"noopener noreferrer\">Autoritzaci\u00f3 recollida per una altra persona<\/a><\/p>\n<p><a href=\"https:\/\/drive.google.com\/file\/d\/1zJl5WDfTVxUD7DG9L3FSaFhnhsOAa-O5\/view?usp=share_link\" target=\"_blank\" rel=\"noopener noreferrer\">Autoritzaci\u00f3 marxar sol\/a del centre<\/a><\/p>\n","protected":false},"excerpt":{"rendered":"<p>Cliqueu sobre l&#8217;autoritzaci\u00f3 que us calgui per tal de poder-la descarregar: Autoritzaci\u00f3 medicaments Autoritzaci\u00f3 recollida en horari escolar Autoritzaci\u00f3 recollida d&#8217;alumnes pel germ\u00e0 gran Autoritzaci\u00f3 recollida per una altra persona Autoritzaci\u00f3 marxar sol\/a del centre<\/p>\n","protected":false},"author":1,"featured_media":0,"parent":1430,"menu_order":8,"comment_status":"closed","ping_status":"closed","template":"","meta":{"_bbp_topic_count":0,"_bbp_reply_count":0,"_bbp_total_topic_count":0,"_bbp_total_reply_count":0,"_bbp_voice_count":0,"_bbp_anonymous_reply_count":0,"_bbp_topic_count_hidden":0,"_bbp_reply_count_hidden":0,"_bbp_forum_subforum_count":0,"site-sidebar-layout":"default","site-content-layout":"","ast-site-content-layout":"","site-content-style":"default","site-sidebar-style":"default","ast-global-header-display":"","ast-banner-title-visibility":"","ast-main-header-display":"","ast-hfb-above-header-display":"","ast-hfb-below-header-display":"","ast-hfb-mobile-header-display":"","site-post-title":"","ast-breadcrumbs-content":"","ast-featured-img":"","footer-sml-layout":"","theme-transparent-header-meta":"","adv-header-id-meta":"","stick-header-meta":"","header-above-stick-meta":"","header-main-stick-meta":"","header-below-stick-meta":"","astra-migrate-meta-layouts":"default","ast-page-background-enabled":"default","ast-page-background-meta":{"desktop":{"background-color":"var(--ast-global-color-4)","background-image":"","background-repeat":"repeat","background-position":"center center","background-size":"auto","background-attachment":"scroll","background-type":"","background-media":"","overlay-type":"","overlay-color":"","overlay-opacity":"","overlay-gradient":""},"tablet":{"background-color":"","background-image":"","background-repeat":"repeat","background-position":"center center","background-size":"auto","background-attachment":"scroll","background-type":"","background-media":"","overlay-type":"","overlay-color":"","overlay-opacity":"","overlay-gradient":""},"mobile":{"background-color":"","background-image":"","background-repeat":"repeat","background-position":"center center","background-size":"auto","background-attachment":"scroll","background-type":"","background-media":"","overlay-type":"","overlay-color":"","overlay-opacity":"","overlay-gradient":""}},"ast-content-background-meta":{"desktop":{"background-color":"var(--ast-global-color-5)","background-image":"","background-repeat":"repeat","background-position":"center center","background-size":"auto","background-attachment":"scroll","background-type":"","background-media":"","overlay-type":"","overlay-color":"","overlay-opacity":"","overlay-gradient":""},"tablet":{"background-color":"var(--ast-global-color-5)","background-image":"","background-repeat":"repeat","background-position":"center center","background-size":"auto","background-attachment":"scroll","background-type":"","background-media":"","overlay-type":"","overlay-color":"","overlay-opacity":"","overlay-gradient":""},"mobile":{"background-color":"var(--ast-global-color-5)","background-image":"","background-repeat":"repeat","background-position":"center center","background-size":"auto","background-attachment":"scroll","background-type":"","background-media":"","overlay-type":"","overlay-color":"","overlay-opacity":"","overlay-gradient":""}},"footnotes":""},"class_list":["post-1484","page","type-page","status-publish","hentry"],"post_mailing_queue_ids":[],"_links":{"self":[{"href":"https:\/\/agora.xtec.cat\/escelspinetons\/wp-json\/wp\/v2\/pages\/1484","targetHints":{"allow":["GET"]}}],"collection":[{"href":"https:\/\/agora.xtec.cat\/escelspinetons\/wp-json\/wp\/v2\/pages"}],"about":[{"href":"https:\/\/agora.xtec.cat\/escelspinetons\/wp-json\/wp\/v2\/types\/page"}],"author":[{"embeddable":true,"href":"https:\/\/agora.xtec.cat\/escelspinetons\/wp-json\/wp\/v2\/users\/1"}],"replies":[{"embeddable":true,"href":"https:\/\/agora.xtec.cat\/escelspinetons\/wp-json\/wp\/v2\/comments?post=1484"}],"version-history":[{"count":3,"href":"https:\/\/agora.xtec.cat\/escelspinetons\/wp-json\/wp\/v2\/pages\/1484\/revisions"}],"predecessor-version":[{"id":5114,"href":"https:\/\/agora.xtec.cat\/escelspinetons\/wp-json\/wp\/v2\/pages\/1484\/revisions\/5114"}],"up":[{"embeddable":true,"href":"https:\/\/agora.xtec.cat\/escelspinetons\/wp-json\/wp\/v2\/pages\/1430"}],"wp:attachment":[{"href":"https:\/\/agora.xtec.cat\/escelspinetons\/wp-json\/wp\/v2\/media?parent=1484"}],"curies":[{"name":"wp","href":"https:\/\/api.w.org\/{rel}","templated":true}]}}