{"id":1462,"date":"2019-02-20T16:04:46","date_gmt":"2019-02-20T15:04:46","guid":{"rendered":"http:\/\/agora.xtec.cat\/escelspinetons\/?page_id=1462"},"modified":"2019-02-20T16:26:08","modified_gmt":"2019-02-20T15:26:08","slug":"somiem-el-mon-del-llibres","status":"publish","type":"page","link":"https:\/\/agora.xtec.cat\/escelspinetons\/documents-2\/projecte-escola\/somiem-el-mon-del-llibres\/","title":{"rendered":"Somiem el m\u00f3n de llibres"},"content":{"rendered":"<p><a href=\"https:\/\/drive.google.com\/file\/d\/1THJAviaKA8Le0bcl3xA6LaP7wjM5A9Eb\/view?usp=sharing\" target=\"_blank\" rel=\"noopener\">PROJECTE BIBLIOTECA I TALLERS LITERARIS<\/a><\/p>\n<p>Aqu\u00ed teniu un v\u00eddeo de fotos editat per l\u2019\u00e0via del Mart\u00ed i la Valentina de tot el proc\u00e9s des de que vam somiar la biblioteca fins el dia de la inauguraci\u00f3. I tot seguit, un v\u00eddeo de l\u2019acte d\u2019inauguraci\u00f3 que ens ha editat la mare de la Bruna i el Lluc.<\/p>\n<p>Moltes gr\u00e0cies!<\/p>\n<p><iframe loading=\"lazy\" src=\"https:\/\/www.youtube.com\/embed\/0zlXkBdushM\" width=\"560\" height=\"315\" frameborder=\"0\" allowfullscreen=\"allowfullscreen\"><\/iframe><\/p>\n<p><iframe loading=\"lazy\" src=\"https:\/\/www.youtube.com\/embed\/s-ZpDCpcbdA\" width=\"560\" height=\"315\" frameborder=\"0\" allowfullscreen=\"allowfullscreen\"><\/iframe><\/p>\n","protected":false},"excerpt":{"rendered":"<p>PROJECTE BIBLIOTECA I TALLERS LITERARIS Aqu\u00ed teniu un v\u00eddeo de fotos editat per l\u2019\u00e0via del Mart\u00ed i la Valentina de tot el proc\u00e9s des de que vam somiar la biblioteca fins el dia de la inauguraci\u00f3. I tot seguit, un v\u00eddeo de l\u2019acte d\u2019inauguraci\u00f3 que ens ha editat la mare de la Bruna i el [&hellip;]<\/p>\n","protected":false},"author":1,"featured_media":0,"parent":64,"menu_order":80,"comment_status":"closed","ping_status":"closed","template":"","meta":{"_bbp_topic_count":0,"_bbp_reply_count":0,"_bbp_total_topic_count":0,"_bbp_total_reply_count":0,"_bbp_voice_count":0,"_bbp_anonymous_reply_count":0,"_bbp_topic_count_hidden":0,"_bbp_reply_count_hidden":0,"_bbp_forum_subforum_count":0,"site-sidebar-layout":"default","site-content-layout":"","ast-site-content-layout":"","site-content-style":"default","site-sidebar-style":"default","ast-global-header-display":"","ast-banner-title-visibility":"","ast-main-header-display":"","ast-hfb-above-header-display":"","ast-hfb-below-header-display":"","ast-hfb-mobile-header-display":"","site-post-title":"","ast-breadcrumbs-content":"","ast-featured-img":"","footer-sml-layout":"","theme-transparent-header-meta":"","adv-header-id-meta":"","stick-header-meta":"","header-above-stick-meta":"","header-main-stick-meta":"","header-below-stick-meta":"","astra-migrate-meta-layouts":"default","ast-page-background-enabled":"default","ast-page-background-meta":{"desktop":{"background-color":"var(--ast-global-color-4)","background-image":"","background-repeat":"repeat","background-position":"center center","background-size":"auto","background-attachment":"scroll","background-type":"","background-media":"","overlay-type":"","overlay-color":"","overlay-opacity":"","overlay-gradient":""},"tablet":{"background-color":"","background-image":"","background-repeat":"repeat","background-position":"center center","background-size":"auto","background-attachment":"scroll","background-type":"","background-media":"","overlay-type":"","overlay-color":"","overlay-opacity":"","overlay-gradient":""},"mobile":{"background-color":"","background-image":"","background-repeat":"repeat","background-position":"center center","background-size":"auto","background-attachment":"scroll","background-type":"","background-media":"","overlay-type":"","overlay-color":"","overlay-opacity":"","overlay-gradient":""}},"ast-content-background-meta":{"desktop":{"background-color":"var(--ast-global-color-5)","background-image":"","background-repeat":"repeat","background-position":"center center","background-size":"auto","background-attachment":"scroll","background-type":"","background-media":"","overlay-type":"","overlay-color":"","overlay-opacity":"","overlay-gradient":""},"tablet":{"background-color":"var(--ast-global-color-5)","background-image":"","background-repeat":"repeat","background-position":"center center","background-size":"auto","background-attachment":"scroll","background-type":"","background-media":"","overlay-type":"","overlay-color":"","overlay-opacity":"","overlay-gradient":""},"mobile":{"background-color":"var(--ast-global-color-5)","background-image":"","background-repeat":"repeat","background-position":"center center","background-size":"auto","background-attachment":"scroll","background-type":"","background-media":"","overlay-type":"","overlay-color":"","overlay-opacity":"","overlay-gradient":""}},"footnotes":""},"class_list":["post-1462","page","type-page","status-publish","hentry"],"post_mailing_queue_ids":[],"_links":{"self":[{"href":"https:\/\/agora.xtec.cat\/escelspinetons\/wp-json\/wp\/v2\/pages\/1462","targetHints":{"allow":["GET"]}}],"collection":[{"href":"https:\/\/agora.xtec.cat\/escelspinetons\/wp-json\/wp\/v2\/pages"}],"about":[{"href":"https:\/\/agora.xtec.cat\/escelspinetons\/wp-json\/wp\/v2\/types\/page"}],"author":[{"embeddable":true,"href":"https:\/\/agora.xtec.cat\/escelspinetons\/wp-json\/wp\/v2\/users\/1"}],"replies":[{"embeddable":true,"href":"https:\/\/agora.xtec.cat\/escelspinetons\/wp-json\/wp\/v2\/comments?post=1462"}],"version-history":[{"count":3,"href":"https:\/\/agora.xtec.cat\/escelspinetons\/wp-json\/wp\/v2\/pages\/1462\/revisions"}],"predecessor-version":[{"id":1468,"href":"https:\/\/agora.xtec.cat\/escelspinetons\/wp-json\/wp\/v2\/pages\/1462\/revisions\/1468"}],"up":[{"embeddable":true,"href":"https:\/\/agora.xtec.cat\/escelspinetons\/wp-json\/wp\/v2\/pages\/64"}],"wp:attachment":[{"href":"https:\/\/agora.xtec.cat\/escelspinetons\/wp-json\/wp\/v2\/media?parent=1462"}],"curies":[{"name":"wp","href":"https:\/\/api.w.org\/{rel}","templated":true}]}}