{"id":64,"date":"2014-09-18T12:39:08","date_gmt":"2014-09-18T12:39:08","guid":{"rendered":"http:\/\/agora.xtec.cat\/escelscossetans\/?page_id=64"},"modified":"2018-03-15T13:10:48","modified_gmt":"2018-03-15T12:10:48","slug":"projecte-educatiu","status":"publish","type":"page","link":"https:\/\/agora.xtec.cat\/escelscossetans\/projecte-educatiu\/","title":{"rendered":"Projecte educatiu"},"content":{"rendered":"<p>TRETS D\u2019IDENTITAT DEL CENTRE<\/p>\n<p>1.- ESCOLA CATALANA. Fomentar el coneixement de la cultura i la llengua catalana (festes, tradicions, costums\u2026).<\/p>\n<p>2.- ESCOLA OBERTA. Amb disposici\u00f3 d\u2019atendre nous alumnes i noves experi\u00e8ncies per tal d\u2019afavorir el desenvolupament personal.<\/p>\n<p>3.- INTEGRADORA I TOLERANT. Vol afavorir l\u2019acolliment i la cohesi\u00f3 dels infants, respectant les difer\u00e8ncies culturals, f\u00edsiques i intel\u00b7lectuals.<\/p>\n<p>4.- ACTIVA I PROPERA. Apropar la realitat als alumnes mitjan\u00e7ant l\u2019observaci\u00f3, l\u2019experimentaci\u00f3 i la manipulaci\u00f3.<\/p>\n<p>5.- COMUNICATIVA I DIALOGANT. Capa\u00e7 de transmetre valors i d\u2019expressar idees.<\/p>\n<p>6. ACONFESSIONAL I PLURAL. Respecta les diferents ideologies.<\/p>\n<p>7. PARTICIPATIVA. A dins de l\u2019escola i amb les activitats l\u00fadiques i\/o culturals del poble i les seves entitats.<\/p>\n<p>8. SOLID\u00c0RIA. Educar per la just\u00edcia, la solidaritat i el comprom\u00eds.<\/p>\n<p>9. INDIVIDUALITZADA . Ensenyament personalitzat i de qualitat.<\/p>\n<p>10. INTERCULTURAL I ACOLLIDORA. Rebre els nouvinguts amb respecte i enrriquir-nos mutuament.<\/p>\n<p>11. RESPECTUOSA. Respectar les difer\u00e8ncies f\u00edsiques, ps\u00edquiques, culturals, socials\u2026<\/p>\n<p>12. IMPULSORA. Treballar noves idees i projectes que ajudin al desenvolupament integral i harm\u00f2nic dels alumnes.<\/p>\n<p>13. MEDIADORA. Preparar la comunitat educativa pel tractament dels conflictes i fomentar el di\u00e0leg.<\/p>\n<p>&nbsp;<\/p>\n<p>&nbsp;<\/p>\n","protected":false},"excerpt":{"rendered":"<p>TRETS D\u2019IDENTITAT DEL CENTRE 1.- ESCOLA CATALANA. Fomentar el coneixement de la cultura i la llengua catalana (festes, tradicions, costums\u2026). 2.- ESCOLA OBERTA. Amb disposici\u00f3 d\u2019atendre nous alumnes i noves experi\u00e8ncies per tal d\u2019afavorir el desenvolupament personal. 3.- INTEGRADORA I TOLERANT. Vol afavorir l\u2019acolliment i la cohesi\u00f3 dels infants, respectant les difer\u00e8ncies culturals, f\u00edsiques i [&hellip;]<\/p>\n","protected":false},"author":2,"featured_media":0,"parent":0,"menu_order":0,"comment_status":"closed","ping_status":"closed","template":"page-templates\/side-menu.php","meta":{"_bbp_topic_count":0,"_bbp_reply_count":0,"_bbp_total_topic_count":0,"_bbp_total_reply_count":0,"_bbp_voice_count":0,"_bbp_anonymous_reply_count":0,"_bbp_topic_count_hidden":0,"_bbp_reply_count_hidden":0,"_bbp_forum_subforum_count":0,"site-sidebar-layout":"default","site-content-layout":"","ast-site-content-layout":"","site-content-style":"default","site-sidebar-style":"default","ast-global-header-display":"","ast-banner-title-visibility":"","ast-main-header-display":"","ast-hfb-above-header-display":"","ast-hfb-below-header-display":"","ast-hfb-mobile-header-display":"","site-post-title":"","ast-breadcrumbs-content":"","ast-featured-img":"","footer-sml-layout":"","theme-transparent-header-meta":"","adv-header-id-meta":"","stick-header-meta":"","header-above-stick-meta":"","header-main-stick-meta":"","header-below-stick-meta":"","astra-migrate-meta-layouts":"default","ast-page-background-enabled":"default","ast-page-background-meta":{"desktop":{"background-color":"var(--ast-global-color-4)","background-image":"","background-repeat":"repeat","background-position":"center center","background-size":"auto","background-attachment":"scroll","background-type":"","background-media":"","overlay-type":"","overlay-color":"","overlay-opacity":"","overlay-gradient":""},"tablet":{"background-color":"","background-image":"","background-repeat":"repeat","background-position":"center center","background-size":"auto","background-attachment":"scroll","background-type":"","background-media":"","overlay-type":"","overlay-color":"","overlay-opacity":"","overlay-gradient":""},"mobile":{"background-color":"","background-image":"","background-repeat":"repeat","background-position":"center center","background-size":"auto","background-attachment":"scroll","background-type":"","background-media":"","overlay-type":"","overlay-color":"","overlay-opacity":"","overlay-gradient":""}},"ast-content-background-meta":{"desktop":{"background-color":"var(--ast-global-color-5)","background-image":"","background-repeat":"repeat","background-position":"center center","background-size":"auto","background-attachment":"scroll","background-type":"","background-media":"","overlay-type":"","overlay-color":"","overlay-opacity":"","overlay-gradient":""},"tablet":{"background-color":"var(--ast-global-color-5)","background-image":"","background-repeat":"repeat","background-position":"center center","background-size":"auto","background-attachment":"scroll","background-type":"","background-media":"","overlay-type":"","overlay-color":"","overlay-opacity":"","overlay-gradient":""},"mobile":{"background-color":"var(--ast-global-color-5)","background-image":"","background-repeat":"repeat","background-position":"center center","background-size":"auto","background-attachment":"scroll","background-type":"","background-media":"","overlay-type":"","overlay-color":"","overlay-opacity":"","overlay-gradient":""}},"footnotes":""},"class_list":["post-64","page","type-page","status-publish","hentry"],"post_mailing_queue_ids":[],"_links":{"self":[{"href":"https:\/\/agora.xtec.cat\/escelscossetans\/wp-json\/wp\/v2\/pages\/64","targetHints":{"allow":["GET"]}}],"collection":[{"href":"https:\/\/agora.xtec.cat\/escelscossetans\/wp-json\/wp\/v2\/pages"}],"about":[{"href":"https:\/\/agora.xtec.cat\/escelscossetans\/wp-json\/wp\/v2\/types\/page"}],"author":[{"embeddable":true,"href":"https:\/\/agora.xtec.cat\/escelscossetans\/wp-json\/wp\/v2\/users\/2"}],"replies":[{"embeddable":true,"href":"https:\/\/agora.xtec.cat\/escelscossetans\/wp-json\/wp\/v2\/comments?post=64"}],"version-history":[{"count":3,"href":"https:\/\/agora.xtec.cat\/escelscossetans\/wp-json\/wp\/v2\/pages\/64\/revisions"}],"predecessor-version":[{"id":1495,"href":"https:\/\/agora.xtec.cat\/escelscossetans\/wp-json\/wp\/v2\/pages\/64\/revisions\/1495"}],"wp:attachment":[{"href":"https:\/\/agora.xtec.cat\/escelscossetans\/wp-json\/wp\/v2\/media?parent=64"}],"curies":[{"name":"wp","href":"https:\/\/api.w.org\/{rel}","templated":true}]}}