{"id":5768,"date":"2024-09-12T12:28:32","date_gmt":"2024-09-12T10:28:32","guid":{"rendered":"https:\/\/agora.xtec.cat\/escelscossetans\/?page_id=5768"},"modified":"2025-06-26T08:36:56","modified_gmt":"2025-06-26T06:36:56","slug":"acords-consell-escolar-2024-25","status":"publish","type":"page","link":"https:\/\/agora.xtec.cat\/escelscossetans\/lescola\/consell-escolar\/acords-consell-escolar-2024-25\/","title":{"rendered":"Acords Consell Escolar 2024\/25"},"content":{"rendered":"<p>CONSELL ESCOLAR 03\/09\/2024<\/p>\n<ul>\n<li><strong>Aprovaci\u00f3 de la Programaci\u00f3 anual General.<\/strong><\/li>\n<li><strong>Aprovaci\u00f3 de la Mem\u00f2ria anual 23-24.<\/strong><\/li>\n<\/ul>\n<p><strong>\u00a0<\/strong><\/p>\n<p>CONSELL ESCOLAR 28\/01\/2025<\/p>\n<ul>\n<li><strong>Aprovaci\u00f3 de la liquidaci\u00f3 de l\u2019exercici 2024 i les modificacions.\u00a0<\/strong><\/li>\n<li><strong>Aprovaci\u00f3 de l\u2019exercici 2025.<\/strong><\/li>\n<li><strong>Aprovaci\u00f3 de les dates de sortides pendents.<\/strong><\/li>\n<\/ul>\n<p>&nbsp;<\/p>\n<p>CONSELL ESCOLAR 25\/06\/25<\/p>\n<ul style=\"list-style-type: disc;\">\n<li><b>Horari lectiu curs escolar 2025-26: <\/b>de 8:30 a 12 i de 15 a 16:30h.<\/li>\n<li><b>Dies festius curs 2025-26: <\/b>10\/10\/2025, 3\/11\/2025, 16\/2\/2026, 17\/2\/2026, 4\/5\/2026.<\/li>\n<li><b>Jornada continuada: <\/b>el dia 19 de desembre de 2025 i del 8 de juny fins el 19 de juny de 2026.<\/li>\n<li><b>Incorporaci\u00f3 gradual I3:<\/b> els dies 8 i 9 de setembre dos grups, el 1r de 8:45 a 10:15 i el segon de 10:30 a 12h. Els dies 10 i 12 de setembre tots junts de 9 a 11h.<\/li>\n<\/ul>\n<p>&nbsp;<\/p>\n<p><strong>\u00a0<\/strong><\/p>\n<p>&nbsp;<\/p>\n","protected":false},"excerpt":{"rendered":"<p>CONSELL ESCOLAR 03\/09\/2024 Aprovaci\u00f3 de la Programaci\u00f3 anual General. Aprovaci\u00f3 de la Mem\u00f2ria anual 23-24. \u00a0 CONSELL ESCOLAR 28\/01\/2025 Aprovaci\u00f3 de la liquidaci\u00f3 de l\u2019exercici 2024 i les modificacions.\u00a0 Aprovaci\u00f3 de l\u2019exercici 2025. Aprovaci\u00f3 de les dates de sortides pendents. &nbsp; CONSELL ESCOLAR 25\/06\/25 Horari lectiu curs escolar 2025-26: de 8:30 a 12 i de [&hellip;]<\/p>\n","protected":false},"author":1,"featured_media":0,"parent":2697,"menu_order":30,"comment_status":"closed","ping_status":"closed","template":"page-templates\/side-menu.php","meta":{"_bbp_topic_count":0,"_bbp_reply_count":0,"_bbp_total_topic_count":0,"_bbp_total_reply_count":0,"_bbp_voice_count":0,"_bbp_anonymous_reply_count":0,"_bbp_topic_count_hidden":0,"_bbp_reply_count_hidden":0,"_bbp_forum_subforum_count":0,"site-sidebar-layout":"default","site-content-layout":"","ast-site-content-layout":"","site-content-style":"default","site-sidebar-style":"default","ast-global-header-display":"","ast-banner-title-visibility":"","ast-main-header-display":"","ast-hfb-above-header-display":"","ast-hfb-below-header-display":"","ast-hfb-mobile-header-display":"","site-post-title":"","ast-breadcrumbs-content":"","ast-featured-img":"","footer-sml-layout":"","theme-transparent-header-meta":"","adv-header-id-meta":"","stick-header-meta":"","header-above-stick-meta":"","header-main-stick-meta":"","header-below-stick-meta":"","astra-migrate-meta-layouts":"default","ast-page-background-enabled":"default","ast-page-background-meta":{"desktop":{"background-color":"var(--ast-global-color-4)","background-image":"","background-repeat":"repeat","background-position":"center center","background-size":"auto","background-attachment":"scroll","background-type":"","background-media":"","overlay-type":"","overlay-color":"","overlay-opacity":"","overlay-gradient":""},"tablet":{"background-color":"","background-image":"","background-repeat":"repeat","background-position":"center center","background-size":"auto","background-attachment":"scroll","background-type":"","background-media":"","overlay-type":"","overlay-color":"","overlay-opacity":"","overlay-gradient":""},"mobile":{"background-color":"","background-image":"","background-repeat":"repeat","background-position":"center center","background-size":"auto","background-attachment":"scroll","background-type":"","background-media":"","overlay-type":"","overlay-color":"","overlay-opacity":"","overlay-gradient":""}},"ast-content-background-meta":{"desktop":{"background-color":"var(--ast-global-color-5)","background-image":"","background-repeat":"repeat","background-position":"center center","background-size":"auto","background-attachment":"scroll","background-type":"","background-media":"","overlay-type":"","overlay-color":"","overlay-opacity":"","overlay-gradient":""},"tablet":{"background-color":"var(--ast-global-color-5)","background-image":"","background-repeat":"repeat","background-position":"center center","background-size":"auto","background-attachment":"scroll","background-type":"","background-media":"","overlay-type":"","overlay-color":"","overlay-opacity":"","overlay-gradient":""},"mobile":{"background-color":"var(--ast-global-color-5)","background-image":"","background-repeat":"repeat","background-position":"center center","background-size":"auto","background-attachment":"scroll","background-type":"","background-media":"","overlay-type":"","overlay-color":"","overlay-opacity":"","overlay-gradient":""}},"footnotes":""},"class_list":["post-5768","page","type-page","status-publish","hentry"],"post_mailing_queue_ids":[],"_links":{"self":[{"href":"https:\/\/agora.xtec.cat\/escelscossetans\/wp-json\/wp\/v2\/pages\/5768","targetHints":{"allow":["GET"]}}],"collection":[{"href":"https:\/\/agora.xtec.cat\/escelscossetans\/wp-json\/wp\/v2\/pages"}],"about":[{"href":"https:\/\/agora.xtec.cat\/escelscossetans\/wp-json\/wp\/v2\/types\/page"}],"author":[{"embeddable":true,"href":"https:\/\/agora.xtec.cat\/escelscossetans\/wp-json\/wp\/v2\/users\/1"}],"replies":[{"embeddable":true,"href":"https:\/\/agora.xtec.cat\/escelscossetans\/wp-json\/wp\/v2\/comments?post=5768"}],"version-history":[{"count":6,"href":"https:\/\/agora.xtec.cat\/escelscossetans\/wp-json\/wp\/v2\/pages\/5768\/revisions"}],"predecessor-version":[{"id":7116,"href":"https:\/\/agora.xtec.cat\/escelscossetans\/wp-json\/wp\/v2\/pages\/5768\/revisions\/7116"}],"up":[{"embeddable":true,"href":"https:\/\/agora.xtec.cat\/escelscossetans\/wp-json\/wp\/v2\/pages\/2697"}],"wp:attachment":[{"href":"https:\/\/agora.xtec.cat\/escelscossetans\/wp-json\/wp\/v2\/media?parent=5768"}],"curies":[{"name":"wp","href":"https:\/\/api.w.org\/{rel}","templated":true}]}}