{"id":36,"date":"2014-09-18T12:33:11","date_gmt":"2014-09-18T12:33:11","guid":{"rendered":"http:\/\/agora.xtec.cat\/escelscossetans\/?page_id=36"},"modified":"2022-01-28T15:52:54","modified_gmt":"2022-01-28T14:52:54","slug":"els-nostres-projectes","status":"publish","type":"page","link":"https:\/\/agora.xtec.cat\/escelscossetans\/projecte-educatiu\/els-nostres-projectes\/","title":{"rendered":"Els nostres projectes"},"content":{"rendered":"<p style=\"text-align: center;\"><a href=\"https:\/\/docs.google.com\/file\/d\/0B1_MhwifpW5bSHM4RTVCU194LVU\/edit?usp=sharing\"><br \/>\n<\/a><a href=\"http:\/\/agora.xtec.cat\/escelscossetans\/wp-content\/uploads\/usu321\/2017\/06\/logo-els-cossetans-2017.jpg\"><img loading=\"lazy\" decoding=\"async\" class=\"alignnone size-medium wp-image-1306\" src=\"http:\/\/agora.xtec.cat\/escelscossetans\/wp-content\/uploads\/usu321\/2017\/06\/logo-els-cossetans-2017-300x160.jpg\" alt=\"logo els cossetans 2017\" width=\"300\" height=\"160\" srcset=\"https:\/\/agora.xtec.cat\/escelscossetans\/wp-content\/uploads\/usu321\/2017\/06\/logo-els-cossetans-2017-300x160.jpg 300w, https:\/\/agora.xtec.cat\/escelscossetans\/wp-content\/uploads\/usu321\/2017\/06\/logo-els-cossetans-2017-768x409.jpg 768w, https:\/\/agora.xtec.cat\/escelscossetans\/wp-content\/uploads\/usu321\/2017\/06\/logo-els-cossetans-2017-1024x546.jpg 1024w, https:\/\/agora.xtec.cat\/escelscossetans\/wp-content\/uploads\/usu321\/2017\/06\/logo-els-cossetans-2017.jpg 1233w\" sizes=\"auto, (max-width: 300px) 100vw, 300px\" \/><\/a><\/p>\n<p>L\u2019escola porta a terme diferents projectes que es detallen a continuaci\u00f3:<\/p>\n<p>&nbsp;<\/p>\n<ul>\n<li>PROJECTE LIC<\/li>\n<li>PELE<\/li>\n<li>RACONS DE JOC SIMB\u00d2LIC<\/li>\n<li>AMBIENTS<\/li>\n<li>EDUCACI\u00d3 EMOCIONAL<\/li>\n<li>PROJECTES D&#8217;AULA<\/li>\n<li>M\u00daSICA: CANT\u00c0NIA \/ &#8220;UN INFANT, UN INSTRUMENT&#8221;<\/li>\n<li>EDUCACI\u00d3 F\u00cdSICA: PISCINA<\/li>\n<li>COMPET\u00c8NCIA DIGITAL<\/li>\n<\/ul>\n","protected":false},"excerpt":{"rendered":"<p>L\u2019escola porta a terme diferents projectes que es detallen a continuaci\u00f3: &nbsp; PROJECTE LIC PELE RACONS DE JOC SIMB\u00d2LIC AMBIENTS EDUCACI\u00d3 EMOCIONAL PROJECTES D&#8217;AULA M\u00daSICA: CANT\u00c0NIA \/ &#8220;UN INFANT, UN INSTRUMENT&#8221; EDUCACI\u00d3 F\u00cdSICA: PISCINA COMPET\u00c8NCIA DIGITAL<\/p>\n","protected":false},"author":2,"featured_media":0,"parent":64,"menu_order":10,"comment_status":"closed","ping_status":"closed","template":"page-templates\/side-menu.php","meta":{"_bbp_topic_count":0,"_bbp_reply_count":0,"_bbp_total_topic_count":0,"_bbp_total_reply_count":0,"_bbp_voice_count":0,"_bbp_anonymous_reply_count":0,"_bbp_topic_count_hidden":0,"_bbp_reply_count_hidden":0,"_bbp_forum_subforum_count":0,"site-sidebar-layout":"default","site-content-layout":"","ast-site-content-layout":"","site-content-style":"default","site-sidebar-style":"default","ast-global-header-display":"","ast-banner-title-visibility":"","ast-main-header-display":"","ast-hfb-above-header-display":"","ast-hfb-below-header-display":"","ast-hfb-mobile-header-display":"","site-post-title":"","ast-breadcrumbs-content":"","ast-featured-img":"","footer-sml-layout":"","theme-transparent-header-meta":"","adv-header-id-meta":"","stick-header-meta":"","header-above-stick-meta":"","header-main-stick-meta":"","header-below-stick-meta":"","astra-migrate-meta-layouts":"default","ast-page-background-enabled":"default","ast-page-background-meta":{"desktop":{"background-color":"var(--ast-global-color-4)","background-image":"","background-repeat":"repeat","background-position":"center center","background-size":"auto","background-attachment":"scroll","background-type":"","background-media":"","overlay-type":"","overlay-color":"","overlay-opacity":"","overlay-gradient":""},"tablet":{"background-color":"","background-image":"","background-repeat":"repeat","background-position":"center center","background-size":"auto","background-attachment":"scroll","background-type":"","background-media":"","overlay-type":"","overlay-color":"","overlay-opacity":"","overlay-gradient":""},"mobile":{"background-color":"","background-image":"","background-repeat":"repeat","background-position":"center center","background-size":"auto","background-attachment":"scroll","background-type":"","background-media":"","overlay-type":"","overlay-color":"","overlay-opacity":"","overlay-gradient":""}},"ast-content-background-meta":{"desktop":{"background-color":"var(--ast-global-color-5)","background-image":"","background-repeat":"repeat","background-position":"center center","background-size":"auto","background-attachment":"scroll","background-type":"","background-media":"","overlay-type":"","overlay-color":"","overlay-opacity":"","overlay-gradient":""},"tablet":{"background-color":"var(--ast-global-color-5)","background-image":"","background-repeat":"repeat","background-position":"center center","background-size":"auto","background-attachment":"scroll","background-type":"","background-media":"","overlay-type":"","overlay-color":"","overlay-opacity":"","overlay-gradient":""},"mobile":{"background-color":"var(--ast-global-color-5)","background-image":"","background-repeat":"repeat","background-position":"center center","background-size":"auto","background-attachment":"scroll","background-type":"","background-media":"","overlay-type":"","overlay-color":"","overlay-opacity":"","overlay-gradient":""}},"footnotes":""},"class_list":["post-36","page","type-page","status-publish","hentry"],"post_mailing_queue_ids":[],"_links":{"self":[{"href":"https:\/\/agora.xtec.cat\/escelscossetans\/wp-json\/wp\/v2\/pages\/36","targetHints":{"allow":["GET"]}}],"collection":[{"href":"https:\/\/agora.xtec.cat\/escelscossetans\/wp-json\/wp\/v2\/pages"}],"about":[{"href":"https:\/\/agora.xtec.cat\/escelscossetans\/wp-json\/wp\/v2\/types\/page"}],"author":[{"embeddable":true,"href":"https:\/\/agora.xtec.cat\/escelscossetans\/wp-json\/wp\/v2\/users\/2"}],"replies":[{"embeddable":true,"href":"https:\/\/agora.xtec.cat\/escelscossetans\/wp-json\/wp\/v2\/comments?post=36"}],"version-history":[{"count":3,"href":"https:\/\/agora.xtec.cat\/escelscossetans\/wp-json\/wp\/v2\/pages\/36\/revisions"}],"predecessor-version":[{"id":211,"href":"https:\/\/agora.xtec.cat\/escelscossetans\/wp-json\/wp\/v2\/pages\/36\/revisions\/211"}],"up":[{"embeddable":true,"href":"https:\/\/agora.xtec.cat\/escelscossetans\/wp-json\/wp\/v2\/pages\/64"}],"wp:attachment":[{"href":"https:\/\/agora.xtec.cat\/escelscossetans\/wp-json\/wp\/v2\/media?parent=36"}],"curies":[{"name":"wp","href":"https:\/\/api.w.org\/{rel}","templated":true}]}}