{"id":3540,"date":"2022-10-27T12:41:02","date_gmt":"2022-10-27T10:41:02","guid":{"rendered":"https:\/\/agora.xtec.cat\/escelscossetans\/?page_id=3540"},"modified":"2024-02-07T10:31:52","modified_gmt":"2024-02-07T09:31:52","slug":"acords-consell-escolar-2022-23","status":"publish","type":"page","link":"https:\/\/agora.xtec.cat\/escelscossetans\/lescola\/consell-escolar\/acords-consell-escolar-2022-23\/","title":{"rendered":"Acords Consell Escolar 2022\/23"},"content":{"rendered":"<p>CONSELL ESCOLAR 12\/09\/22<\/p>\n<ul>\n<li><strong>Aprovaci\u00f3 de la Mem\u00f2ria Anual.<\/strong><\/li>\n<li><strong>Aprovaci\u00f3 de la PGA.<\/strong><\/li>\n<\/ul>\n<p>&nbsp;<\/p>\n<p>&nbsp;<\/p>\n<p>CONSELL ESCOLAR 02\/12\/2022<\/p>\n<ul>\n<li><strong>Actualitzaci\u00f3 del projecte ling\u00fc\u00edstic.<\/strong><\/li>\n<li><strong>Aprovaci\u00f3 data segona cursa Cossetans 11 de mar\u00e7 de 2023.<\/strong><\/li>\n<li><strong>Aprovaci\u00f3 del projecte de l&#8217;AMPA:<\/strong><br \/>\n&#8211; Projecte socialitzaci\u00f3- Badoca<br \/>\n&#8211; Menjador: Hostessa<br \/>\n&#8211; Projecte de 6\u00e8: esmorzar i paradeta els dies de Nadal.<br \/>\n&#8211; Activitat de Nadal: xocolatina pel ti\u00f3. Piruleta\/xupa-xups pel patge reial.<br \/>\n&#8211; Xocolatada l&#8217;\u00faltim dia abans de les vacances de Nadal.<\/li>\n<\/ul>\n<p>&nbsp;<\/p>\n<p>&nbsp;<\/p>\n<p>CONSELL ESCOLAR 25\/01\/2023<\/p>\n<ul>\n<li><strong>Aprovaci\u00f3 de l\u2019exercici del tancament del 2022<\/strong><\/li>\n<li><strong>Aprovaci\u00f3 de l\u2019exercici del 2023<\/strong><\/li>\n<li><strong>Torn obert de paraula:<\/strong><br \/>\n&#8211; Organitzaci\u00f3 de la festa de Carnaval.<br \/>\n&#8211; Aprovaci\u00f3 del dibuix del mur de la porta principal que ja est\u00e0 pintat de blanc.<br \/>\n&#8211; Informaci\u00f3 sobre la instal\u00b7laci\u00f3 de la tirolina al parc.<br \/>\n&#8211; Reuni\u00f3 de l&#8217;AMPA amb l&#8217;ajuntament per les partides econ\u00f2miques de diversos projectes.<\/li>\n<\/ul>\n<p>&nbsp;<\/p>\n<p>&nbsp;<\/p>\n<p>CONSELL ESCOLAR 14\/04\/2023<\/p>\n<ul>\n<li><strong>Sortida de I3 i I4 a Can Pere el 3 de maig de 2023:<\/strong><\/li>\n<\/ul>\n<p>Hem hagut de modificar,\u00a0per causes alienes a l&#8217;escola,\u00a0una sortida i s&#8217;ha aprovar\u00a0la nova data i el nou lloc. El dia 12 de maig I3 i I4 havia d&#8217;anar a Calafell Park, per\u00f2 el parc estar\u00e0 tancat per manteniment. La nova data i lloc ser\u00e0 Can Pere el 3 de maig. Aprovada.<\/p>\n<ul>\n<li><strong>Sortida de 6\u00e8 a Port Aventura: dilluns 22 de mar\u00e7 de 2023. <\/strong>Aprovada.<\/li>\n<li><strong>Membres de la comissi\u00f3 avaluadora:<\/strong><\/li>\n<\/ul>\n<p>Al quart curs de mandat de l&#8217;equip directiu s&#8217;ha de crear una comissi\u00f3 avaluadora formada per dos membres del consell escolar, un del sector fam\u00edlies i l&#8217;altre del sector mestres. Aquests hauran de fer una entrevista amb l&#8217;inspector per contrastar informacions\u00a0i valoracions sobre l&#8217;equip directiu.<\/p>\n<p>&nbsp;<\/p>\n<p>CONSELL ESCOLAR 12\/06\/2023<\/p>\n<ul>\n<li><b>Horari lectiu curs escolar 2023-24: <\/b>de 8:30h a 12h i de 15h a 16:30h.<\/li>\n<li><b>Dies festius curs 2023-24: <\/b>13\/10\/2023, 7\/12\/2023, 12\/02\/2024, 2\/05\/2024, 3\/05\/2024.<\/li>\n<li><b>Jornada continuada: <\/b>el dia 20 de desembre de 2023 i del 5 de juny fins el 21 de juny de 2024.<\/li>\n<li><b>SEP EXTERN: <\/b>Dimarts i dijous de 8h a 8:30h.<\/li>\n<li><b>Incorporaci\u00f3 gradual I3: <\/b>Els dies 6 i 7 de setembre dos grups, el primer de 8:45 a 10:15 i el segon de 10:30 a 12h. El dia 8 de setembre tots junts de 9 a 11:30<\/li>\n<li><b>Actualitzaci\u00f3 NOFC: <\/b>S&#8217;ha afegit el punt 4.7. Pla digital i entorn virtual d&#8217;aprenentatge. <strong>Aprovat.<\/strong><\/li>\n<li><b>Actualitzaci\u00f3 PEC: <\/b>S&#8217;ha actualitzat. <strong>Aprovat.<\/strong><\/li>\n<\/ul>\n<p>&nbsp;<\/p>\n<p>&nbsp;<\/p>\n","protected":false},"excerpt":{"rendered":"<p>CONSELL ESCOLAR 12\/09\/22 Aprovaci\u00f3 de la Mem\u00f2ria Anual. Aprovaci\u00f3 de la PGA. &nbsp; &nbsp; CONSELL ESCOLAR 02\/12\/2022 Actualitzaci\u00f3 del projecte ling\u00fc\u00edstic. Aprovaci\u00f3 data segona cursa Cossetans 11 de mar\u00e7 de 2023. Aprovaci\u00f3 del projecte de l&#8217;AMPA: &#8211; Projecte socialitzaci\u00f3- Badoca &#8211; Menjador: Hostessa &#8211; Projecte de 6\u00e8: esmorzar i paradeta els dies de Nadal. &#8211; [&hellip;]<\/p>\n","protected":false},"author":1,"featured_media":0,"parent":2697,"menu_order":10,"comment_status":"closed","ping_status":"closed","template":"page-templates\/side-menu.php","meta":{"_bbp_topic_count":0,"_bbp_reply_count":0,"_bbp_total_topic_count":0,"_bbp_total_reply_count":0,"_bbp_voice_count":0,"_bbp_anonymous_reply_count":0,"_bbp_topic_count_hidden":0,"_bbp_reply_count_hidden":0,"_bbp_forum_subforum_count":0,"site-sidebar-layout":"default","site-content-layout":"","ast-site-content-layout":"","site-content-style":"default","site-sidebar-style":"default","ast-global-header-display":"","ast-banner-title-visibility":"","ast-main-header-display":"","ast-hfb-above-header-display":"","ast-hfb-below-header-display":"","ast-hfb-mobile-header-display":"","site-post-title":"","ast-breadcrumbs-content":"","ast-featured-img":"","footer-sml-layout":"","theme-transparent-header-meta":"","adv-header-id-meta":"","stick-header-meta":"","header-above-stick-meta":"","header-main-stick-meta":"","header-below-stick-meta":"","astra-migrate-meta-layouts":"default","ast-page-background-enabled":"default","ast-page-background-meta":{"desktop":{"background-color":"var(--ast-global-color-4)","background-image":"","background-repeat":"repeat","background-position":"center center","background-size":"auto","background-attachment":"scroll","background-type":"","background-media":"","overlay-type":"","overlay-color":"","overlay-opacity":"","overlay-gradient":""},"tablet":{"background-color":"","background-image":"","background-repeat":"repeat","background-position":"center center","background-size":"auto","background-attachment":"scroll","background-type":"","background-media":"","overlay-type":"","overlay-color":"","overlay-opacity":"","overlay-gradient":""},"mobile":{"background-color":"","background-image":"","background-repeat":"repeat","background-position":"center center","background-size":"auto","background-attachment":"scroll","background-type":"","background-media":"","overlay-type":"","overlay-color":"","overlay-opacity":"","overlay-gradient":""}},"ast-content-background-meta":{"desktop":{"background-color":"var(--ast-global-color-5)","background-image":"","background-repeat":"repeat","background-position":"center center","background-size":"auto","background-attachment":"scroll","background-type":"","background-media":"","overlay-type":"","overlay-color":"","overlay-opacity":"","overlay-gradient":""},"tablet":{"background-color":"var(--ast-global-color-5)","background-image":"","background-repeat":"repeat","background-position":"center center","background-size":"auto","background-attachment":"scroll","background-type":"","background-media":"","overlay-type":"","overlay-color":"","overlay-opacity":"","overlay-gradient":""},"mobile":{"background-color":"var(--ast-global-color-5)","background-image":"","background-repeat":"repeat","background-position":"center center","background-size":"auto","background-attachment":"scroll","background-type":"","background-media":"","overlay-type":"","overlay-color":"","overlay-opacity":"","overlay-gradient":""}},"footnotes":""},"class_list":["post-3540","page","type-page","status-publish","hentry"],"post_mailing_queue_ids":[],"_links":{"self":[{"href":"https:\/\/agora.xtec.cat\/escelscossetans\/wp-json\/wp\/v2\/pages\/3540","targetHints":{"allow":["GET"]}}],"collection":[{"href":"https:\/\/agora.xtec.cat\/escelscossetans\/wp-json\/wp\/v2\/pages"}],"about":[{"href":"https:\/\/agora.xtec.cat\/escelscossetans\/wp-json\/wp\/v2\/types\/page"}],"author":[{"embeddable":true,"href":"https:\/\/agora.xtec.cat\/escelscossetans\/wp-json\/wp\/v2\/users\/1"}],"replies":[{"embeddable":true,"href":"https:\/\/agora.xtec.cat\/escelscossetans\/wp-json\/wp\/v2\/comments?post=3540"}],"version-history":[{"count":3,"href":"https:\/\/agora.xtec.cat\/escelscossetans\/wp-json\/wp\/v2\/pages\/3540\/revisions"}],"predecessor-version":[{"id":4461,"href":"https:\/\/agora.xtec.cat\/escelscossetans\/wp-json\/wp\/v2\/pages\/3540\/revisions\/4461"}],"up":[{"embeddable":true,"href":"https:\/\/agora.xtec.cat\/escelscossetans\/wp-json\/wp\/v2\/pages\/2697"}],"wp:attachment":[{"href":"https:\/\/agora.xtec.cat\/escelscossetans\/wp-json\/wp\/v2\/media?parent=3540"}],"curies":[{"name":"wp","href":"https:\/\/api.w.org\/{rel}","templated":true}]}}