{"id":3184,"date":"2022-04-28T15:27:23","date_gmt":"2022-04-28T13:27:23","guid":{"rendered":"https:\/\/agora.xtec.cat\/escelscossetans\/?page_id=3184"},"modified":"2025-06-09T11:47:34","modified_gmt":"2025-06-09T09:47:34","slug":"professorat","status":"publish","type":"page","link":"https:\/\/agora.xtec.cat\/escelscossetans\/estrategia-digital-de-centre\/cultura-digital\/professorat\/","title":{"rendered":"Professorat"},"content":{"rendered":"<h2><span style=\"color: #ff00ff;\">ACOLLIDA DIGITAL DOCENT<\/span><\/h2>\n<p>&nbsp;<\/p>\n<div class=\"CjVfdc\">Protocol d\u2019actuaci\u00f3:<\/div>\n<div><\/div>\n<div><\/div>\n<p class=\"CDt4Ke zfr3Q\" dir=\"ltr\">1. Presentaci\u00f3 i explicaci\u00f3 del pla d&#8217;acollida digital del mestre.<\/p>\n<p class=\"CDt4Ke zfr3Q\" dir=\"ltr\">En el moment de la incorporaci\u00f3 al centre la direcci\u00f3 o el coordinador digital explicar\u00e0 al nou professor\/a el protocol d\u2019acolliment digital, les actuacions que es descriuen a continuaci\u00f3 i els responsables a executar-les.<\/p>\n<p class=\"CDt4Ke zfr3Q\" dir=\"ltr\">2. Alta unitats compartides centre<\/p>\n<p class=\"CDt4Ke zfr3Q\" dir=\"ltr\">En el moment de la incorporaci\u00f3 al centre l\u2019equip directiu donar\u00e0 d\u2019alta al nou\/va mestre\/a amb identificador @xtec a les unitats compartides del claustre i del seu cicle perqu\u00e8 tingui acc\u00e9s a tots els serveis digitals d\u2019organitzaci\u00f3 de l&#8217;escola (calendari i Drive).<\/p>\n<p class=\"CDt4Ke zfr3Q\" dir=\"ltr\">3. Alta Plataforma Google Workspace de centre.<\/p>\n<p class=\"CDt4Ke zfr3Q\" dir=\"ltr\">Per la comunicaci\u00f3 amb les fam\u00edlies tots els docents del centre disposen d&#8217;un compte corporatiu amb identificador <strong>@elscossetans.com.<\/strong>\u00a0Tamb\u00e9, si els mestres han de realitzar intervencions amb Google Apps de quart a Sis\u00e8 de Prim\u00e0ria.<\/p>\n<p class=\"CDt4Ke zfr3Q\" dir=\"ltr\">El Coordinador digital crear\u00e0 i facilitar\u00e0 un compte corporatiu de l\u2019Escola.<\/p>\n<p class=\"CDt4Ke zfr3Q\" dir=\"ltr\">4. Alta portal <strong>Eix <\/strong>(Moodle)<\/p>\n<p class=\"CDt4Ke zfr3Q\" dir=\"ltr\">Per realitzar activitats interactives i fer un seguiment l&#8217;escola disposa d&#8217;un entorn virtual d&#8217;aprenentatge anomenat Portal Eix. En el moment d&#8217;incorporaci\u00f3 al centre el coordinador digital facilitar\u00e0 l&#8217;usuari i contrasenya als mestres nous.<\/p>\n<p class=\"CDt4Ke zfr3Q\" dir=\"ltr\">5. Presentaci\u00f3 EDC de centre<\/p>\n<p class=\"CDt4Ke zfr3Q\" dir=\"ltr\">Durant els primers quinze dies al centre un membre de la Comissi\u00f3 cultura digital presentar\u00e0 els trets generals del Pla d&#8217;estrat\u00e8gia digital del centre, informar\u00e0 dels objectius anuals i de les actuacions que el mestre ha de dur a terme en aquesta mat\u00e8ria dins del seu \u00e0mbit d\u2019intervenci\u00f3.<\/p>\n<p class=\"CDt4Ke zfr3Q\" dir=\"ltr\">6. Formaci\u00f3 recursos TIC<\/p>\n<p class=\"CDt4Ke zfr3Q\" dir=\"ltr\">Durant els primers quinze dies al centre el membre de la Comissi\u00f3 de cultura digital del cicle on s\u2019incorpori el nou professor\/a mostrar\u00e0 els recursos TIC de l\u2019escola (carret\u00f3 port\u00e0til, ordinador d\u2019aula i projector d\u2019aula, material rob\u00f2tica, espai TIC, etc.), informar\u00e0 sobre el model de gesti\u00f3 hor\u00e0ria i explicar\u00e0 com utilitzar-los a l\u2019aula. Aquesta persona de la comissi\u00f3 ser\u00e0 la responsable de fer el suport i el seguiment en cas que el professor\/a ho necessit\u00e9s durant la seva estada a l\u2019escola.<\/p>\n<div class=\"oKdM2c Kzv0Me\">\n<div id=\"h.66c80b9878a649b_26\" class=\"hJDwNd-AhqUyc-Clt0zb jXK9ad D2fZ2 OjCsFc GNzUNc\">\n<div class=\"jXK9ad-SmKAyb\">\n<div class=\"tyJCtd mGzaTb baZpAe\">\n<h4 class=\"CjVfdc\" style=\"text-align: center;\">ACOLLIDA DIGITAL DEL DOCENT CURS 2024-25<\/h4>\n<div><\/div>\n<\/div>\n<\/div>\n<\/div>\n<\/div>\n<div class=\"oKdM2c\">\n<div id=\"h.1edd59e5eb678e8_25\" class=\"hJDwNd-AhqUyc-Clt0zb jXK9ad D2fZ2 wHaque GNzUNc\">\n<div class=\"jXK9ad-SmKAyb\">\n<div class=\"tyJCtd mGzaTb baZpAe\">\n<p class=\"CDt4Ke zfr3Q\" dir=\"ltr\">Document informatiu pels docents que s\u2019incorporen per primera vegada al centre, per tal de facilitar una r\u00e0pida integraci\u00f3 en relaci\u00f3 a l&#8217;\u00e0rea de cultura digital de l&#8217;escola. Posant \u00e8mfasi, als aspectes m\u00e9s significatius relacionats amb infraestructures, entorns d\u2019aprenentatge, espais, dispositius i aspectes metodol\u00f2gics i organitzatius.<\/p>\n<\/div>\n<p dir=\"ltr\">\n<\/div>\n<\/div>\n<\/div>\n<p>&nbsp;<\/p>\n<p><iframe loading=\"lazy\" src=\"https:\/\/drive.google.com\/file\/d\/1WJq9EBHPWnwpF6Lo3xfFPR7Gym-_ymCD\/preview\" width=\"640\" height=\"480\"><\/iframe><\/p>\n<p>&nbsp;<\/p>\n<h2><span style=\"color: #ff00ff;\">COMPET\u00c8NCIA DIGITAL DOCENT (CDD)<\/span><\/h2>\n<p>&nbsp;<\/p>\n<p>&nbsp;<\/p>\n<table style=\"border-collapse: collapse; width: 99.0471%; height: 252px;\">\n<tbody>\n<tr>\n<td style=\"width: 33.3333%;\"><a href=\"https:\/\/xtec.gencat.cat\/ca\/formacio\/formaciogeneralprofessorat\/cultura-digital\/\"><img loading=\"lazy\" decoding=\"async\" class=\"alignnone wp-image-3630\" src=\"https:\/\/agora.xtec.cat\/escelscossetans\/wp-content\/uploads\/usu321\/2022\/11\/pla.png_891899729-300x202.png\" alt=\"\" width=\"466\" height=\"314\" srcset=\"https:\/\/agora.xtec.cat\/escelscossetans\/wp-content\/uploads\/usu321\/2022\/11\/pla.png_891899729-300x202.png 300w, https:\/\/agora.xtec.cat\/escelscossetans\/wp-content\/uploads\/usu321\/2022\/11\/pla.png_891899729.png 358w\" sizes=\"auto, (max-width: 466px) 100vw, 466px\" \/><\/a><\/td>\n<td style=\"width: 33.3333%;\"><a href=\"https:\/\/www.youtube.com\/channel\/UCLsDWVSYhjFYweT-LFbIbwA\/playlists\"><img decoding=\"async\" class=\"aligncenter\" src=\"https:\/\/yt3.ggpht.com\/ytc\/AMLnZu9DNyrlwZ06ZGJsQqVo7tujG18r1W6Tm7G5T5Gq=s900-c-k-c0x00ffffff-no-rj\" alt=\"\" \/><img decoding=\"async\" class=\"aligncenter\" src=\"https:\/\/lh3.googleusercontent.com\/DId51wY9YDvi83tgS9O3X6O-EF0eQVOHuOUHWgM_S9HYFkSqmtqqAamI6coAdE7kUFtTXJKeDtQtui6MH7MegiLLI6WaMPUr1lZcIHAVDBCH2b2-o5jbEDkDFXqU5rLGbA=w1280\" alt=\"\" \/><\/a><\/td>\n<td style=\"width: 33.3333%;\"><a href=\"https:\/\/projectes.xtec.cat\/xtcd\/\"><img loading=\"lazy\" decoding=\"async\" class=\" wp-image-3627 aligncenter\" src=\"https:\/\/agora.xtec.cat\/escelscossetans\/wp-content\/uploads\/usu321\/2022\/11\/XTCD_noulogo-300x171.jpg\" alt=\"\" width=\"496\" height=\"283\" \/><\/a><\/td>\n<\/tr>\n<\/tbody>\n<\/table>\n<p>&nbsp;<\/p>\n<p>&nbsp;<\/p>\n<h3 style=\"text-align: center;\">FORMACI\u00d3<\/h3>\n<p>&nbsp;<\/p>\n<p>&nbsp;<\/p>\n<p><a href=\"https:\/\/xtec.gencat.cat\/ca\/formacio\/formaciogeneralprofessorat\/cultura-digital\/\"><img decoding=\"async\" src=\"https:\/\/lh6.googleusercontent.com\/r68n8ZkoZLqsL4A98q_IvN4TdYeMgZSydtyg0UOm3xSfDQ3fjqgrONvfqffdqWLB9N5IuJSsX_e3bV7FKla1XiSOgfXL4r38vGz92zahF69C5HuJy7KcK7cHhJPqA9Aevg=w1280\" alt=\"\" \/> \u00a0 <img loading=\"lazy\" decoding=\"async\" class=\"alignnone wp-image-3628\" src=\"https:\/\/agora.xtec.cat\/escelscossetans\/wp-content\/uploads\/usu321\/2022\/11\/2502504-1571376844789-f3add90c7fb73-1024x1024-1-300x300.jpg\" alt=\"\" width=\"381\" height=\"381\" srcset=\"https:\/\/agora.xtec.cat\/escelscossetans\/wp-content\/uploads\/usu321\/2022\/11\/2502504-1571376844789-f3add90c7fb73-1024x1024-1-300x300.jpg 300w, https:\/\/agora.xtec.cat\/escelscossetans\/wp-content\/uploads\/usu321\/2022\/11\/2502504-1571376844789-f3add90c7fb73-1024x1024-1.jpg 1024w, https:\/\/agora.xtec.cat\/escelscossetans\/wp-content\/uploads\/usu321\/2022\/11\/2502504-1571376844789-f3add90c7fb73-1024x1024-1-150x150.jpg 150w, https:\/\/agora.xtec.cat\/escelscossetans\/wp-content\/uploads\/usu321\/2022\/11\/2502504-1571376844789-f3add90c7fb73-1024x1024-1-768x768.jpg 768w\" sizes=\"auto, (max-width: 381px) 100vw, 381px\" \/>\u00a0\u00a0\u00a0\u00a0\u00a0\u00a0\u00a0\u00a0\u00a0\u00a0 <img loading=\"lazy\" decoding=\"async\" class=\"alignnone wp-image-3629\" src=\"https:\/\/agora.xtec.cat\/escelscossetans\/wp-content\/uploads\/usu321\/2022\/11\/logo-ateneu-300x169.png\" alt=\"\" width=\"497\" height=\"280\" srcset=\"https:\/\/agora.xtec.cat\/escelscossetans\/wp-content\/uploads\/usu321\/2022\/11\/logo-ateneu-300x169.png 300w, https:\/\/agora.xtec.cat\/escelscossetans\/wp-content\/uploads\/usu321\/2022\/11\/logo-ateneu.png 496w\" sizes=\"auto, (max-width: 497px) 100vw, 497px\" \/> <\/a><\/p>\n<p>&nbsp;<\/p>\n<p><a href=\"https:\/\/ateneu.xtec.cat\/wikiform\/wikiexport\/cursos\/index\"><img loading=\"lazy\" decoding=\"async\" class=\"alignright\" src=\"https:\/\/lh6.googleusercontent.com\/iVh9nho8FyZXUK8X7hWgcLWJKEgaHRWzhEr4YpGxuT5EN6O7DxTWKmf0bluOjmMC4P3vtX6G7_QudOMtV6qgE6gaMiLvifl9pZSUPeQy8j4PXcT7HQzZ_ktq-5cTudVNuQ=w1280\" alt=\"\" width=\"16\" height=\"16\" \/><\/a><\/p>\n<p>&nbsp;<\/p>\n<p>&nbsp;<\/p>\n<p>&nbsp;<\/p>\n<p><iframe loading=\"lazy\" title=\"Oferta formativa per a la compet\u00e8ncia digital docent\" src=\"https:\/\/www.youtube.com\/embed\/HDXh7E3IPYs\" width=\"960\" height=\"540\" frameborder=\"0\" allowfullscreen=\"allowfullscreen\"><\/iframe><\/p>\n","protected":false},"excerpt":{"rendered":"<p>ACOLLIDA DIGITAL DOCENT &nbsp; Protocol d\u2019actuaci\u00f3: 1. Presentaci\u00f3 i explicaci\u00f3 del pla d&#8217;acollida digital del mestre. En el moment de la incorporaci\u00f3 al centre la direcci\u00f3 o el coordinador digital explicar\u00e0 al nou professor\/a el protocol d\u2019acolliment digital, les actuacions que es descriuen a continuaci\u00f3 i els responsables a executar-les. 2. Alta unitats compartides centre [&hellip;]<\/p>\n","protected":false},"author":1,"featured_media":0,"parent":3163,"menu_order":30,"comment_status":"closed","ping_status":"closed","template":"page-templates\/side-menu.php","meta":{"_bbp_topic_count":0,"_bbp_reply_count":0,"_bbp_total_topic_count":0,"_bbp_total_reply_count":0,"_bbp_voice_count":0,"_bbp_anonymous_reply_count":0,"_bbp_topic_count_hidden":0,"_bbp_reply_count_hidden":0,"_bbp_forum_subforum_count":0,"site-sidebar-layout":"default","site-content-layout":"","ast-site-content-layout":"","site-content-style":"default","site-sidebar-style":"default","ast-global-header-display":"","ast-banner-title-visibility":"","ast-main-header-display":"","ast-hfb-above-header-display":"","ast-hfb-below-header-display":"","ast-hfb-mobile-header-display":"","site-post-title":"","ast-breadcrumbs-content":"","ast-featured-img":"","footer-sml-layout":"","theme-transparent-header-meta":"","adv-header-id-meta":"","stick-header-meta":"","header-above-stick-meta":"","header-main-stick-meta":"","header-below-stick-meta":"","astra-migrate-meta-layouts":"default","ast-page-background-enabled":"default","ast-page-background-meta":{"desktop":{"background-color":"var(--ast-global-color-4)","background-image":"","background-repeat":"repeat","background-position":"center center","background-size":"auto","background-attachment":"scroll","background-type":"","background-media":"","overlay-type":"","overlay-color":"","overlay-opacity":"","overlay-gradient":""},"tablet":{"background-color":"","background-image":"","background-repeat":"repeat","background-position":"center center","background-size":"auto","background-attachment":"scroll","background-type":"","background-media":"","overlay-type":"","overlay-color":"","overlay-opacity":"","overlay-gradient":""},"mobile":{"background-color":"","background-image":"","background-repeat":"repeat","background-position":"center center","background-size":"auto","background-attachment":"scroll","background-type":"","background-media":"","overlay-type":"","overlay-color":"","overlay-opacity":"","overlay-gradient":""}},"ast-content-background-meta":{"desktop":{"background-color":"var(--ast-global-color-5)","background-image":"","background-repeat":"repeat","background-position":"center center","background-size":"auto","background-attachment":"scroll","background-type":"","background-media":"","overlay-type":"","overlay-color":"","overlay-opacity":"","overlay-gradient":""},"tablet":{"background-color":"var(--ast-global-color-5)","background-image":"","background-repeat":"repeat","background-position":"center center","background-size":"auto","background-attachment":"scroll","background-type":"","background-media":"","overlay-type":"","overlay-color":"","overlay-opacity":"","overlay-gradient":""},"mobile":{"background-color":"var(--ast-global-color-5)","background-image":"","background-repeat":"repeat","background-position":"center center","background-size":"auto","background-attachment":"scroll","background-type":"","background-media":"","overlay-type":"","overlay-color":"","overlay-opacity":"","overlay-gradient":""}},"footnotes":""},"class_list":["post-3184","page","type-page","status-publish","hentry"],"post_mailing_queue_ids":[],"_links":{"self":[{"href":"https:\/\/agora.xtec.cat\/escelscossetans\/wp-json\/wp\/v2\/pages\/3184","targetHints":{"allow":["GET"]}}],"collection":[{"href":"https:\/\/agora.xtec.cat\/escelscossetans\/wp-json\/wp\/v2\/pages"}],"about":[{"href":"https:\/\/agora.xtec.cat\/escelscossetans\/wp-json\/wp\/v2\/types\/page"}],"author":[{"embeddable":true,"href":"https:\/\/agora.xtec.cat\/escelscossetans\/wp-json\/wp\/v2\/users\/1"}],"replies":[{"embeddable":true,"href":"https:\/\/agora.xtec.cat\/escelscossetans\/wp-json\/wp\/v2\/comments?post=3184"}],"version-history":[{"count":4,"href":"https:\/\/agora.xtec.cat\/escelscossetans\/wp-json\/wp\/v2\/pages\/3184\/revisions"}],"predecessor-version":[{"id":7024,"href":"https:\/\/agora.xtec.cat\/escelscossetans\/wp-json\/wp\/v2\/pages\/3184\/revisions\/7024"}],"up":[{"embeddable":true,"href":"https:\/\/agora.xtec.cat\/escelscossetans\/wp-json\/wp\/v2\/pages\/3163"}],"wp:attachment":[{"href":"https:\/\/agora.xtec.cat\/escelscossetans\/wp-json\/wp\/v2\/media?parent=3184"}],"curies":[{"name":"wp","href":"https:\/\/api.w.org\/{rel}","templated":true}]}}