{"id":3168,"date":"2022-04-28T15:23:26","date_gmt":"2022-04-28T13:23:26","guid":{"rendered":"https:\/\/agora.xtec.cat\/escelscossetans\/?page_id=3168"},"modified":"2022-07-08T11:10:20","modified_gmt":"2022-07-08T09:10:20","slug":"diagnosi","status":"publish","type":"page","link":"https:\/\/agora.xtec.cat\/escelscossetans\/estrategia-digital-de-centre\/estrategia-digital\/diagnosi\/","title":{"rendered":"Diagnosi"},"content":{"rendered":"<p class=\"CDt4Ke zfr3Q\" dir=\"ltr\">Per fer la diagnosi, la comissi\u00f3 digital del centre ha utilitzat tres recursos:<\/p>\n<ul class=\"n8H08c UVNKR\">\n<li class=\"TYR86d wXCUfe zfr3Q\" dir=\"ltr\">\n<p class=\"CDt4Ke zfr3Q\" dir=\"ltr\">Enquesta al professorat, a l&#8217;alumnat i a les fam\u00edlies: la participaci\u00f3 del professorat ha estat del 60%, la de l&#8217;alumnat del 80% i la de les fam\u00edlies del 25%. Per determinar les preguntes, s&#8217;han analitzat els \u00edtems del pla TAC i les \u00e0rees digitals que marca el PEDC (alumnat, professorat i centre).<\/p>\n<\/li>\n<li class=\"TYR86d wXCUfe zfr3Q\" dir=\"ltr\">\n<p class=\"CDt4Ke zfr3Q\" dir=\"ltr\">Valoraci\u00f3 dels resultats de l&#8217;enquesta d&#8217;un claustre.<\/p>\n<\/li>\n<li class=\"TYR86d wXCUfe zfr3Q\" dir=\"ltr\">\n<p class=\"CDt4Ke zfr3Q\" dir=\"ltr\">Sistema d&#8217;indicadors que el centre ja recull anualment.<\/p>\n<\/li>\n<\/ul>\n<p class=\"CDt4Ke zfr3Q\" dir=\"ltr\">A partir de l&#8217;an\u00e0lisi d&#8217;aquestes eines, es detecten els seg\u00fcents punts forts i punts febles segons diferents aspectes:<\/p>\n<p dir=\"ltr\"><strong>PUNTS FORTS\u00a0 \u00a0 \u00a0 \u00a0 \u00a0 \u00a0 \u00a0 \u00a0 \u00a0 \u00a0 \u00a0 \u00a0 \u00a0 \u00a0 \u00a0 \u00a0 \u00a0 \u00a0 \u00a0 \u00a0 \u00a0 \u00a0 \u00a0 \u00a0 \u00a0 \u00a0 \u00a0 \u00a0 \u00a0 \u00a0 \u00a0 \u00a0 \u00a0 \u00a0 \u00a0 \u00a0 \u00a0 \u00a0 \u00a0 \u00a0 \u00a0 \u00a0 \u00a0 \u00a0 \u00a0 \u00a0 \u00a0 \u00a0 \u00a0 \u00a0 \u00a0 \u00a0 \u00a0 \u00a0 \u00a0 \u00a0 \u00a0 \u00a0 \u00a0 \u00a0 \u00a0 \u00a0 \u00a0 \u00a0\u00a0<\/strong><\/p>\n<table dir=\"ltr\" border=\"1\" cellspacing=\"0\" cellpadding=\"0\">\n<colgroup>\n<col width=\"100\" \/>\n<col width=\"100\" \/>\n<col width=\"100\" \/>\n<col width=\"100\" \/>\n<col width=\"100\" \/>\n<col width=\"100\" \/><\/colgroup>\n<tbody>\n<tr>\n<td colspan=\"6\" rowspan=\"1\" data-sheets-value=\"{&quot;1&quot;:2,&quot;2&quot;:&quot;Aprenentatge h\u00edbrid: l'escola t\u00e9 una estrat\u00e8gia digital.&quot;}\">Aprenentatge h\u00edbrid: l&#8217;escola t\u00e9 una estrat\u00e8gia digital.<\/td>\n<\/tr>\n<tr>\n<td colspan=\"6\" rowspan=\"1\" data-sheets-value=\"{&quot;1&quot;:2,&quot;2&quot;:&quot;Aprenentatge h\u00edbrid: a l'escola hi ha for\u00e7a seguretat en l'\u00fas de la tecnologia a les classes.&quot;}\">Aprenentatge h\u00edbrid: a l&#8217;escola hi ha for\u00e7a seguretat en l&#8217;\u00fas de la tecnologia a les classes.<\/td>\n<\/tr>\n<tr>\n<td colspan=\"6\" rowspan=\"1\" data-sheets-value=\"{&quot;1&quot;:2,&quot;2&quot;:&quot;Infraestructura i equips.&quot;}\">Infraestructura i equips.<\/td>\n<\/tr>\n<tr>\n<td colspan=\"6\" rowspan=\"1\" data-sheets-value=\"{&quot;1&quot;:2,&quot;2&quot;:&quot;Infraestructura i equips.&quot;}\">Infraestructura i equips.<\/td>\n<\/tr>\n<tr>\n<td colspan=\"6\" rowspan=\"1\" data-sheets-value=\"{&quot;1&quot;:2,&quot;2&quot;:&quot;Aprenentatge h\u00edbrid: l'escola t\u00e9 una comunicaci\u00f3 organitzada amb les fam\u00edlies.&quot;}\">Aprenentatge h\u00edbrid: l&#8217;escola t\u00e9 una comunicaci\u00f3 organitzada amb les fam\u00edlies.<\/td>\n<\/tr>\n<tr>\n<td colspan=\"6\" rowspan=\"1\" data-sheets-value=\"{&quot;1&quot;:2,&quot;2&quot;:&quot;Desenvolupament professional continu (DPC) del personal en tots els nivells.&quot;}\">Desenvolupament professional continu (DPC) del personal en tots els nivells.<\/td>\n<\/tr>\n<tr>\n<td colspan=\"6\" rowspan=\"1\" data-sheets-value=\"{&quot;1&quot;:2,&quot;2&quot;:&quot;Innovaci\u00f3 de les pr\u00e0ctiques d'ensenyament i aprenentatge. &quot;}\">Innovaci\u00f3 de les pr\u00e0ctiques d&#8217;ensenyament i aprenentatge.<\/td>\n<\/tr>\n<tr>\n<td colspan=\"6\" rowspan=\"1\" data-sheets-value=\"{&quot;1&quot;:2,&quot;2&quot;:&quot;Habilitats, coneixements i actituds de l'alumnat en tecnologia digital.&quot;}\">Habilitats, coneixements i actituds de l&#8217;alumnat en tecnologia digital.<\/td>\n<\/tr>\n<tr>\n<td colspan=\"6\" rowspan=\"1\" data-sheets-value=\"{&quot;1&quot;:2,&quot;2&quot;:&quot;L'alumnat sap utilitzar el programari sense ajuda.&quot;}\">L&#8217;alumnat sap utilitzar el programari sense ajuda.<\/td>\n<\/tr>\n<\/tbody>\n<\/table>\n<p>&nbsp;<\/p>\n<p><strong>PUNTS FEBLES<\/strong><\/p>\n<table dir=\"ltr\" style=\"width: 36.4271%; height: 267px;\" border=\"1\" cellspacing=\"0\" cellpadding=\"0\">\n<colgroup>\n<col width=\"100\" \/>\n<col width=\"100\" \/>\n<col width=\"100\" \/>\n<col width=\"100\" \/>\n<col width=\"100\" \/><\/colgroup>\n<tbody>\n<tr style=\"height: 33px;\">\n<td style=\"height: 33px; width: 1.40252%;\" colspan=\"5\" rowspan=\"1\" data-sheets-value=\"{&quot;1&quot;:2,&quot;2&quot;:&quot;Pocs dispositius per a l'alumnat.&quot;}\">Pocs dispositius per a l&#8217;alumnat.<\/td>\n<\/tr>\n<tr style=\"height: 10px;\">\n<td style=\"height: 10px; width: 1.40252%;\" colspan=\"5\" rowspan=\"1\" data-sheets-value=\"{&quot;1&quot;:2,&quot;2&quot;:&quot;Protecci\u00f3 de dades fluixa.&quot;}\">Protecci\u00f3 de dades fluixa.<\/td>\n<\/tr>\n<tr style=\"height: 10px;\">\n<td style=\"height: 10px; width: 1.40252%;\" colspan=\"5\" rowspan=\"1\" data-sheets-value=\"{&quot;1&quot;:2,&quot;2&quot;:&quot;Suport t\u00e8cnic limitat.&quot;}\">Suport t\u00e8cnic limitat.<\/td>\n<\/tr>\n<tr style=\"height: 33px;\">\n<td style=\"height: 33px; width: 1.40252%;\" colspan=\"5\" rowspan=\"1\" data-sheets-value=\"{&quot;1&quot;:2,&quot;2&quot;:&quot;Equip digital insuficient.&quot;}\">Equip digital insuficient.<\/td>\n<\/tr>\n<tr style=\"height: 33px;\">\n<td style=\"height: 33px; width: 1.40252%;\" colspan=\"5\" rowspan=\"1\" data-sheets-value=\"{&quot;1&quot;:2,&quot;2&quot;:&quot;Manca de temps del professorat.&quot;}\">Manca de temps del professorat.<\/td>\n<\/tr>\n<tr style=\"height: 33px;\">\n<td style=\"height: 33px; width: 1.40252%;\" colspan=\"5\" rowspan=\"1\" data-sheets-value=\"{&quot;1&quot;:2,&quot;2&quot;:&quot;Professorat amb compet\u00e8ncies digitals insuficients.&quot;}\">Professorat amb compet\u00e8ncies digitals insuficients.<\/td>\n<\/tr>\n<tr style=\"height: 33px;\">\n<td style=\"height: 33px; width: 1.40252%;\" colspan=\"5\" rowspan=\"1\" data-sheets-value=\"{&quot;1&quot;:2,&quot;2&quot;:&quot;Poc temps dedicat a la tecnologia a l'aula.&quot;}\">Poc temps dedicat a la tecnologia a l&#8217;aula.<\/td>\n<\/tr>\n<tr style=\"height: 33px;\">\n<td style=\"height: 33px; width: 1.40252%;\" colspan=\"5\" rowspan=\"1\" data-sheets-value=\"{&quot;1&quot;:2,&quot;2&quot;:&quot;\u00das de la tecnologia per la doc\u00e8ncia i l'aprenentatge baix.&quot;}\">\u00das de la tecnologia per la doc\u00e8ncia i l&#8217;aprenentatge baix.<\/td>\n<\/tr>\n<tr style=\"height: 49px;\">\n<td style=\"height: 49px; width: 1.40252%;\" colspan=\"5\" rowspan=\"1\" data-sheets-value=\"{&quot;1&quot;:2,&quot;2&quot;:&quot;Aprenentatge h\u00edbrid: \u00fas de la tecnologia a la llar baix i baixa compet\u00e8ncia de les fam\u00edlies.&quot;}\">Aprenentatge h\u00edbrid: \u00fas de la tecnologia a la llar baix i baixa compet\u00e8ncia de les fam\u00edlies.<\/td>\n<\/tr>\n<\/tbody>\n<\/table>\n<p><iframe loading=\"lazy\" src=\"https:\/\/drive.google.com\/file\/d\/1Su34kvlc-JIPiOe_y3IHryPEBRlzbsZ0\/preview\" width=\"640\" height=\"480\"><\/iframe><\/p>\n","protected":false},"excerpt":{"rendered":"<p>Per fer la diagnosi, la comissi\u00f3 digital del centre ha utilitzat tres recursos: Enquesta al professorat, a l&#8217;alumnat i a les fam\u00edlies: la participaci\u00f3 del professorat ha estat del 60%, la de l&#8217;alumnat del 80% i la de les fam\u00edlies del 25%. Per determinar les preguntes, s&#8217;han analitzat els \u00edtems del pla TAC i les [&hellip;]<\/p>\n","protected":false},"author":1,"featured_media":0,"parent":3161,"menu_order":10,"comment_status":"closed","ping_status":"closed","template":"page-templates\/side-menu.php","meta":{"_bbp_topic_count":0,"_bbp_reply_count":0,"_bbp_total_topic_count":0,"_bbp_total_reply_count":0,"_bbp_voice_count":0,"_bbp_anonymous_reply_count":0,"_bbp_topic_count_hidden":0,"_bbp_reply_count_hidden":0,"_bbp_forum_subforum_count":0,"site-sidebar-layout":"default","site-content-layout":"","ast-site-content-layout":"","site-content-style":"default","site-sidebar-style":"default","ast-global-header-display":"","ast-banner-title-visibility":"","ast-main-header-display":"","ast-hfb-above-header-display":"","ast-hfb-below-header-display":"","ast-hfb-mobile-header-display":"","site-post-title":"","ast-breadcrumbs-content":"","ast-featured-img":"","footer-sml-layout":"","theme-transparent-header-meta":"","adv-header-id-meta":"","stick-header-meta":"","header-above-stick-meta":"","header-main-stick-meta":"","header-below-stick-meta":"","astra-migrate-meta-layouts":"default","ast-page-background-enabled":"default","ast-page-background-meta":{"desktop":{"background-color":"var(--ast-global-color-4)","background-image":"","background-repeat":"repeat","background-position":"center center","background-size":"auto","background-attachment":"scroll","background-type":"","background-media":"","overlay-type":"","overlay-color":"","overlay-opacity":"","overlay-gradient":""},"tablet":{"background-color":"","background-image":"","background-repeat":"repeat","background-position":"center center","background-size":"auto","background-attachment":"scroll","background-type":"","background-media":"","overlay-type":"","overlay-color":"","overlay-opacity":"","overlay-gradient":""},"mobile":{"background-color":"","background-image":"","background-repeat":"repeat","background-position":"center center","background-size":"auto","background-attachment":"scroll","background-type":"","background-media":"","overlay-type":"","overlay-color":"","overlay-opacity":"","overlay-gradient":""}},"ast-content-background-meta":{"desktop":{"background-color":"var(--ast-global-color-5)","background-image":"","background-repeat":"repeat","background-position":"center center","background-size":"auto","background-attachment":"scroll","background-type":"","background-media":"","overlay-type":"","overlay-color":"","overlay-opacity":"","overlay-gradient":""},"tablet":{"background-color":"var(--ast-global-color-5)","background-image":"","background-repeat":"repeat","background-position":"center center","background-size":"auto","background-attachment":"scroll","background-type":"","background-media":"","overlay-type":"","overlay-color":"","overlay-opacity":"","overlay-gradient":""},"mobile":{"background-color":"var(--ast-global-color-5)","background-image":"","background-repeat":"repeat","background-position":"center center","background-size":"auto","background-attachment":"scroll","background-type":"","background-media":"","overlay-type":"","overlay-color":"","overlay-opacity":"","overlay-gradient":""}},"footnotes":""},"class_list":["post-3168","page","type-page","status-publish","hentry"],"post_mailing_queue_ids":[],"_links":{"self":[{"href":"https:\/\/agora.xtec.cat\/escelscossetans\/wp-json\/wp\/v2\/pages\/3168","targetHints":{"allow":["GET"]}}],"collection":[{"href":"https:\/\/agora.xtec.cat\/escelscossetans\/wp-json\/wp\/v2\/pages"}],"about":[{"href":"https:\/\/agora.xtec.cat\/escelscossetans\/wp-json\/wp\/v2\/types\/page"}],"author":[{"embeddable":true,"href":"https:\/\/agora.xtec.cat\/escelscossetans\/wp-json\/wp\/v2\/users\/1"}],"replies":[{"embeddable":true,"href":"https:\/\/agora.xtec.cat\/escelscossetans\/wp-json\/wp\/v2\/comments?post=3168"}],"version-history":[{"count":4,"href":"https:\/\/agora.xtec.cat\/escelscossetans\/wp-json\/wp\/v2\/pages\/3168\/revisions"}],"predecessor-version":[{"id":3327,"href":"https:\/\/agora.xtec.cat\/escelscossetans\/wp-json\/wp\/v2\/pages\/3168\/revisions\/3327"}],"up":[{"embeddable":true,"href":"https:\/\/agora.xtec.cat\/escelscossetans\/wp-json\/wp\/v2\/pages\/3161"}],"wp:attachment":[{"href":"https:\/\/agora.xtec.cat\/escelscossetans\/wp-json\/wp\/v2\/media?parent=3168"}],"curies":[{"name":"wp","href":"https:\/\/api.w.org\/{rel}","templated":true}]}}