{"id":3163,"date":"2022-04-28T12:51:31","date_gmt":"2022-04-28T10:51:31","guid":{"rendered":"https:\/\/agora.xtec.cat\/escelscossetans\/?page_id=3163"},"modified":"2023-02-01T10:13:35","modified_gmt":"2023-02-01T09:13:35","slug":"cultura-digital","status":"publish","type":"page","link":"https:\/\/agora.xtec.cat\/escelscossetans\/estrategia-digital-de-centre\/cultura-digital\/","title":{"rendered":"Cultura digital"},"content":{"rendered":"<p><a class=\"button normal\" style=\"padding: 1em; font-weight: 400; margin: 0.1em; color: white !important; background-color: #ff3257bf;\" href=\"https:\/\/agora.xtec.cat\/escelscossetans\/estrategia-digital-de-centre\/cultura-digital\/alumnat\/\" target=\"_blank\" rel=\"noopener noreferrer\">ALUMNAT<\/a> <a class=\"button normal\" style=\"padding: 1em; font-weight: 400; margin: 0.1em; color: white !important; background-color: #767676;\" href=\"https:\/\/agora.xtec.cat\/escelscossetans\/estrategia-digital-de-centre\/cultura-digital\/professorat\/\" target=\"_blank\" rel=\"noopener noreferrer\">PROFESSORAT<\/a> <a class=\"button normal\" style=\"padding: 1em; font-weight: 400; margin: 0.1em; color: white !important; background-color: #9e9e9e;\" href=\"https:\/\/\" rel=\"noopener noreferrer\">FAM\u00cdLIES<\/a><\/p>\n<p>En aquest apartat es recullen tots els documents del centre que fan refer\u00e8ncia a aspectes de la cultura digital. D\u2019aquesta manera, es pot tenir una visi\u00f3 completa de l\u2019assoliment d\u2019aquesta cultura pel que fa a centre.<\/p>\n<p><strong>PLATAFORMA DIGITAL<\/strong><\/p>\n<p>&nbsp;<\/p>\n<p><img loading=\"lazy\" decoding=\"async\" class=\"alignleft\" src=\"https:\/\/colegioreginamundi.com\/imagenes\/Secretaria\/2021\/google_workspace.jpg\" alt=\"GOOGLE WORKSPACE FOR EDUCATION\" width=\"208\" height=\"121\" \/><\/p>\n<p>El centre disposa d&#8217;un domini G Suite for Education propi. D&#8217;aquesta manera, alumnat, professorat, personal d&#8217;administraci\u00f3 disposen d&#8217;un usuari @elscossetans.com<\/p>\n<p>&nbsp;<\/p>\n<p>&nbsp;<\/p>\n<p>&nbsp;<\/p>\n<p>&nbsp;<\/p>\n<p>&nbsp;<\/p>\n<p><strong>SEGUIMENT DE L&#8217;ALUMNAT<\/strong><\/p>\n<p>&nbsp;<\/p>\n<p>L&#8217;escola disposa de quaderns virtuals de seguiment de l&#8217;alumnat pels mestres.<\/p>\n<p>&nbsp;<\/p>\n<p>&nbsp;<\/p>\n<p><strong>DOCUMENTACI\u00d3<\/strong><\/p>\n<p class=\"CDt4Ke zfr3Q\" dir=\"ltr\">El centre organitza tota la documentaci\u00f3 en unitats compartides. Aquestes unitats es comparteixen exclusivament amb el correu corporatiu @xtec del professorat del centre.<\/p>\n<p class=\"CDt4Ke zfr3Q\" dir=\"ltr\">Aquestes unitats s&#8217;organitzen en carpetes, on hi ha tota la informaci\u00f3 que necessita el centre. Des de documentaci\u00f3 oficial a, llistes d&#8217;assist\u00e8ncia d&#8217;alumnes, el PAT&#8230;\u00a0 \u00a0 \u00a0 \u00a0 \u00a0 \u00a0 \u00a0 \u00a0 \u00a0 \u00a0<img loading=\"lazy\" decoding=\"async\" class=\"\" src=\"https:\/\/www.audienciaelectronica.net\/wp-content\/uploads\/2015\/07\/offie-y-google-drive.png\" alt=\"Microsoft Office ya ofrece soporte para almacenar en Google Drive | Audiencia Electr\u00f3nica\" width=\"300\" height=\"150\" \/><\/p>\n<p>&nbsp;<\/p>\n<p>&nbsp;<\/p>\n<p><strong>COMPET\u00c8NCIA DIGITAL<\/strong><\/p>\n<p>&nbsp;<\/p>\n<p style=\"text-align: left;\"><img loading=\"lazy\" decoding=\"async\" class=\"size-medium wp-image-3632 aligncenter\" src=\"https:\/\/agora.xtec.cat\/escelscossetans\/wp-content\/uploads\/usu321\/2022\/11\/profesor-te-invitamos-a-fortalecer-tus-competencias-digitales-300x300.png\" alt=\"\" width=\"300\" height=\"300\" srcset=\"https:\/\/agora.xtec.cat\/escelscossetans\/wp-content\/uploads\/usu321\/2022\/11\/profesor-te-invitamos-a-fortalecer-tus-competencias-digitales-300x300.png 300w, https:\/\/agora.xtec.cat\/escelscossetans\/wp-content\/uploads\/usu321\/2022\/11\/profesor-te-invitamos-a-fortalecer-tus-competencias-digitales-150x150.png 150w, https:\/\/agora.xtec.cat\/escelscossetans\/wp-content\/uploads\/usu321\/2022\/11\/profesor-te-invitamos-a-fortalecer-tus-competencias-digitales.png 768w\" sizes=\"auto, (max-width: 300px) 100vw, 300px\" \/><\/p>\n<p style=\"text-align: left;\">La compet\u00e8ncia digital \u00e9s la capacitat d&#8217;utilitzar les tecnologies de la informaci\u00f3 i de la comunicaci\u00f3 en les tasques de la vida quotidiana, a l&#8217;escola, a la feina o al lleure. El seu contrari \u00e9s l&#8217;analfabetisme digital. Es considera com una de les capacitats b\u00e0siques (a m\u00e9s de llegir, escriure i matem\u00e0tica) i transversal, \u00e9s a dir una habilitat necess\u00e0ria en qualsevol altra mat\u00e8ria que s&#8217;ensenya a l&#8217;escola, i m\u00e9s tard tot arreu en quasi totes les activitats de la vida quotidiana per a tota persona que vulgui interactuar amb normalitat a la societat actual.<\/p>\n<p class=\"CDt4Ke zfr3Q\" dir=\"ltr\"><span style=\"font-family: inherit; font-size: 1em;\">S&#8217;ent\u00e9n per Compet\u00e8ncia digital docent la capacitat que tenen els docents d&#8217;aplicar i transferir tots els seus coneixements, estrat\u00e8gies, habilitats i actituds sobre les TAC en situacions reals i concretes de la seva praxi professional per tal de:<\/span><\/p>\n<ul class=\"n8H08c UVNKR\">\n<li class=\"TYR86d wXCUfe zfr3Q\" dir=\"ltr\">\n<p class=\"CDt4Ke zfr3Q\" dir=\"ltr\">Facilitar l&#8217;aprenentatge dels alumnes i l&#8217;adquisici\u00f3 de la compet\u00e8ncia digital d&#8217;aquest col\u00b7lectiu<\/p>\n<\/li>\n<li class=\"TYR86d wXCUfe zfr3Q\" dir=\"ltr\">\n<p class=\"CDt4Ke zfr3Q\" dir=\"ltr\">Dur a terme processos de millora i innovaci\u00f3 a l&#8217;ensenyament d&#8217;acord amb les necessitats de l&#8217;era digital<\/p>\n<\/li>\n<li class=\"TYR86d wXCUfe zfr3Q\" dir=\"ltr\">\n<p class=\"CDt4Ke zfr3Q\" dir=\"ltr\">Contribuir al seu desenvolupament professional d&#8217;acord amb els processos de canvi que tenen lloc a la societat i als centres educatius.<\/p>\n<\/li>\n<\/ul>\n<p class=\"CDt4Ke zfr3Q\" dir=\"ltr\">La Compet\u00e8ncia digital docent (CDD) est\u00e0 formada per coneixements i habilitats de dos tipus:<\/p>\n<ul class=\"n8H08c UVNKR\">\n<li class=\"TYR86d wXCUfe zfr3Q\" dir=\"ltr\">\n<p class=\"CDt4Ke zfr3Q\" dir=\"ltr\">La compet\u00e8ncia TIC referida a l&#8217;\u00fas instrumental de les tecnologies (CDI)<\/p>\n<\/li>\n<li class=\"TYR86d wXCUfe zfr3Q\" dir=\"ltr\">\n<p class=\"CDt4Ke zfr3Q\" dir=\"ltr\">Les habilitats de caire did\u00e0ctic i metodol\u00f2gic (CDM).<\/p>\n<\/li>\n<\/ul>\n<p>&nbsp;<\/p>\n<p><em>Segons ACTIC entenem la compet\u00e8ncia digital com la combinaci\u00f3 de coneixements, habilitats i actituds en l\u2019\u00e0mbit de les tecnologies de la informaci\u00f3 i la comunicaci\u00f3 (TIC) que les persones despleguen en situacions reals per assolir objectius determinats amb efic\u00e0cia i efici\u00e8ncia.<\/em><\/p>\n","protected":false},"excerpt":{"rendered":"<p>ALUMNAT PROFESSORAT FAM\u00cdLIES En aquest apartat es recullen tots els documents del centre que fan refer\u00e8ncia a aspectes de la cultura digital. D\u2019aquesta manera, es pot tenir una visi\u00f3 completa de l\u2019assoliment d\u2019aquesta cultura pel que fa a centre. PLATAFORMA DIGITAL &nbsp; El centre disposa d&#8217;un domini G Suite for Education propi. D&#8217;aquesta manera, alumnat, [&hellip;]<\/p>\n","protected":false},"author":1,"featured_media":0,"parent":3154,"menu_order":0,"comment_status":"closed","ping_status":"closed","template":"","meta":{"_bbp_topic_count":0,"_bbp_reply_count":0,"_bbp_total_topic_count":0,"_bbp_total_reply_count":0,"_bbp_voice_count":0,"_bbp_anonymous_reply_count":0,"_bbp_topic_count_hidden":0,"_bbp_reply_count_hidden":0,"_bbp_forum_subforum_count":0,"site-sidebar-layout":"default","site-content-layout":"","ast-site-content-layout":"","site-content-style":"default","site-sidebar-style":"default","ast-global-header-display":"","ast-banner-title-visibility":"","ast-main-header-display":"","ast-hfb-above-header-display":"","ast-hfb-below-header-display":"","ast-hfb-mobile-header-display":"","site-post-title":"","ast-breadcrumbs-content":"","ast-featured-img":"","footer-sml-layout":"","theme-transparent-header-meta":"","adv-header-id-meta":"","stick-header-meta":"","header-above-stick-meta":"","header-main-stick-meta":"","header-below-stick-meta":"","astra-migrate-meta-layouts":"default","ast-page-background-enabled":"default","ast-page-background-meta":{"desktop":{"background-color":"var(--ast-global-color-4)","background-image":"","background-repeat":"repeat","background-position":"center center","background-size":"auto","background-attachment":"scroll","background-type":"","background-media":"","overlay-type":"","overlay-color":"","overlay-opacity":"","overlay-gradient":""},"tablet":{"background-color":"","background-image":"","background-repeat":"repeat","background-position":"center center","background-size":"auto","background-attachment":"scroll","background-type":"","background-media":"","overlay-type":"","overlay-color":"","overlay-opacity":"","overlay-gradient":""},"mobile":{"background-color":"","background-image":"","background-repeat":"repeat","background-position":"center center","background-size":"auto","background-attachment":"scroll","background-type":"","background-media":"","overlay-type":"","overlay-color":"","overlay-opacity":"","overlay-gradient":""}},"ast-content-background-meta":{"desktop":{"background-color":"var(--ast-global-color-5)","background-image":"","background-repeat":"repeat","background-position":"center center","background-size":"auto","background-attachment":"scroll","background-type":"","background-media":"","overlay-type":"","overlay-color":"","overlay-opacity":"","overlay-gradient":""},"tablet":{"background-color":"var(--ast-global-color-5)","background-image":"","background-repeat":"repeat","background-position":"center center","background-size":"auto","background-attachment":"scroll","background-type":"","background-media":"","overlay-type":"","overlay-color":"","overlay-opacity":"","overlay-gradient":""},"mobile":{"background-color":"var(--ast-global-color-5)","background-image":"","background-repeat":"repeat","background-position":"center center","background-size":"auto","background-attachment":"scroll","background-type":"","background-media":"","overlay-type":"","overlay-color":"","overlay-opacity":"","overlay-gradient":""}},"footnotes":""},"class_list":["post-3163","page","type-page","status-publish","hentry"],"post_mailing_queue_ids":[],"_links":{"self":[{"href":"https:\/\/agora.xtec.cat\/escelscossetans\/wp-json\/wp\/v2\/pages\/3163","targetHints":{"allow":["GET"]}}],"collection":[{"href":"https:\/\/agora.xtec.cat\/escelscossetans\/wp-json\/wp\/v2\/pages"}],"about":[{"href":"https:\/\/agora.xtec.cat\/escelscossetans\/wp-json\/wp\/v2\/types\/page"}],"author":[{"embeddable":true,"href":"https:\/\/agora.xtec.cat\/escelscossetans\/wp-json\/wp\/v2\/users\/1"}],"replies":[{"embeddable":true,"href":"https:\/\/agora.xtec.cat\/escelscossetans\/wp-json\/wp\/v2\/comments?post=3163"}],"version-history":[{"count":3,"href":"https:\/\/agora.xtec.cat\/escelscossetans\/wp-json\/wp\/v2\/pages\/3163\/revisions"}],"predecessor-version":[{"id":3760,"href":"https:\/\/agora.xtec.cat\/escelscossetans\/wp-json\/wp\/v2\/pages\/3163\/revisions\/3760"}],"up":[{"embeddable":true,"href":"https:\/\/agora.xtec.cat\/escelscossetans\/wp-json\/wp\/v2\/pages\/3154"}],"wp:attachment":[{"href":"https:\/\/agora.xtec.cat\/escelscossetans\/wp-json\/wp\/v2\/media?parent=3163"}],"curies":[{"name":"wp","href":"https:\/\/api.w.org\/{rel}","templated":true}]}}