{"id":30,"date":"2014-09-18T12:30:23","date_gmt":"2014-09-18T12:30:23","guid":{"rendered":"http:\/\/agora.xtec.cat\/escelscossetans\/?page_id=30"},"modified":"2026-02-11T11:10:23","modified_gmt":"2026-02-11T10:10:23","slug":"horaris","status":"publish","type":"page","link":"https:\/\/agora.xtec.cat\/escelscossetans\/lescola\/horaris\/","title":{"rendered":"Horaris"},"content":{"rendered":"<h3>Horari Escolar<\/h3>\n<p>De 8:30h a 12h i de 15h a 16:30h.<\/p>\n<p>&nbsp;<\/p>\n<h3>Horari d\u2019Administraci\u00f3<\/h3>\n<p><strong>De dilluns a divendres:<\/strong> de 9h a 12h<\/p>\n<p>&nbsp;<\/p>\n<h3>Horari Direcci\u00f3<\/h3>\n<h3><img loading=\"lazy\" decoding=\"async\" class=\"alignright wp-image-3356\" src=\"https:\/\/agora.xtec.cat\/escelscossetans\/wp-content\/uploads\/usu321\/2022\/09\/png-transparent-creative-clock-watch-alarm-clocks-cartoon-creative-work-hourglass-line.png\" alt=\"\" width=\"249\" height=\"249\" srcset=\"https:\/\/agora.xtec.cat\/escelscossetans\/wp-content\/uploads\/usu321\/2022\/09\/png-transparent-creative-clock-watch-alarm-clocks-cartoon-creative-work-hourglass-line.png 920w, https:\/\/agora.xtec.cat\/escelscossetans\/wp-content\/uploads\/usu321\/2022\/09\/png-transparent-creative-clock-watch-alarm-clocks-cartoon-creative-work-hourglass-line-300x300.png 300w, https:\/\/agora.xtec.cat\/escelscossetans\/wp-content\/uploads\/usu321\/2022\/09\/png-transparent-creative-clock-watch-alarm-clocks-cartoon-creative-work-hourglass-line-150x150.png 150w, https:\/\/agora.xtec.cat\/escelscossetans\/wp-content\/uploads\/usu321\/2022\/09\/png-transparent-creative-clock-watch-alarm-clocks-cartoon-creative-work-hourglass-line-768x768.png 768w\" sizes=\"auto, (max-width: 249px) 100vw, 249px\" \/><\/h3>\n<p><strong>Atenci\u00f3 a fam\u00edlies: <\/strong>cita pr\u00e8via.<\/p>\n","protected":false},"excerpt":{"rendered":"<p>Horari Escolar De 8:30h a 12h i de 15h a 16:30h. &nbsp; Horari d\u2019Administraci\u00f3 De dilluns a divendres: de 9h a 12h &nbsp; Horari Direcci\u00f3 Atenci\u00f3 a fam\u00edlies: cita pr\u00e8via.<\/p>\n","protected":false},"author":2,"featured_media":0,"parent":22,"menu_order":40,"comment_status":"closed","ping_status":"closed","template":"page-templates\/side-menu.php","meta":{"_bbp_topic_count":0,"_bbp_reply_count":0,"_bbp_total_topic_count":0,"_bbp_total_reply_count":0,"_bbp_voice_count":0,"_bbp_anonymous_reply_count":0,"_bbp_topic_count_hidden":0,"_bbp_reply_count_hidden":0,"_bbp_forum_subforum_count":0,"site-sidebar-layout":"default","site-content-layout":"","ast-site-content-layout":"","site-content-style":"default","site-sidebar-style":"default","ast-global-header-display":"","ast-banner-title-visibility":"","ast-main-header-display":"","ast-hfb-above-header-display":"","ast-hfb-below-header-display":"","ast-hfb-mobile-header-display":"","site-post-title":"","ast-breadcrumbs-content":"","ast-featured-img":"","footer-sml-layout":"","theme-transparent-header-meta":"","adv-header-id-meta":"","stick-header-meta":"","header-above-stick-meta":"","header-main-stick-meta":"","header-below-stick-meta":"","astra-migrate-meta-layouts":"default","ast-page-background-enabled":"default","ast-page-background-meta":{"desktop":{"background-color":"var(--ast-global-color-4)","background-image":"","background-repeat":"repeat","background-position":"center center","background-size":"auto","background-attachment":"scroll","background-type":"","background-media":"","overlay-type":"","overlay-color":"","overlay-opacity":"","overlay-gradient":""},"tablet":{"background-color":"","background-image":"","background-repeat":"repeat","background-position":"center center","background-size":"auto","background-attachment":"scroll","background-type":"","background-media":"","overlay-type":"","overlay-color":"","overlay-opacity":"","overlay-gradient":""},"mobile":{"background-color":"","background-image":"","background-repeat":"repeat","background-position":"center center","background-size":"auto","background-attachment":"scroll","background-type":"","background-media":"","overlay-type":"","overlay-color":"","overlay-opacity":"","overlay-gradient":""}},"ast-content-background-meta":{"desktop":{"background-color":"var(--ast-global-color-5)","background-image":"","background-repeat":"repeat","background-position":"center center","background-size":"auto","background-attachment":"scroll","background-type":"","background-media":"","overlay-type":"","overlay-color":"","overlay-opacity":"","overlay-gradient":""},"tablet":{"background-color":"var(--ast-global-color-5)","background-image":"","background-repeat":"repeat","background-position":"center center","background-size":"auto","background-attachment":"scroll","background-type":"","background-media":"","overlay-type":"","overlay-color":"","overlay-opacity":"","overlay-gradient":""},"mobile":{"background-color":"var(--ast-global-color-5)","background-image":"","background-repeat":"repeat","background-position":"center center","background-size":"auto","background-attachment":"scroll","background-type":"","background-media":"","overlay-type":"","overlay-color":"","overlay-opacity":"","overlay-gradient":""}},"footnotes":""},"class_list":["post-30","page","type-page","status-publish","hentry"],"post_mailing_queue_ids":[],"_links":{"self":[{"href":"https:\/\/agora.xtec.cat\/escelscossetans\/wp-json\/wp\/v2\/pages\/30","targetHints":{"allow":["GET"]}}],"collection":[{"href":"https:\/\/agora.xtec.cat\/escelscossetans\/wp-json\/wp\/v2\/pages"}],"about":[{"href":"https:\/\/agora.xtec.cat\/escelscossetans\/wp-json\/wp\/v2\/types\/page"}],"author":[{"embeddable":true,"href":"https:\/\/agora.xtec.cat\/escelscossetans\/wp-json\/wp\/v2\/users\/2"}],"replies":[{"embeddable":true,"href":"https:\/\/agora.xtec.cat\/escelscossetans\/wp-json\/wp\/v2\/comments?post=30"}],"version-history":[{"count":6,"href":"https:\/\/agora.xtec.cat\/escelscossetans\/wp-json\/wp\/v2\/pages\/30\/revisions"}],"predecessor-version":[{"id":7602,"href":"https:\/\/agora.xtec.cat\/escelscossetans\/wp-json\/wp\/v2\/pages\/30\/revisions\/7602"}],"up":[{"embeddable":true,"href":"https:\/\/agora.xtec.cat\/escelscossetans\/wp-json\/wp\/v2\/pages\/22"}],"wp:attachment":[{"href":"https:\/\/agora.xtec.cat\/escelscossetans\/wp-json\/wp\/v2\/media?parent=30"}],"curies":[{"name":"wp","href":"https:\/\/api.w.org\/{rel}","templated":true}]}}