{"id":2822,"date":"2022-01-27T12:39:27","date_gmt":"2022-01-27T11:39:27","guid":{"rendered":"https:\/\/agora.xtec.cat\/escelscossetans\/?page_id=2822"},"modified":"2022-02-10T10:44:16","modified_gmt":"2022-02-10T09:44:16","slug":"competencia-digital","status":"publish","type":"page","link":"https:\/\/agora.xtec.cat\/escelscossetans\/projecte-educatiu\/els-nostres-projectes\/competencia-digital\/","title":{"rendered":"Compet\u00e8ncia digital"},"content":{"rendered":"<p style=\"font-weight: 400;\">Des del curs passat, la nostra escola duu a terme un projecte anomenat Compet\u00e8ncia Digital. A l\u2019horari tenim assignades una o dues sessions setmanals en les quals disposem dels Chromebooks o tauletes de l\u2019escola i aprenem a treballar amb ells.<\/p>\n<p style=\"font-weight: 400;\">Pel que fa a Infantil, fem servir les tauletes, amb diferents aplicacions per treballar grafisme, diversos conceptes matem\u00e0tics, coordinaci\u00f3 m\u00e0-ull.<\/p>\n<p style=\"font-weight: 400;\">En el cas de Prim\u00e0ria, fem servir els Chromebooks. Cada alumne tenim un usuari i una contrasenya per a entrar al Moodle de l\u2019escola. All\u00e0, els i les mestres ens posen activitats que hem de fer, com poden ser f\u00f2rums, Liveworksheets&#8230; Tamb\u00e9 aprenem a escriure fent servir el teclat i el ratol\u00ed, a modificar el text escrit, a cercar per internet amb paraules clau, creem documents o presentacions amb les eines del Drive, etc&#8230;<\/p>\n<p style=\"font-weight: 400;\">En concret, els i les alumnes de sis\u00e8 disposem d\u2019un Chromebook personal, cedit pel Departament d\u2019Ensenyament, per tant, en podem fer \u00fas tant en aquestes sessions setmanals, com quan en tinguem necessitat segons les activitats que duem a terme.<\/p>\n<p style=\"font-weight: 400;\">A m\u00e9s, en cas de confinament podem treballar a trav\u00e9s d\u2019aquesta plataforma. Ja som uns experts i cada any aprenem noves coses.<\/p>\n<p>&nbsp;<\/p>\n<p><a href=\"https:\/\/agora.xtec.cat\/escelscossetans\/wp-content\/uploads\/usu321\/2022\/02\/WhatsApp-Image-2022-02-03-at-12.25.01-1.jpeg\"><img loading=\"lazy\" decoding=\"async\" class=\"alignnone wp-image-2970 size-medium\" src=\"https:\/\/agora.xtec.cat\/escelscossetans\/wp-content\/uploads\/usu321\/2022\/02\/WhatsApp-Image-2022-02-03-at-12.25.01-1-225x300.jpeg\" alt=\"\" width=\"225\" height=\"300\" srcset=\"https:\/\/agora.xtec.cat\/escelscossetans\/wp-content\/uploads\/usu321\/2022\/02\/WhatsApp-Image-2022-02-03-at-12.25.01-1-225x300.jpeg 225w, https:\/\/agora.xtec.cat\/escelscossetans\/wp-content\/uploads\/usu321\/2022\/02\/WhatsApp-Image-2022-02-03-at-12.25.01-1.jpeg 768w\" sizes=\"auto, (max-width: 225px) 100vw, 225px\" \/><\/a> <a href=\"https:\/\/agora.xtec.cat\/escelscossetans\/wp-content\/uploads\/usu321\/2022\/02\/WhatsApp-Image-2022-02-03-at-12.25.01-2.jpeg\"><img loading=\"lazy\" decoding=\"async\" class=\"alignnone size-medium wp-image-2971\" src=\"https:\/\/agora.xtec.cat\/escelscossetans\/wp-content\/uploads\/usu321\/2022\/02\/WhatsApp-Image-2022-02-03-at-12.25.01-2-225x300.jpeg\" alt=\"\" width=\"225\" height=\"300\" srcset=\"https:\/\/agora.xtec.cat\/escelscossetans\/wp-content\/uploads\/usu321\/2022\/02\/WhatsApp-Image-2022-02-03-at-12.25.01-2-225x300.jpeg 225w, https:\/\/agora.xtec.cat\/escelscossetans\/wp-content\/uploads\/usu321\/2022\/02\/WhatsApp-Image-2022-02-03-at-12.25.01-2.jpeg 768w\" sizes=\"auto, (max-width: 225px) 100vw, 225px\" \/><\/a> <a href=\"https:\/\/agora.xtec.cat\/escelscossetans\/wp-content\/uploads\/usu321\/2022\/02\/WhatsApp-Image-2022-02-03-at-12.25.01.jpeg\"><img loading=\"lazy\" decoding=\"async\" class=\"alignnone size-medium wp-image-2972\" src=\"https:\/\/agora.xtec.cat\/escelscossetans\/wp-content\/uploads\/usu321\/2022\/02\/WhatsApp-Image-2022-02-03-at-12.25.01-225x300.jpeg\" alt=\"\" width=\"225\" height=\"300\" srcset=\"https:\/\/agora.xtec.cat\/escelscossetans\/wp-content\/uploads\/usu321\/2022\/02\/WhatsApp-Image-2022-02-03-at-12.25.01-225x300.jpeg 225w, https:\/\/agora.xtec.cat\/escelscossetans\/wp-content\/uploads\/usu321\/2022\/02\/WhatsApp-Image-2022-02-03-at-12.25.01.jpeg 768w\" sizes=\"auto, (max-width: 225px) 100vw, 225px\" \/><\/a><a href=\"https:\/\/agora.xtec.cat\/escelscossetans\/wp-content\/uploads\/usu321\/2022\/02\/WhatsApp-Image-2022-02-09-at-15.49.37.jpeg\"><img loading=\"lazy\" decoding=\"async\" class=\"alignnone size-medium wp-image-3042\" src=\"https:\/\/agora.xtec.cat\/escelscossetans\/wp-content\/uploads\/usu321\/2022\/02\/WhatsApp-Image-2022-02-09-at-15.49.37-225x300.jpeg\" alt=\"\" width=\"225\" height=\"300\" srcset=\"https:\/\/agora.xtec.cat\/escelscossetans\/wp-content\/uploads\/usu321\/2022\/02\/WhatsApp-Image-2022-02-09-at-15.49.37-225x300.jpeg 225w, https:\/\/agora.xtec.cat\/escelscossetans\/wp-content\/uploads\/usu321\/2022\/02\/WhatsApp-Image-2022-02-09-at-15.49.37-768x1024.jpeg 768w, https:\/\/agora.xtec.cat\/escelscossetans\/wp-content\/uploads\/usu321\/2022\/02\/WhatsApp-Image-2022-02-09-at-15.49.37-1152x1536.jpeg 1152w, https:\/\/agora.xtec.cat\/escelscossetans\/wp-content\/uploads\/usu321\/2022\/02\/WhatsApp-Image-2022-02-09-at-15.49.37.jpeg 1200w\" sizes=\"auto, (max-width: 225px) 100vw, 225px\" \/><\/a><\/p>\n<p><a href=\"https:\/\/agora.xtec.cat\/escelscossetans\/wp-content\/uploads\/usu321\/2022\/02\/WhatsApp-Image-2022-02-03-at-15.12.14.jpeg\"><img loading=\"lazy\" decoding=\"async\" class=\"alignnone size-medium wp-image-2974\" src=\"https:\/\/agora.xtec.cat\/escelscossetans\/wp-content\/uploads\/usu321\/2022\/02\/WhatsApp-Image-2022-02-03-at-15.12.14-300x135.jpeg\" alt=\"\" width=\"300\" height=\"135\" srcset=\"https:\/\/agora.xtec.cat\/escelscossetans\/wp-content\/uploads\/usu321\/2022\/02\/WhatsApp-Image-2022-02-03-at-15.12.14-300x135.jpeg 300w, https:\/\/agora.xtec.cat\/escelscossetans\/wp-content\/uploads\/usu321\/2022\/02\/WhatsApp-Image-2022-02-03-at-15.12.14-1024x461.jpeg 1024w, https:\/\/agora.xtec.cat\/escelscossetans\/wp-content\/uploads\/usu321\/2022\/02\/WhatsApp-Image-2022-02-03-at-15.12.14-768x345.jpeg 768w, https:\/\/agora.xtec.cat\/escelscossetans\/wp-content\/uploads\/usu321\/2022\/02\/WhatsApp-Image-2022-02-03-at-15.12.14-1536x691.jpeg 1536w, https:\/\/agora.xtec.cat\/escelscossetans\/wp-content\/uploads\/usu321\/2022\/02\/WhatsApp-Image-2022-02-03-at-15.12.14.jpeg 2048w\" sizes=\"auto, (max-width: 300px) 100vw, 300px\" \/><\/a> <a href=\"https:\/\/agora.xtec.cat\/escelscossetans\/wp-content\/uploads\/usu321\/2022\/02\/WhatsApp-Image-2022-02-03-at-15.12.14-1.jpeg\"><img loading=\"lazy\" decoding=\"async\" class=\"alignnone size-medium wp-image-2973\" src=\"https:\/\/agora.xtec.cat\/escelscossetans\/wp-content\/uploads\/usu321\/2022\/02\/WhatsApp-Image-2022-02-03-at-15.12.14-1-300x135.jpeg\" alt=\"\" width=\"300\" height=\"135\" srcset=\"https:\/\/agora.xtec.cat\/escelscossetans\/wp-content\/uploads\/usu321\/2022\/02\/WhatsApp-Image-2022-02-03-at-15.12.14-1-300x135.jpeg 300w, https:\/\/agora.xtec.cat\/escelscossetans\/wp-content\/uploads\/usu321\/2022\/02\/WhatsApp-Image-2022-02-03-at-15.12.14-1-1024x461.jpeg 1024w, https:\/\/agora.xtec.cat\/escelscossetans\/wp-content\/uploads\/usu321\/2022\/02\/WhatsApp-Image-2022-02-03-at-15.12.14-1-768x345.jpeg 768w, https:\/\/agora.xtec.cat\/escelscossetans\/wp-content\/uploads\/usu321\/2022\/02\/WhatsApp-Image-2022-02-03-at-15.12.14-1-1536x691.jpeg 1536w, https:\/\/agora.xtec.cat\/escelscossetans\/wp-content\/uploads\/usu321\/2022\/02\/WhatsApp-Image-2022-02-03-at-15.12.14-1.jpeg 2048w\" sizes=\"auto, (max-width: 300px) 100vw, 300px\" \/><\/a><a href=\"https:\/\/agora.xtec.cat\/escelscossetans\/wp-content\/uploads\/usu321\/2022\/02\/WhatsApp-Image-2022-02-09-at-15.49.37-1.jpeg\"><img loading=\"lazy\" decoding=\"async\" class=\"alignnone size-medium wp-image-3041\" src=\"https:\/\/agora.xtec.cat\/escelscossetans\/wp-content\/uploads\/usu321\/2022\/02\/WhatsApp-Image-2022-02-09-at-15.49.37-1-300x225.jpeg\" alt=\"\" width=\"300\" height=\"225\" srcset=\"https:\/\/agora.xtec.cat\/escelscossetans\/wp-content\/uploads\/usu321\/2022\/02\/WhatsApp-Image-2022-02-09-at-15.49.37-1-300x225.jpeg 300w, https:\/\/agora.xtec.cat\/escelscossetans\/wp-content\/uploads\/usu321\/2022\/02\/WhatsApp-Image-2022-02-09-at-15.49.37-1-1024x768.jpeg 1024w, https:\/\/agora.xtec.cat\/escelscossetans\/wp-content\/uploads\/usu321\/2022\/02\/WhatsApp-Image-2022-02-09-at-15.49.37-1-768x576.jpeg 768w, https:\/\/agora.xtec.cat\/escelscossetans\/wp-content\/uploads\/usu321\/2022\/02\/WhatsApp-Image-2022-02-09-at-15.49.37-1-1536x1152.jpeg 1536w, https:\/\/agora.xtec.cat\/escelscossetans\/wp-content\/uploads\/usu321\/2022\/02\/WhatsApp-Image-2022-02-09-at-15.49.37-1-200x150.jpeg 200w, https:\/\/agora.xtec.cat\/escelscossetans\/wp-content\/uploads\/usu321\/2022\/02\/WhatsApp-Image-2022-02-09-at-15.49.37-1.jpeg 1600w\" sizes=\"auto, (max-width: 300px) 100vw, 300px\" \/><\/a><\/p>\n","protected":false},"excerpt":{"rendered":"<p>Des del curs passat, la nostra escola duu a terme un projecte anomenat Compet\u00e8ncia Digital. A l\u2019horari tenim assignades una o dues sessions setmanals en les quals disposem dels Chromebooks o tauletes de l\u2019escola i aprenem a treballar amb ells. Pel que fa a Infantil, fem servir les tauletes, amb diferents aplicacions per treballar grafisme, [&hellip;]<\/p>\n","protected":false},"author":1,"featured_media":0,"parent":36,"menu_order":90,"comment_status":"closed","ping_status":"closed","template":"page-templates\/side-menu.php","meta":{"_bbp_topic_count":0,"_bbp_reply_count":0,"_bbp_total_topic_count":0,"_bbp_total_reply_count":0,"_bbp_voice_count":0,"_bbp_anonymous_reply_count":0,"_bbp_topic_count_hidden":0,"_bbp_reply_count_hidden":0,"_bbp_forum_subforum_count":0,"site-sidebar-layout":"default","site-content-layout":"","ast-site-content-layout":"","site-content-style":"default","site-sidebar-style":"default","ast-global-header-display":"","ast-banner-title-visibility":"","ast-main-header-display":"","ast-hfb-above-header-display":"","ast-hfb-below-header-display":"","ast-hfb-mobile-header-display":"","site-post-title":"","ast-breadcrumbs-content":"","ast-featured-img":"","footer-sml-layout":"","theme-transparent-header-meta":"","adv-header-id-meta":"","stick-header-meta":"","header-above-stick-meta":"","header-main-stick-meta":"","header-below-stick-meta":"","astra-migrate-meta-layouts":"default","ast-page-background-enabled":"default","ast-page-background-meta":{"desktop":{"background-color":"var(--ast-global-color-4)","background-image":"","background-repeat":"repeat","background-position":"center center","background-size":"auto","background-attachment":"scroll","background-type":"","background-media":"","overlay-type":"","overlay-color":"","overlay-opacity":"","overlay-gradient":""},"tablet":{"background-color":"","background-image":"","background-repeat":"repeat","background-position":"center center","background-size":"auto","background-attachment":"scroll","background-type":"","background-media":"","overlay-type":"","overlay-color":"","overlay-opacity":"","overlay-gradient":""},"mobile":{"background-color":"","background-image":"","background-repeat":"repeat","background-position":"center center","background-size":"auto","background-attachment":"scroll","background-type":"","background-media":"","overlay-type":"","overlay-color":"","overlay-opacity":"","overlay-gradient":""}},"ast-content-background-meta":{"desktop":{"background-color":"var(--ast-global-color-5)","background-image":"","background-repeat":"repeat","background-position":"center center","background-size":"auto","background-attachment":"scroll","background-type":"","background-media":"","overlay-type":"","overlay-color":"","overlay-opacity":"","overlay-gradient":""},"tablet":{"background-color":"var(--ast-global-color-5)","background-image":"","background-repeat":"repeat","background-position":"center center","background-size":"auto","background-attachment":"scroll","background-type":"","background-media":"","overlay-type":"","overlay-color":"","overlay-opacity":"","overlay-gradient":""},"mobile":{"background-color":"var(--ast-global-color-5)","background-image":"","background-repeat":"repeat","background-position":"center center","background-size":"auto","background-attachment":"scroll","background-type":"","background-media":"","overlay-type":"","overlay-color":"","overlay-opacity":"","overlay-gradient":""}},"footnotes":""},"class_list":["post-2822","page","type-page","status-publish","hentry"],"post_mailing_queue_ids":[],"_links":{"self":[{"href":"https:\/\/agora.xtec.cat\/escelscossetans\/wp-json\/wp\/v2\/pages\/2822","targetHints":{"allow":["GET"]}}],"collection":[{"href":"https:\/\/agora.xtec.cat\/escelscossetans\/wp-json\/wp\/v2\/pages"}],"about":[{"href":"https:\/\/agora.xtec.cat\/escelscossetans\/wp-json\/wp\/v2\/types\/page"}],"author":[{"embeddable":true,"href":"https:\/\/agora.xtec.cat\/escelscossetans\/wp-json\/wp\/v2\/users\/1"}],"replies":[{"embeddable":true,"href":"https:\/\/agora.xtec.cat\/escelscossetans\/wp-json\/wp\/v2\/comments?post=2822"}],"version-history":[{"count":3,"href":"https:\/\/agora.xtec.cat\/escelscossetans\/wp-json\/wp\/v2\/pages\/2822\/revisions"}],"predecessor-version":[{"id":3044,"href":"https:\/\/agora.xtec.cat\/escelscossetans\/wp-json\/wp\/v2\/pages\/2822\/revisions\/3044"}],"up":[{"embeddable":true,"href":"https:\/\/agora.xtec.cat\/escelscossetans\/wp-json\/wp\/v2\/pages\/36"}],"wp:attachment":[{"href":"https:\/\/agora.xtec.cat\/escelscossetans\/wp-json\/wp\/v2\/media?parent=2822"}],"curies":[{"name":"wp","href":"https:\/\/api.w.org\/{rel}","templated":true}]}}