{"id":2819,"date":"2022-01-27T12:32:45","date_gmt":"2022-01-27T11:32:45","guid":{"rendered":"https:\/\/agora.xtec.cat\/escelscossetans\/?page_id=2819"},"modified":"2026-02-11T11:23:03","modified_gmt":"2026-02-11T10:23:03","slug":"projecte-educacio-fisica-piscina","status":"publish","type":"page","link":"https:\/\/agora.xtec.cat\/escelscossetans\/projecte-educatiu\/els-nostres-projectes\/projecte-educacio-fisica-piscina\/","title":{"rendered":"Projecte d&#8217;Educaci\u00f3 f\u00edsica: PISCINA"},"content":{"rendered":"<p><strong>Els nens de segon de prim\u00e0ria podran accedir a la piscina en horari lectiu:<\/strong><\/p>\n<p>El govern municipal de Cunit, gr\u00e0cies a un acord amb les tres escoles del municipi, ha fet un pas endavant en l&#8217;objectiu de treure rendiment del macrocomplex esportiu i aqu\u00e0tic municipal. Els alumnes de segon de prim\u00e0ria de les tres escoles locals podran assistir setmanalment de forma totalment gratu\u00efta als cursets d&#8217;iniciaci\u00f3 ja que l&#8217;Ajuntament assumeix tant el cost de les classes com el transport dels nens des de l&#8217;escola fins a la piscina.<\/p>\n<p>Cada trimestre est\u00e0 destinat a una de les tres escoles, canviant de manera rotativa curs rere curs. La incorporaci\u00f3 de la nataci\u00f3 com una activitat lectiva m\u00e9s entre els escolars de Cunit s&#8217;ha impulsat des que l&#8217;Ajuntament ha recuperat la gesti\u00f3 i direcci\u00f3 de la piscina.<\/p>\n<p>&nbsp;<\/p>\n<p><img loading=\"lazy\" decoding=\"async\" class=\"alignnone size-large wp-image-3469\" src=\"https:\/\/agora.xtec.cat\/escelscossetans\/wp-content\/uploads\/usu321\/2022\/10\/WhatsApp-Image-2022-10-10-at-15.38.59-3-1024x1024.jpeg\" alt=\"\" width=\"1024\" height=\"1024\" srcset=\"https:\/\/agora.xtec.cat\/escelscossetans\/wp-content\/uploads\/usu321\/2022\/10\/WhatsApp-Image-2022-10-10-at-15.38.59-3-1024x1024.jpeg 1024w, https:\/\/agora.xtec.cat\/escelscossetans\/wp-content\/uploads\/usu321\/2022\/10\/WhatsApp-Image-2022-10-10-at-15.38.59-3-300x300.jpeg 300w, https:\/\/agora.xtec.cat\/escelscossetans\/wp-content\/uploads\/usu321\/2022\/10\/WhatsApp-Image-2022-10-10-at-15.38.59-3-150x150.jpeg 150w, https:\/\/agora.xtec.cat\/escelscossetans\/wp-content\/uploads\/usu321\/2022\/10\/WhatsApp-Image-2022-10-10-at-15.38.59-3-768x768.jpeg 768w, https:\/\/agora.xtec.cat\/escelscossetans\/wp-content\/uploads\/usu321\/2022\/10\/WhatsApp-Image-2022-10-10-at-15.38.59-3.jpeg 1440w\" sizes=\"auto, (max-width: 1024px) 100vw, 1024px\" \/> <img loading=\"lazy\" decoding=\"async\" class=\"alignnone size-large wp-image-3467\" src=\"https:\/\/agora.xtec.cat\/escelscossetans\/wp-content\/uploads\/usu321\/2022\/10\/WhatsApp-Image-2022-10-10-at-15.38.59-1-1024x1024.jpeg\" alt=\"\" width=\"1024\" height=\"1024\" srcset=\"https:\/\/agora.xtec.cat\/escelscossetans\/wp-content\/uploads\/usu321\/2022\/10\/WhatsApp-Image-2022-10-10-at-15.38.59-1-1024x1024.jpeg 1024w, https:\/\/agora.xtec.cat\/escelscossetans\/wp-content\/uploads\/usu321\/2022\/10\/WhatsApp-Image-2022-10-10-at-15.38.59-1-300x300.jpeg 300w, https:\/\/agora.xtec.cat\/escelscossetans\/wp-content\/uploads\/usu321\/2022\/10\/WhatsApp-Image-2022-10-10-at-15.38.59-1-150x150.jpeg 150w, https:\/\/agora.xtec.cat\/escelscossetans\/wp-content\/uploads\/usu321\/2022\/10\/WhatsApp-Image-2022-10-10-at-15.38.59-1-768x768.jpeg 768w, https:\/\/agora.xtec.cat\/escelscossetans\/wp-content\/uploads\/usu321\/2022\/10\/WhatsApp-Image-2022-10-10-at-15.38.59-1.jpeg 1440w\" sizes=\"auto, (max-width: 1024px) 100vw, 1024px\" \/><\/p>\n","protected":false},"excerpt":{"rendered":"<p>Els nens de segon de prim\u00e0ria podran accedir a la piscina en horari lectiu: El govern municipal de Cunit, gr\u00e0cies a un acord amb les tres escoles del municipi, ha fet un pas endavant en l&#8217;objectiu de treure rendiment del macrocomplex esportiu i aqu\u00e0tic municipal. Els alumnes de segon de prim\u00e0ria de les tres escoles [&hellip;]<\/p>\n","protected":false},"author":1,"featured_media":0,"parent":36,"menu_order":90,"comment_status":"closed","ping_status":"closed","template":"","meta":{"_bbp_topic_count":0,"_bbp_reply_count":0,"_bbp_total_topic_count":0,"_bbp_total_reply_count":0,"_bbp_voice_count":0,"_bbp_anonymous_reply_count":0,"_bbp_topic_count_hidden":0,"_bbp_reply_count_hidden":0,"_bbp_forum_subforum_count":0,"site-sidebar-layout":"default","site-content-layout":"","ast-site-content-layout":"","site-content-style":"default","site-sidebar-style":"default","ast-global-header-display":"","ast-banner-title-visibility":"","ast-main-header-display":"","ast-hfb-above-header-display":"","ast-hfb-below-header-display":"","ast-hfb-mobile-header-display":"","site-post-title":"","ast-breadcrumbs-content":"","ast-featured-img":"","footer-sml-layout":"","theme-transparent-header-meta":"","adv-header-id-meta":"","stick-header-meta":"","header-above-stick-meta":"","header-main-stick-meta":"","header-below-stick-meta":"","astra-migrate-meta-layouts":"default","ast-page-background-enabled":"default","ast-page-background-meta":{"desktop":{"background-color":"var(--ast-global-color-4)","background-image":"","background-repeat":"repeat","background-position":"center center","background-size":"auto","background-attachment":"scroll","background-type":"","background-media":"","overlay-type":"","overlay-color":"","overlay-opacity":"","overlay-gradient":""},"tablet":{"background-color":"","background-image":"","background-repeat":"repeat","background-position":"center center","background-size":"auto","background-attachment":"scroll","background-type":"","background-media":"","overlay-type":"","overlay-color":"","overlay-opacity":"","overlay-gradient":""},"mobile":{"background-color":"","background-image":"","background-repeat":"repeat","background-position":"center center","background-size":"auto","background-attachment":"scroll","background-type":"","background-media":"","overlay-type":"","overlay-color":"","overlay-opacity":"","overlay-gradient":""}},"ast-content-background-meta":{"desktop":{"background-color":"var(--ast-global-color-5)","background-image":"","background-repeat":"repeat","background-position":"center center","background-size":"auto","background-attachment":"scroll","background-type":"","background-media":"","overlay-type":"","overlay-color":"","overlay-opacity":"","overlay-gradient":""},"tablet":{"background-color":"var(--ast-global-color-5)","background-image":"","background-repeat":"repeat","background-position":"center center","background-size":"auto","background-attachment":"scroll","background-type":"","background-media":"","overlay-type":"","overlay-color":"","overlay-opacity":"","overlay-gradient":""},"mobile":{"background-color":"var(--ast-global-color-5)","background-image":"","background-repeat":"repeat","background-position":"center center","background-size":"auto","background-attachment":"scroll","background-type":"","background-media":"","overlay-type":"","overlay-color":"","overlay-opacity":"","overlay-gradient":""}},"footnotes":""},"class_list":["post-2819","page","type-page","status-publish","hentry"],"post_mailing_queue_ids":[],"_links":{"self":[{"href":"https:\/\/agora.xtec.cat\/escelscossetans\/wp-json\/wp\/v2\/pages\/2819","targetHints":{"allow":["GET"]}}],"collection":[{"href":"https:\/\/agora.xtec.cat\/escelscossetans\/wp-json\/wp\/v2\/pages"}],"about":[{"href":"https:\/\/agora.xtec.cat\/escelscossetans\/wp-json\/wp\/v2\/types\/page"}],"author":[{"embeddable":true,"href":"https:\/\/agora.xtec.cat\/escelscossetans\/wp-json\/wp\/v2\/users\/1"}],"replies":[{"embeddable":true,"href":"https:\/\/agora.xtec.cat\/escelscossetans\/wp-json\/wp\/v2\/comments?post=2819"}],"version-history":[{"count":6,"href":"https:\/\/agora.xtec.cat\/escelscossetans\/wp-json\/wp\/v2\/pages\/2819\/revisions"}],"predecessor-version":[{"id":7607,"href":"https:\/\/agora.xtec.cat\/escelscossetans\/wp-json\/wp\/v2\/pages\/2819\/revisions\/7607"}],"up":[{"embeddable":true,"href":"https:\/\/agora.xtec.cat\/escelscossetans\/wp-json\/wp\/v2\/pages\/36"}],"wp:attachment":[{"href":"https:\/\/agora.xtec.cat\/escelscossetans\/wp-json\/wp\/v2\/media?parent=2819"}],"curies":[{"name":"wp","href":"https:\/\/api.w.org\/{rel}","templated":true}]}}