{"id":2815,"date":"2022-01-27T12:30:00","date_gmt":"2022-01-27T11:30:00","guid":{"rendered":"https:\/\/agora.xtec.cat\/escelscossetans\/?page_id=2815"},"modified":"2022-02-07T15:13:10","modified_gmt":"2022-02-07T14:13:10","slug":"projectes-daula","status":"publish","type":"page","link":"https:\/\/agora.xtec.cat\/escelscossetans\/projecte-educatiu\/els-nostres-projectes\/projectes-daula\/","title":{"rendered":"Projectes d&#8217;aula"},"content":{"rendered":"<p>&nbsp;<\/p>\n<p><span style=\"font-weight: 400;\">En l\u2019\u00e0rea de coneixement del medi natural, social i cultural es treballa a partir de projectes globalitzats per tal de fomentar el desenvolupament de totes les compet\u00e8ncies dels nostres alumnes.\u00a0 D\u2019aquesta manera podem treballar d\u2019una banda els continguts marcats al Curr\u00edculum i de manera transversal\u00a0 aspectes i valors que afavoriran el desenvolupament del nostre alumnat en la societat, com \u00e9s l\u2019\u00fas de les eines digitals, el desenvolupament de la seva creativitat i imaginaci\u00f3 el treball cooperatiu i la comunicaci\u00f3 en tots els seus nivells (oral i escrita).<\/span><\/p>\n<p><span style=\"font-weight: 400;\">Els nostres projectes acostumen a estructurar-se de la seg\u00fcent manera:<\/span><\/p>\n<ul>\n<li style=\"font-weight: 400;\" aria-level=\"1\"><span style=\"font-weight: 400;\">Una primera fase d\u2019explicaci\u00f3 i introducci\u00f3 al projecte, on els alumnes fan les seves primeres reflexions sobre tot all\u00f2 que saben sobre el tema,\u00a0 el que els agradaria saber i descobrir i\u00a0 sobre quins s\u00f3n els objectius que caldr\u00e0 assolir en finalitzar el projecte. Els alumnes han de prendre les seves primeres decisions per tal d\u2019organitzar les tasques a realitzar.\u00a0<\/span><\/li>\n<\/ul>\n<p><a href=\"https:\/\/agora.xtec.cat\/escelscossetans\/wp-content\/uploads\/usu321\/2022\/02\/WhatsApp-Image-2022-02-07-at-13.06.53-1.jpeg\"><img loading=\"lazy\" decoding=\"async\" class=\"alignnone size-medium wp-image-2999\" src=\"https:\/\/agora.xtec.cat\/escelscossetans\/wp-content\/uploads\/usu321\/2022\/02\/WhatsApp-Image-2022-02-07-at-13.06.53-1-225x300.jpeg\" alt=\"\" width=\"225\" height=\"300\" srcset=\"https:\/\/agora.xtec.cat\/escelscossetans\/wp-content\/uploads\/usu321\/2022\/02\/WhatsApp-Image-2022-02-07-at-13.06.53-1-225x300.jpeg 225w, https:\/\/agora.xtec.cat\/escelscossetans\/wp-content\/uploads\/usu321\/2022\/02\/WhatsApp-Image-2022-02-07-at-13.06.53-1-769x1024.jpeg 769w, https:\/\/agora.xtec.cat\/escelscossetans\/wp-content\/uploads\/usu321\/2022\/02\/WhatsApp-Image-2022-02-07-at-13.06.53-1-768x1023.jpeg 768w, https:\/\/agora.xtec.cat\/escelscossetans\/wp-content\/uploads\/usu321\/2022\/02\/WhatsApp-Image-2022-02-07-at-13.06.53-1-1153x1536.jpeg 1153w, https:\/\/agora.xtec.cat\/escelscossetans\/wp-content\/uploads\/usu321\/2022\/02\/WhatsApp-Image-2022-02-07-at-13.06.53-1.jpeg 1201w\" sizes=\"auto, (max-width: 225px) 100vw, 225px\" \/><\/a> <a href=\"https:\/\/agora.xtec.cat\/escelscossetans\/wp-content\/uploads\/usu321\/2022\/02\/WhatsApp-Image-2022-02-07-at-13.06.53.jpeg\"><img loading=\"lazy\" decoding=\"async\" class=\"alignnone wp-image-3000 size-medium\" src=\"https:\/\/agora.xtec.cat\/escelscossetans\/wp-content\/uploads\/usu321\/2022\/02\/WhatsApp-Image-2022-02-07-at-13.06.53-225x300.jpeg\" alt=\"\" width=\"225\" height=\"300\" srcset=\"https:\/\/agora.xtec.cat\/escelscossetans\/wp-content\/uploads\/usu321\/2022\/02\/WhatsApp-Image-2022-02-07-at-13.06.53-225x300.jpeg 225w, https:\/\/agora.xtec.cat\/escelscossetans\/wp-content\/uploads\/usu321\/2022\/02\/WhatsApp-Image-2022-02-07-at-13.06.53-769x1024.jpeg 769w, https:\/\/agora.xtec.cat\/escelscossetans\/wp-content\/uploads\/usu321\/2022\/02\/WhatsApp-Image-2022-02-07-at-13.06.53-768x1023.jpeg 768w, https:\/\/agora.xtec.cat\/escelscossetans\/wp-content\/uploads\/usu321\/2022\/02\/WhatsApp-Image-2022-02-07-at-13.06.53-1153x1536.jpeg 1153w, https:\/\/agora.xtec.cat\/escelscossetans\/wp-content\/uploads\/usu321\/2022\/02\/WhatsApp-Image-2022-02-07-at-13.06.53.jpeg 1201w\" sizes=\"auto, (max-width: 225px) 100vw, 225px\" \/><\/a><\/p>\n<ul>\n<li style=\"font-weight: 400;\" aria-level=\"1\"><span style=\"font-weight: 400;\">A continuaci\u00f3 hi ha una segona fase de recerca d\u2019informaci\u00f3. En aquesta fase pren gran import\u00e0ncia el treball de la compet\u00e8ncia digital.<\/span><\/li>\n<\/ul>\n<p><a href=\"https:\/\/agora.xtec.cat\/escelscossetans\/wp-content\/uploads\/usu321\/2022\/02\/WhatsApp-Image-2022-02-07-at-13.05.11.jpeg\"><img loading=\"lazy\" decoding=\"async\" class=\"alignnone size-medium wp-image-2997\" src=\"https:\/\/agora.xtec.cat\/escelscossetans\/wp-content\/uploads\/usu321\/2022\/02\/WhatsApp-Image-2022-02-07-at-13.05.11-300x225.jpeg\" alt=\"\" width=\"300\" height=\"225\" srcset=\"https:\/\/agora.xtec.cat\/escelscossetans\/wp-content\/uploads\/usu321\/2022\/02\/WhatsApp-Image-2022-02-07-at-13.05.11-300x225.jpeg 300w, https:\/\/agora.xtec.cat\/escelscossetans\/wp-content\/uploads\/usu321\/2022\/02\/WhatsApp-Image-2022-02-07-at-13.05.11-1024x768.jpeg 1024w, https:\/\/agora.xtec.cat\/escelscossetans\/wp-content\/uploads\/usu321\/2022\/02\/WhatsApp-Image-2022-02-07-at-13.05.11-768x576.jpeg 768w, https:\/\/agora.xtec.cat\/escelscossetans\/wp-content\/uploads\/usu321\/2022\/02\/WhatsApp-Image-2022-02-07-at-13.05.11-1536x1152.jpeg 1536w, https:\/\/agora.xtec.cat\/escelscossetans\/wp-content\/uploads\/usu321\/2022\/02\/WhatsApp-Image-2022-02-07-at-13.05.11-200x150.jpeg 200w, https:\/\/agora.xtec.cat\/escelscossetans\/wp-content\/uploads\/usu321\/2022\/02\/WhatsApp-Image-2022-02-07-at-13.05.11.jpeg 1600w\" sizes=\"auto, (max-width: 300px) 100vw, 300px\" \/><\/a><\/p>\n<ul>\n<li style=\"font-weight: 400;\" aria-level=\"1\"><span style=\"font-weight: 400;\">Fase de creaci\u00f3 on els alumnes fomenten la seva imaginaci\u00f3 i creativitat i poden plasmar tota aquella informaci\u00f3 que han trobat de varies maneres, a trav\u00e9s de treballs, de lapbooks, de llibres, de maquetes, etc.<\/span><\/li>\n<\/ul>\n<p><a href=\"https:\/\/agora.xtec.cat\/escelscossetans\/wp-content\/uploads\/usu321\/2022\/02\/WhatsApp-Image-2022-02-07-at-13.05.12-1.jpeg\"><img loading=\"lazy\" decoding=\"async\" class=\"alignnone size-medium wp-image-2998\" src=\"https:\/\/agora.xtec.cat\/escelscossetans\/wp-content\/uploads\/usu321\/2022\/02\/WhatsApp-Image-2022-02-07-at-13.05.12-1-225x300.jpeg\" alt=\"\" width=\"225\" height=\"300\" srcset=\"https:\/\/agora.xtec.cat\/escelscossetans\/wp-content\/uploads\/usu321\/2022\/02\/WhatsApp-Image-2022-02-07-at-13.05.12-1-225x300.jpeg 225w, https:\/\/agora.xtec.cat\/escelscossetans\/wp-content\/uploads\/usu321\/2022\/02\/WhatsApp-Image-2022-02-07-at-13.05.12-1-768x1024.jpeg 768w, https:\/\/agora.xtec.cat\/escelscossetans\/wp-content\/uploads\/usu321\/2022\/02\/WhatsApp-Image-2022-02-07-at-13.05.12-1-1152x1536.jpeg 1152w, https:\/\/agora.xtec.cat\/escelscossetans\/wp-content\/uploads\/usu321\/2022\/02\/WhatsApp-Image-2022-02-07-at-13.05.12-1.jpeg 1200w\" sizes=\"auto, (max-width: 225px) 100vw, 225px\" \/><\/a> <a href=\"https:\/\/agora.xtec.cat\/escelscossetans\/wp-content\/uploads\/usu321\/2022\/02\/WhatsApp-Image-2022-02-07-at-13.05.11-1.jpeg\"><img loading=\"lazy\" decoding=\"async\" class=\"alignnone size-medium wp-image-2996\" src=\"https:\/\/agora.xtec.cat\/escelscossetans\/wp-content\/uploads\/usu321\/2022\/02\/WhatsApp-Image-2022-02-07-at-13.05.11-1-225x300.jpeg\" alt=\"\" width=\"225\" height=\"300\" srcset=\"https:\/\/agora.xtec.cat\/escelscossetans\/wp-content\/uploads\/usu321\/2022\/02\/WhatsApp-Image-2022-02-07-at-13.05.11-1-225x300.jpeg 225w, https:\/\/agora.xtec.cat\/escelscossetans\/wp-content\/uploads\/usu321\/2022\/02\/WhatsApp-Image-2022-02-07-at-13.05.11-1-768x1024.jpeg 768w, https:\/\/agora.xtec.cat\/escelscossetans\/wp-content\/uploads\/usu321\/2022\/02\/WhatsApp-Image-2022-02-07-at-13.05.11-1-1152x1536.jpeg 1152w, https:\/\/agora.xtec.cat\/escelscossetans\/wp-content\/uploads\/usu321\/2022\/02\/WhatsApp-Image-2022-02-07-at-13.05.11-1.jpeg 1200w\" sizes=\"auto, (max-width: 225px) 100vw, 225px\" \/><\/a> <a href=\"https:\/\/agora.xtec.cat\/escelscossetans\/wp-content\/uploads\/usu321\/2022\/02\/WhatsApp-Image-2022-02-07-at-13.02.23-1.jpeg\"><img loading=\"lazy\" decoding=\"async\" class=\"alignnone wp-image-2994 size-medium\" src=\"https:\/\/agora.xtec.cat\/escelscossetans\/wp-content\/uploads\/usu321\/2022\/02\/WhatsApp-Image-2022-02-07-at-13.02.23-1-300x300.jpeg\" alt=\"\" width=\"300\" height=\"300\" srcset=\"https:\/\/agora.xtec.cat\/escelscossetans\/wp-content\/uploads\/usu321\/2022\/02\/WhatsApp-Image-2022-02-07-at-13.02.23-1-300x300.jpeg 300w, https:\/\/agora.xtec.cat\/escelscossetans\/wp-content\/uploads\/usu321\/2022\/02\/WhatsApp-Image-2022-02-07-at-13.02.23-1-1024x1024.jpeg 1024w, https:\/\/agora.xtec.cat\/escelscossetans\/wp-content\/uploads\/usu321\/2022\/02\/WhatsApp-Image-2022-02-07-at-13.02.23-1-150x150.jpeg 150w, https:\/\/agora.xtec.cat\/escelscossetans\/wp-content\/uploads\/usu321\/2022\/02\/WhatsApp-Image-2022-02-07-at-13.02.23-1-768x768.jpeg 768w, https:\/\/agora.xtec.cat\/escelscossetans\/wp-content\/uploads\/usu321\/2022\/02\/WhatsApp-Image-2022-02-07-at-13.02.23-1-1536x1536.jpeg 1536w, https:\/\/agora.xtec.cat\/escelscossetans\/wp-content\/uploads\/usu321\/2022\/02\/WhatsApp-Image-2022-02-07-at-13.02.23-1.jpeg 1600w\" sizes=\"auto, (max-width: 300px) 100vw, 300px\" \/><\/a><\/p>\n<ul>\n<li style=\"font-weight: 400;\" aria-level=\"1\"><span style=\"font-weight: 400;\">Despr\u00e9s una fase d\u2019exposici\u00f3 oral on els alumnes han de presentar tota la informaci\u00f3 davant dels seus companys\/es, fomentant aix\u00ed l\u2019expressi\u00f3 oral.<\/span><\/li>\n<\/ul>\n<p><a href=\"https:\/\/agora.xtec.cat\/escelscossetans\/wp-content\/uploads\/usu321\/2022\/02\/WhatsApp-Image-2022-02-07-at-13.06.54.jpeg\"><img loading=\"lazy\" decoding=\"async\" class=\"alignnone size-medium wp-image-3001\" src=\"https:\/\/agora.xtec.cat\/escelscossetans\/wp-content\/uploads\/usu321\/2022\/02\/WhatsApp-Image-2022-02-07-at-13.06.54-225x300.jpeg\" alt=\"\" width=\"225\" height=\"300\" srcset=\"https:\/\/agora.xtec.cat\/escelscossetans\/wp-content\/uploads\/usu321\/2022\/02\/WhatsApp-Image-2022-02-07-at-13.06.54-225x300.jpeg 225w, https:\/\/agora.xtec.cat\/escelscossetans\/wp-content\/uploads\/usu321\/2022\/02\/WhatsApp-Image-2022-02-07-at-13.06.54-768x1024.jpeg 768w, https:\/\/agora.xtec.cat\/escelscossetans\/wp-content\/uploads\/usu321\/2022\/02\/WhatsApp-Image-2022-02-07-at-13.06.54-1152x1536.jpeg 1152w, https:\/\/agora.xtec.cat\/escelscossetans\/wp-content\/uploads\/usu321\/2022\/02\/WhatsApp-Image-2022-02-07-at-13.06.54.jpeg 1536w\" sizes=\"auto, (max-width: 225px) 100vw, 225px\" \/><\/a> <a href=\"https:\/\/agora.xtec.cat\/escelscossetans\/wp-content\/uploads\/usu321\/2022\/02\/WhatsApp-Image-2022-02-07-at-13.02.23.jpeg\"><img loading=\"lazy\" decoding=\"async\" class=\"alignnone wp-image-2995 size-medium\" src=\"https:\/\/agora.xtec.cat\/escelscossetans\/wp-content\/uploads\/usu321\/2022\/02\/WhatsApp-Image-2022-02-07-at-13.02.23-300x300.jpeg\" alt=\"\" width=\"300\" height=\"300\" srcset=\"https:\/\/agora.xtec.cat\/escelscossetans\/wp-content\/uploads\/usu321\/2022\/02\/WhatsApp-Image-2022-02-07-at-13.02.23-300x300.jpeg 300w, https:\/\/agora.xtec.cat\/escelscossetans\/wp-content\/uploads\/usu321\/2022\/02\/WhatsApp-Image-2022-02-07-at-13.02.23-1024x1024.jpeg 1024w, https:\/\/agora.xtec.cat\/escelscossetans\/wp-content\/uploads\/usu321\/2022\/02\/WhatsApp-Image-2022-02-07-at-13.02.23-150x150.jpeg 150w, https:\/\/agora.xtec.cat\/escelscossetans\/wp-content\/uploads\/usu321\/2022\/02\/WhatsApp-Image-2022-02-07-at-13.02.23-768x768.jpeg 768w, https:\/\/agora.xtec.cat\/escelscossetans\/wp-content\/uploads\/usu321\/2022\/02\/WhatsApp-Image-2022-02-07-at-13.02.23-1536x1536.jpeg 1536w, https:\/\/agora.xtec.cat\/escelscossetans\/wp-content\/uploads\/usu321\/2022\/02\/WhatsApp-Image-2022-02-07-at-13.02.23.jpeg 1600w\" sizes=\"auto, (max-width: 300px) 100vw, 300px\" \/><\/a><\/p>\n<ul>\n<li style=\"font-weight: 400;\" aria-level=\"1\"><span style=\"font-weight: 400;\">Finalment una avaluaci\u00f3 final del projecte.\u00a0<\/span><\/li>\n<\/ul>\n<p>&nbsp;<\/p>\n","protected":false},"excerpt":{"rendered":"<p>&nbsp; En l\u2019\u00e0rea de coneixement del medi natural, social i cultural es treballa a partir de projectes globalitzats per tal de fomentar el desenvolupament de totes les compet\u00e8ncies dels nostres alumnes.\u00a0 D\u2019aquesta manera podem treballar d\u2019una banda els continguts marcats al Curr\u00edculum i de manera transversal\u00a0 aspectes i valors que afavoriran el desenvolupament del nostre [&hellip;]<\/p>\n","protected":false},"author":1,"featured_media":0,"parent":36,"menu_order":60,"comment_status":"closed","ping_status":"closed","template":"page-templates\/side-menu.php","meta":{"_bbp_topic_count":0,"_bbp_reply_count":0,"_bbp_total_topic_count":0,"_bbp_total_reply_count":0,"_bbp_voice_count":0,"_bbp_anonymous_reply_count":0,"_bbp_topic_count_hidden":0,"_bbp_reply_count_hidden":0,"_bbp_forum_subforum_count":0,"site-sidebar-layout":"default","site-content-layout":"","ast-site-content-layout":"","site-content-style":"default","site-sidebar-style":"default","ast-global-header-display":"","ast-banner-title-visibility":"","ast-main-header-display":"","ast-hfb-above-header-display":"","ast-hfb-below-header-display":"","ast-hfb-mobile-header-display":"","site-post-title":"","ast-breadcrumbs-content":"","ast-featured-img":"","footer-sml-layout":"","theme-transparent-header-meta":"","adv-header-id-meta":"","stick-header-meta":"","header-above-stick-meta":"","header-main-stick-meta":"","header-below-stick-meta":"","astra-migrate-meta-layouts":"default","ast-page-background-enabled":"default","ast-page-background-meta":{"desktop":{"background-color":"var(--ast-global-color-4)","background-image":"","background-repeat":"repeat","background-position":"center center","background-size":"auto","background-attachment":"scroll","background-type":"","background-media":"","overlay-type":"","overlay-color":"","overlay-opacity":"","overlay-gradient":""},"tablet":{"background-color":"","background-image":"","background-repeat":"repeat","background-position":"center center","background-size":"auto","background-attachment":"scroll","background-type":"","background-media":"","overlay-type":"","overlay-color":"","overlay-opacity":"","overlay-gradient":""},"mobile":{"background-color":"","background-image":"","background-repeat":"repeat","background-position":"center center","background-size":"auto","background-attachment":"scroll","background-type":"","background-media":"","overlay-type":"","overlay-color":"","overlay-opacity":"","overlay-gradient":""}},"ast-content-background-meta":{"desktop":{"background-color":"var(--ast-global-color-5)","background-image":"","background-repeat":"repeat","background-position":"center center","background-size":"auto","background-attachment":"scroll","background-type":"","background-media":"","overlay-type":"","overlay-color":"","overlay-opacity":"","overlay-gradient":""},"tablet":{"background-color":"var(--ast-global-color-5)","background-image":"","background-repeat":"repeat","background-position":"center center","background-size":"auto","background-attachment":"scroll","background-type":"","background-media":"","overlay-type":"","overlay-color":"","overlay-opacity":"","overlay-gradient":""},"mobile":{"background-color":"var(--ast-global-color-5)","background-image":"","background-repeat":"repeat","background-position":"center center","background-size":"auto","background-attachment":"scroll","background-type":"","background-media":"","overlay-type":"","overlay-color":"","overlay-opacity":"","overlay-gradient":""}},"footnotes":""},"class_list":["post-2815","page","type-page","status-publish","hentry"],"post_mailing_queue_ids":[],"_links":{"self":[{"href":"https:\/\/agora.xtec.cat\/escelscossetans\/wp-json\/wp\/v2\/pages\/2815","targetHints":{"allow":["GET"]}}],"collection":[{"href":"https:\/\/agora.xtec.cat\/escelscossetans\/wp-json\/wp\/v2\/pages"}],"about":[{"href":"https:\/\/agora.xtec.cat\/escelscossetans\/wp-json\/wp\/v2\/types\/page"}],"author":[{"embeddable":true,"href":"https:\/\/agora.xtec.cat\/escelscossetans\/wp-json\/wp\/v2\/users\/1"}],"replies":[{"embeddable":true,"href":"https:\/\/agora.xtec.cat\/escelscossetans\/wp-json\/wp\/v2\/comments?post=2815"}],"version-history":[{"count":3,"href":"https:\/\/agora.xtec.cat\/escelscossetans\/wp-json\/wp\/v2\/pages\/2815\/revisions"}],"predecessor-version":[{"id":3003,"href":"https:\/\/agora.xtec.cat\/escelscossetans\/wp-json\/wp\/v2\/pages\/2815\/revisions\/3003"}],"up":[{"embeddable":true,"href":"https:\/\/agora.xtec.cat\/escelscossetans\/wp-json\/wp\/v2\/pages\/36"}],"wp:attachment":[{"href":"https:\/\/agora.xtec.cat\/escelscossetans\/wp-json\/wp\/v2\/media?parent=2815"}],"curies":[{"name":"wp","href":"https:\/\/api.w.org\/{rel}","templated":true}]}}