{"id":2811,"date":"2022-01-27T12:27:53","date_gmt":"2022-01-27T11:27:53","guid":{"rendered":"https:\/\/agora.xtec.cat\/escelscossetans\/?page_id=2811"},"modified":"2022-02-03T15:27:56","modified_gmt":"2022-02-03T14:27:56","slug":"ambients","status":"publish","type":"page","link":"https:\/\/agora.xtec.cat\/escelscossetans\/projecte-educatiu\/els-nostres-projectes\/ambients\/","title":{"rendered":"Ambients d&#8217;aprenentatge"},"content":{"rendered":"<p><strong>QU\u00c8 S\u00d3N ELS AMBIENTS\u00a0 D\u2019APRENENTATGE?<\/strong><\/p>\n<p>Els psic\u00f2legs, des de fa molt de temps, van demostrar que qualsevol capacitat es desenvolupa millor amb el\u00a0<strong>joc<\/strong>. A partir d\u2019aquesta afirmaci\u00f3 podem considerar que el joc \u00e9s el millor mitj\u00e0 educatiu per\u00a0afavorir l\u2019aprenentatge i el coneixement. Est\u00e0 demostrat que all\u00f2 que el nen apr\u00e8n a trav\u00e9s d\u2019un joc es transfereix a altres conductes. Per la qual cosa podem afirmar que el joc \u00e9s una activitat que desperta la intel\u00b7lig\u00e8ncia.<\/p>\n<p>Aix\u00ed doncs, basant-nos en aquestes afirmacions, definim els ambients d\u2019aprenentatge de la seg\u00fcent manera:<\/p>\n<p>Els ambients s\u00f3n diferents\u00a0<strong>espais d\u2019aprenentatge<\/strong>, de relaci\u00f3 i comunicaci\u00f3 on a partir de diferents propostes els infants poden actuar, observar, experimentar, construir, inventar, imaginar, compartir, relacionar-se, emocionar-se\u2026i interactuar amb els altres.<\/p>\n<p>Aquest plantejament de treball \u00a0respon a la necessitat que mostren els infants de jugar i relacionar-se. \u00c9s una manera de poder donar resposta als interessos i necessitats dels infants i respectar els diferents ritmes d\u2019aprenentatge.<\/p>\n<p>Els infants disposen d\u2019un temps\u00a0<strong>d\u2019experi\u00e8ncia activa<\/strong>, constru\u00efda per l\u2019adult, per\u00f2 reconstru\u00efda per ells mateixos, on nens i nenes es reuneixen per explorar diverses possibilitats de joc i dels materials.<\/p>\n<p>Els ambients segueixen el model\u00a0<strong>socioconstructivista<\/strong>, el qual parteix d\u2019un aprenentatge significatiu per part de l\u2019alumne, que t\u00e9 en compte els seus coneixements previs i en el qual destaca la gran import\u00e0ncia que t\u00e9 la relaci\u00f3 amb els companys\/es.<\/p>\n<p>&nbsp;<\/p>\n<p><strong>QU\u00c8 PRETENEM ACONSEGUIR AMB ELS AMBIENTS (OBJECTIUS)?<\/strong><\/p>\n<p><strong>\u2013\u00a0\u00a0<\/strong><strong>Potenciar el llenguatge oral.<\/strong><\/p>\n<p>\u2013 Afavorir les relacions socials i de conviv\u00e8ncia entre els infants de diferents edats.<\/p>\n<p>\u2013 Desenvolupar els h\u00e0bits socials; compartir espais, jocs, joguines, posar-se d\u2019acord els uns amb els altres, establir normes de comportament i de joc\u2026<\/p>\n<p>\u2013 Desenvolupar el llenguatge oral: l\u00e8xic, espontane\u00eftat en la parla\u2026<\/p>\n<p>\u2013 Aprendre dels companys\/es, no nom\u00e9s de l\u2019adult.<\/p>\n<p>\u2013 Oferir als infants un espai de joc on poder investigar, observar, manipular\u2026de manera constant i lliure sistem\u00e0ticament.<\/p>\n<p>\u2013 Expressar els seus sentiments, emocions i sensacions \u00a0lliurement.<\/p>\n<p>\u2013 Respectar a les persones i els materials.<\/p>\n<p>&nbsp;<\/p>\n<p><strong>CAPACITATS A DESENVOLUPAR<\/strong><\/p>\n<p>Les capacitats a desenvolupar a trav\u00e9s dels ambients d\u2019aprenentatge s\u00f3n les seg\u00fcents:<\/p>\n<ul>\n<li>Progressar en el coneixement i domini del seu cos, en el moviment i la coordinaci\u00f3, tot adonant-se de les seves possibilitats.<\/li>\n<li>Assolir progressivament seguretat afectiva i emocional i anar-se formant una imatge positiva d\u2019ell mateix i dels altres.<\/li>\n<li>Adquirir progressivament h\u00e0bits b\u00e0sics d\u2019autonomia en accions quotidianes, per actuar amb seguretat i efic\u00e0cia.<\/li>\n<li>Pensar, crear, elaborar explicacions i iniciar-se en les habilitats matem\u00e0tiques b\u00e0siques.<\/li>\n<li>Progressar en la comunicaci\u00f3 i expressi\u00f3 ajustada als diferents contextos i situacions de comunicaci\u00f3 habituals per mitj\u00e0 dels diversos llenguatges.<\/li>\n<li>Observar i explorar l\u2019entorn immediat, natural i f\u00edsic, amb una actitud de curiositat i respecte i participar, gradualment, en activitats socials i culturals.<\/li>\n<li>Mostrar iniciativa per afrontar situacions de la vida quotidiana, identificar-ne els perills i aprendre a actuar-hi en conseq\u00fc\u00e8ncia.<\/li>\n<li>Conviure en la diversitat, avan\u00e7ant en la relaci\u00f3 amb els altres i en la resoluci\u00f3 pac\u00edfica de conflictes.<\/li>\n<li>Comportar-se d\u2019acord amb unes pautes de conviv\u00e8ncia que el portin cap a una autonomia personal, cap a la col\u00b7laboraci\u00f3 amb el grup i cap a la integraci\u00f3 social.<\/li>\n<\/ul>\n<p>&nbsp;<\/p>\n<p><strong>PRINCIPIS METODOL\u00d2GICS DELS AMBIENTS<\/strong><\/p>\n<p><strong>ALUMNE\/A:<\/strong><\/p>\n<ul>\n<li>L\u2019Infant \u00e9s el constructor del seu propi aprenentatge. Investiga, prova, assaja, modifica, construeix, destrueix, parla, raona, explica, inventa, imagina\u2026<\/li>\n<li>Considerem important tamb\u00e9 l\u2019organitzaci\u00f3 de grups naturals, no constitu\u00efts per edats, sin\u00f3 per interessos, que afavoreixin la interacci\u00f3, col\u00b7laboraci\u00f3 i cooperaci\u00f3 entre infants de diferents edats, on es donin relacions d\u2019ajuda.<\/li>\n<\/ul>\n<p><strong>MESTRE\/A:<\/strong><\/p>\n<ul>\n<li>La funci\u00f3 de les mestres \u00e9s fer de guia, d\u2019organitzadores, de mediadores que faciliten el proc\u00e9s d\u2019aprenentatge.<\/li>\n<li>Fer reunions peri\u00f2diques per valorar el funcionament d\u2019aquests ambients (pensem en afegir noves propostes, oferim materials nous, acordem criteris de funcionament, d\u2019avaluaci\u00f3\u2026)<\/li>\n<\/ul>\n<p>&nbsp;<\/p>\n<p><strong>ESPAIS I MATERIALS:<\/strong><\/p>\n<ul>\n<li>Donem molta import\u00e0ncia als espais i a la seva organitzaci\u00f3. Creiem que tant l\u2019espai com els materials s\u00f3n la principal estrat\u00e8gia d\u2019intervenci\u00f3.<\/li>\n<li>Utilitzar tota mena de materials: naturals, ef\u00edmers, durs, tous, continus, discontinus\u2026<\/li>\n<li>Crear espais atractius i susceptibles d\u2019aprenentatge.<\/li>\n<\/ul>\n<p><strong>L\u2019ACCI\u00d3:<\/strong><\/p>\n<ul>\n<li>L\u2019activitat o joc lliure \u00e9s el principal recurs did\u00e0ctic i d\u2019aprenentatge. Es prioritzen, per tant, les tasques no dirigides tot i que n\u2019hi ha una s\u00e8rie de consignes b\u00e0siques que calen seguir.<\/li>\n<\/ul>\n<p>&nbsp;<\/p>\n<p><strong>ACTITUD I MIRADA QUE HEM DE TENIR LES MESTRES<\/strong><\/p>\n<ul>\n<li>Fent atenci\u00f3, mirant i escoltant com va el proc\u00e9s i el desenvolupament de la sessi\u00f3 en els infants per cuidar el treball que van fent i com el van fent.<\/li>\n<li>Observar, guiar, ajudar i induir plantejant nous reptes per fer-los q\u00fcestionar-se.<\/li>\n<li>Preguntar per qu\u00e8 volen fer quelcom i qu\u00e8 pensen que passar\u00e0.<\/li>\n<li>Afavorir la conversa i el llenguatge fent servir el vocabulari del treball cient\u00edfic.<\/li>\n<li>Cuidar en tot moment el com ens adrecem als infants de parlar amb ells, del que fan, per ajudar-los en el que necessiten, per animar-los\u2026amb el llenguatge que podem fer servir, ha de ser molt senzill i planer, alhora que adequat per fer possible que l\u2019infant se senti a gust i reconegut en el seu treball.<\/li>\n<li>Ajudar a fer possible en els infants l\u2019actitud d\u2019atenci\u00f3 a all\u00f2 que fem, l\u2019actitud de treball, l\u2019actitud d\u2019experimentaci\u00f3, l\u2019actitud d\u2019aprendre.<\/li>\n<li>Ajudar a fer possible l\u2019estar b\u00e9, el pensar i el sentir.<\/li>\n<li>Ajudar a fer possible la iniciativa, la curiositat, la creativitat.<\/li>\n<li>Ajudar als infants a aprendre entre ells. Aprendre de la relaci\u00f3 d\u2019aprenentatge que podem establir.<\/li>\n<li>Ajudar a saber-nos fer preguntes.<\/li>\n<li>Ajudar fent suggeriments que poden ser oportunitats per fer cr\u00e9ixer el treball dels infants.<\/li>\n<li>Afavorir la conversa i el llenguatge ric.<\/li>\n<li>Valorar i recon\u00e8ixer la resposta dels infants davant l\u2019experi\u00e8ncia de treball que duu l\u2019ambient. Acompanyar i ajudar en els processos d\u2019aprenentatge dels alumnes, on hi ha diversitat de necessitats i caracter\u00edstiques.<\/li>\n<li>Respectar els ritmes de treball dels infants. Prendre responsabilitat en ajudar a cada nen\/a a avan\u00e7ar en el seu proc\u00e9s d\u2019aprenentatge de l\u2019ambient.<\/li>\n<\/ul>\n<p><strong>\u00a0<\/strong><\/p>\n<p><strong>FUNCIONAMENT DELS AMBIENTS<\/strong><\/p>\n<p>Dues tardes a la setmana (dilluns i dimecres), els nens i nenes de l\u2019educaci\u00f3 infantil van a fer ambients. Ells s\u00f3n els qui trien on volen anar el mateix dia al mat\u00ed. A cada classe hi ha una graella amb els s\u00edmbols dels ambients i posen la seva fotografia (P3) o el seu nom (P4 i P5). Quan arriben a la tarda, es pengen la medalla corresponent i van a l\u2019aula on els hi toca anar, cadascuna d\u2019elles identificada amb un distintiu a la porta. Els infants durant tot el curs passen per cada ambient i s\u2019estan en cada un d\u2019ells tres sessions. Despr\u00e9s canvien d\u2019ambient.<\/p>\n<p>L&#8217;ideal per treballar en ambients \u00e9s que en cadascun hi hagi entre 13\/14 infants, aix\u00ed que r\u00e0tio \u00e9s m\u00e9s baixa i els podem atendre d\u2019una manera m\u00e9s individualitzada. Degut a que actualment estem en una situaci\u00f3 que no permet que els grups es barregin, els ambients es treballen ala mateixa aula en diferents propostes: creativitat (pl\u00e0stica), experimentaci\u00f3, grafisme, l\u00f2gica matem\u00e0tica, motricitat fina.<\/p>\n<p>La\u00a0<strong>din\u00e0mica<\/strong> dels ambients ser\u00e0 sempre la mateixa:<\/p>\n<ul>\n<li>En comen\u00e7ar, es far\u00e0 una petita <strong>conversa<\/strong>\u00a0en rotllana per parlar sobre quines s\u00f3n les consignes que cal seguir, all\u00f2 a qu\u00e8 pensen jugar, quins rols es desenvolupen en aquell ambient\u2026<\/li>\n<li><strong>Joc m\u00e9s lliure<\/strong> per part dels infants on la mestra far\u00e0 de guia i de suggeridora de propostes. Recolliran en acabar l&#8217;activitat i podran canviar d&#8217;ambient.<\/li>\n<li>Per finalitzar, es tornar\u00e0 a fer una<strong>\u00a0conversa<\/strong>\u00a0per explicar les seves opinions, prefer\u00e8ncies, all\u00f2 que els hi ha cridat l\u2019atenci\u00f3\u2026i fins i tot plasmar en un dibuix all\u00f2 que han creat, sentit o fet.<\/li>\n<\/ul>\n<p>&nbsp;<\/p>\n<p>&nbsp;<\/p>\n<p><a href=\"https:\/\/agora.xtec.cat\/escelscossetans\/wp-content\/uploads\/usu321\/2022\/02\/WhatsApp-Image-2022-02-01-at-15.49.13.jpeg\"><img loading=\"lazy\" decoding=\"async\" class=\"alignnone size-medium wp-image-2931\" src=\"https:\/\/agora.xtec.cat\/escelscossetans\/wp-content\/uploads\/usu321\/2022\/02\/WhatsApp-Image-2022-02-01-at-15.49.13-300x225.jpeg\" alt=\"\" width=\"300\" height=\"225\" srcset=\"https:\/\/agora.xtec.cat\/escelscossetans\/wp-content\/uploads\/usu321\/2022\/02\/WhatsApp-Image-2022-02-01-at-15.49.13-300x225.jpeg 300w, https:\/\/agora.xtec.cat\/escelscossetans\/wp-content\/uploads\/usu321\/2022\/02\/WhatsApp-Image-2022-02-01-at-15.49.13-1024x768.jpeg 1024w, https:\/\/agora.xtec.cat\/escelscossetans\/wp-content\/uploads\/usu321\/2022\/02\/WhatsApp-Image-2022-02-01-at-15.49.13-768x576.jpeg 768w, https:\/\/agora.xtec.cat\/escelscossetans\/wp-content\/uploads\/usu321\/2022\/02\/WhatsApp-Image-2022-02-01-at-15.49.13-1536x1152.jpeg 1536w, https:\/\/agora.xtec.cat\/escelscossetans\/wp-content\/uploads\/usu321\/2022\/02\/WhatsApp-Image-2022-02-01-at-15.49.13-200x150.jpeg 200w, https:\/\/agora.xtec.cat\/escelscossetans\/wp-content\/uploads\/usu321\/2022\/02\/WhatsApp-Image-2022-02-01-at-15.49.13.jpeg 2048w\" sizes=\"auto, (max-width: 300px) 100vw, 300px\" \/><\/a> <a href=\"https:\/\/agora.xtec.cat\/escelscossetans\/wp-content\/uploads\/usu321\/2022\/02\/WhatsApp-Image-2022-02-01-at-15.51.30.jpeg\"><img loading=\"lazy\" decoding=\"async\" class=\"alignnone size-medium wp-image-2932\" src=\"https:\/\/agora.xtec.cat\/escelscossetans\/wp-content\/uploads\/usu321\/2022\/02\/WhatsApp-Image-2022-02-01-at-15.51.30-300x225.jpeg\" alt=\"\" width=\"300\" height=\"225\" srcset=\"https:\/\/agora.xtec.cat\/escelscossetans\/wp-content\/uploads\/usu321\/2022\/02\/WhatsApp-Image-2022-02-01-at-15.51.30-300x225.jpeg 300w, https:\/\/agora.xtec.cat\/escelscossetans\/wp-content\/uploads\/usu321\/2022\/02\/WhatsApp-Image-2022-02-01-at-15.51.30-1024x768.jpeg 1024w, https:\/\/agora.xtec.cat\/escelscossetans\/wp-content\/uploads\/usu321\/2022\/02\/WhatsApp-Image-2022-02-01-at-15.51.30-768x576.jpeg 768w, https:\/\/agora.xtec.cat\/escelscossetans\/wp-content\/uploads\/usu321\/2022\/02\/WhatsApp-Image-2022-02-01-at-15.51.30-1536x1152.jpeg 1536w, https:\/\/agora.xtec.cat\/escelscossetans\/wp-content\/uploads\/usu321\/2022\/02\/WhatsApp-Image-2022-02-01-at-15.51.30-200x150.jpeg 200w, https:\/\/agora.xtec.cat\/escelscossetans\/wp-content\/uploads\/usu321\/2022\/02\/WhatsApp-Image-2022-02-01-at-15.51.30.jpeg 2048w\" sizes=\"auto, (max-width: 300px) 100vw, 300px\" \/><\/a> <a href=\"https:\/\/agora.xtec.cat\/escelscossetans\/wp-content\/uploads\/usu321\/2022\/02\/WhatsApp-Image-2022-02-01-at-15.51.31-1.jpeg\"><img loading=\"lazy\" decoding=\"async\" class=\"alignnone wp-image-2933 \" src=\"https:\/\/agora.xtec.cat\/escelscossetans\/wp-content\/uploads\/usu321\/2022\/02\/WhatsApp-Image-2022-02-01-at-15.51.31-1-e1643727697714-300x263.jpeg\" alt=\"\" width=\"252\" height=\"221\" srcset=\"https:\/\/agora.xtec.cat\/escelscossetans\/wp-content\/uploads\/usu321\/2022\/02\/WhatsApp-Image-2022-02-01-at-15.51.31-1-e1643727697714-300x263.jpeg 300w, https:\/\/agora.xtec.cat\/escelscossetans\/wp-content\/uploads\/usu321\/2022\/02\/WhatsApp-Image-2022-02-01-at-15.51.31-1-e1643727697714-1024x897.jpeg 1024w, https:\/\/agora.xtec.cat\/escelscossetans\/wp-content\/uploads\/usu321\/2022\/02\/WhatsApp-Image-2022-02-01-at-15.51.31-1-e1643727697714-768x673.jpeg 768w, https:\/\/agora.xtec.cat\/escelscossetans\/wp-content\/uploads\/usu321\/2022\/02\/WhatsApp-Image-2022-02-01-at-15.51.31-1-e1643727697714.jpeg 1535w\" sizes=\"auto, (max-width: 252px) 100vw, 252px\" \/><\/a> <a href=\"https:\/\/agora.xtec.cat\/escelscossetans\/wp-content\/uploads\/usu321\/2022\/02\/WhatsApp-Image-2022-02-01-at-15.51.31.jpeg\"><img loading=\"lazy\" decoding=\"async\" class=\"alignnone size-medium wp-image-2934\" src=\"https:\/\/agora.xtec.cat\/escelscossetans\/wp-content\/uploads\/usu321\/2022\/02\/WhatsApp-Image-2022-02-01-at-15.51.31-300x225.jpeg\" alt=\"\" width=\"300\" height=\"225\" srcset=\"https:\/\/agora.xtec.cat\/escelscossetans\/wp-content\/uploads\/usu321\/2022\/02\/WhatsApp-Image-2022-02-01-at-15.51.31-300x225.jpeg 300w, https:\/\/agora.xtec.cat\/escelscossetans\/wp-content\/uploads\/usu321\/2022\/02\/WhatsApp-Image-2022-02-01-at-15.51.31-1024x768.jpeg 1024w, https:\/\/agora.xtec.cat\/escelscossetans\/wp-content\/uploads\/usu321\/2022\/02\/WhatsApp-Image-2022-02-01-at-15.51.31-768x576.jpeg 768w, https:\/\/agora.xtec.cat\/escelscossetans\/wp-content\/uploads\/usu321\/2022\/02\/WhatsApp-Image-2022-02-01-at-15.51.31-1536x1152.jpeg 1536w, https:\/\/agora.xtec.cat\/escelscossetans\/wp-content\/uploads\/usu321\/2022\/02\/WhatsApp-Image-2022-02-01-at-15.51.31-200x150.jpeg 200w, https:\/\/agora.xtec.cat\/escelscossetans\/wp-content\/uploads\/usu321\/2022\/02\/WhatsApp-Image-2022-02-01-at-15.51.31.jpeg 2048w\" sizes=\"auto, (max-width: 300px) 100vw, 300px\" \/><\/a><a href=\"https:\/\/agora.xtec.cat\/escelscossetans\/wp-content\/uploads\/usu321\/2022\/02\/WhatsApp-Image-2022-02-03-at-15.26.25.jpeg\"><img loading=\"lazy\" decoding=\"async\" class=\"alignnone size-medium wp-image-2982\" src=\"https:\/\/agora.xtec.cat\/escelscossetans\/wp-content\/uploads\/usu321\/2022\/02\/WhatsApp-Image-2022-02-03-at-15.26.25-300x135.jpeg\" alt=\"\" width=\"300\" height=\"135\" srcset=\"https:\/\/agora.xtec.cat\/escelscossetans\/wp-content\/uploads\/usu321\/2022\/02\/WhatsApp-Image-2022-02-03-at-15.26.25-300x135.jpeg 300w, https:\/\/agora.xtec.cat\/escelscossetans\/wp-content\/uploads\/usu321\/2022\/02\/WhatsApp-Image-2022-02-03-at-15.26.25-1024x461.jpeg 1024w, https:\/\/agora.xtec.cat\/escelscossetans\/wp-content\/uploads\/usu321\/2022\/02\/WhatsApp-Image-2022-02-03-at-15.26.25-768x345.jpeg 768w, https:\/\/agora.xtec.cat\/escelscossetans\/wp-content\/uploads\/usu321\/2022\/02\/WhatsApp-Image-2022-02-03-at-15.26.25-1536x691.jpeg 1536w, https:\/\/agora.xtec.cat\/escelscossetans\/wp-content\/uploads\/usu321\/2022\/02\/WhatsApp-Image-2022-02-03-at-15.26.25.jpeg 2048w\" sizes=\"auto, (max-width: 300px) 100vw, 300px\" \/><\/a><a href=\"https:\/\/agora.xtec.cat\/escelscossetans\/wp-content\/uploads\/usu321\/2022\/02\/WhatsApp-Image-2022-02-03-at-15.26.25-1.jpeg\"><img loading=\"lazy\" decoding=\"async\" class=\"alignnone size-medium wp-image-2983\" src=\"https:\/\/agora.xtec.cat\/escelscossetans\/wp-content\/uploads\/usu321\/2022\/02\/WhatsApp-Image-2022-02-03-at-15.26.25-1-300x135.jpeg\" alt=\"\" width=\"300\" height=\"135\" srcset=\"https:\/\/agora.xtec.cat\/escelscossetans\/wp-content\/uploads\/usu321\/2022\/02\/WhatsApp-Image-2022-02-03-at-15.26.25-1-300x135.jpeg 300w, https:\/\/agora.xtec.cat\/escelscossetans\/wp-content\/uploads\/usu321\/2022\/02\/WhatsApp-Image-2022-02-03-at-15.26.25-1-1024x461.jpeg 1024w, https:\/\/agora.xtec.cat\/escelscossetans\/wp-content\/uploads\/usu321\/2022\/02\/WhatsApp-Image-2022-02-03-at-15.26.25-1-768x345.jpeg 768w, https:\/\/agora.xtec.cat\/escelscossetans\/wp-content\/uploads\/usu321\/2022\/02\/WhatsApp-Image-2022-02-03-at-15.26.25-1-1536x691.jpeg 1536w, https:\/\/agora.xtec.cat\/escelscossetans\/wp-content\/uploads\/usu321\/2022\/02\/WhatsApp-Image-2022-02-03-at-15.26.25-1.jpeg 2048w\" sizes=\"auto, (max-width: 300px) 100vw, 300px\" \/><\/a><\/p>\n<p>&nbsp;<\/p>\n","protected":false},"excerpt":{"rendered":"<p>QU\u00c8 S\u00d3N ELS AMBIENTS\u00a0 D\u2019APRENENTATGE? Els psic\u00f2legs, des de fa molt de temps, van demostrar que qualsevol capacitat es desenvolupa millor amb el\u00a0joc. A partir d\u2019aquesta afirmaci\u00f3 podem considerar que el joc \u00e9s el millor mitj\u00e0 educatiu per\u00a0afavorir l\u2019aprenentatge i el coneixement. Est\u00e0 demostrat que all\u00f2 que el nen apr\u00e8n a trav\u00e9s d\u2019un joc es [&hellip;]<\/p>\n","protected":false},"author":1,"featured_media":0,"parent":36,"menu_order":40,"comment_status":"closed","ping_status":"closed","template":"page-templates\/side-menu.php","meta":{"_bbp_topic_count":0,"_bbp_reply_count":0,"_bbp_total_topic_count":0,"_bbp_total_reply_count":0,"_bbp_voice_count":0,"_bbp_anonymous_reply_count":0,"_bbp_topic_count_hidden":0,"_bbp_reply_count_hidden":0,"_bbp_forum_subforum_count":0,"site-sidebar-layout":"default","site-content-layout":"","ast-site-content-layout":"","site-content-style":"default","site-sidebar-style":"default","ast-global-header-display":"","ast-banner-title-visibility":"","ast-main-header-display":"","ast-hfb-above-header-display":"","ast-hfb-below-header-display":"","ast-hfb-mobile-header-display":"","site-post-title":"","ast-breadcrumbs-content":"","ast-featured-img":"","footer-sml-layout":"","theme-transparent-header-meta":"","adv-header-id-meta":"","stick-header-meta":"","header-above-stick-meta":"","header-main-stick-meta":"","header-below-stick-meta":"","astra-migrate-meta-layouts":"default","ast-page-background-enabled":"default","ast-page-background-meta":{"desktop":{"background-color":"var(--ast-global-color-4)","background-image":"","background-repeat":"repeat","background-position":"center center","background-size":"auto","background-attachment":"scroll","background-type":"","background-media":"","overlay-type":"","overlay-color":"","overlay-opacity":"","overlay-gradient":""},"tablet":{"background-color":"","background-image":"","background-repeat":"repeat","background-position":"center center","background-size":"auto","background-attachment":"scroll","background-type":"","background-media":"","overlay-type":"","overlay-color":"","overlay-opacity":"","overlay-gradient":""},"mobile":{"background-color":"","background-image":"","background-repeat":"repeat","background-position":"center center","background-size":"auto","background-attachment":"scroll","background-type":"","background-media":"","overlay-type":"","overlay-color":"","overlay-opacity":"","overlay-gradient":""}},"ast-content-background-meta":{"desktop":{"background-color":"var(--ast-global-color-5)","background-image":"","background-repeat":"repeat","background-position":"center center","background-size":"auto","background-attachment":"scroll","background-type":"","background-media":"","overlay-type":"","overlay-color":"","overlay-opacity":"","overlay-gradient":""},"tablet":{"background-color":"var(--ast-global-color-5)","background-image":"","background-repeat":"repeat","background-position":"center center","background-size":"auto","background-attachment":"scroll","background-type":"","background-media":"","overlay-type":"","overlay-color":"","overlay-opacity":"","overlay-gradient":""},"mobile":{"background-color":"var(--ast-global-color-5)","background-image":"","background-repeat":"repeat","background-position":"center center","background-size":"auto","background-attachment":"scroll","background-type":"","background-media":"","overlay-type":"","overlay-color":"","overlay-opacity":"","overlay-gradient":""}},"footnotes":""},"class_list":["post-2811","page","type-page","status-publish","hentry"],"post_mailing_queue_ids":[],"_links":{"self":[{"href":"https:\/\/agora.xtec.cat\/escelscossetans\/wp-json\/wp\/v2\/pages\/2811","targetHints":{"allow":["GET"]}}],"collection":[{"href":"https:\/\/agora.xtec.cat\/escelscossetans\/wp-json\/wp\/v2\/pages"}],"about":[{"href":"https:\/\/agora.xtec.cat\/escelscossetans\/wp-json\/wp\/v2\/types\/page"}],"author":[{"embeddable":true,"href":"https:\/\/agora.xtec.cat\/escelscossetans\/wp-json\/wp\/v2\/users\/1"}],"replies":[{"embeddable":true,"href":"https:\/\/agora.xtec.cat\/escelscossetans\/wp-json\/wp\/v2\/comments?post=2811"}],"version-history":[{"count":3,"href":"https:\/\/agora.xtec.cat\/escelscossetans\/wp-json\/wp\/v2\/pages\/2811\/revisions"}],"predecessor-version":[{"id":2984,"href":"https:\/\/agora.xtec.cat\/escelscossetans\/wp-json\/wp\/v2\/pages\/2811\/revisions\/2984"}],"up":[{"embeddable":true,"href":"https:\/\/agora.xtec.cat\/escelscossetans\/wp-json\/wp\/v2\/pages\/36"}],"wp:attachment":[{"href":"https:\/\/agora.xtec.cat\/escelscossetans\/wp-json\/wp\/v2\/media?parent=2811"}],"curies":[{"name":"wp","href":"https:\/\/api.w.org\/{rel}","templated":true}]}}