{"id":2809,"date":"2022-01-27T12:27:20","date_gmt":"2022-01-27T11:27:20","guid":{"rendered":"https:\/\/agora.xtec.cat\/escelscossetans\/?page_id=2809"},"modified":"2022-02-03T15:19:48","modified_gmt":"2022-02-03T14:19:48","slug":"racons-de-joc-simbolic","status":"publish","type":"page","link":"https:\/\/agora.xtec.cat\/escelscossetans\/projecte-educatiu\/els-nostres-projectes\/racons-de-joc-simbolic\/","title":{"rendered":"Racons de joc simb\u00f2lic"},"content":{"rendered":"<p><strong>Qu\u00e8 s\u00f3n els Racons de Joc Simb\u00f2lic?<\/strong><\/p>\n<ul>\n<li>Els racons de joc simb\u00f2lic s\u00f3n\u00a0<strong>uns espais<\/strong>\u00a0destinats a\u00a0<strong>l\u2019activitat l\u00fadica<\/strong>\u00a0que necessita una\u00a0<strong>participaci\u00f3 lliure<\/strong>,\u00a0<strong>imaginativa<\/strong>\u00a0i\u00a0<strong>creadora<\/strong>\u00a0per part dels nens i nenes.<\/li>\n<\/ul>\n<ul>\n<li>Permeten als infants\u00a0<strong>recrear experi\u00e8ncies quotidianes<\/strong>, assumir\u00a0<strong>rols diferents<\/strong>\u00a0als habituals i faciliten la\u00a0<strong>representaci\u00f3 de situacions<\/strong>\u00a0viscudes aix\u00ed com el treball de les\u00a0<strong>emocions<\/strong>\u00a0experimentades en cada situaci\u00f3.<\/li>\n<\/ul>\n<ul>\n<li>Permeten treballar actituds de\u00a0<strong>col\u00b7laboraci\u00f3<\/strong>, de\u00a0<strong>respecte<\/strong>\u00a0i d\u2019<strong>integraci\u00f3<\/strong>.<\/li>\n<\/ul>\n<ul>\n<li>Permeten un\u00a0<strong>\u00fas diversificat del llenguatge<\/strong>\u00a0i exigeixen la\u00a0<strong>planificaci\u00f3 compartida de l\u2019acci\u00f3<\/strong>\u00a0i el\u00a0<strong>respecte per unes normes<\/strong>.<\/li>\n<\/ul>\n<p><strong>Quins s\u00f3n els objectius?<\/strong><\/p>\n<ul>\n<li>Educar als alumnes des d\u2019una base col\u00b7lectiva, on tot \u00e9s de tots.<\/li>\n<li>Aprendre a relacionar-se amb altres nens\/es i mestres de l\u2019escola.<\/li>\n<li>Descobrir el valor de la cooperaci\u00f3, la interacci\u00f3 i la socialitzaci\u00f3.<\/li>\n<li>Ser respectu\u00f3s i responsable dels materials col\u00b7lectius.<\/li>\n<li>Potenciar la imaginaci\u00f3, la creativitat i la fantasia.<\/li>\n<li>Compartir uns espais, uns materials i unes joguines.<\/li>\n<li>Assumir unes pautes, uns valors, uns h\u00e0bits i unes actituds a partir de la interacci\u00f3 amb els altres.<\/li>\n<li>Renunciar de vegades als interessos propis per acceptar els de la majoria.<\/li>\n<li>Aprendre a viure en grup i compartir.<\/li>\n<\/ul>\n<p><strong>En qu\u00e8 consisteixen els Racons de Joc Simb\u00f2lic de l\u2019escola?<\/strong><\/p>\n<p>Els racons de joc simb\u00f2lic que tenim a l\u2019escola s\u00f3n:<\/p>\n<ul>\n<li>El dels cotxes<\/li>\n<li>El de les nines<\/li>\n<li>El de la caseta: cuineta i mercat<\/li>\n<li>El dels metges<\/li>\n<li>El de les disfresses<\/li>\n<li>El de les eines<\/li>\n<\/ul>\n<p><a href=\"https:\/\/agora.xtec.cat\/escelscossetans\/wp-content\/uploads\/usu321\/2022\/02\/WhatsApp-Image-2022-02-01-at-15.50.55-1.jpeg\"><img loading=\"lazy\" decoding=\"async\" class=\"alignnone wp-image-2926 size-thumbnail\" src=\"https:\/\/agora.xtec.cat\/escelscossetans\/wp-content\/uploads\/usu321\/2022\/02\/WhatsApp-Image-2022-02-01-at-15.50.55-1-150x150.jpeg\" alt=\"\" width=\"150\" height=\"150\" \/><\/a> <a href=\"https:\/\/agora.xtec.cat\/escelscossetans\/wp-content\/uploads\/usu321\/2022\/02\/WhatsApp-Image-2022-02-01-at-15.50.55.jpeg\"><img loading=\"lazy\" decoding=\"async\" class=\"alignnone wp-image-2927 size-thumbnail\" src=\"https:\/\/agora.xtec.cat\/escelscossetans\/wp-content\/uploads\/usu321\/2022\/02\/WhatsApp-Image-2022-02-01-at-15.50.55-150x150.jpeg\" alt=\"\" width=\"150\" height=\"150\" \/><\/a> <a href=\"https:\/\/agora.xtec.cat\/escelscossetans\/wp-content\/uploads\/usu321\/2022\/02\/WhatsApp-Image-2022-02-01-at-15.50.57.jpeg\"><img loading=\"lazy\" decoding=\"async\" class=\"alignnone wp-image-2928 size-thumbnail\" src=\"https:\/\/agora.xtec.cat\/escelscossetans\/wp-content\/uploads\/usu321\/2022\/02\/WhatsApp-Image-2022-02-01-at-15.50.57-150x150.jpeg\" alt=\"\" width=\"150\" height=\"150\" \/><\/a><a href=\"https:\/\/agora.xtec.cat\/escelscossetans\/wp-content\/uploads\/usu321\/2022\/02\/WhatsApp-Image-2022-02-01-at-16.21.08-1.jpeg\"><img loading=\"lazy\" decoding=\"async\" class=\"alignnone wp-image-2978 size-thumbnail\" src=\"https:\/\/agora.xtec.cat\/escelscossetans\/wp-content\/uploads\/usu321\/2022\/02\/WhatsApp-Image-2022-02-01-at-16.21.08-1-150x150.jpeg\" alt=\"\" width=\"150\" height=\"150\" \/><\/a><a href=\"https:\/\/agora.xtec.cat\/escelscossetans\/wp-content\/uploads\/usu321\/2022\/02\/WhatsApp-Image-2022-02-01-at-16.21.08.jpeg\"><img loading=\"lazy\" decoding=\"async\" class=\"alignnone wp-image-2980 size-thumbnail\" src=\"https:\/\/agora.xtec.cat\/escelscossetans\/wp-content\/uploads\/usu321\/2022\/02\/WhatsApp-Image-2022-02-01-at-16.21.08-150x150.jpeg\" alt=\"\" width=\"150\" height=\"150\" \/><\/a><a href=\"https:\/\/agora.xtec.cat\/escelscossetans\/wp-content\/uploads\/usu321\/2022\/02\/WhatsApp-Image-2022-02-01-at-16.21.09.jpeg\"><img loading=\"lazy\" decoding=\"async\" class=\"alignnone wp-image-2979 size-thumbnail\" src=\"https:\/\/agora.xtec.cat\/escelscossetans\/wp-content\/uploads\/usu321\/2022\/02\/WhatsApp-Image-2022-02-01-at-16.21.09-150x150.jpeg\" alt=\"\" width=\"150\" height=\"150\" \/><\/a><\/p>\n","protected":false},"excerpt":{"rendered":"<p>Qu\u00e8 s\u00f3n els Racons de Joc Simb\u00f2lic? Els racons de joc simb\u00f2lic s\u00f3n\u00a0uns espais\u00a0destinats a\u00a0l\u2019activitat l\u00fadica\u00a0que necessita una\u00a0participaci\u00f3 lliure,\u00a0imaginativa\u00a0i\u00a0creadora\u00a0per part dels nens i nenes. Permeten als infants\u00a0recrear experi\u00e8ncies quotidianes, assumir\u00a0rols diferents\u00a0als habituals i faciliten la\u00a0representaci\u00f3 de situacions\u00a0viscudes aix\u00ed com el treball de les\u00a0emocions\u00a0experimentades en cada situaci\u00f3. Permeten treballar actituds de\u00a0col\u00b7laboraci\u00f3, de\u00a0respecte\u00a0i d\u2019integraci\u00f3. Permeten un\u00a0\u00fas diversificat [&hellip;]<\/p>\n","protected":false},"author":1,"featured_media":0,"parent":36,"menu_order":30,"comment_status":"closed","ping_status":"closed","template":"page-templates\/side-menu.php","meta":{"_bbp_topic_count":0,"_bbp_reply_count":0,"_bbp_total_topic_count":0,"_bbp_total_reply_count":0,"_bbp_voice_count":0,"_bbp_anonymous_reply_count":0,"_bbp_topic_count_hidden":0,"_bbp_reply_count_hidden":0,"_bbp_forum_subforum_count":0,"site-sidebar-layout":"default","site-content-layout":"","ast-site-content-layout":"","site-content-style":"default","site-sidebar-style":"default","ast-global-header-display":"","ast-banner-title-visibility":"","ast-main-header-display":"","ast-hfb-above-header-display":"","ast-hfb-below-header-display":"","ast-hfb-mobile-header-display":"","site-post-title":"","ast-breadcrumbs-content":"","ast-featured-img":"","footer-sml-layout":"","theme-transparent-header-meta":"","adv-header-id-meta":"","stick-header-meta":"","header-above-stick-meta":"","header-main-stick-meta":"","header-below-stick-meta":"","astra-migrate-meta-layouts":"default","ast-page-background-enabled":"default","ast-page-background-meta":{"desktop":{"background-color":"var(--ast-global-color-4)","background-image":"","background-repeat":"repeat","background-position":"center center","background-size":"auto","background-attachment":"scroll","background-type":"","background-media":"","overlay-type":"","overlay-color":"","overlay-opacity":"","overlay-gradient":""},"tablet":{"background-color":"","background-image":"","background-repeat":"repeat","background-position":"center center","background-size":"auto","background-attachment":"scroll","background-type":"","background-media":"","overlay-type":"","overlay-color":"","overlay-opacity":"","overlay-gradient":""},"mobile":{"background-color":"","background-image":"","background-repeat":"repeat","background-position":"center center","background-size":"auto","background-attachment":"scroll","background-type":"","background-media":"","overlay-type":"","overlay-color":"","overlay-opacity":"","overlay-gradient":""}},"ast-content-background-meta":{"desktop":{"background-color":"var(--ast-global-color-5)","background-image":"","background-repeat":"repeat","background-position":"center center","background-size":"auto","background-attachment":"scroll","background-type":"","background-media":"","overlay-type":"","overlay-color":"","overlay-opacity":"","overlay-gradient":""},"tablet":{"background-color":"var(--ast-global-color-5)","background-image":"","background-repeat":"repeat","background-position":"center center","background-size":"auto","background-attachment":"scroll","background-type":"","background-media":"","overlay-type":"","overlay-color":"","overlay-opacity":"","overlay-gradient":""},"mobile":{"background-color":"var(--ast-global-color-5)","background-image":"","background-repeat":"repeat","background-position":"center center","background-size":"auto","background-attachment":"scroll","background-type":"","background-media":"","overlay-type":"","overlay-color":"","overlay-opacity":"","overlay-gradient":""}},"footnotes":""},"class_list":["post-2809","page","type-page","status-publish","hentry"],"post_mailing_queue_ids":[],"_links":{"self":[{"href":"https:\/\/agora.xtec.cat\/escelscossetans\/wp-json\/wp\/v2\/pages\/2809","targetHints":{"allow":["GET"]}}],"collection":[{"href":"https:\/\/agora.xtec.cat\/escelscossetans\/wp-json\/wp\/v2\/pages"}],"about":[{"href":"https:\/\/agora.xtec.cat\/escelscossetans\/wp-json\/wp\/v2\/types\/page"}],"author":[{"embeddable":true,"href":"https:\/\/agora.xtec.cat\/escelscossetans\/wp-json\/wp\/v2\/users\/1"}],"replies":[{"embeddable":true,"href":"https:\/\/agora.xtec.cat\/escelscossetans\/wp-json\/wp\/v2\/comments?post=2809"}],"version-history":[{"count":3,"href":"https:\/\/agora.xtec.cat\/escelscossetans\/wp-json\/wp\/v2\/pages\/2809\/revisions"}],"predecessor-version":[{"id":2981,"href":"https:\/\/agora.xtec.cat\/escelscossetans\/wp-json\/wp\/v2\/pages\/2809\/revisions\/2981"}],"up":[{"embeddable":true,"href":"https:\/\/agora.xtec.cat\/escelscossetans\/wp-json\/wp\/v2\/pages\/36"}],"wp:attachment":[{"href":"https:\/\/agora.xtec.cat\/escelscossetans\/wp-json\/wp\/v2\/media?parent=2809"}],"curies":[{"name":"wp","href":"https:\/\/api.w.org\/{rel}","templated":true}]}}