{"id":2807,"date":"2022-01-27T12:21:58","date_gmt":"2022-01-27T11:21:58","guid":{"rendered":"https:\/\/agora.xtec.cat\/escelscossetans\/?page_id=2807"},"modified":"2024-02-15T16:23:09","modified_gmt":"2024-02-15T15:23:09","slug":"pele","status":"publish","type":"page","link":"https:\/\/agora.xtec.cat\/escelscossetans\/projecte-educatiu\/els-nostres-projectes\/pele\/","title":{"rendered":"Projecte de llengua anglesa"},"content":{"rendered":"<p><strong>PELE (Projecte experimental lleng\u00fces estrangeres)<\/strong><\/p>\n<p>El projecte experimental de lleng\u00fces estrangeres comen\u00e7a a la nostra escola l\u2019any 2010 amb l\u2019objectiu de millorar la compet\u00e8ncia oral en angl\u00e8s.<br \/>\nDes de llavors s\u2019ha creat una aula d\u2019idiomes a l\u2019escola on els alumnes, en grup redu\u00eft, treballen setmanalment la llengua anglesa a partir de l\u2019oralitat, per\u00f2 globalment i en el seu conjunt.<br \/>\nDurant aquests anys s\u2019han fet un munt d\u2019activitats a l\u2019escola: tallers de cuina, teatre, jocs, etc.<br \/>\nAquest curs hem introdu\u00eft els ambients en llengua anglesa, els quals, estan sent for\u00e7a motivadors per l\u2019alumnat. Els nens i les nenes experimenten a partir del joc, de petites converses amb model, de l\u2019escolta, de petites representacions, dels contes en angl\u00e8s i els diccionaris i de l\u2019escriptura a partir d\u2019imatges del vocabulari i de textos senzills.<\/p>\n<p>&nbsp;<\/p>\n<p><a href=\"https:\/\/agora.xtec.cat\/escelscossetans\/wp-content\/uploads\/usu321\/2022\/02\/WhatsApp-Image-2022-02-03-at-15.46.00.jpeg\"><img loading=\"lazy\" decoding=\"async\" class=\"alignnone size-medium wp-image-3007\" src=\"https:\/\/agora.xtec.cat\/escelscossetans\/wp-content\/uploads\/usu321\/2022\/02\/WhatsApp-Image-2022-02-03-at-15.46.00-300x300.jpeg\" alt=\"\" width=\"300\" height=\"300\" srcset=\"https:\/\/agora.xtec.cat\/escelscossetans\/wp-content\/uploads\/usu321\/2022\/02\/WhatsApp-Image-2022-02-03-at-15.46.00-300x300.jpeg 300w, https:\/\/agora.xtec.cat\/escelscossetans\/wp-content\/uploads\/usu321\/2022\/02\/WhatsApp-Image-2022-02-03-at-15.46.00-1024x1024.jpeg 1024w, https:\/\/agora.xtec.cat\/escelscossetans\/wp-content\/uploads\/usu321\/2022\/02\/WhatsApp-Image-2022-02-03-at-15.46.00-150x150.jpeg 150w, https:\/\/agora.xtec.cat\/escelscossetans\/wp-content\/uploads\/usu321\/2022\/02\/WhatsApp-Image-2022-02-03-at-15.46.00-768x768.jpeg 768w, https:\/\/agora.xtec.cat\/escelscossetans\/wp-content\/uploads\/usu321\/2022\/02\/WhatsApp-Image-2022-02-03-at-15.46.00.jpeg 1512w\" sizes=\"auto, (max-width: 300px) 100vw, 300px\" \/><\/a> <a href=\"https:\/\/agora.xtec.cat\/escelscossetans\/wp-content\/uploads\/usu321\/2022\/02\/WhatsApp-Image-2022-02-03-at-16.06.31.jpeg\"><img loading=\"lazy\" decoding=\"async\" class=\"alignnone size-medium wp-image-3008\" src=\"https:\/\/agora.xtec.cat\/escelscossetans\/wp-content\/uploads\/usu321\/2022\/02\/WhatsApp-Image-2022-02-03-at-16.06.31-300x300.jpeg\" alt=\"\" width=\"300\" height=\"300\" srcset=\"https:\/\/agora.xtec.cat\/escelscossetans\/wp-content\/uploads\/usu321\/2022\/02\/WhatsApp-Image-2022-02-03-at-16.06.31-300x300.jpeg 300w, https:\/\/agora.xtec.cat\/escelscossetans\/wp-content\/uploads\/usu321\/2022\/02\/WhatsApp-Image-2022-02-03-at-16.06.31-1024x1024.jpeg 1024w, https:\/\/agora.xtec.cat\/escelscossetans\/wp-content\/uploads\/usu321\/2022\/02\/WhatsApp-Image-2022-02-03-at-16.06.31-150x150.jpeg 150w, https:\/\/agora.xtec.cat\/escelscossetans\/wp-content\/uploads\/usu321\/2022\/02\/WhatsApp-Image-2022-02-03-at-16.06.31-768x768.jpeg 768w, https:\/\/agora.xtec.cat\/escelscossetans\/wp-content\/uploads\/usu321\/2022\/02\/WhatsApp-Image-2022-02-03-at-16.06.31-1536x1536.jpeg 1536w, https:\/\/agora.xtec.cat\/escelscossetans\/wp-content\/uploads\/usu321\/2022\/02\/WhatsApp-Image-2022-02-03-at-16.06.31.jpeg 2048w\" sizes=\"auto, (max-width: 300px) 100vw, 300px\" \/><\/a> <a href=\"https:\/\/agora.xtec.cat\/escelscossetans\/wp-content\/uploads\/usu321\/2022\/02\/WhatsApp-Image-2022-02-03-at-16.08.43.jpeg\"><img loading=\"lazy\" decoding=\"async\" class=\"alignnone size-medium wp-image-3009\" src=\"https:\/\/agora.xtec.cat\/escelscossetans\/wp-content\/uploads\/usu321\/2022\/02\/WhatsApp-Image-2022-02-03-at-16.08.43-300x300.jpeg\" alt=\"\" width=\"300\" height=\"300\" srcset=\"https:\/\/agora.xtec.cat\/escelscossetans\/wp-content\/uploads\/usu321\/2022\/02\/WhatsApp-Image-2022-02-03-at-16.08.43-300x300.jpeg 300w, https:\/\/agora.xtec.cat\/escelscossetans\/wp-content\/uploads\/usu321\/2022\/02\/WhatsApp-Image-2022-02-03-at-16.08.43-1024x1024.jpeg 1024w, https:\/\/agora.xtec.cat\/escelscossetans\/wp-content\/uploads\/usu321\/2022\/02\/WhatsApp-Image-2022-02-03-at-16.08.43-150x150.jpeg 150w, https:\/\/agora.xtec.cat\/escelscossetans\/wp-content\/uploads\/usu321\/2022\/02\/WhatsApp-Image-2022-02-03-at-16.08.43-768x768.jpeg 768w, https:\/\/agora.xtec.cat\/escelscossetans\/wp-content\/uploads\/usu321\/2022\/02\/WhatsApp-Image-2022-02-03-at-16.08.43-1536x1536.jpeg 1536w, https:\/\/agora.xtec.cat\/escelscossetans\/wp-content\/uploads\/usu321\/2022\/02\/WhatsApp-Image-2022-02-03-at-16.08.43.jpeg 2048w\" sizes=\"auto, (max-width: 300px) 100vw, 300px\" \/><\/a> <a href=\"https:\/\/agora.xtec.cat\/escelscossetans\/wp-content\/uploads\/usu321\/2022\/02\/WhatsApp-Image-2022-02-03-at-15.43.06.jpeg\"><img loading=\"lazy\" decoding=\"async\" class=\"alignnone size-medium wp-image-3010\" src=\"https:\/\/agora.xtec.cat\/escelscossetans\/wp-content\/uploads\/usu321\/2022\/02\/WhatsApp-Image-2022-02-03-at-15.43.06-300x300.jpeg\" alt=\"\" width=\"300\" height=\"300\" srcset=\"https:\/\/agora.xtec.cat\/escelscossetans\/wp-content\/uploads\/usu321\/2022\/02\/WhatsApp-Image-2022-02-03-at-15.43.06-300x300.jpeg 300w, https:\/\/agora.xtec.cat\/escelscossetans\/wp-content\/uploads\/usu321\/2022\/02\/WhatsApp-Image-2022-02-03-at-15.43.06-1024x1024.jpeg 1024w, https:\/\/agora.xtec.cat\/escelscossetans\/wp-content\/uploads\/usu321\/2022\/02\/WhatsApp-Image-2022-02-03-at-15.43.06-150x150.jpeg 150w, https:\/\/agora.xtec.cat\/escelscossetans\/wp-content\/uploads\/usu321\/2022\/02\/WhatsApp-Image-2022-02-03-at-15.43.06-768x768.jpeg 768w, https:\/\/agora.xtec.cat\/escelscossetans\/wp-content\/uploads\/usu321\/2022\/02\/WhatsApp-Image-2022-02-03-at-15.43.06.jpeg 1512w\" sizes=\"auto, (max-width: 300px) 100vw, 300px\" \/><\/a> <a href=\"https:\/\/agora.xtec.cat\/escelscossetans\/wp-content\/uploads\/usu321\/2022\/02\/WhatsApp-Image-2022-02-03-at-16.06.17.jpeg\"><img loading=\"lazy\" decoding=\"async\" class=\"alignnone size-medium wp-image-3011\" src=\"https:\/\/agora.xtec.cat\/escelscossetans\/wp-content\/uploads\/usu321\/2022\/02\/WhatsApp-Image-2022-02-03-at-16.06.17-300x300.jpeg\" alt=\"\" width=\"300\" height=\"300\" srcset=\"https:\/\/agora.xtec.cat\/escelscossetans\/wp-content\/uploads\/usu321\/2022\/02\/WhatsApp-Image-2022-02-03-at-16.06.17-300x300.jpeg 300w, https:\/\/agora.xtec.cat\/escelscossetans\/wp-content\/uploads\/usu321\/2022\/02\/WhatsApp-Image-2022-02-03-at-16.06.17-1024x1024.jpeg 1024w, https:\/\/agora.xtec.cat\/escelscossetans\/wp-content\/uploads\/usu321\/2022\/02\/WhatsApp-Image-2022-02-03-at-16.06.17-150x150.jpeg 150w, https:\/\/agora.xtec.cat\/escelscossetans\/wp-content\/uploads\/usu321\/2022\/02\/WhatsApp-Image-2022-02-03-at-16.06.17-768x768.jpeg 768w, https:\/\/agora.xtec.cat\/escelscossetans\/wp-content\/uploads\/usu321\/2022\/02\/WhatsApp-Image-2022-02-03-at-16.06.17-1536x1536.jpeg 1536w, https:\/\/agora.xtec.cat\/escelscossetans\/wp-content\/uploads\/usu321\/2022\/02\/WhatsApp-Image-2022-02-03-at-16.06.17.jpeg 2048w\" sizes=\"auto, (max-width: 300px) 100vw, 300px\" \/><\/a><\/p>\n<div style=\"width: 640px;\" class=\"wp-video\"><!--[if lt IE 9]><script>document.createElement('video');<\/script><![endif]-->\n<video class=\"wp-video-shortcode\" id=\"video-2807-1\" width=\"640\" height=\"352\" preload=\"metadata\" controls=\"controls\"><source type=\"video\/mp4\" src=\"https:\/\/agora.xtec.cat\/escelscossetans\/wp-content\/uploads\/usu321\/2022\/02\/vid-20220203-wa0043_5cPzv9mS.mp4?_=1\" \/><a href=\"https:\/\/agora.xtec.cat\/escelscossetans\/wp-content\/uploads\/usu321\/2022\/02\/vid-20220203-wa0043_5cPzv9mS.mp4\">https:\/\/agora.xtec.cat\/escelscossetans\/wp-content\/uploads\/usu321\/2022\/02\/vid-20220203-wa0043_5cPzv9mS.mp4<\/a><\/video><\/div>\n<p>&nbsp;<\/p>\n","protected":false},"excerpt":{"rendered":"<p>PELE (Projecte experimental lleng\u00fces estrangeres) El projecte experimental de lleng\u00fces estrangeres comen\u00e7a a la nostra escola l\u2019any 2010 amb l\u2019objectiu de millorar la compet\u00e8ncia oral en angl\u00e8s. Des de llavors s\u2019ha creat una aula d\u2019idiomes a l\u2019escola on els alumnes, en grup redu\u00eft, treballen setmanalment la llengua anglesa a partir de l\u2019oralitat, per\u00f2 globalment i [&hellip;]<\/p>\n","protected":false},"author":1,"featured_media":0,"parent":36,"menu_order":20,"comment_status":"closed","ping_status":"closed","template":"page-templates\/side-menu.php","meta":{"_bbp_topic_count":0,"_bbp_reply_count":0,"_bbp_total_topic_count":0,"_bbp_total_reply_count":0,"_bbp_voice_count":0,"_bbp_anonymous_reply_count":0,"_bbp_topic_count_hidden":0,"_bbp_reply_count_hidden":0,"_bbp_forum_subforum_count":0,"site-sidebar-layout":"default","site-content-layout":"","ast-site-content-layout":"","site-content-style":"default","site-sidebar-style":"default","ast-global-header-display":"","ast-banner-title-visibility":"","ast-main-header-display":"","ast-hfb-above-header-display":"","ast-hfb-below-header-display":"","ast-hfb-mobile-header-display":"","site-post-title":"","ast-breadcrumbs-content":"","ast-featured-img":"","footer-sml-layout":"","theme-transparent-header-meta":"","adv-header-id-meta":"","stick-header-meta":"","header-above-stick-meta":"","header-main-stick-meta":"","header-below-stick-meta":"","astra-migrate-meta-layouts":"default","ast-page-background-enabled":"default","ast-page-background-meta":{"desktop":{"background-color":"var(--ast-global-color-4)","background-image":"","background-repeat":"repeat","background-position":"center center","background-size":"auto","background-attachment":"scroll","background-type":"","background-media":"","overlay-type":"","overlay-color":"","overlay-opacity":"","overlay-gradient":""},"tablet":{"background-color":"","background-image":"","background-repeat":"repeat","background-position":"center center","background-size":"auto","background-attachment":"scroll","background-type":"","background-media":"","overlay-type":"","overlay-color":"","overlay-opacity":"","overlay-gradient":""},"mobile":{"background-color":"","background-image":"","background-repeat":"repeat","background-position":"center center","background-size":"auto","background-attachment":"scroll","background-type":"","background-media":"","overlay-type":"","overlay-color":"","overlay-opacity":"","overlay-gradient":""}},"ast-content-background-meta":{"desktop":{"background-color":"var(--ast-global-color-5)","background-image":"","background-repeat":"repeat","background-position":"center center","background-size":"auto","background-attachment":"scroll","background-type":"","background-media":"","overlay-type":"","overlay-color":"","overlay-opacity":"","overlay-gradient":""},"tablet":{"background-color":"var(--ast-global-color-5)","background-image":"","background-repeat":"repeat","background-position":"center center","background-size":"auto","background-attachment":"scroll","background-type":"","background-media":"","overlay-type":"","overlay-color":"","overlay-opacity":"","overlay-gradient":""},"mobile":{"background-color":"var(--ast-global-color-5)","background-image":"","background-repeat":"repeat","background-position":"center center","background-size":"auto","background-attachment":"scroll","background-type":"","background-media":"","overlay-type":"","overlay-color":"","overlay-opacity":"","overlay-gradient":""}},"footnotes":""},"class_list":["post-2807","page","type-page","status-publish","hentry"],"post_mailing_queue_ids":[],"_links":{"self":[{"href":"https:\/\/agora.xtec.cat\/escelscossetans\/wp-json\/wp\/v2\/pages\/2807","targetHints":{"allow":["GET"]}}],"collection":[{"href":"https:\/\/agora.xtec.cat\/escelscossetans\/wp-json\/wp\/v2\/pages"}],"about":[{"href":"https:\/\/agora.xtec.cat\/escelscossetans\/wp-json\/wp\/v2\/types\/page"}],"author":[{"embeddable":true,"href":"https:\/\/agora.xtec.cat\/escelscossetans\/wp-json\/wp\/v2\/users\/1"}],"replies":[{"embeddable":true,"href":"https:\/\/agora.xtec.cat\/escelscossetans\/wp-json\/wp\/v2\/comments?post=2807"}],"version-history":[{"count":5,"href":"https:\/\/agora.xtec.cat\/escelscossetans\/wp-json\/wp\/v2\/pages\/2807\/revisions"}],"predecessor-version":[{"id":5006,"href":"https:\/\/agora.xtec.cat\/escelscossetans\/wp-json\/wp\/v2\/pages\/2807\/revisions\/5006"}],"up":[{"embeddable":true,"href":"https:\/\/agora.xtec.cat\/escelscossetans\/wp-json\/wp\/v2\/pages\/36"}],"wp:attachment":[{"href":"https:\/\/agora.xtec.cat\/escelscossetans\/wp-json\/wp\/v2\/media?parent=2807"}],"curies":[{"name":"wp","href":"https:\/\/api.w.org\/{rel}","templated":true}]}}