{"id":22,"date":"2014-09-18T12:19:57","date_gmt":"2014-09-18T12:19:57","guid":{"rendered":"http:\/\/agora.xtec.cat\/escelscossetans\/?page_id=22"},"modified":"2023-05-22T16:03:10","modified_gmt":"2023-05-22T14:03:10","slug":"lescola","status":"publish","type":"page","link":"https:\/\/agora.xtec.cat\/escelscossetans\/lescola\/","title":{"rendered":"L&#8217;escola"},"content":{"rendered":"<p>&nbsp;<\/p>\n<p>Benvingudes i benvinguts a l&#8217;escola &#8220;Els Cossetans&#8221; de Cunit<\/p>\n<p>&nbsp;<\/p>\n<figure id=\"attachment_168\" aria-describedby=\"caption-attachment-168\" style=\"width: 1024px\" class=\"wp-caption alignnone\"><a href=\"http:\/\/agora.xtec.cat\/escelscossetans\/wp-content\/uploads\/usu321\/2015\/08\/els-cossetans.jpg\"><img loading=\"lazy\" decoding=\"async\" class=\"wp-image-168 size-large\" src=\"https:\/\/agora.xtec.cat\/escelscossetans\/wp-content\/uploads\/usu321\/2015\/08\/els-cossetans-1024x683.jpg\" alt=\"Fotografia: Escola Els Cossetans\" width=\"1024\" height=\"683\" srcset=\"https:\/\/agora.xtec.cat\/escelscossetans\/wp-content\/uploads\/usu321\/2015\/08\/els-cossetans-1024x683.jpg 1024w, https:\/\/agora.xtec.cat\/escelscossetans\/wp-content\/uploads\/usu321\/2015\/08\/els-cossetans-300x200.jpg 300w, https:\/\/agora.xtec.cat\/escelscossetans\/wp-content\/uploads\/usu321\/2015\/08\/els-cossetans.jpg 1280w\" sizes=\"auto, (max-width: 1024px) 100vw, 1024px\" \/><\/a><figcaption id=\"caption-attachment-168\" class=\"wp-caption-text\">Fotografia: Escola Els Cossetans<\/figcaption><\/figure>\n<p>&nbsp;<\/p>\n<p style=\"color: #666666;\"><strong>Escola\u00a0Els Cossetans<\/strong><\/p>\n<p>Avinguda Rocaplana, 28<\/p>\n<p>43881 \u2013 Cunit (Tarragona)<\/p>\n<p>Tel. 977.15.92.56\u00a0 M\u00f2bil 634773091<\/p>\n<p>E-mail: escelscossetans@xtec.cat<\/p>\n<p><iframe loading=\"lazy\" style=\"border: 0;\" src=\"https:\/\/www.google.com\/maps\/embed?pb=!1m0!3m2!1sca!2ses!4v1441293612473!6m8!1m7!1s7i6JV1yiwF0sW82DCd34Hw!2m2!1d41.20636366358612!2d1.617121504526785!3f66.77857842247468!4f-1.405158673219674!5f0.7820865974627469\" width=\"600\" height=\"450\" frameborder=\"0\" allowfullscreen=\"allowfullscreen\"><\/iframe><\/p>\n<p>&nbsp;<\/p>\n<p>&nbsp;<\/p>\n<p>IDENTITAT DEL CENTRE<\/p>\n<p>1.- ESCOLA CATALANA. Fomentar el coneixement de la cultura i la llengua catalana (festes, tradicions, costums\u2026).<\/p>\n<p>2.- ESCOLA OBERTA. Amb disposici\u00f3 d\u2019atendre nous alumnes i noves experi\u00e8ncies per tal d\u2019afavorir el desenvolupament personal.<\/p>\n<p>3.- INTEGRADORA I TOLERANT. Vol afavorir l\u2019acolliment i la cohesi\u00f3 dels infants, respectant les difer\u00e8ncies culturals, f\u00edsiques i intel\u00b7lectuals.<\/p>\n<p>4.- ACTIVA I PROPERA. Apropar la realitat als alumnes mitjan\u00e7ant l\u2019observaci\u00f3, l\u2019experimentaci\u00f3 i la manipulaci\u00f3.<\/p>\n<p>5.- COMUNICATIVA I DIALOGANT. Capa\u00e7 de transmetre valors i d\u2019expressar idees.<\/p>\n<p>6. ACONFESSIONAL I PLURAL. Respecta les diferents ideologies.<\/p>\n<p>7. PARTICIPATIVA. A dins de l\u2019escola i amb les activitats l\u00fadiques i\/o culturals del poble i les seves entitats.<\/p>\n<p>8. SOLID\u00c0RIA. Educar per la just\u00edcia, la solidaritat i el comprom\u00eds.<\/p>\n<p>9. INDIVIDUALITZADA . Ensenyament personalitzat i de qualitat.<\/p>\n<p>10. INTERCULTURAL I ACOLLIDORA. Rebre els nouvinguts amb respecte i enrriquir-nos mutuament.<\/p>\n<p>11. RESPECTUOSA. Respectar les difer\u00e8ncies f\u00edsiques, ps\u00edquiques, culturals, socials\u2026<\/p>\n<p>12. IMPULSORA. Treballar noves idees i projectes que ajudin al desenvolupament integral i harm\u00f2nic dels alumnes.<\/p>\n<p>13. MEDIADORA. Preparar la comunitat educativa pel tractament dels conflictes i fomentar el di\u00e0leg.<\/p>\n<h2>Instal.lacions<\/h2>\n<p>L\u2019escola\u00a0Els Cossetans ocupa un total de 5.480 metres quadrats, comptant-hi l\u2019edifici i patis escolars, i es troba en un solar de 8.000 m2 que l\u2019Ajuntament de <strong>Cunit<\/strong> va cedir al Departament d\u2019Educaci\u00f3 de la Generalitat. El centre disposa de tres espais diferenciats: el primer per a l\u2019ensenyament infantil, el segon adre\u00e7at als serveis com la biblioteca, els despatxos d\u2019administraci\u00f3, l\u2019aulari d\u2019educaci\u00f3 prim\u00e0ria i les corresponents zones de joc; i el tercer espai destinat als usos esportius com el gimn\u00e0s. El centre \u00e9s de dues l\u00ednies educatives, cosa que equival a 18 aules (6 per a l\u2019anomenat cicle infantil i 12 per a l\u2019educaci\u00f3 prim\u00e0ria). Aix\u00ed, l\u2019escola\u00a0Els Cossetans pot acollir fins a 450 alumnes, igual que l\u2019escola\u00a0Pompeu Fabra l\u2019escola Solcunit.<\/p>\n","protected":false},"excerpt":{"rendered":"<p>&nbsp; Benvingudes i benvinguts a l&#8217;escola &#8220;Els Cossetans&#8221; de Cunit &nbsp; &nbsp; Escola\u00a0Els Cossetans Avinguda Rocaplana, 28 43881 \u2013 Cunit (Tarragona) Tel. 977.15.92.56\u00a0 M\u00f2bil 634773091 E-mail: escelscossetans@xtec.cat &nbsp; &nbsp; IDENTITAT DEL CENTRE 1.- ESCOLA CATALANA. Fomentar el coneixement de la cultura i la llengua catalana (festes, tradicions, costums\u2026). 2.- ESCOLA OBERTA. Amb disposici\u00f3 d\u2019atendre nous [&hellip;]<\/p>\n","protected":false},"author":2,"featured_media":0,"parent":0,"menu_order":0,"comment_status":"closed","ping_status":"closed","template":"page-templates\/side-menu.php","meta":{"_bbp_topic_count":0,"_bbp_reply_count":0,"_bbp_total_topic_count":0,"_bbp_total_reply_count":0,"_bbp_voice_count":0,"_bbp_anonymous_reply_count":0,"_bbp_topic_count_hidden":0,"_bbp_reply_count_hidden":0,"_bbp_forum_subforum_count":0,"site-sidebar-layout":"default","site-content-layout":"","ast-site-content-layout":"","site-content-style":"default","site-sidebar-style":"default","ast-global-header-display":"","ast-banner-title-visibility":"","ast-main-header-display":"","ast-hfb-above-header-display":"","ast-hfb-below-header-display":"","ast-hfb-mobile-header-display":"","site-post-title":"","ast-breadcrumbs-content":"","ast-featured-img":"","footer-sml-layout":"","theme-transparent-header-meta":"","adv-header-id-meta":"","stick-header-meta":"","header-above-stick-meta":"","header-main-stick-meta":"","header-below-stick-meta":"","astra-migrate-meta-layouts":"default","ast-page-background-enabled":"default","ast-page-background-meta":{"desktop":{"background-color":"var(--ast-global-color-4)","background-image":"","background-repeat":"repeat","background-position":"center center","background-size":"auto","background-attachment":"scroll","background-type":"","background-media":"","overlay-type":"","overlay-color":"","overlay-opacity":"","overlay-gradient":""},"tablet":{"background-color":"","background-image":"","background-repeat":"repeat","background-position":"center center","background-size":"auto","background-attachment":"scroll","background-type":"","background-media":"","overlay-type":"","overlay-color":"","overlay-opacity":"","overlay-gradient":""},"mobile":{"background-color":"","background-image":"","background-repeat":"repeat","background-position":"center center","background-size":"auto","background-attachment":"scroll","background-type":"","background-media":"","overlay-type":"","overlay-color":"","overlay-opacity":"","overlay-gradient":""}},"ast-content-background-meta":{"desktop":{"background-color":"var(--ast-global-color-5)","background-image":"","background-repeat":"repeat","background-position":"center center","background-size":"auto","background-attachment":"scroll","background-type":"","background-media":"","overlay-type":"","overlay-color":"","overlay-opacity":"","overlay-gradient":""},"tablet":{"background-color":"var(--ast-global-color-5)","background-image":"","background-repeat":"repeat","background-position":"center center","background-size":"auto","background-attachment":"scroll","background-type":"","background-media":"","overlay-type":"","overlay-color":"","overlay-opacity":"","overlay-gradient":""},"mobile":{"background-color":"var(--ast-global-color-5)","background-image":"","background-repeat":"repeat","background-position":"center center","background-size":"auto","background-attachment":"scroll","background-type":"","background-media":"","overlay-type":"","overlay-color":"","overlay-opacity":"","overlay-gradient":""}},"footnotes":""},"class_list":["post-22","page","type-page","status-publish","hentry"],"post_mailing_queue_ids":[],"_links":{"self":[{"href":"https:\/\/agora.xtec.cat\/escelscossetans\/wp-json\/wp\/v2\/pages\/22","targetHints":{"allow":["GET"]}}],"collection":[{"href":"https:\/\/agora.xtec.cat\/escelscossetans\/wp-json\/wp\/v2\/pages"}],"about":[{"href":"https:\/\/agora.xtec.cat\/escelscossetans\/wp-json\/wp\/v2\/types\/page"}],"author":[{"embeddable":true,"href":"https:\/\/agora.xtec.cat\/escelscossetans\/wp-json\/wp\/v2\/users\/2"}],"replies":[{"embeddable":true,"href":"https:\/\/agora.xtec.cat\/escelscossetans\/wp-json\/wp\/v2\/comments?post=22"}],"version-history":[{"count":3,"href":"https:\/\/agora.xtec.cat\/escelscossetans\/wp-json\/wp\/v2\/pages\/22\/revisions"}],"predecessor-version":[{"id":4248,"href":"https:\/\/agora.xtec.cat\/escelscossetans\/wp-json\/wp\/v2\/pages\/22\/revisions\/4248"}],"wp:attachment":[{"href":"https:\/\/agora.xtec.cat\/escelscossetans\/wp-json\/wp\/v2\/media?parent=22"}],"curies":[{"name":"wp","href":"https:\/\/api.w.org\/{rel}","templated":true}]}}