{"id":1447,"date":"2018-02-22T12:36:32","date_gmt":"2018-02-22T11:36:32","guid":{"rendered":"http:\/\/agora.xtec.cat\/escelscossetans\/?page_id=1447"},"modified":"2025-07-04T11:45:34","modified_gmt":"2025-07-04T09:45:34","slug":"full-dautoritzacions","status":"publish","type":"page","link":"https:\/\/agora.xtec.cat\/escelscossetans\/material-i-llibres\/full-dautoritzacions\/","title":{"rendered":"Fulls d&#8217;autoritzacions 2025\/26"},"content":{"rendered":"<p><a href=\"https:\/\/drive.google.com\/file\/d\/1yqYulJu-DY41wMQYYYgNWCfMwbFVxFMl\/view?usp=sharing\" target=\"_blank\" rel=\"noopener\">AUTORITZACIONS<\/a><\/p>\n<p><a href=\"https:\/\/drive.google.com\/file\/d\/1pM9PryWRJxE3jjFkWoWmw4KmhbwqPuGk\/view?usp=sharing\">AUTORITZACI\u00d3 ADMINITRACI\u00d3 DE PARACETAMOL<\/a><\/p>\n<p><a href=\"https:\/\/agora.xtec.cat\/escelscossetans\/wp-content\/uploads\/usu321\/2020\/09\/AUTORITZACIO-MEDICAMENTS-1.pdf\" target=\"_blank\" rel=\"noopener noreferrer\">AUTORITZACI\u00d3 ADMINISTRACI\u00d3 MESTRE MEDICAMENTS<\/a><\/p>\n<p><a href=\"https:\/\/agora.xtec.cat\/escelscossetans\/wp-content\/uploads\/usu321\/2020\/09\/AUTORIZACIO-MARXAR-SOLS.pdf\" target=\"_blank\" rel=\"noopener noreferrer\">AUTORIZACI\u00d3 MARXAR SOLS<\/a><\/p>\n<p><a href=\"https:\/\/drive.google.com\/file\/d\/1XdiMOo_5_t6H9VNuv35i5NOhJAdVw1qr\/view\" target=\"_blank\" rel=\"noopener noreferrer\">CARTA COMPROMI\u0301S<\/a><\/p>\n<p><a href=\"https:\/\/agora.xtec.cat\/escelscossetans\/wp-content\/uploads\/usu321\/2020\/09\/FITXA-ME\u0300DICA-EDUCACIO\u0301-FI\u0301SICA.pdf\" target=\"_blank\" rel=\"noopener noreferrer\">FITXA ME\u0300DICA EDUCACIO\u0301 FI\u0301SICA<\/a><\/p>\n<p><a href=\"https:\/\/agora.xtec.cat\/escelscossetans\/wp-content\/uploads\/usu321\/2020\/09\/INTERNET-MENORS-14-ANYS.pdf\" target=\"_blank\" rel=\"noopener noreferrer\">INTERNET MENORS 14 ANYS<\/a><\/p>\n<p><a href=\"https:\/\/agora.xtec.cat\/escelscossetans\/wp-content\/uploads\/usu321\/2022\/06\/RELIGIO.pdf\">RELIGI\u00d3<\/a><\/p>\n<p><a href=\"https:\/\/drive.google.com\/file\/d\/1xPh-LlBmPCRhIK8zYMZoAAfRfeWGnJn9\/view?usp=sharing\" target=\"_blank\" rel=\"noopener\">DECLARACI\u00d3 JURADA<\/a><\/p>\n<p>&nbsp;<\/p>\n","protected":false},"excerpt":{"rendered":"<p>AUTORITZACIONS AUTORITZACI\u00d3 ADMINITRACI\u00d3 DE PARACETAMOL AUTORITZACI\u00d3 ADMINISTRACI\u00d3 MESTRE MEDICAMENTS AUTORIZACI\u00d3 MARXAR SOLS CARTA COMPROMI\u0301S FITXA ME\u0300DICA EDUCACIO\u0301 FI\u0301SICA INTERNET MENORS 14 ANYS RELIGI\u00d3 DECLARACI\u00d3 JURADA &nbsp;<\/p>\n","protected":false},"author":1,"featured_media":0,"parent":3277,"menu_order":10,"comment_status":"closed","ping_status":"closed","template":"page-templates\/side-menu.php","meta":{"_bbp_topic_count":0,"_bbp_reply_count":0,"_bbp_total_topic_count":0,"_bbp_total_reply_count":0,"_bbp_voice_count":0,"_bbp_anonymous_reply_count":0,"_bbp_topic_count_hidden":0,"_bbp_reply_count_hidden":0,"_bbp_forum_subforum_count":0,"site-sidebar-layout":"default","site-content-layout":"","ast-site-content-layout":"","site-content-style":"default","site-sidebar-style":"default","ast-global-header-display":"","ast-banner-title-visibility":"","ast-main-header-display":"","ast-hfb-above-header-display":"","ast-hfb-below-header-display":"","ast-hfb-mobile-header-display":"","site-post-title":"","ast-breadcrumbs-content":"","ast-featured-img":"","footer-sml-layout":"","theme-transparent-header-meta":"","adv-header-id-meta":"","stick-header-meta":"","header-above-stick-meta":"","header-main-stick-meta":"","header-below-stick-meta":"","astra-migrate-meta-layouts":"default","ast-page-background-enabled":"default","ast-page-background-meta":{"desktop":{"background-color":"var(--ast-global-color-4)","background-image":"","background-repeat":"repeat","background-position":"center center","background-size":"auto","background-attachment":"scroll","background-type":"","background-media":"","overlay-type":"","overlay-color":"","overlay-opacity":"","overlay-gradient":""},"tablet":{"background-color":"","background-image":"","background-repeat":"repeat","background-position":"center center","background-size":"auto","background-attachment":"scroll","background-type":"","background-media":"","overlay-type":"","overlay-color":"","overlay-opacity":"","overlay-gradient":""},"mobile":{"background-color":"","background-image":"","background-repeat":"repeat","background-position":"center center","background-size":"auto","background-attachment":"scroll","background-type":"","background-media":"","overlay-type":"","overlay-color":"","overlay-opacity":"","overlay-gradient":""}},"ast-content-background-meta":{"desktop":{"background-color":"var(--ast-global-color-5)","background-image":"","background-repeat":"repeat","background-position":"center center","background-size":"auto","background-attachment":"scroll","background-type":"","background-media":"","overlay-type":"","overlay-color":"","overlay-opacity":"","overlay-gradient":""},"tablet":{"background-color":"var(--ast-global-color-5)","background-image":"","background-repeat":"repeat","background-position":"center center","background-size":"auto","background-attachment":"scroll","background-type":"","background-media":"","overlay-type":"","overlay-color":"","overlay-opacity":"","overlay-gradient":""},"mobile":{"background-color":"var(--ast-global-color-5)","background-image":"","background-repeat":"repeat","background-position":"center center","background-size":"auto","background-attachment":"scroll","background-type":"","background-media":"","overlay-type":"","overlay-color":"","overlay-opacity":"","overlay-gradient":""}},"footnotes":""},"class_list":["post-1447","page","type-page","status-publish","hentry"],"post_mailing_queue_ids":[],"_links":{"self":[{"href":"https:\/\/agora.xtec.cat\/escelscossetans\/wp-json\/wp\/v2\/pages\/1447","targetHints":{"allow":["GET"]}}],"collection":[{"href":"https:\/\/agora.xtec.cat\/escelscossetans\/wp-json\/wp\/v2\/pages"}],"about":[{"href":"https:\/\/agora.xtec.cat\/escelscossetans\/wp-json\/wp\/v2\/types\/page"}],"author":[{"embeddable":true,"href":"https:\/\/agora.xtec.cat\/escelscossetans\/wp-json\/wp\/v2\/users\/1"}],"replies":[{"embeddable":true,"href":"https:\/\/agora.xtec.cat\/escelscossetans\/wp-json\/wp\/v2\/comments?post=1447"}],"version-history":[{"count":6,"href":"https:\/\/agora.xtec.cat\/escelscossetans\/wp-json\/wp\/v2\/pages\/1447\/revisions"}],"predecessor-version":[{"id":7120,"href":"https:\/\/agora.xtec.cat\/escelscossetans\/wp-json\/wp\/v2\/pages\/1447\/revisions\/7120"}],"up":[{"embeddable":true,"href":"https:\/\/agora.xtec.cat\/escelscossetans\/wp-json\/wp\/v2\/pages\/3277"}],"wp:attachment":[{"href":"https:\/\/agora.xtec.cat\/escelscossetans\/wp-json\/wp\/v2\/media?parent=1447"}],"curies":[{"name":"wp","href":"https:\/\/api.w.org\/{rel}","templated":true}]}}