{"id":615,"date":"2020-03-25T10:38:52","date_gmt":"2020-03-25T09:38:52","guid":{"rendered":"https:\/\/agora.xtec.cat\/esceduardtoda\/?page_id=615"},"modified":"2020-03-25T10:50:34","modified_gmt":"2020-03-25T09:50:34","slug":"xep","status":"publish","type":"page","link":"https:\/\/agora.xtec.cat\/esceduardtoda\/xep\/","title":{"rendered":"Xarxa d&#8217;Escoles P\u00fabliques de Reus"},"content":{"rendered":"<p>Aquest 2020, per primer cop, les Escoles P\u00fabliques de Reus hem unit esfor\u00e7os per donar a con\u00e8ixer els nostres projectes educatius, les nostres instal\u00b7lacions, el cos docent i tots els altres atributs que ens caracteritzen. La Xarxa d\u2019Escoles P\u00fabliques de Reus vol conv\u00e8ncer als ciutadans que la millor elecci\u00f3 per l\u2019educaci\u00f3 i, per tant, pel futur en societat, per als seus fills, filles i familiars, \u00e9s la que s\u2019ofereix als centres p\u00fablics.<\/p>\n<p>Si en voleu saber m\u00e9s coses podeu seguir-nos a Instagram @<em>xarxaescolespubliquesreus<\/em> i a facebook <a href=\"https:\/\/www.facebook.com\/xepr.cat\/\">https:\/\/www.facebook.com\/xepr.cat\/<\/a>.<\/p>\n<p><a href=\"https:\/\/agora.xtec.cat\/esceduardtoda\/wp-content\/uploads\/usu2096\/2020\/03\/87959707_107667040842822_7343467144908111872_o.jpg\"><img loading=\"lazy\" decoding=\"async\" class=\" wp-image-617 aligncenter\" src=\"https:\/\/agora.xtec.cat\/esceduardtoda\/wp-content\/uploads\/usu2096\/2020\/03\/87959707_107667040842822_7343467144908111872_o.jpg\" alt=\"\" width=\"239\" height=\"239\" srcset=\"https:\/\/agora.xtec.cat\/esceduardtoda\/wp-content\/uploads\/usu2096\/2020\/03\/87959707_107667040842822_7343467144908111872_o.jpg 370w, https:\/\/agora.xtec.cat\/esceduardtoda\/wp-content\/uploads\/usu2096\/2020\/03\/87959707_107667040842822_7343467144908111872_o-150x150.jpg 150w, https:\/\/agora.xtec.cat\/esceduardtoda\/wp-content\/uploads\/usu2096\/2020\/03\/87959707_107667040842822_7343467144908111872_o-300x300.jpg 300w\" sizes=\"auto, (max-width: 239px) 100vw, 239px\" \/><\/a><\/p>\n","protected":false},"excerpt":{"rendered":"<p>Aquest 2020, per primer cop, les Escoles P\u00fabliques de Reus hem unit esfor\u00e7os per donar a con\u00e8ixer els nostres projectes educatius, les nostres instal\u00b7lacions, el cos docent i tots els altres atributs que ens caracteritzen. La Xarxa d\u2019Escoles P\u00fabliques de Reus vol conv\u00e8ncer als ciutadans que la millor elecci\u00f3 per l\u2019educaci\u00f3 i, per tant, pel [&hellip;]<\/p>\n","protected":false},"author":1,"featured_media":0,"parent":0,"menu_order":0,"comment_status":"closed","ping_status":"closed","template":"","meta":{"_bbp_topic_count":0,"_bbp_reply_count":0,"_bbp_total_topic_count":0,"_bbp_total_reply_count":0,"_bbp_voice_count":0,"_bbp_anonymous_reply_count":0,"_bbp_topic_count_hidden":0,"_bbp_reply_count_hidden":0,"_bbp_forum_subforum_count":0,"site-sidebar-layout":"default","site-content-layout":"","ast-site-content-layout":"","site-content-style":"default","site-sidebar-style":"default","ast-global-header-display":"","ast-banner-title-visibility":"","ast-main-header-display":"","ast-hfb-above-header-display":"","ast-hfb-below-header-display":"","ast-hfb-mobile-header-display":"","site-post-title":"","ast-breadcrumbs-content":"","ast-featured-img":"","footer-sml-layout":"","theme-transparent-header-meta":"","adv-header-id-meta":"","stick-header-meta":"","header-above-stick-meta":"","header-main-stick-meta":"","header-below-stick-meta":"","astra-migrate-meta-layouts":"default","ast-page-background-enabled":"default","ast-page-background-meta":{"desktop":{"background-color":"var(--ast-global-color-4)","background-image":"","background-repeat":"repeat","background-position":"center center","background-size":"auto","background-attachment":"scroll","background-type":"","background-media":"","overlay-type":"","overlay-color":"","overlay-opacity":"","overlay-gradient":""},"tablet":{"background-color":"","background-image":"","background-repeat":"repeat","background-position":"center center","background-size":"auto","background-attachment":"scroll","background-type":"","background-media":"","overlay-type":"","overlay-color":"","overlay-opacity":"","overlay-gradient":""},"mobile":{"background-color":"","background-image":"","background-repeat":"repeat","background-position":"center center","background-size":"auto","background-attachment":"scroll","background-type":"","background-media":"","overlay-type":"","overlay-color":"","overlay-opacity":"","overlay-gradient":""}},"ast-content-background-meta":{"desktop":{"background-color":"var(--ast-global-color-5)","background-image":"","background-repeat":"repeat","background-position":"center center","background-size":"auto","background-attachment":"scroll","background-type":"","background-media":"","overlay-type":"","overlay-color":"","overlay-opacity":"","overlay-gradient":""},"tablet":{"background-color":"var(--ast-global-color-5)","background-image":"","background-repeat":"repeat","background-position":"center center","background-size":"auto","background-attachment":"scroll","background-type":"","background-media":"","overlay-type":"","overlay-color":"","overlay-opacity":"","overlay-gradient":""},"mobile":{"background-color":"var(--ast-global-color-5)","background-image":"","background-repeat":"repeat","background-position":"center center","background-size":"auto","background-attachment":"scroll","background-type":"","background-media":"","overlay-type":"","overlay-color":"","overlay-opacity":"","overlay-gradient":""}},"footnotes":""},"class_list":["post-615","page","type-page","status-publish","hentry"],"post_mailing_queue_ids":[],"_links":{"self":[{"href":"https:\/\/agora.xtec.cat\/esceduardtoda\/wp-json\/wp\/v2\/pages\/615","targetHints":{"allow":["GET"]}}],"collection":[{"href":"https:\/\/agora.xtec.cat\/esceduardtoda\/wp-json\/wp\/v2\/pages"}],"about":[{"href":"https:\/\/agora.xtec.cat\/esceduardtoda\/wp-json\/wp\/v2\/types\/page"}],"author":[{"embeddable":true,"href":"https:\/\/agora.xtec.cat\/esceduardtoda\/wp-json\/wp\/v2\/users\/1"}],"replies":[{"embeddable":true,"href":"https:\/\/agora.xtec.cat\/esceduardtoda\/wp-json\/wp\/v2\/comments?post=615"}],"version-history":[{"count":3,"href":"https:\/\/agora.xtec.cat\/esceduardtoda\/wp-json\/wp\/v2\/pages\/615\/revisions"}],"predecessor-version":[{"id":619,"href":"https:\/\/agora.xtec.cat\/esceduardtoda\/wp-json\/wp\/v2\/pages\/615\/revisions\/619"}],"wp:attachment":[{"href":"https:\/\/agora.xtec.cat\/esceduardtoda\/wp-json\/wp\/v2\/media?parent=615"}],"curies":[{"name":"wp","href":"https:\/\/api.w.org\/{rel}","templated":true}]}}