{"id":22,"date":"2014-09-18T12:19:57","date_gmt":"2014-09-18T11:19:57","guid":{"rendered":"http:\/\/agora.xtec.cat\/esceduardtoda\/?page_id=22"},"modified":"2020-05-08T13:58:39","modified_gmt":"2020-05-08T11:58:39","slug":"lescola","status":"publish","type":"page","link":"https:\/\/agora.xtec.cat\/esceduardtoda\/lescola\/","title":{"rendered":"L&#8217;escola"},"content":{"rendered":"<p>La nostra escola est\u00e0 situada al barri Mas Iglesias de Reus, \u00e9s l\u2019escola del barri des de fa m\u00e9s de 40 anys.<\/p>\n<p>Fomentem el descobriment i l\u2019aprenentatge facilitant recursos per atendre les necessitats de cada infant i les intel\u00b7lig\u00e8ncies m\u00faltiples aix\u00ed com la diversitat i els diferents ritmes d\u2019aprenentatge.<\/p>\n<p>Sent conscients de la societat diversa i multicultural en qu\u00e8 vivim avui en dia, la nostra escola n\u2019\u00e9s un reflex, fet que ens permet enriquir-nos com a persones que formen part d\u2019un m\u00f3n global, complex i en constant evoluci\u00f3. Volem ser una escola on les activitats estiguin basades en valors d\u2019igualtat, reciprocitat, cooperaci\u00f3 i integraci\u00f3.<\/p>\n<p>Som una escola que s\u2019ha anat obrint a l\u2019entorn per poder-ne formar part i preparar als nostres nens i nenes per ser ciutadans capa\u00e7os i amb recursos per adaptar-se al seu futur.<\/p>\n","protected":false},"excerpt":{"rendered":"<p>La nostra escola est\u00e0 situada al barri Mas Iglesias de Reus, \u00e9s l\u2019escola del barri des de fa m\u00e9s de 40 anys. Fomentem el descobriment i l\u2019aprenentatge facilitant recursos per atendre les necessitats de cada infant i les intel\u00b7lig\u00e8ncies m\u00faltiples aix\u00ed com la diversitat i els diferents ritmes d\u2019aprenentatge. Sent conscients de la societat diversa [&hellip;]<\/p>\n","protected":false},"author":1,"featured_media":0,"parent":0,"menu_order":0,"comment_status":"closed","ping_status":"closed","template":"page-templates\/side-menu.php","meta":{"_bbp_topic_count":0,"_bbp_reply_count":0,"_bbp_total_topic_count":0,"_bbp_total_reply_count":0,"_bbp_voice_count":0,"_bbp_anonymous_reply_count":0,"_bbp_topic_count_hidden":0,"_bbp_reply_count_hidden":0,"_bbp_forum_subforum_count":0,"site-sidebar-layout":"default","site-content-layout":"","ast-site-content-layout":"","site-content-style":"default","site-sidebar-style":"default","ast-global-header-display":"","ast-banner-title-visibility":"","ast-main-header-display":"","ast-hfb-above-header-display":"","ast-hfb-below-header-display":"","ast-hfb-mobile-header-display":"","site-post-title":"","ast-breadcrumbs-content":"","ast-featured-img":"","footer-sml-layout":"","theme-transparent-header-meta":"","adv-header-id-meta":"","stick-header-meta":"","header-above-stick-meta":"","header-main-stick-meta":"","header-below-stick-meta":"","astra-migrate-meta-layouts":"default","ast-page-background-enabled":"default","ast-page-background-meta":{"desktop":{"background-color":"var(--ast-global-color-4)","background-image":"","background-repeat":"repeat","background-position":"center center","background-size":"auto","background-attachment":"scroll","background-type":"","background-media":"","overlay-type":"","overlay-color":"","overlay-opacity":"","overlay-gradient":""},"tablet":{"background-color":"","background-image":"","background-repeat":"repeat","background-position":"center center","background-size":"auto","background-attachment":"scroll","background-type":"","background-media":"","overlay-type":"","overlay-color":"","overlay-opacity":"","overlay-gradient":""},"mobile":{"background-color":"","background-image":"","background-repeat":"repeat","background-position":"center center","background-size":"auto","background-attachment":"scroll","background-type":"","background-media":"","overlay-type":"","overlay-color":"","overlay-opacity":"","overlay-gradient":""}},"ast-content-background-meta":{"desktop":{"background-color":"var(--ast-global-color-5)","background-image":"","background-repeat":"repeat","background-position":"center center","background-size":"auto","background-attachment":"scroll","background-type":"","background-media":"","overlay-type":"","overlay-color":"","overlay-opacity":"","overlay-gradient":""},"tablet":{"background-color":"var(--ast-global-color-5)","background-image":"","background-repeat":"repeat","background-position":"center center","background-size":"auto","background-attachment":"scroll","background-type":"","background-media":"","overlay-type":"","overlay-color":"","overlay-opacity":"","overlay-gradient":""},"mobile":{"background-color":"var(--ast-global-color-5)","background-image":"","background-repeat":"repeat","background-position":"center center","background-size":"auto","background-attachment":"scroll","background-type":"","background-media":"","overlay-type":"","overlay-color":"","overlay-opacity":"","overlay-gradient":""}},"footnotes":""},"class_list":["post-22","page","type-page","status-publish","hentry"],"post_mailing_queue_ids":[],"_links":{"self":[{"href":"https:\/\/agora.xtec.cat\/esceduardtoda\/wp-json\/wp\/v2\/pages\/22","targetHints":{"allow":["GET"]}}],"collection":[{"href":"https:\/\/agora.xtec.cat\/esceduardtoda\/wp-json\/wp\/v2\/pages"}],"about":[{"href":"https:\/\/agora.xtec.cat\/esceduardtoda\/wp-json\/wp\/v2\/types\/page"}],"author":[{"embeddable":true,"href":"https:\/\/agora.xtec.cat\/esceduardtoda\/wp-json\/wp\/v2\/users\/1"}],"replies":[{"embeddable":true,"href":"https:\/\/agora.xtec.cat\/esceduardtoda\/wp-json\/wp\/v2\/comments?post=22"}],"version-history":[{"count":1,"href":"https:\/\/agora.xtec.cat\/esceduardtoda\/wp-json\/wp\/v2\/pages\/22\/revisions"}],"predecessor-version":[{"id":864,"href":"https:\/\/agora.xtec.cat\/esceduardtoda\/wp-json\/wp\/v2\/pages\/22\/revisions\/864"}],"wp:attachment":[{"href":"https:\/\/agora.xtec.cat\/esceduardtoda\/wp-json\/wp\/v2\/media?parent=22"}],"curies":[{"name":"wp","href":"https:\/\/api.w.org\/{rel}","templated":true}]}}